{"id":6279,"date":"2024-08-09T15:51:09","date_gmt":"2024-08-09T15:51:09","guid":{"rendered":"http:\/\/dummy.xtemos.com\/woodmart2\/elementor\/?page_id=4400"},"modified":"2024-08-27T12:54:58","modified_gmt":"2024-08-27T12:54:58","slug":"about-us","status":"publish","type":"page","link":"https:\/\/shercards.com\/es\/about-us\/","title":{"rendered":"Sobre nosotros"},"content":{"rendered":"<div data-elementor-type=\"wp-page\" data-elementor-id=\"6279\" class=\"elementor elementor-6279\">\n\t\t\t\t<div class=\"elementor-element elementor-element-06c45a9 e-con-full wd-section-stretch-content e-flex e-con e-parent\" data-id=\"06c45a9\" data-element_type=\"container\" data-settings=\"{&quot;background_background&quot;:&quot;classic&quot;}\">\n\t\t\t\t<div class=\"elementor-element elementor-element-8862bed wd-width-100 elementor-widget elementor-widget-wd_title\" data-id=\"8862bed\" data-element_type=\"widget\" data-widget_type=\"wd_title.default\">\n\t\t\t\t<div class=\"elementor-widget-container\">\n\t\t\t\t\t\t\t<div class=\"title-wrapper set-mb-s reset-last-child wd-title-color-white wd-title-style-underlined wd-title-size-default text-center\">\n\n\t\t\t\n\t\t\t<div class=\"liner-continer\">\n\t\t\t\t<h1 class=\"woodmart-title-container title wd-fontsize-l\">Acerca de nosotros: nuestra trayectoria y visi\u00f3n<\/h1> \n\t\t\t\t\t\t\t<\/div>\n\n\t\t\t\t\t\t\t<div class=\"title-after_title set-cont-mb-s reset-last-child wd-fontsize-xs\">\n\t\t\t\t\t<p>En SherCards, nos dedicamos a ayudarte a liberar tu verdadero potencial a trav\u00e9s del autodescubrimiento y el crecimiento personal. Explora nuestra historia, filosof\u00eda y la misi\u00f3n que nos impulsa a crear una comunidad global de personas inspiradas y apasionadas por el bienestar mental y la creatividad.<\/p>\t\t\t\t<\/div>\n\t\t\t\t\t<\/div>\n\t\t\t\t\t\t<\/div>\n\t\t\t\t<\/div>\n\t\t\t\t<\/div>\n\t\t<div class=\"wd-negative-gap elementor-element elementor-element-e47d34c e-flex e-con-boxed e-con e-parent\" data-id=\"e47d34c\" data-element_type=\"container\">\n\t\t\t\t\t<div class=\"e-con-inner\">\n\t\t\t\t<div class=\"elementor-element elementor-element-e881b3c elementor-widget__width-initial elementor-widget elementor-widget-wd_image_or_svg\" data-id=\"e881b3c\" data-element_type=\"widget\" data-widget_type=\"wd_image_or_svg.default\">\n\t\t\t\t<div class=\"elementor-widget-container\">\n\t\t\t\t\t\n\t\t<div class=\"wd-image text-left\">\n\t\t\t\t\t\t\t\t<img fetchpriority=\"high\" decoding=\"async\" width=\"1792\" height=\"1024\" src=\"https:\/\/shercards.com\/wp-content\/uploads\/2024\/08\/Who-Are-We.webp\" class=\"attachment-full size-full\" alt=\"\" srcset=\"https:\/\/shercards.com\/wp-content\/uploads\/2024\/08\/Who-Are-We.webp 1792w, https:\/\/shercards.com\/wp-content\/uploads\/2024\/08\/Who-Are-We-150x86.webp 150w, https:\/\/shercards.com\/wp-content\/uploads\/2024\/08\/Who-Are-We-600x343.webp 600w, https:\/\/shercards.com\/wp-content\/uploads\/2024\/08\/Who-Are-We-300x171.webp 300w, https:\/\/shercards.com\/wp-content\/uploads\/2024\/08\/Who-Are-We-1024x585.webp 1024w, https:\/\/shercards.com\/wp-content\/uploads\/2024\/08\/Who-Are-We-768x439.webp 768w, https:\/\/shercards.com\/wp-content\/uploads\/2024\/08\/Who-Are-We-1536x878.webp 1536w, https:\/\/shercards.com\/wp-content\/uploads\/2024\/08\/Who-Are-We-18x10.webp 18w\" sizes=\"(max-width: 1792px) 100vw, 1792px\" \/>\t\t\t\t\t<\/div>\n\n\t\t\t\t\t\t<\/div>\n\t\t\t\t<\/div>\n\t\t\t\t<div class=\"elementor-element elementor-element-127e5a6 wd-width-100 elementor-widget elementor-widget-wd_title\" data-id=\"127e5a6\" data-element_type=\"widget\" data-widget_type=\"wd_title.default\">\n\t\t\t\t<div class=\"elementor-widget-container\">\n\t\t\t\t\t\t\t<div class=\"title-wrapper set-mb-s reset-last-child wd-title-color-default wd-title-style-default wd-title-size-default text-center\">\n\n\t\t\t\n\t\t\t<div class=\"liner-continer\">\n\t\t\t\t<h4 class=\"woodmart-title-container title wd-fontsize-l\">\u00bfQuienes Somos?<\/h4> \n\t\t\t\t\t\t\t<\/div>\n\n\t\t\t\t\t\t\t<div class=\"title-after_title set-cont-mb-s reset-last-child wd-fontsize-xs\">\n\t\t\t\t\t<p><span style=\"font-weight: 400\">Bienvenido a SherCards, tu santuario de conocimiento interior y verdadero. Somos m\u00e1s que una tienda online; somos una comunidad vibrante y una plataforma educativa dedicada al autodescubrimiento y al crecimiento personal. En SherCards, encontrar\u00e1s herramientas que inspiran el autodesarrollo, desde tarjetas asociativas metaf\u00f3ricas (MAC) hasta juegos psicol\u00f3gicos, todos dise\u00f1ados para ayudarte a conectarte con tu yo interior. Ya seas un terapeuta de arte, un coach o simplemente alguien apasionado por la superaci\u00f3n personal, nuestro mercado ofrece no solo productos, sino un camino hacia una comprensi\u00f3n y una conexi\u00f3n m\u00e1s profundas. \u00danete a nosotros y forma parte de una comunidad global de personas con ideas afines, todas esforz\u00e1ndose por liberar su verdadero potencial.<\/span><\/p>\t\t\t\t<\/div>\n\t\t\t\t\t<\/div>\n\t\t\t\t\t\t<\/div>\n\t\t\t\t<\/div>\n\t\t\t\t\t<\/div>\n\t\t\t\t<\/div>\n\t\t<div class=\"wd-negative-gap elementor-element elementor-element-019071e e-flex e-con-boxed e-con e-parent\" data-id=\"019071e\" data-element_type=\"container\">\n\t\t\t\t\t<div class=\"e-con-inner\">\n\t\t\t\t<div class=\"elementor-element elementor-element-35c5414 wd-width-100 elementor-widget elementor-widget-wd_title\" data-id=\"35c5414\" data-element_type=\"widget\" data-widget_type=\"wd_title.default\">\n\t\t\t\t<div class=\"elementor-widget-container\">\n\t\t\t\t\t\t\t<div class=\"title-wrapper set-mb-s reset-last-child wd-title-color-default wd-title-style-default wd-title-size-default text-center\">\n\n\t\t\t\n\t\t\t<div class=\"liner-continer\">\n\t\t\t\t<h4 class=\"woodmart-title-container title wd-fontsize-l\">Nuestra filosof\u00eda<\/h4> \n\t\t\t\t\t\t\t<\/div>\n\n\t\t\t\t\t\t\t<div class=\"title-after_title set-cont-mb-s reset-last-child wd-fontsize-xs\">\n\t\t\t\t\t<p><span style=\"font-weight: 400\">En SherCards, creemos que el verdadero conocimiento comienza en el interior. Nuestra filosof\u00eda se centra en la idea de que el autodescubrimiento es la clave para una vida plena. Nos comprometemos a brindarte las herramientas y los recursos necesarios para explorar tu mundo interior y fomentar el crecimiento personal. Nuestra misi\u00f3n es crear una comunidad donde las mentes brillantes e inspiradas puedan reunirse, compartir experiencias y crecer colectivamente. Apoyamos no solo a quienes est\u00e1n en un viaje personal, sino tambi\u00e9n a los profesionales que gu\u00edan a otros (terapeutas de arte, psic\u00f3logos y entrenadores) al ofrecer recursos y capacitaci\u00f3n especializados. En SherCards, estamos aqu\u00ed para guiarte, ya sea que reci\u00e9n est\u00e9s comenzando tu viaje o profundizando tu pr\u00e1ctica.<\/span><\/p>\t\t\t\t<\/div>\n\t\t\t\t\t<\/div>\n\t\t\t\t\t\t<\/div>\n\t\t\t\t<\/div>\n\t\t\t\t<div class=\"elementor-element elementor-element-90848b1 elementor-widget__width-initial elementor-widget elementor-widget-wd_image_or_svg\" data-id=\"90848b1\" data-element_type=\"widget\" data-widget_type=\"wd_image_or_svg.default\">\n\t\t\t\t<div class=\"elementor-widget-container\">\n\t\t\t\t\t\n\t\t<div class=\"wd-image text-left\">\n\t\t\t\t\t\t\t\t<img decoding=\"async\" width=\"1792\" height=\"1024\" src=\"https:\/\/shercards.com\/wp-content\/uploads\/2024\/08\/Our-Philosophy.webp\" class=\"attachment-full size-full\" alt=\"\" srcset=\"https:\/\/shercards.com\/wp-content\/uploads\/2024\/08\/Our-Philosophy.webp 1792w, https:\/\/shercards.com\/wp-content\/uploads\/2024\/08\/Our-Philosophy-150x86.webp 150w, https:\/\/shercards.com\/wp-content\/uploads\/2024\/08\/Our-Philosophy-600x343.webp 600w, https:\/\/shercards.com\/wp-content\/uploads\/2024\/08\/Our-Philosophy-300x171.webp 300w, https:\/\/shercards.com\/wp-content\/uploads\/2024\/08\/Our-Philosophy-1024x585.webp 1024w, https:\/\/shercards.com\/wp-content\/uploads\/2024\/08\/Our-Philosophy-768x439.webp 768w, https:\/\/shercards.com\/wp-content\/uploads\/2024\/08\/Our-Philosophy-1536x878.webp 1536w, https:\/\/shercards.com\/wp-content\/uploads\/2024\/08\/Our-Philosophy-18x10.webp 18w\" sizes=\"(max-width: 1792px) 100vw, 1792px\" \/>\t\t\t\t\t<\/div>\n\n\t\t\t\t\t\t<\/div>\n\t\t\t\t<\/div>\n\t\t\t\t\t<\/div>\n\t\t\t\t<\/div>\n\t\t<div class=\"wd-negative-gap elementor-element elementor-element-c195544 e-flex e-con-boxed e-con e-parent\" data-id=\"c195544\" data-element_type=\"container\">\n\t\t\t\t\t<div class=\"e-con-inner\">\n\t\t\t\t<div class=\"elementor-element elementor-element-5e51a1f elementor-widget__width-initial elementor-widget elementor-widget-wd_image_or_svg\" data-id=\"5e51a1f\" data-element_type=\"widget\" data-widget_type=\"wd_image_or_svg.default\">\n\t\t\t\t<div class=\"elementor-widget-container\">\n\t\t\t\t\t\n\t\t<div class=\"wd-image text-left\">\n\t\t\t\t\t\t\t\t<img decoding=\"async\" width=\"1792\" height=\"1024\" src=\"https:\/\/shercards.com\/wp-content\/uploads\/2024\/08\/A-Story-to-Tell.webp\" class=\"attachment-full size-full\" alt=\"Una historia que contar\" srcset=\"https:\/\/shercards.com\/wp-content\/uploads\/2024\/08\/A-Story-to-Tell.webp 1792w, https:\/\/shercards.com\/wp-content\/uploads\/2024\/08\/A-Story-to-Tell-150x86.webp 150w, https:\/\/shercards.com\/wp-content\/uploads\/2024\/08\/A-Story-to-Tell-600x343.webp 600w, https:\/\/shercards.com\/wp-content\/uploads\/2024\/08\/A-Story-to-Tell-300x171.webp 300w, https:\/\/shercards.com\/wp-content\/uploads\/2024\/08\/A-Story-to-Tell-1024x585.webp 1024w, https:\/\/shercards.com\/wp-content\/uploads\/2024\/08\/A-Story-to-Tell-768x439.webp 768w, https:\/\/shercards.com\/wp-content\/uploads\/2024\/08\/A-Story-to-Tell-1536x878.webp 1536w, https:\/\/shercards.com\/wp-content\/uploads\/2024\/08\/A-Story-to-Tell-18x10.webp 18w\" sizes=\"(max-width: 1792px) 100vw, 1792px\" \/>\t\t\t\t\t<\/div>\n\n\t\t\t\t\t\t<\/div>\n\t\t\t\t<\/div>\n\t\t\t\t<div class=\"elementor-element elementor-element-e29172f wd-width-100 elementor-widget elementor-widget-wd_title\" data-id=\"e29172f\" data-element_type=\"widget\" data-widget_type=\"wd_title.default\">\n\t\t\t\t<div class=\"elementor-widget-container\">\n\t\t\t\t\t\t\t<div class=\"title-wrapper set-mb-s reset-last-child wd-title-color-default wd-title-style-default wd-title-size-default text-center\">\n\n\t\t\t\n\t\t\t<div class=\"liner-continer\">\n\t\t\t\t<h4 class=\"woodmart-title-container title wd-fontsize-l\">Una historia que contar<\/h4> \n\t\t\t\t\t\t\t<\/div>\n\n\t\t\t\t\t\t\t<div class=\"title-after_title set-cont-mb-s reset-last-child wd-fontsize-xs\">\n\t\t\t\t\t<p><span style=\"font-weight: 400\">La historia de SherCards comenz\u00f3 con una idea simple pero poderosa: crear un espacio donde las personas pudieran explorar y aceptar su verdadero yo. Nuestros fundadores, profundamente arraigados en los principios de la terapia art\u00edstica y el desarrollo personal, imaginaron una plataforma que sirviera tanto como un mercado como un centro comunitario. Quer\u00edan construir un lugar donde las personas de todos los \u00e1mbitos de la vida pudieran encontrar las herramientas, los recursos y el apoyo que necesitaban para crecer. Desde el principio, SherCards ha sido m\u00e1s que simplemente vender productos; se trata de fomentar una comunidad global de personas conscientes y creativas a las que les apasiona el autodescubrimiento. A medida que continuamos creciendo, seguimos dedicados a esta visi\u00f3n, ofreciendo no solo herramientas para la superaci\u00f3n personal, sino tambi\u00e9n un lugar al que realmente puedas pertenecer.<\/span><\/p>\t\t\t\t<\/div>\n\t\t\t\t\t<\/div>\n\t\t\t\t\t\t<\/div>\n\t\t\t\t<\/div>\n\t\t\t\t\t<\/div>\n\t\t\t\t<\/div>\n\t\t\t\t<\/div>","protected":false},"excerpt":{"rendered":"<p>Acerca de nosotros: nuestro recorrido y visi\u00f3n En SherCards, nos dedicamos a ayudarlo a liberar su verdadero potencial a trav\u00e9s del autodescubrimiento.<\/p>","protected":false},"author":1,"featured_media":0,"parent":0,"menu_order":0,"comment_status":"closed","ping_status":"closed","template":"","meta":{"footnotes":""},"class_list":["post-6279","page","type-page","status-publish","hentry"],"_links":{"self":[{"href":"https:\/\/shercards.com\/es\/wp-json\/wp\/v2\/pages\/6279","targetHints":{"allow":["GET"]}}],"collection":[{"href":"https:\/\/shercards.com\/es\/wp-json\/wp\/v2\/pages"}],"about":[{"href":"https:\/\/shercards.com\/es\/wp-json\/wp\/v2\/types\/page"}],"author":[{"embeddable":true,"href":"https:\/\/shercards.com\/es\/wp-json\/wp\/v2\/users\/1"}],"replies":[{"embeddable":true,"href":"https:\/\/shercards.com\/es\/wp-json\/wp\/v2\/comments?post=6279"}],"version-history":[{"count":4,"href":"https:\/\/shercards.com\/es\/wp-json\/wp\/v2\/pages\/6279\/revisions"}],"predecessor-version":[{"id":8877,"href":"https:\/\/shercards.com\/es\/wp-json\/wp\/v2\/pages\/6279\/revisions\/8877"}],"wp:attachment":[{"href":"https:\/\/shercards.com\/es\/wp-json\/wp\/v2\/media?parent=6279"}],"curies":[{"name":"wp","href":"https:\/\/api.w.org\/{rel}","templated":true}]}}