{"id":8813,"date":"2024-08-10T10:44:34","date_gmt":"2024-08-10T10:44:34","guid":{"rendered":"https:\/\/shercards.com\/?page_id=8813"},"modified":"2024-10-17T09:06:54","modified_gmt":"2024-10-17T09:06:54","slug":"shipping-and-delivery","status":"publish","type":"page","link":"https:\/\/shercards.com\/es\/shipping-and-delivery\/","title":{"rendered":"Env\u00edo y Entrega"},"content":{"rendered":"<h4 class=\"wp-block-heading\"><strong>Tiempo de procesamiento<\/strong><\/h4>\n\n\n\n<p>Todos los pedidos se procesan en un plazo de 1 a 2 d\u00edas h\u00e1biles despu\u00e9s de recibir el correo electr\u00f3nico de confirmaci\u00f3n del pedido. Recibir\u00e1 otra notificaci\u00f3n cuando se haya enviado su pedido. Tenga en cuenta que los tiempos de procesamiento pueden demorarse durante las temporadas altas o debido a circunstancias imprevistas.<\/p>\n\n\n\n<h4 class=\"wp-block-heading\"><strong>Tarifas y estimaciones de env\u00edo<\/strong><\/h4>\n\n\n\n<p>Ofrecemos varias opciones de env\u00edo para satisfacer sus necesidades. El costo de env\u00edo se calcular\u00e1 y se mostrar\u00e1 en el momento de la compra seg\u00fan el m\u00e9todo de env\u00edo y la ubicaci\u00f3n de entrega seleccionados.<\/p>\n\n\n\n<ul class=\"wp-block-list\">\n<li><strong>Env\u00edo est\u00e1ndar:<\/strong> Entrega estimada dentro de 7-14 d\u00edas h\u00e1biles.<\/li>\n\n\n\n<li><strong>Env\u00edo expr\u00e9s:<\/strong> Entrega estimada dentro de 3-5 d\u00edas h\u00e1biles.<\/li>\n\n\n\n<li><strong>Env\u00edo internacional:<\/strong> Los tiempos de entrega estimados var\u00edan seg\u00fan el destino, normalmente entre 10 y 20 d\u00edas h\u00e1biles.<\/li>\n<\/ul>\n\n\n\n<p>Tenga en cuenta que los tiempos de entrega son estimados y pueden variar seg\u00fan su ubicaci\u00f3n y el servicio del transportista.<\/p>\n\n\n\n<h4 class=\"wp-block-heading\"><strong>Env\u00edo a apartados postales<\/strong><\/h4>\n\n\n\n<p>Actualmente no realizamos env\u00edos a apartados postales. Indique una direcci\u00f3n f\u00edsica durante el proceso de pago.<\/p>\n\n\n\n<h4 class=\"wp-block-heading\"><strong>Env\u00edos internacionales<\/strong><\/h4>\n\n\n\n<p>Realizamos env\u00edos a la mayor\u00eda de los pa\u00edses del mundo. Los gastos de env\u00edo de su pedido se calcular\u00e1n y se mostrar\u00e1n en el momento de la compra. Tenga en cuenta que los pedidos internacionales pueden estar sujetos a derechos de aduana, impuestos y otras tarifas, que son responsabilidad del destinatario.<\/p>\n\n\n\n<h4 class=\"wp-block-heading\"><strong>Seguimiento de pedidos<\/strong><\/h4>\n\n\n\n<p>Una vez que se haya enviado tu pedido, recibir\u00e1s un correo electr\u00f3nico de confirmaci\u00f3n de env\u00edo con un n\u00famero de seguimiento. Puedes usar este n\u00famero para hacer el seguimiento de tu pedido a trav\u00e9s del sitio web del transportista.<\/p>\n\n\n\n<h4 class=\"wp-block-heading\"><strong>Entregas perdidas<\/strong><\/h4>\n\n\n\n<p>Si se pierde una entrega, el transportista generalmente dejar\u00e1 una tarjeta de notificaci\u00f3n con instrucciones sobre c\u00f3mo organizar una nueva entrega o recoger el paquete en un dep\u00f3sito local.<\/p>\n\n\n\n<h4 class=\"wp-block-heading\"><strong>Art\u00edculos perdidos o da\u00f1ados<\/strong><\/h4>\n\n\n\n<p>Si su pedido se pierde o se da\u00f1a durante el env\u00edo, comun\u00edquese con nosotros de inmediato a <a>info1@shercards.com<\/a>Trabajaremos con el transportista para resolver el problema lo m\u00e1s r\u00e1pido posible.<\/p>\n\n\n\n<h4 class=\"wp-block-heading\"><strong>Cont\u00e1ctenos<\/strong><\/h4>\n\n\n\n<p>Si tiene alguna pregunta sobre el env\u00edo y la entrega, no dude en ponerse en contacto con nuestro equipo de atenci\u00f3n al cliente en <a>info1@shercards.com<\/a> o ll\u00e1manos al +372 6346 298<\/p>","protected":false},"excerpt":{"rendered":"<p>Tiempo de procesamiento Todos los pedidos se procesan en un plazo de 1 a 2 d\u00edas h\u00e1biles despu\u00e9s de recibir el correo electr\u00f3nico de confirmaci\u00f3n del pedido. Recibir\u00e1 otro<\/p>","protected":false},"author":1,"featured_media":0,"parent":0,"menu_order":0,"comment_status":"closed","ping_status":"closed","template":"","meta":{"footnotes":""},"class_list":["post-8813","page","type-page","status-publish","hentry"],"_links":{"self":[{"href":"https:\/\/shercards.com\/es\/wp-json\/wp\/v2\/pages\/8813","targetHints":{"allow":["GET"]}}],"collection":[{"href":"https:\/\/shercards.com\/es\/wp-json\/wp\/v2\/pages"}],"about":[{"href":"https:\/\/shercards.com\/es\/wp-json\/wp\/v2\/types\/page"}],"author":[{"embeddable":true,"href":"https:\/\/shercards.com\/es\/wp-json\/wp\/v2\/users\/1"}],"replies":[{"embeddable":true,"href":"https:\/\/shercards.com\/es\/wp-json\/wp\/v2\/comments?post=8813"}],"version-history":[{"count":3,"href":"https:\/\/shercards.com\/es\/wp-json\/wp\/v2\/pages\/8813\/revisions"}],"predecessor-version":[{"id":9099,"href":"https:\/\/shercards.com\/es\/wp-json\/wp\/v2\/pages\/8813\/revisions\/9099"}],"wp:attachment":[{"href":"https:\/\/shercards.com\/es\/wp-json\/wp\/v2\/media?parent=8813"}],"curies":[{"name":"wp","href":"https:\/\/api.w.org\/{rel}","templated":true}]}}