{"id":8828,"date":"2024-08-10T15:16:29","date_gmt":"2024-08-10T15:16:29","guid":{"rendered":"https:\/\/shercards.com\/?page_id=8828"},"modified":"2025-07-01T14:04:25","modified_gmt":"2025-07-01T14:04:25","slug":"terms-and-conditions","status":"publish","type":"page","link":"https:\/\/shercards.com\/es\/terms-and-conditions\/","title":{"rendered":"T\u00e9rminos y condiciones"},"content":{"rendered":"<p><strong>Condiciones de uso<\/strong><\/p>\n\n\n\n<p>El titular de la tienda online Shercards.com (en adelante, la \u00abTienda Online\u00bb) es Shercards O\u00dc, con domicilio en Harju maakond, Kristiine linnaosa, Varvi tn 5, B501 (a), edificio B, Laki Business Center, 10621, Tallin, Estonia. Puede contactarnos por tel\u00e9fono al +372 6346 298 o por correo electr\u00f3nico a info1@shercards.com.<\/p>\n\n\n\n<p><strong>1. Condiciones generales de pedido<\/strong><\/p>\n\n\n\n<p>1.1. Estos t\u00e9rminos se aplican a todas las compras realizadas en la Tienda Online.<\/p>\n\n\n\n<p>1.2. Adem\u00e1s de estos t\u00e9rminos, la relaci\u00f3n entre Shercards O\u00dc (en adelante, \u201cShercards\u201d) y el Cliente se rige por las leyes de la Rep\u00fablica de Estonia, la Pol\u00edtica de privacidad de Shercards y cualquier precio aplicable a los productos que figuran en la Tienda en l\u00ednea.<\/p>\n\n\n\n<p>1.3. Las condiciones de uso, la pol\u00edtica de privacidad y los precios de los productos est\u00e1n disponibles en el sitio web de la Tienda Online.<\/p>\n\n\n\n<p><strong>2. Pedidos<\/strong><\/p>\n\n\n\n<p>2.1. Los clientes no est\u00e1n obligados a registrar una cuenta para solicitar productos en la Tienda Online.<\/p>\n\n\n\n<p>2.2. Al realizar un pedido, el Cliente selecciona el producto o productos deseados, la cantidad, la forma de pago y la opci\u00f3n de entrega. Antes de confirmar el pedido, el Cliente puede revisarlo y modificarlo. Tras la confirmaci\u00f3n final, se realiza el pedido.<\/p>\n\n\n\n<p>2.3. Todos los precios de los productos que figuran en la Tienda Online incluyen el IVA, salvo que se indique lo contrario para clientes comerciales fuera de la Uni\u00f3n Europea.<\/p>\n\n\n\n<p>2.4. Los gastos de env\u00edo se a\u00f1adir\u00e1n al precio total del producto en funci\u00f3n del m\u00e9todo de env\u00edo seleccionado.<\/p>\n\n\n\n<p>2.5. El Cliente podr\u00e1 abonar su pedido mediante los m\u00e9todos de pago disponibles, como tarjetas de cr\u00e9dito o enlaces bancarios.<\/p>\n\n\n\n<p>2.6. El contrato de compraventa entre el Cliente y Shercards se establece cuando Shercards confirma el pedido mediante correo electr\u00f3nico.<\/p>\n\n\n\n<p>2.7. El pedido se considerar\u00e1 v\u00e1lido una vez que el\/los producto(s) sea(n) enviado(s) al Cliente.<\/p>\n\n\n\n<p><strong>3. Entrega<\/strong><\/p>\n\n\n\n<p>3.1. Shercards entregar\u00e1 el(los) producto(s) seg\u00fan el m\u00e9todo de entrega seleccionado por el Cliente, incluidas las opciones de entrega local y env\u00edo internacional.<\/p>\n\n\n\n<p>3.2. El coste del env\u00edo se indica al Cliente durante el proceso de pedido.<\/p>\n\n\n\n<p>3.3. Plazos de entrega:<\/p>\n\n\n\n<p>3.3.1. Los plazos de entrega estimados dentro de Estonia se indican en la Tienda Online. Para pedidos internacionales, los plazos de entrega dependen del destino.<\/p>\n\n\n\n<p>3.3.2. Los productos con plazos de entrega m\u00e1s largos (por ejemplo, 2-4 semanas) se enviar\u00e1n juntos en un solo paquete seg\u00fan el plazo de entrega m\u00e1s largo indicado.<\/p>\n\n\n\n<p>3.4. Es posible que existan opciones de env\u00edo gratuito seg\u00fan el tama\u00f1o del pedido y el m\u00e9todo de env\u00edo, tal como se especifica en la Tienda en l\u00ednea.<\/p>\n\n\n\n<p>3.5. Shercards proporcionar\u00e1 instrucciones detalladas para recuperar paquetes de terminales de paquetes o puntos de venta seleccionados.<\/p>\n\n\n\n<p>3.6. Env\u00edos internacionales:<\/p>\n\n\n\n<p>3.6.1. Shercards ofrece env\u00edos a pa\u00edses fuera de Estonia. Los plazos y costes de env\u00edo var\u00edan en funci\u00f3n del destino, que se comunicar\u00e1 durante el proceso de pedido.<\/p>\n\n\n\n<p>3.6.2. Si Shercards no pudiera entregar el pedido por causas imputables al Cliente, el pedido ser\u00e1 cancelado y los costes asociados a la devoluci\u00f3n del pedido se descontar\u00e1n del importe del reembolso.<\/p>\n\n\n\n<p><strong>4. Cancelaci\u00f3n y devoluciones<\/strong><\/p>\n\n\n\n<p>4.1. Los clientes tienen derecho a cancelar su pedido dentro de los 14 d\u00edas naturales siguientes a la recepci\u00f3n del producto(s).<\/p>\n\n\n\n<p>4.2. El derecho de desistimiento no se aplica a los clientes comerciales.<\/p>\n\n\n\n<p>4.3. Si los productos devueltos est\u00e1n usados o da\u00f1ados m\u00e1s all\u00e1 de lo necesario para comprobar su naturaleza y funcionamiento, Shercards se reserva el derecho de reducir el reembolso en una cantidad adecuada en funci\u00f3n de la depreciaci\u00f3n del producto.<\/p>\n\n\n\n<p>4.4. Para cancelar un pedido, el Cliente deber\u00e1 enviar una solicitud de cancelaci\u00f3n por escrito a trav\u00e9s de correo electr\u00f3nico o de forma verbal poni\u00e9ndose en contacto con el servicio de atenci\u00f3n al cliente de Shercards.<\/p>\n\n\n\n<p>4.5. El Cliente deber\u00e1 devolver el\/los producto(s) sin demora indebida, y en todo caso en un plazo m\u00e1ximo de 14 d\u00edas desde la presentaci\u00f3n de la solicitud de cancelaci\u00f3n.<\/p>\n\n\n\n<p>4.6. El Cliente es responsable de los costos de env\u00edo de devoluci\u00f3n a menos que el producto o productos se hayan recibido por error o est\u00e9n defectuosos.<\/p>\n\n\n\n<p>4.7. Una vez recibidos los productos devueltos, Shercards emitir\u00e1 un reembolso, incluidos los gastos de env\u00edo correspondientes, en un plazo de 14 d\u00edas.<\/p>\n\n\n\n<p>4.8. Los productos digitales (como los libros electr\u00f3nicos) no se pueden devolver.<\/p>\n\n\n\n<p><strong>5. Registro<\/strong><\/p>\n\n\n\n<p>5.1. Los clientes pueden optar por crear una cuenta en Shercards para acceder a descuentos y beneficios de fidelidad.<\/p>\n\n\n\n<p>5.2. El registro requiere completar los campos necesarios en el formulario provisto.<\/p>\n\n\n\n<p>5.3. Al registrarse, el Cliente recibir\u00e1 un correo electr\u00f3nico con instrucciones para activar su cuenta.<\/p>\n\n\n\n<p>5.4. Despu\u00e9s de activar la cuenta, los Clientes podr\u00e1n iniciar sesi\u00f3n y realizar pedidos de forma m\u00e1s c\u00f3moda.<\/p>\n\n\n\n<p><strong>6. Derechos del cliente<\/strong><\/p>\n\n\n\n<p>6.1. El Cliente tiene derecho a comprar el\/los producto(s) al precio y en las condiciones que aparecen en Shercards.com.<\/p>\n\n\n\n<p>6.2. El\/los producto(s) entregado(s) deber\u00e1(n) ser de la calidad esperada, completo(s) y coincidir con los detalles del pedido.<\/p>\n\n\n\n<p>6.3. Si un producto presenta alg\u00fan defecto, el Cliente podr\u00e1 presentar una reclamaci\u00f3n en el plazo de dos a\u00f1os a partir de la fecha de recepci\u00f3n del producto. Las reclamaciones pueden enviarse por correo electr\u00f3nico a info1@shercards.com.<\/p>\n\n\n\n<p>6.4. El Cliente podr\u00e1 cancelar el pedido tal y como se describe en la Secci\u00f3n 4.<\/p>\n\n\n\n<p>6.5. El Cliente tiene derecho a recurrir ante la v\u00eda judicial si los productos o servicios no cumplen los t\u00e9rminos acordados.<\/p>\n\n\n\n<p><strong>7. Obligaciones del cliente<\/strong><\/p>\n\n\n\n<p>7.1. Al realizar un pedido, el Cliente deber\u00e1 proporcionar informaci\u00f3n de contacto precisa, incluyendo nombre completo, direcci\u00f3n de entrega, n\u00famero de tel\u00e9fono y direcci\u00f3n de correo electr\u00f3nico.<\/p>\n\n\n\n<p>7.2. En caso de que la informaci\u00f3n sea inexacta, Shercards no podr\u00e1 garantizar la entrega oportuna.<\/p>\n\n\n\n<p>7.3. Al realizar un pedido, el Cliente acepta estas Condiciones de uso.<\/p>\n\n\n\n<p><strong>8. Derechos de Shercard<\/strong><\/p>\n\n\n\n<p>8.1. Shercards se reserva el derecho de modificar estos T\u00e9rminos de Uso sin previo aviso mediante la publicaci\u00f3n de los t\u00e9rminos actualizados en el sitio web de la Tienda Online.<\/p>\n\n\n\n<p>8.2. Shercards puede actualizar los precios de los productos en cualquier momento reflejando los cambios en la Tienda Online.<\/p>\n\n\n\n<p>8.3. Shercards podr\u00e1 cancelar un pedido si existe un error significativo en el precio debido a un error t\u00e9cnico.<\/p>\n\n\n\n<p><strong>9. Obligaciones de Shercard<\/strong><\/p>\n\n\n\n<p>9.1. Shercards es responsable de entregar productos completos y de alta calidad.<\/p>\n\n\n\n<p>9.2. Shercards procesar\u00e1 las reclamaciones de los clientes y tratar\u00e1 de resolverlas en un plazo de 7 d\u00edas h\u00e1biles.<\/p>\n\n\n\n<p>9.3. En caso de productos defectuosos, Shercards reemplazar\u00e1 o reembolsar\u00e1 el importe al Cliente.<\/p>\n\n\n\n<p>9.4. Cualquier disputa entre las partes se resolver\u00e1 mediante negociaciones o se someter\u00e1 a las autoridades pertinentes para su posterior tramitaci\u00f3n.<\/p>\n\n\n\n<p>Para obtener m\u00e1s ayuda, cont\u00e1ctenos al +372 6346 298 o info1@shercards.com.<\/p>","protected":false},"excerpt":{"rendered":"<p>Condiciones de uso El propietario de la tienda online Shercards.com (en adelante, la \u201cTienda online\u201d) es Shercards O\u00dc,<\/p>","protected":false},"author":1,"featured_media":0,"parent":0,"menu_order":0,"comment_status":"closed","ping_status":"closed","template":"","meta":{"footnotes":""},"class_list":["post-8828","page","type-page","status-publish","hentry"],"_links":{"self":[{"href":"https:\/\/shercards.com\/es\/wp-json\/wp\/v2\/pages\/8828","targetHints":{"allow":["GET"]}}],"collection":[{"href":"https:\/\/shercards.com\/es\/wp-json\/wp\/v2\/pages"}],"about":[{"href":"https:\/\/shercards.com\/es\/wp-json\/wp\/v2\/types\/page"}],"author":[{"embeddable":true,"href":"https:\/\/shercards.com\/es\/wp-json\/wp\/v2\/users\/1"}],"replies":[{"embeddable":true,"href":"https:\/\/shercards.com\/es\/wp-json\/wp\/v2\/comments?post=8828"}],"version-history":[{"count":4,"href":"https:\/\/shercards.com\/es\/wp-json\/wp\/v2\/pages\/8828\/revisions"}],"predecessor-version":[{"id":9284,"href":"https:\/\/shercards.com\/es\/wp-json\/wp\/v2\/pages\/8828\/revisions\/9284"}],"wp:attachment":[{"href":"https:\/\/shercards.com\/es\/wp-json\/wp\/v2\/media?parent=8828"}],"curies":[{"name":"wp","href":"https:\/\/api.w.org\/{rel}","templated":true}]}}