{"id":1018,"date":"2024-08-04T12:32:08","date_gmt":"2024-08-04T12:32:08","guid":{"rendered":"https:\/\/shercards.com\/index.php\/product\/metaphorical-associative-cards-business-games\/"},"modified":"2025-10-20T10:43:20","modified_gmt":"2025-10-20T10:43:20","slug":"metaphorical-associative-cards-business-games","status":"publish","type":"product","link":"https:\/\/shercards.com\/es\/producto\/metaphorical-associative-cards-business-games\/","title":{"rendered":"Tarjetas asociativas metaf\u00f3ricas \u201cJuegos de negocios\u201d"},"content":{"rendered":"<p>Autor y compilador: Olga Sergeeva<br \/> Contenido: <\/p>\n<ul> <\/p>\n<li>60 tarjetas que representan personas en 3D en diversas situaciones comerciales y de comunicaci\u00f3n.<\/li>\n<li>Instrucciones con descripci\u00f3n detallada de las psicot\u00e9cnicas.<\/li>\n<p> es&gt; <\/p>\n<li>Las tarjetas est\u00e1n empaquetadas en una caja.<\/li>\n<p> <\/br><\/ul>\n<p> Tama\u00f1o de la tarjeta 73*109 mm<\/p>\n<p> Las cartas permiten explorar los patrones externos de comportamiento de los roles, as\u00ed como los motivos y estados internos, formando actitudes hacia el trabajo, los colegas y su identidad profesional. La baraja de cartas se puede utilizar tanto en trabajos individuales como en grupo para p\u00fablico masculino y femenino. Las cartas metaf\u00f3ricas \u201cJuegos de negocios\u201d revelan el repertorio de roles, las competencias comunicativas y las estrategias habituales de comportamiento del cliente. La baraja de cartas complementar\u00e1 perfectamente el juego psicol\u00f3gico empresarial \u201cEntre bastidores de la profesi\u00f3n: no puedes quedarte\u201d, destinado a prevenir y superar el s\u00edndrome de agotamiento emocional.<\/p>\n<p> La baraja est\u00e1 destinada a psic\u00f3logos, especialistas en RRHH, coaches, formadores empresariales a la hora de realizar consultas y diagn\u00f3sticos, realizar negocios y juegos empresariales.<br \/>Preguntas universales para cartas metaf\u00f3ricas:<\/p>\n<li>\u00bfQue se muestra en la imagen?<\/li>\n<li>\u00bfQu\u00e9 est\u00e1 pasando en la imagen?<\/li>\n<li> \u00bfC\u00f3mo se siente la(s) persona(s) en esta imagen?<\/li>\n<li>\u00bfTe ves reflejado en esta imagen o eres un observador?<\/li>\n<li>\u00bfQu\u00e9 quieres hacer cuando miras la imagen?<\/li>\n<p> &lt; li&gt;\u00bfQu\u00e9 te gustar\u00eda cambiar (agregar, quitar) en esta imagen?<\/li>\n<li>\u00bfQu\u00e9 nombre le dar\u00edas a esta imagen?<\/li>\n<li>\u00bfQu\u00e9 mensaje transmite esta imagen en respuesta a tu pregunta?<\/li>\n<p> > <\/br><br \/> Psicotecnia n\u00ba 1. \u201cEl entorno empresarial\u201d<br \/> Piensa en el \u00e1rea profesional en la que te gustar\u00eda aprender.<br \/> Saca 3 cartas del mazo boca abajo como respuestas a las preguntas:<\/p>\n<li>\u00bfQu\u00e9 est\u00e1 pasando ahora en mi \u00e1mbito profesional?<\/li>\n<li>\u00bfQu\u00e9 est\u00e1 obstaculizando mi \u00e9xito profesional?<\/li>\n<li>\u00bfQu\u00e9 contribuye a mis logros en el trabajo?<\/li>\n<p> <\/br><br \/> Abra cada tarjeta por turno y observe atentamente la imagen. \u00bfQu\u00e9 sentimientos y pensamientos le evoca? \u00bfC\u00f3mo se relaciona esta imagen del mapa con su vida real? \u00bfQu\u00e9 emociones puede \u201ccompletar\u201d para el hombrecito? Si los peque\u00f1os pudieran hablar, \u00bfqu\u00e9 dir\u00edan? \u00bfQu\u00e9 conclusi\u00f3n puede sacar de esto?<\/p>\n<p> Psicotecnia n\u00ba 2. \u201cDi\u00e1logo transformador\u201d<br \/> Recuerda un conflicto o una situaci\u00f3n desagradable que te haya involucrado a ti y a tu colega o cliente. Saca tres cartas de la baraja una por una y analiza la situaci\u00f3n desde tres perspectivas: <\/p>\n<ul> <\/p>\n<li>\u201cYo mismo\u201d \u00bfC\u00f3mo ve usted esta situaci\u00f3n?<\/li>\n<li>\u201cDiferente\u201d. \u00bfC\u00f3mo ve tu colega\/cliente esta situaci\u00f3n?<\/li>\n<li>\u201cObservador\u201d. \u00bfC\u00f3mo se ve esta situaci\u00f3n desde el punto de vista de un testigo aleatorio?<\/li>\n<p> <\/br><\/ul>\n<p> Si los hombrecitos \u201chablaran\u201d, \u00bfqu\u00e9 se dir\u00edan entre ellos? \u00bfC\u00f3mo ha cambiado tu percepci\u00f3n ahora?<\/p>\n<p> Psicotecnia n\u00ba 3. \u201cD\u00edas de trabajo\u201d<\/p>\n<p> Saque 5 o 6 cartas de la baraja boca abajo y examine cada una. De manera espont\u00e1nea, utilizando im\u00e1genes, cuente una historia sobre la vida laboral de un hombrecito. Ejemplos de preguntas: \u00bfQu\u00e9 est\u00e1 pasando en este momento? \u00bfQui\u00e9nes son estas personas? \u00bfQu\u00e9 est\u00e1n pensando y sintiendo? \u00bfQu\u00e9 llev\u00f3 a esta situaci\u00f3n y c\u00f3mo terminar\u00e1? \u00bfC\u00f3mo se relaciona la historia contada con lo que est\u00e1 sucediendo en su vida profesional?<\/p>\n<p> Psicotecnia n\u00ba 4. \u201cVivir el miedo\u201d<\/p>\n<p> Determina cu\u00e1l es tu miedo m\u00e1s acuciante relacionado con el trabajo (reducci\u00f3n de personal, reducci\u00f3n de salario, despido por un art\u00edculo, falta de clientes, queja). Y busca abiertamente en la baraja una carta que, seg\u00fan tus sentimientos, represente este miedo y col\u00f3cala en el centro. Con la cara hacia abajo, saca 4 cartas de la baraja (2 por cada pregunta) como respuestas a las preguntas: \u201c\u00bfQu\u00e9 me ayudar\u00e1 a adaptarme m\u00e1s r\u00e1pido a estos cambios?\u201d y \u201c\u00bfCu\u00e1les son las posibles soluciones a la situaci\u00f3n actual?\u201d y col\u00f3calas alrededor de la carta: el miedo.<\/p>\n<p> Psicot\u00e9cnica n\u00ba 5. \u201cEl trabajo es un placer\u201d<\/p>\n<p> Elige 4 cartas boca arriba o boca abajo que reflejen las dificultades de tu \u00e1mbito profesional. Coloca estas cartas en el centro. Boca abajo, selecciona la misma cantidad de cartas que se convertir\u00e1n en un recurso para superar estas dificultades y col\u00f3calas encima de las cartas de \u201cdificultades\u201d. Por turnos, responde a la pregunta: \u201c\u00bfQu\u00e9 peque\u00f1o paso puedo dar en el futuro cercano para aliviar estas dificultades?\u201d <\/br><\/p>","protected":false},"excerpt":{"rendered":"<p>Autor \u2013 compilador: Olga Sergeeva Contenido: 60 tarjetas que representan personas en 3D en diversas situaciones comerciales y de comunicaci\u00f3n, instrucciones con<\/p>","protected":false},"featured_media":1019,"comment_status":"open","ping_status":"open","template":"","meta":[],"product_brand":[],"product_cat":[31],"product_tag":[],"class_list":{"0":"post-1018","1":"product","2":"type-product","3":"status-publish","4":"has-post-thumbnail","6":"product_cat-money-business-professions","8":"first","9":"outofstock","10":"purchasable","11":"product-type-simple"},"_links":{"self":[{"href":"https:\/\/shercards.com\/es\/wp-json\/wp\/v2\/product\/1018","targetHints":{"allow":["GET"]}}],"collection":[{"href":"https:\/\/shercards.com\/es\/wp-json\/wp\/v2\/product"}],"about":[{"href":"https:\/\/shercards.com\/es\/wp-json\/wp\/v2\/types\/product"}],"replies":[{"embeddable":true,"href":"https:\/\/shercards.com\/es\/wp-json\/wp\/v2\/comments?post=1018"}],"wp:featuredmedia":[{"embeddable":true,"href":"https:\/\/shercards.com\/es\/wp-json\/wp\/v2\/media\/1019"}],"wp:attachment":[{"href":"https:\/\/shercards.com\/es\/wp-json\/wp\/v2\/media?parent=1018"}],"wp:term":[{"taxonomy":"product_brand","embeddable":true,"href":"https:\/\/shercards.com\/es\/wp-json\/wp\/v2\/product_brand?post=1018"},{"taxonomy":"product_cat","embeddable":true,"href":"https:\/\/shercards.com\/es\/wp-json\/wp\/v2\/product_cat?post=1018"},{"taxonomy":"product_tag","embeddable":true,"href":"https:\/\/shercards.com\/es\/wp-json\/wp\/v2\/product_tag?post=1018"}],"curies":[{"name":"wp","href":"https:\/\/api.w.org\/{rel}","templated":true}]}}