{"id":1033,"date":"2024-08-04T12:35:03","date_gmt":"2024-08-04T12:35:03","guid":{"rendered":"https:\/\/shercards.com\/index.php\/product\/metaphorical-associative-cards-scenarios-and-prohibitions\/"},"modified":"2025-10-20T10:43:20","modified_gmt":"2025-10-20T10:43:20","slug":"metaphorical-associative-cards-scenarios-and-prohibitions","status":"publish","type":"product","link":"https:\/\/shercards.com\/es\/producto\/metaphorical-associative-cards-scenarios-and-prohibitions\/","title":{"rendered":"Tarjetas asociativas metaf\u00f3ricas \u201cEscenarios y prohibiciones\u201d"},"content":{"rendered":"<p> La autora de la baraja es Olga Vladimirovna Klimova, psic\u00f3loga cl\u00ednica perinatal, regresionista e hipn\u00f3loga. Autora de juegos de transformaci\u00f3n y MAK. <\/p>\n<p> Ilustrador: Volkova Irina. <\/p>\n<p> El kit incluye: <\/p>\n<p> 1.nbsp;nbsp;nbsp;nbsp;nbsp; Tarjetas ilustradas \u201cEscenarios\u201d \u2013 69 uds. (tama\u00f1o 58x88mm) <\/p>\n<p> 2. Tarjetas enmarcadas con la frase \u201cProhibiciones\u201d \u2013 54 uds. (tama\u00f1o 89x113mm) <\/p>\n<p> 3.nbsp;nbsp;nbsp;nbsp; Instrucciones \u2013 folleto \u2013 1 ud. <\/p>\n<p> Material: papel mate \u2013 densidad 300 g\/m, impresi\u00f3n de alta calidad.<br \/> Embalaje: caja de cart\u00f3n para guardar la baraja.<br \/>La versi\u00f3n actualizada ahora contiene dos mazos de cartas ampliados que contienen una lista m\u00e1s completa de escenarios de vida y prohibiciones\/instrucciones para los padres. <\/p>\n<p> La baraja \u201cEscenarios\u201d se complementa con dos tipos de escenarios: familiar y k\u00e1rmico. <\/p>\n<p> Hay 123 cartas en la baraja, pero en la combinaci\u00f3n de estas 2 barajas se pueden obtener m\u00e1s de 3726 combinaciones, lo que permite ampliar la variabilidad de interpretaciones y trabajar con grupos grandes. <\/p>\n<p> El conjunto \u201cEscenarios y Prohibiciones\u201d est\u00e1 destinado a: <\/p>\n<p> \u00b7nbsp;nbsp;nbsp;nbsp;nbsp;nbsp; psic\u00f3logos, psicoterapeutas <\/p>\n<p> \u00b7nbsp;nbsp;nbsp;nbsp;nbsp;nbsp; entrenadores, formadores, profesores <\/p>\n<p> \u00b7nbsp;nbsp;nbsp;nbsp;nbsp;nbsp; personas interesadas en la psicolog\u00eda <\/p>\n<p> La baraja ayuda a afrontar situaciones recurrentes, patrones de conducta y reacciones autom\u00e1ticas que cada persona tiene. Y la base de tales fen\u00f3menos es un escenario de vida, respaldado por prohibiciones e instrucciones paternales que la persona adquiere en la primera infancia y que luego juegan un papel decisivo en los patrones de conducta de las personas. <\/p>\n<p> Esta baraja est\u00e1 creada seg\u00fan el tipo de baraja \u201cON\u201d, que tiene grandes tarjetas con marcos con frases e im\u00e1genes ilustradas. Esta combinaci\u00f3n de tarjetas permite combinar dos componentes estructurales y fundamentales muy importantes de la obra: el escenario de vida de una persona y las prohibiciones\/instrucciones de los padres. La superposici\u00f3n de una imagen con escenarios sobre un marco de prohibiciones proporciona de inmediato una comprensi\u00f3n m\u00e1s profunda de esos bloqueos y obst\u00e1culos restrictivos que interfieren en una vida normal. Adem\u00e1s, con la ayuda de este kit, es posible determinar qu\u00e9 escenario particular gobierna la vida de una persona en un grado u otro y comprender las causas profundas de muchas reacciones conductuales. <\/p>\n<p> El kit permite ver en poco tiempo toda la profundidad y totalidad de muchas causas del malestar. <\/p>\n<p> \u00bfQu\u00e9 es un gui\u00f3n de vida? <\/p>\n<p> Todas las personas tienen un gui\u00f3n de vida y prohibiciones que lo refuerzan. <\/p>\n<p> El escenario se forma en la primera infancia, desde el momento de la concepci\u00f3n humana, por no decir que es posible incluso antes. Adem\u00e1s, puede haber varios escenarios en cada \u00e1rea de la vida: salud, amor, sexo, relaciones, trabajo, bienestar material. Al aceptar uno de los escenarios como &quot;gu\u00eda de acci\u00f3n&quot;, la gente comienza a implementarlo literalmente a cada paso. No es de extra\u00f1ar que el entorno se seleccione en consecuencia: despu\u00e9s de todo, una persona parece atraer a su vida solo a aquellos que le brindan &quot;ayuda&quot; en la implementaci\u00f3n de sus &quot;planes&quot;. <\/p>\n<p> nbsp;ESCENARIO DE VIDAnbsp; es una estructura mental r\u00edgida formada en la infancia bajo la influencia de factores sociales y el entorno de la persona, los rasgos de car\u00e1cter y muchos otros factores y posteriormente comenz\u00f3 a desempe\u00f1ar el papel de un plan de vida realizado gradualmente, que refleja las actitudes, valores, reglas, patrones de comportamiento. <\/p>\n<p> Este conjunto contiene todos los escenarios conocidos juntos, que se pueden dividir en SEIS grupos: <\/p>\n<p> 1.nbsp;nbsp;nbsp;nbsp;Guiones b\u00e1sicos o arquet\u00edpicosnbsp; \u2014nbsp;7 uds. (que pueden manifestarse por igual tanto en hombres como en mujeres) <\/p>\n<p> 2.nbsp;nbsp;nbsp;nbsp;Guiones para hombresnbsp; \u2014nbsp;6 uds. <\/p>\n<p> 3.nbsp;nbsp;nbsp;nbsp; Escrituras de mujeresnbsp;\u2014nbsp;11 piezas.nbsp;(por Khoja Wikoff) <\/p>\n<p> 4.nbsp;nbsp;nbsp;nbsp; Escenariosnbsp;soledad femeninanbsp; \u2014nbsp;5nbsp;uds. <\/p>\n<p> 5.nbsp;nbsp;nbsp;nbsp;Escenarios k\u00e1rmicosnbsp; \u2014nbsp;18 uds. <\/p>\n<p> 6.nbsp;nbsp;nbsp;nbsp;Escenarios familiaresnbsp;nbsp;\u201421 uds. <\/p>\n<p> En total, se encontraron 69 patrones de escenarios de vida, los m\u00e1s comunes. Por supuesto, puede haber muchos m\u00e1s, pero aqu\u00ed est\u00e1n los que encontr\u00e9 con m\u00e1s frecuencia en mi pr\u00e1ctica cl\u00ednica. A continuaci\u00f3n, se presenta una breve descripci\u00f3n de todos los escenarios. <\/p>\n<p> Los escenarios k\u00e1rmicos fueron sintetizados a partir de muchos a\u00f1os de pr\u00e1ctica de realizar inmersiones en vidas pasadas utilizando hipnosis, es decir, terapia de regresi\u00f3n. <\/p>\n<p> Los escenarios familiares se toman de la pr\u00e1ctica cl\u00ednica en asesoramiento de parejas. <\/p>\n<p> \u00bfQu\u00e9 son las \u201cProhibiciones e instrucciones de los padres\u201d? <\/p>\n<p> Un gui\u00f3n es un programa autom\u00e1tico de la psique, y para que comience a desarrollarse en la vida, debe haber su propio \u201ccontrolador\u201d de instalaci\u00f3n -nbsp; Una prohibici\u00f3n o una instrucci\u00f3n que es \u201cimpuesta\u201d a un ni\u00f1o en la infancia, por regla general, por los padres y\/o personas significativas. <\/p>\n<p> BANnbsp; \u2013 este es el controlador que apoya al programa para ejecutar el script, le da vitalidad, la cual adquiere a medida que crece, por eso es tan importante encontrar no solo el script, sino tambi\u00e9n \u201ccontroladores\u201d. <\/p>\n<p> En total, hay 54 prohibiciones y normas b\u00e1sicas que se presentan en esta baraja. Sin embargo, en la vida real puede haber muchas m\u00e1s variaciones. <\/p>\n<p> Se trata de la baraja \u201cProhibiciones e Instrucciones\u201d, que complementa a la baraja \u201cEscenarios\u201d y brinda una oportunidad \u00fanica de ampliar la informaci\u00f3n recibida sobre el patr\u00f3n de escenarios para comprender el significado profundo de esos problemas tan humanos. Y todo esto en conjunto le brinda a la persona claves poderosas para cambiar la vida para mejor. <\/p>\n<p> Por ejemplo, el escenario del \u201codio a las mujeres\u201d, combinado con la prohibici\u00f3n de \u201cno decir que no\u201d, ofrece una imagen m\u00e1s precisa de por qu\u00e9 una persona se volvi\u00f3 as\u00ed. Por lo tanto, existe la comprensi\u00f3n de que para dejar de vivir bajo la presi\u00f3n de este escenario, primero hay que lidiar con la prohibici\u00f3n de los padres. <\/p>\n<p> \u00a1En las instrucciones encontrar\u00e1s una descripci\u00f3n de los 69 patrones de escenarios! <\/p>\n<p> T\u00e9cnica \u201c\u00bfQui\u00e9n es el personaje principal?\u201d<\/p>\n<p> T\u00e9cnica utilizando la baraja \u201cEscenarios y prohibiciones\u201d<\/p>\n<p> Cada persona tiene un escenario de vida, y m\u00e1s de uno. Hay uno central y varios secundarios, que tienen un tremendo impacto en la vida y la calidad de vida de una persona.<\/p>\n<p> Para identificar tal escenario y comprender por qu\u00e9 todo en la vida resulta de esta manera, ofrezca al cliente:<\/p>\n<p> 1. toma la carta \u201cEscenarios\u201d del mazo boca abajo (VZ)<\/p>\n<p> Es necesario describir brevemente las caracter\u00edsticas de este escenario (primero mira los mitos de la antigua Grecia o las instrucciones, donde hay una descripci\u00f3n).<\/p>\n<p> Conversar: <\/p> <\/p>\n<p> \u00b7nbsp;nbsp;nbsp;nbsp;nbsp;nbsp; \u00bfC\u00f3mo se traza esta trama en su vida? \u00bfCon qu\u00e9 frecuencia? \u00bfEn qu\u00e9 situaciones? <\/p>\n<p> \u00b7nbsp;nbsp;nbsp;nbsp;nbsp;nbsp; \u00bfQu\u00e9 obstaculiza este escenario en la vida? <\/p>\n<p> \u00b7nbsp;nbsp;nbsp;nbsp;nbsp;nbsp; \u00bfQu\u00e9 no puede hacer, lograr, alcanzar una persona cuando se encuentra ante un escenario as\u00ed? <\/p>\n<p> \u00b7nbsp;nbsp;nbsp;nbsp;nbsp;nbsp; \u00bfHace cu\u00e1nto tiempo que se dio cuenta de esto? \u00bfO no se dio cuenta en absoluto? <\/p>\n<p> \u00b7nbsp;nbsp;nbsp;nbsp;nbsp;nbsp; \u00bfHay historias similares en su vida? <\/p>\n<p> \u00b7nbsp;nbsp;nbsp;nbsp;nbsp;nbsp; \u00bfC\u00f3mo constituye esto un problema en su vida con respecto a la solicitud? <\/p>\n<p> 2. Cada escenario est\u00e1 respaldado por una prohibici\u00f3n u orden parental:nbsp;A continuaci\u00f3n, sugerimos tomar tambi\u00e9n la tarjeta OT, un marco con la prohibici\u00f3n y colocar una imagen con el escenario encima del marco.<\/p>\n<p> 3. Ahora tiene sentido discutir: <\/br><\/br><\/p>\n<p> \u00b7nbsp;nbsp;nbsp;nbsp;nbsp;nbsp; \u00bfC\u00f3mo apoya la Prohibici\u00f3n el escenario? <\/p>\n<p> \u00b7nbsp;nbsp;nbsp;nbsp;nbsp;nbsp; \u00bfy c\u00f3mo interfiere con la vida? <\/p>\n<p> \u00b7nbsp;nbsp;nbsp;nbsp;nbsp;nbsp; \u00bfQu\u00e9 tiene de cr\u00edtico? <\/p>\n<p> \u00b7nbsp;nbsp;nbsp;nbsp;nbsp;nbsp; \u00bfC\u00f3mo responde a nivel de sentimientos y emociones? <\/p>\n<p> \u00b7nbsp;nbsp;nbsp;nbsp;nbsp;nbsp; \u00bfQu\u00e9 quieres hacer con todo esto? <\/p>\n<p> \u00b7nbsp;nbsp;nbsp;nbsp;nbsp;nbsp; \u00bfEntiendes de qu\u00e9 se trata esto? <\/p>\n<p> \u00b7nbsp;nbsp;nbsp;nbsp;nbsp;nbsp; \u00bfRecuerdas esta prohibici\u00f3n de la infancia? \u00bfY c\u00f3mo te la transmitieron tus padres? \u00bfQu\u00e9 hicieron al respecto? <\/p>\n<p> \u00bfCon qu\u00e9 frecuencia la has violado? \u00bfLa violaron en absoluto? <\/p>\n<p> \u00b7nbsp;nbsp;nbsp;nbsp;nbsp;nbsp; \u00bfQu\u00e9 medios utilizaron tus padres para inculcarte esta prohibici\u00f3n? <\/p>\n<p> \u00b7nbsp;nbsp;nbsp;nbsp;nbsp;nbsp; \u00bfQu\u00e9 piensas de ello ahora? <\/p>\n<p> \u00b7nbsp;nbsp;nbsp;nbsp;nbsp;nbsp; \u00bfqu\u00e9 sientes? Y as\u00ed sucesivamente. <\/p>\n<p> 4.nbsp;nbsp;nbsp;nbsp; A continuaci\u00f3n, hacemos una lista de pasos concretos para mitigar el Escenario. Es decir, discutimos juntos qu\u00e9 podemos empezar a hacer de forma diferente para que el gui\u00f3n deje de influir tanto en la vida.<\/p>\n<p> La esencia del trabajo es que el cliente se convierta en el autor principal de su vida, y no que siga el patr\u00f3n del gui\u00f3n infantil. Esta es la t\u00e9cnica m\u00e1s sencilla para trabajar con esta baraja.<\/p>\n<p> La baraja est\u00e1 dise\u00f1ada para trabajar con los escenarios de vida y las prohibiciones parentales que cada persona tiene, y que juegan un papel determinante en los patrones de comportamiento de las personas en el marco del an\u00e1lisis transaccional. La baraja puede y debe utilizarse tanto en el trabajo individual como en el grupal. La baraja est\u00e1 incluida en el paquete del juego \u201cBlessed One\u201d. <\/br><\/p>\n<p> Tambi\u00e9n existe un formato electr\u00f3nico para esta baraja. <\/p>","protected":false},"excerpt":{"rendered":"<p>La autora de la baraja es Olga Vladimirovna Klimova, psic\u00f3loga cl\u00ednica perinatal, regresionista, hipn\u00f3loga y autora de juegos de transformaci\u00f3n.<\/p>","protected":false},"featured_media":1034,"comment_status":"open","ping_status":"open","template":"","meta":[],"product_brand":[],"product_cat":[34],"product_tag":[],"class_list":{"0":"post-1033","1":"product","2":"type-product","3":"status-publish","4":"has-post-thumbnail","6":"product_cat-kin-ancestors-scenarios","8":"first","9":"outofstock","10":"purchasable","11":"product-type-simple"},"_links":{"self":[{"href":"https:\/\/shercards.com\/es\/wp-json\/wp\/v2\/product\/1033","targetHints":{"allow":["GET"]}}],"collection":[{"href":"https:\/\/shercards.com\/es\/wp-json\/wp\/v2\/product"}],"about":[{"href":"https:\/\/shercards.com\/es\/wp-json\/wp\/v2\/types\/product"}],"replies":[{"embeddable":true,"href":"https:\/\/shercards.com\/es\/wp-json\/wp\/v2\/comments?post=1033"}],"wp:featuredmedia":[{"embeddable":true,"href":"https:\/\/shercards.com\/es\/wp-json\/wp\/v2\/media\/1034"}],"wp:attachment":[{"href":"https:\/\/shercards.com\/es\/wp-json\/wp\/v2\/media?parent=1033"}],"wp:term":[{"taxonomy":"product_brand","embeddable":true,"href":"https:\/\/shercards.com\/es\/wp-json\/wp\/v2\/product_brand?post=1033"},{"taxonomy":"product_cat","embeddable":true,"href":"https:\/\/shercards.com\/es\/wp-json\/wp\/v2\/product_cat?post=1033"},{"taxonomy":"product_tag","embeddable":true,"href":"https:\/\/shercards.com\/es\/wp-json\/wp\/v2\/product_tag?post=1033"}],"curies":[{"name":"wp","href":"https:\/\/api.w.org\/{rel}","templated":true}]}}