{"id":1067,"date":"2024-08-04T12:39:17","date_gmt":"2024-08-04T12:39:17","guid":{"rendered":"https:\/\/shercards.com\/index.php\/product\/metaphorical-cards-family-messages\/"},"modified":"2025-10-20T10:43:20","modified_gmt":"2025-10-20T10:43:20","slug":"metaphorical-cards-family-messages","status":"publish","type":"product","link":"https:\/\/shercards.com\/es\/producto\/metaphorical-cards-family-messages\/","title":{"rendered":"Tarjetas metaf\u00f3ricas \u201cMensajes familiares\u201d"},"content":{"rendered":"<p>Incluido en el kit para trabajar con el trauma infantil<br \/> <\/br><br \/> <\/br>Autor-compilador: Olga Krutova<br \/> El conjunto MAK incluye:<br \/> \u2013 100 tarjetas de texto con escenarios, creencias y configuraciones positivas y negativas, con frases y oraciones inacabadas;<br \/> \u2013 una breve gu\u00eda para utilizar el conjunto en la pr\u00e1ctica psicol\u00f3gica. <br \/> <\/br> <br \/> Las tarjetas asociativas metaf\u00f3ricas \u201cMensajes Familiares\u201d fueron creadas para estudiar las fuerzas motrices del individuo, sus procesos internos, conflictos, tendencias ocultas (inconscientes), programas que afectan la vida del cliente, su actitud hacia s\u00ed mismo y los dem\u00e1s, en su capacidad para tomar decisiones y actuar.<br \/> Decidimos conscientemente hacer una baraja de texto separada para poder utilizarla al trabajar con todas las barajas de la editorial MACards. <\/br> <br \/> <\/br> Utilizando el conjunto \u201cMensajes Familiares\u201d de MAK podr\u00e1s:<br \/> \u2022 trabajar con estados emocionales agudos;<br \/> \u2022 explorar las actitudes introyectivas que determinan el comportamiento del cliente;<br \/> \u2022 ampliar la conciencia limitando las creencias del gui\u00f3n;<br \/> \u2022 explorar patrones habituales de comportamiento en situaciones estresantes;<br \/> \u2022 desarrollar la habilidad de tener una actitud positiva hacia uno mismo;<br \/> \u2022 buscar recursos y apoyo en una situaci\u00f3n estresante;<br \/> \u2022 diagnosticar y corregir las relaciones parentales de los ni\u00f1os;<br \/> \u2022 trabajar con quejas;<br \/> \u2022 explorar las relaciones contigo mismo\/con tus padres\/con<br \/> compa\u00f1eros\/con compa\u00f1eros\/con hijos\/con trabajo\/con estudio\/con enfermedad;<br \/> \u2022 buscar una salida a una situaci\u00f3n sin salida y de conflicto;<br \/> \u2022 ampliar la conciencia de sus sentimientos, deseos y necesidades;<br \/> \u2022 trabajar con conflictos internos y externos, etc. <br \/> <\/br><\/br> <br \/> <\/br> Los \u201cMensajes Familiares\u201d de MAK ser\u00e1n \u00fatiles tanto en el trabajo individual como en el grupal:<br \/> \u2022 con experiencias traum\u00e1ticas<br \/> \u2022 con s\u00edntomas psicosom\u00e1ticos&lt; br&gt; \u2022 con dificultades de separaci\u00f3n<br \/> \u2022 con conducta codependiente<br \/> \u2022 con crisis de identidad<br \/> \u2022 con problemas interpersonales, etc. <br \/> <\/br> El texto MAC \u201cMensajes familiares\u201d ayudar\u00e1 a resolver las siguientes tareas durante la sesi\u00f3n:<br \/> \u2022 comunicativo: la tarjeta ayudar\u00e1 a iniciar una conversaci\u00f3n con el cliente sobre lo que le preocupa;<br \/> \u2022 clarificador \u2013 la tarjeta le permitir\u00e1 especificar experiencias inconscientes, darles una forma t\u00e1ctil;<br \/> \u2022 diagn\u00f3stico: la elecci\u00f3n de la tarjeta est\u00e1 dictada por motivos conscientes e inconscientes que estar\u00e1n disponibles para la investigaci\u00f3n;<br \/> \u2022 disociativo \u2013 la carta te permitir\u00e1 materializar una experiencia que no es consciente y transferirla del mundo interno al externo;<br \/> \u2022 desarrollo: la tarjeta ayudar\u00e1 a identificar y ampliar los estereotipos culturales y de comportamiento del cliente, etc. <\/br><\/br> <br \/> <\/br><\/br><\/p>","protected":false},"excerpt":{"rendered":"<p>Incluido en el kit para trabajar con el trauma infantil Autor-compilador: Olga Krutova El set MAK incluye: \u2013 100 tarjetas de texto<\/p>","protected":false},"featured_media":1068,"comment_status":"open","ping_status":"open","template":"","meta":[],"product_brand":[],"product_cat":[34],"product_tag":[],"class_list":{"0":"post-1067","1":"product","2":"type-product","3":"status-publish","4":"has-post-thumbnail","6":"product_cat-kin-ancestors-scenarios","8":"first","9":"outofstock","10":"purchasable","11":"product-type-simple"},"_links":{"self":[{"href":"https:\/\/shercards.com\/es\/wp-json\/wp\/v2\/product\/1067","targetHints":{"allow":["GET"]}}],"collection":[{"href":"https:\/\/shercards.com\/es\/wp-json\/wp\/v2\/product"}],"about":[{"href":"https:\/\/shercards.com\/es\/wp-json\/wp\/v2\/types\/product"}],"replies":[{"embeddable":true,"href":"https:\/\/shercards.com\/es\/wp-json\/wp\/v2\/comments?post=1067"}],"wp:featuredmedia":[{"embeddable":true,"href":"https:\/\/shercards.com\/es\/wp-json\/wp\/v2\/media\/1068"}],"wp:attachment":[{"href":"https:\/\/shercards.com\/es\/wp-json\/wp\/v2\/media?parent=1067"}],"wp:term":[{"taxonomy":"product_brand","embeddable":true,"href":"https:\/\/shercards.com\/es\/wp-json\/wp\/v2\/product_brand?post=1067"},{"taxonomy":"product_cat","embeddable":true,"href":"https:\/\/shercards.com\/es\/wp-json\/wp\/v2\/product_cat?post=1067"},{"taxonomy":"product_tag","embeddable":true,"href":"https:\/\/shercards.com\/es\/wp-json\/wp\/v2\/product_tag?post=1067"}],"curies":[{"name":"wp","href":"https:\/\/api.w.org\/{rel}","templated":true}]}}