{"id":1110,"date":"2024-08-04T12:42:24","date_gmt":"2024-08-04T12:42:24","guid":{"rendered":"https:\/\/shercards.com\/index.php\/product\/set-of-decks-of-metaphorical-cards-family-circle\/"},"modified":"2025-10-20T10:43:20","modified_gmt":"2025-10-20T10:43:20","slug":"set-of-decks-of-metaphorical-cards-family-circle","status":"publish","type":"product","link":"https:\/\/shercards.com\/es\/producto\/set-of-decks-of-metaphorical-cards-family-circle\/","title":{"rendered":"Juego de barajas de cartas metaf\u00f3ricas \u201cC\u00edrculo familiar\u201d"},"content":{"rendered":"<p>Autora de la idea e ilustradora: Svetlana Rudenko, candidata de ciencias psicol\u00f3gicas, psic\u00f3loga cl\u00ednica, experta, practicante de juegos.<br \/>El conjunto de barajas \u201cC\u00edrculo familiar\u201d incluye: <\/p>\n<ul>\n<li>Baraja MAK (58 cartas dibujadas a mano con instrucciones);<\/li>\n<li>Baraja de frases del contexto (50 tarjetas de texto);<\/li>\n<li>El n\u00famero de cartas en un juego de 2 barajas es de 108 piezas (63,5\u00d789 mm, 300 g\/m\u00b2).<br \/> Cada baraja se presenta en una caja de cart\u00f3n independiente. El MAC y las instrucciones se envuelven adicionalmente en film retr\u00e1ctil.<\/br><\/li>\n<\/ul>\n<p> El juego de cartas \u201cC\u00edrculo familiar\u201d est\u00e1 destinado a psic\u00f3logos y psicoterapeutas de todas las especialidades posibles. Al fin y al cabo, la importancia del contexto familiar en la pr\u00e1ctica de la ayuda es dif\u00edcil de sobreestimar.<br \/>\u00a1Una herramienta eficaz para profesionales! Ayudar\u00e1 a explorar delicadamente las influencias mutuas dentro de la familia. Bas\u00e1ndose en las pistas del inconsciente, encuentre los recursos del cliente y planifique pasos espec\u00edficos para lograr resultados.<br \/>Tambi\u00e9n es adecuado para principiantes, sobre su base es f\u00e1cil establecer el esquema de cualquier consulta y ver claramente las posibilidades de salir de las situaciones actuales.<br \/> Las cartas te permiten revelar y resolver los siguientes problemas: <\/p>\n<ul>\n<li>Conflictos matrimoniales<\/li>\n<li>Relaciones tensas entre padres e hijos<\/li>\n<li>La incapacidad de los ni\u00f1os mayores para aceptar a los m\u00e1s peque\u00f1os<\/li>\n<li>Elecci\u00f3n perinatal<\/li>\n<li>La vida en una situaci\u00f3n en la que uno de los miembros de la familia est\u00e1 enfermo<\/li>\n<li>La soledad cr\u00f3nica de las personas mayores<\/li>\n<li>Ansiedad, depresi\u00f3n<\/li>\n<li>Tendencias suicidas<\/li>\n<li>Anomal\u00edas sexuales<\/li>\n<li>Adicciones y codependencias<\/li>\n<li>Escenarios monetarios negativos, etc.<\/li>\n<\/ul>\n<p> El objetivo principal de trabajar con el conjunto de barajas \u201cC\u00edrculo Familiar\u201d es identificar el estado mental actual del individuo como unidad del sistema familiar y brindar asistencia sobre esta base para lograr la armon\u00eda interna y, por lo tanto, la estabilizaci\u00f3n y el desarrollo de la familia. Incluye 11 t\u00e9cnicas que son aplicables tanto en el trabajo individual como en el grupal.<br \/><strong>T\u00e9cnica del ata\u00fad familiar<\/strong><br \/> Prop\u00f3sito: brindar apoyo en la vivencia del duelo por la p\u00e9rdida.<br \/> 1. Seleccione 3 cartas a ciegas.<br \/> 2. Dales la vuelta para que el lado de la trama quede hacia arriba. El primero simbolizar\u00e1 la vida en el pasado. El segundo, en el presente. El tercero, en el futuro.<br \/> 3. Con base en las tarjetas, invente historias sobre cada etapa.<br \/> 4. Seleccione abiertamente una carta que refleje los cambios que han ocurrido en su vida. \u00bfQu\u00e9 se muestra en la imagen? \u00bfQu\u00e9 cambios traen estos acontecimientos a su forma de vida?<br \/> 5. Describe las emociones que impregnan la imagen. \u00bfQu\u00e9 estados son evidentes para todos y cu\u00e1les est\u00e1n ocultos por los personajes de dibujos animados? \u00bfLas experiencias que viven los personajes te resultan cercanas?<br \/> 6. Seleccione 5 cartas al azar.<br \/> 7. Coloca una en el centro, justo frente a ti, y las dem\u00e1s alrededor, a diferentes distancias. La carta del centro te representar\u00e1 a ti. Las escenas que te rodean son tus familiares, amigos, compa\u00f1eros de trabajo y otras personas (vecinos, conocidos).<br \/> 8. Una vez que se han asignado las cartas, d\u00e9les la vuelta. Teniendo en cuenta la distancia de las cartas en relaci\u00f3n con las suyas, determine c\u00f3mo cambiar\u00e1n ahora las conexiones con las personas que lo rodean. \u00bfQui\u00e9n puede acercarse a usted y qui\u00e9n corre el riesgo de alejarse? \u00bfC\u00f3mo se pueden redistribuir los roles y las responsabilidades clave?<br \/> 9. \u00bfQu\u00e9 cambios ser\u00edan deseables? Mueva las tarjetas en consecuencia.<br \/> 10. Abre tu carta y escoge una que te simbolice hoy, en esta etapa de tu vida. Col\u00f3cala sobre una hoja en blanco.<br \/> 11. A la izquierda y a la derecha, dibuja las cosas que han pasado de generaci\u00f3n en generaci\u00f3n en tu familia. Pueden ser \u00f3rdenes, relojes, joyas, etc. Debajo de cada imagen, escribe a qui\u00e9n pertenec\u00edan.<br \/> 12. Determina qu\u00e9 poder ten\u00edan los primeros due\u00f1os de estas reliquias. Indica las cualidades enumeradas.<br \/> 13. Une las im\u00e1genes y tu mapa con l\u00edneas verdes. El resultado es una especie de red. Este es el apoyo que tus antepasados te brindan de manera invisible. Te brindan sus mejores cualidades para perseverar en la situaci\u00f3n actual.<br \/> 14. En la parte superior, dibuja aquello que asocias con la persona fallecida. \u00bfQu\u00e9 fortaleza y mejores cualidades lleva dentro? Etiqu\u00e9talas.<br \/> 15. Conecte este objeto y su tarjeta con una l\u00ednea roja. Esto ser\u00e1 un s\u00edmbolo de aceptaci\u00f3n de los \u201ctesoros\u201d de una persona querida. Le dar\u00e1 una sensaci\u00f3n de conexi\u00f3n a un nivel sutil, le dar\u00e1 la fuerza para seguir adelante, la oportunidad de entablar nuevas relaciones emocionalmente ricas. <\/br><\/p>","protected":false},"excerpt":{"rendered":"<p>Autora de la idea e ilustradora: Svetlana Rudenko, candidata de ciencias psicol\u00f3gicas, psic\u00f3loga cl\u00ednica, experta, practicante de juegos. El conjunto de \u201cFamilia<\/p>","protected":false},"featured_media":1111,"comment_status":"open","ping_status":"open","template":"","meta":[],"product_brand":[],"product_cat":[24],"product_tag":[],"class_list":{"0":"post-1110","1":"product","2":"type-product","3":"status-publish","4":"has-post-thumbnail","6":"product_cat-relationships-sex-metaphorical-cards","8":"first","9":"outofstock","10":"purchasable","11":"product-type-simple"},"_links":{"self":[{"href":"https:\/\/shercards.com\/es\/wp-json\/wp\/v2\/product\/1110","targetHints":{"allow":["GET"]}}],"collection":[{"href":"https:\/\/shercards.com\/es\/wp-json\/wp\/v2\/product"}],"about":[{"href":"https:\/\/shercards.com\/es\/wp-json\/wp\/v2\/types\/product"}],"replies":[{"embeddable":true,"href":"https:\/\/shercards.com\/es\/wp-json\/wp\/v2\/comments?post=1110"}],"wp:featuredmedia":[{"embeddable":true,"href":"https:\/\/shercards.com\/es\/wp-json\/wp\/v2\/media\/1111"}],"wp:attachment":[{"href":"https:\/\/shercards.com\/es\/wp-json\/wp\/v2\/media?parent=1110"}],"wp:term":[{"taxonomy":"product_brand","embeddable":true,"href":"https:\/\/shercards.com\/es\/wp-json\/wp\/v2\/product_brand?post=1110"},{"taxonomy":"product_cat","embeddable":true,"href":"https:\/\/shercards.com\/es\/wp-json\/wp\/v2\/product_cat?post=1110"},{"taxonomy":"product_tag","embeddable":true,"href":"https:\/\/shercards.com\/es\/wp-json\/wp\/v2\/product_tag?post=1110"}],"curies":[{"name":"wp","href":"https:\/\/api.w.org\/{rel}","templated":true}]}}