{"id":1114,"date":"2024-08-04T12:42:24","date_gmt":"2024-08-04T12:42:24","guid":{"rendered":"https:\/\/shercards.com\/index.php\/product\/metaphorical-association-cards-in-the-flow-of-ancestral-scenarios\/"},"modified":"2025-10-20T10:43:20","modified_gmt":"2025-10-20T10:43:20","slug":"metaphorical-association-cards-in-the-flow-of-ancestral-scenarios","status":"publish","type":"product","link":"https:\/\/shercards.com\/es\/producto\/metaphorical-association-cards-in-the-flow-of-ancestral-scenarios\/","title":{"rendered":"Tarjetas de asociaci\u00f3n metaf\u00f3rica \u201cEn el fluir de los escenarios ancestrales\u201d"},"content":{"rendered":"<p>La autora de la idea, bocetos de ilustraciones, bocetos de dibujos y sugerencias de texto es Tatyana Vorgul: psic\u00f3loga profesional, coach certificada, experta en el campo de las relaciones intrafamiliares, especialista en mapas metaf\u00f3ricos (m\u00e1s de 20 a\u00f1os de experiencia), especialista en el trabajo con sistemas familiares y ancestrales, especialista en examen psicol\u00f3gico forense y extrajudicial DRO, autora y presentadora del curso.<br \/>Artista \u2013 Elena Sufyanova<br \/>Editorial: mak-vorgul<br \/>Tama\u00f1o de la tarjeta: 70\u00d7100 mm<br \/>Contenido: <\/p>\n<li>48 cartas con im\u00e1genes de \u00c1rboles como sistemas de s\u00edmbolos familiares. Las im\u00e1genes ayudan a ver y descifrar la met\u00e1fora que el subconsciente emite en forma de imagen de asociaci\u00f3n.<\/li>\n<li>32 cartas con Animales T\u00f3tem \u2013 fuentes de recursos y protectores de la Familia<\/li>\n<li>Instrucciones<\/li>\n<li>Caja densa con tapa para almacenamiento.<\/li>\n<p>Las cartas metaf\u00f3ricas \u201cEn el Flujo de los Escenarios Ancestrales\u201d est\u00e1n dise\u00f1adas para elaborar programas ancestrales y escenarios de vida que alteran el equilibrio en las relaciones con el Cetro, con uno mismo, con los padres y los hijos, con los propios deseos y capacidades. Esta baraja fue creada para ayudarnos a ver las actitudes negativas que nos han transmitido desde la Familia, que se han convertido en programas y nos impiden ser nosotros mismos. Te ayudar\u00e1 a descifrar los mensajes de tus antepasados ocultos en nuestro subconsciente y crear tus propios escenarios para alcanzar la felicidad. La baraja te permitir\u00e1 ver estos mensajes y eliminar los obst\u00e1culos que te impiden salir de un escenario ineficaz y crear uno nuevo que te lleve al \u00e9xito y la felicidad. O mejor dicho, a transformar estos obst\u00e1culos en experiencia y energ\u00eda positiva.<br \/> Equipo de creadores:<br \/>Autor: Tatyana Vorgul;<br \/> Artista: Elena Sufyanova;<br \/> Dise\u00f1o de packaging: Ayoka Sergazina;<br \/> Editor: Margarita Levicheva ;<br \/> Correctores: Sali Davadova, Margarita Yakunina;<br \/> Dise\u00f1ador de maquetaci\u00f3n: Anna Zhizhka;<br \/> Directora creativa: Olesya Babaeva.<br \/>Para qui\u00e9n: Para psic\u00f3logos, psicoterapeutas de diversas orientaciones, constelaciones sist\u00e9micas y familiares, coaches, docentes, especialistas en profesiones de ayuda, para cualquier persona interesada en el autodesarrollo y el autoconocimiento.<br \/>MAK \u201cEn el Flujo de Escenarios Gen\u00e9ricos\u201d se puede utilizar: <\/p>\n<ul>\n<li>como asistentes activos en el espacio de la constelaci\u00f3n;<\/li>\n<li>identificar y transformar programas negativos, escenarios de vida y patrones de comportamiento;<\/li>\n<li>en el trabajo con experiencias, estados de crisis asociados a la p\u00e9rdida de seres queridos;<\/li>\n<li>cuando se trabaja con sentimiento de propia inutilidad, bloqueos de diversos niveles en el clan y\/o sistema familiar, no aceptaci\u00f3n en el Clan, o en la propia familia;<\/li>\n<li>al explorar y deshacerse de miedos y fobias respecto a las relaciones con los miembros del Clan, familia.<\/li>\n<li> para buscar y \u201cactivar\u201d estados de recursos;<\/li>\n<li>etc.<\/li>\n<\/ul>\n<p> Para facilitar el aprendizaje de las instrucciones, me dirigir\u00e9 a ti como T\u00fa, con respeto y amor. \u00bfDe acuerdo?<br \/>Ejercicio \u201cMi \u00e1rbol de la vida\u201d<br \/>Mezclando las cartas, formula una petici\u00f3n, por ejemplo: \u201c\u00bfC\u00f3mo es MI \u00e1rbol?\u201d. Mientras recorres las cartas, encuentra una imagen que resuene en el alma. \u00a1M\u00edrala con atenci\u00f3n, si\u00e9ntela! Recuerda los pensamientos y sentimientos que te llegan.<br \/>Describe lo que ves en el mapa: <\/p>\n<ul>\n<li>\u00bfC\u00f3mo es tu \u00e1rbol? \u00bfTiene suficiente luz, calor y energ\u00eda?<\/li>\n<li>Mira el suelo debajo de las ra\u00edces, \u00bfson fuertes las ra\u00edces?<\/li>\n<li>Observa el tronco. \u00bfHay escarabajos de corteza u otras plagas all\u00ed?<\/li>\n<li>Ahora mira la copa. \u00bfQu\u00e9 ramas tiene el \u00e1rbol? \u00bfHay flores, frutos y hojas?<\/li>\n<li>\u00bfQu\u00e9 mensajes te llegan desde tu \u00c1rbol?<\/li>\n<li>Si el \u00e1rbol est\u00e1 enfermo, \u00bfc\u00f3mo puedes ayudarlo? \u00bfY qu\u00e9 suceder\u00e1 entonces?<\/li>\n<li>Si su \u00e1rbol geneal\u00f3gico es saludable y fuerte, \u00bfqu\u00e9 recursos puede obtener de \u00e9l?<\/li>\n<\/ul>\n<p> Llene el espacio alrededor del \u00e1rbol geneal\u00f3gico con amor y gratitud. Usted puede hacerlo. Observe los cambios que se producir\u00e1n en el futuro cercano.<br \/>PS Agrega recursos a tu \u00c1rbol Ancestral desde la baraja \u201cEn la Corriente de Sentimientos\u201d. Encuentra la carta abierta que simboliza el recurso faltante. Descr\u00edbela. Coloca ambas cartas una al lado de la otra y observa c\u00f3mo reacciona el \u00c1rbol a los recursos que recibe. \u00bfQu\u00e9 nuevas oportunidades y habilidades ha adquirido?<br \/>Ejercicio \u201cAcepto o no\u201d<br \/>Elige dos cartas boca abajo: <\/p>\n<li>\u00bfEn qu\u00e9 \u00e1rbol te ves hoy?<\/li>\n<li>\u00bfQu\u00e9 \u00e1rbol te gustar\u00eda ver? \u00bfser?<\/li>\n<p> La primera carta es &quot;T\u00fa&quot; hoy. Describe esta carta: <\/p>\n<ul>\n<li>\u00bfQu\u00e9 \u00e1rbol eres?<\/li>\n<li>\u00bfTe gusta el \u00e1rbol que te simboliza?<\/li>\n<li>\u00bfQu\u00e9 es exactamente lo que te gusta o no te gusta?<\/li>\n<li >\u00bfAceptas la imagen que aparece en el mapa?<\/li>\n<li>\u00bfQu\u00e9 significa esto para usted?<\/li>\n<li>Si no te gusta el \u00e1rbol \u00bfqu\u00e9 puedes hacer para que mejore?<\/li> <\/ul>\n<p> Escribe todos los pensamientos que surgieron en respuesta a estas preguntas.<br \/>2.\u00aa carta. Ahora mira la segunda carta, que simboliza el tipo de \u00e1rbol en el que quieres convertirte. Describe la imagen que viste: <\/p>\n<ul>\n<li>\u00bfQu\u00e9 fue lo que m\u00e1s te atrajo de la imagen? Escr\u00edbelo.<\/li>\n<li>\u00bfEn qu\u00e9 se parece este \u00e1rbol a ti?<\/li>\n<li>\u00bfQu\u00e9 nos puedes contar sobre ello?<\/li>\n<li>\u00bfEn qu\u00e9 es mejor que el \u00e1rbol del primer mapa?<\/li>\n<li>\u00bfQu\u00e9 sientes despu\u00e9s de comunicarte con el \u00c1rbol?<\/li>\n<li>\u00bfQu\u00e9 quieres hacer, cambiar, en ti y\/o en tu vida, mirando este \u00c1rbol?<\/li>\n<li>\u00bfC\u00f3mo ser\u00e1 tu vida, cuando har\u00e1s esto?<\/li>\n<\/ul>\n<p> PD: Para comprenderte mejor a ti mismo y a tu vida, puedes utilizar las cartas de la baraja \u201cEn el Flujo de los Sentimientos\u201d.<br \/>En las instrucciones de la baraja encontrar\u00e1s m\u00e1s ejercicios y una t\u00e9cnica para trabajar con MAC \u201cIn the Stream\u201d.<br \/> <\/br><\/br><\/p>","protected":false},"excerpt":{"rendered":"<p>La autora de la idea, bocetos de ilustraciones, bocetos de dibujos y sugerencias de texto es Tatyana Vorgul, psic\u00f3loga profesional,<\/p>","protected":false},"featured_media":1115,"comment_status":"open","ping_status":"open","template":"","meta":[],"product_brand":[],"product_cat":[34],"product_tag":[],"class_list":{"0":"post-1114","1":"product","2":"type-product","3":"status-publish","4":"has-post-thumbnail","6":"product_cat-kin-ancestors-scenarios","8":"first","9":"outofstock","10":"purchasable","11":"product-type-simple"},"_links":{"self":[{"href":"https:\/\/shercards.com\/es\/wp-json\/wp\/v2\/product\/1114","targetHints":{"allow":["GET"]}}],"collection":[{"href":"https:\/\/shercards.com\/es\/wp-json\/wp\/v2\/product"}],"about":[{"href":"https:\/\/shercards.com\/es\/wp-json\/wp\/v2\/types\/product"}],"replies":[{"embeddable":true,"href":"https:\/\/shercards.com\/es\/wp-json\/wp\/v2\/comments?post=1114"}],"wp:featuredmedia":[{"embeddable":true,"href":"https:\/\/shercards.com\/es\/wp-json\/wp\/v2\/media\/1115"}],"wp:attachment":[{"href":"https:\/\/shercards.com\/es\/wp-json\/wp\/v2\/media?parent=1114"}],"wp:term":[{"taxonomy":"product_brand","embeddable":true,"href":"https:\/\/shercards.com\/es\/wp-json\/wp\/v2\/product_brand?post=1114"},{"taxonomy":"product_cat","embeddable":true,"href":"https:\/\/shercards.com\/es\/wp-json\/wp\/v2\/product_cat?post=1114"},{"taxonomy":"product_tag","embeddable":true,"href":"https:\/\/shercards.com\/es\/wp-json\/wp\/v2\/product_tag?post=1114"}],"curies":[{"name":"wp","href":"https:\/\/api.w.org\/{rel}","templated":true}]}}