{"id":1207,"date":"2024-08-04T12:51:06","date_gmt":"2024-08-04T12:51:06","guid":{"rendered":"https:\/\/shercards.com\/index.php\/product\/metaphorical-associative-cards-feminine\/"},"modified":"2025-10-20T10:42:39","modified_gmt":"2025-10-20T10:42:39","slug":"metaphorical-associative-cards-feminine","status":"publish","type":"product","link":"https:\/\/shercards.com\/es\/producto\/metaphorical-associative-cards-feminine\/","title":{"rendered":"Tarjetas asociativas metaf\u00f3ricas \u201cFemeninas\u201d"},"content":{"rendered":"<p>Autor de la baraja: Ulyana Alliance \u2013 psic\u00f3loga, coach profesional (UCI), fundadora de la Escuela de Pr\u00e1ctica del Juego<br \/> Contenido: 120 tarjetas, instrucciones.<br \/>La baraja \u201cEl Comienzo Femenino\u201d fue creada seg\u00fan la teor\u00eda de los arquetipos de Carol Pearson para que cualquier mujer pueda sumergirse en la diversidad de su mundo interior.<\/p>\n<p> La baraja se puede utilizar como baraja de retratos e historias en el asesoramiento individual y grupal de mujeres sobre cualquier tema. Tambi\u00e9n se puede utilizar cuando se trabaja con hombres en solicitudes de relaciones.<br \/> (parejas femeninas, hijos, madre, etc.).<br \/>Es muy importante no utilizar la baraja para etiquetar a una persona con un arquetipo en particular. Toda mujer tiene la oportunidad de utilizar las estrategias de los 12 arquetipos, tanto de forma consciente como inconsciente, tanto en la manifestaci\u00f3n de recursos como en la sombra.<br \/> Para que el trabajo con la divulgaci\u00f3n de arquetipos sea suave y respetuoso con el medio ambiente, en la baraja se utilizan \u00fanicamente tramas de recursos.<br >Breve descripci\u00f3n de los arquetipos:<br \/> Inocente: sencillez infantil, credulidad, ingenuidad, fe y optimismo. Se esfuerza por tener un trabajo ideal, una pareja ideal, un hogar ideal, etc.<br \/> Buscador: centrado en la b\u00fasqueda de un mundo mejor. Lucha por la autorrealizaci\u00f3n, busca su propia individualidad y singularidad. Se encuentra a s\u00ed mismo a trav\u00e9s del dominio del mundo.<br \/> Sabio \u2013 tiene un profundo deseo de encontrar la verdad.<br \/> Se esfuerza por lograr objetividad, sabidur\u00eda, experiencia y dominio perfecto del tema.<br \/> H\u00e9roe: cumple con sus deberes por el bien de su pa\u00eds, organizaci\u00f3n o familia. Demuestra su valor a trav\u00e9s de su masculinidad y acciones desafiantes. Se esfuerza por volverse lo m\u00e1s fuerte y poderoso posible.<br \/> Rebelde: se dedica a valores m\u00e1s profundos que los que dominan la sociedad. Su individualidad trasciende la estructura social existente. Lucha por el cambio mediante la destrucci\u00f3n de viejas estrategias.<br \/> Mago \u2013 quiere comprender las leyes fundamentales de c\u00f3mo funciona la conciencia humana, el mundo, el universo, etc.<br \/> Buen tipo, con ganas de pertenecer a una manada. Cree en la dignidad natural de cada persona.<br \/> Amante: gobierna todas las formas de amor humano. Busca el atractivo, el placer sensual, la sexualidad y el placer.<br \/> Buf\u00f3n: incluye a un payaso, un embaucador, una persona que se esfuerza por ser graciosa y divertida. Su principal deseo es hacer feliz al mundo que lo rodea.<br \/> Solidario: se esfuerza por hacer el bien a los dem\u00e1s y protegerlos de posibles da\u00f1os. Su sentido en la vida es dar a los dem\u00e1s.<br \/> El Creador muestra creatividad, crea estructuras, se esfuerza por crear valores eternos. Lo impulsa la pasi\u00f3n por la autoexpresi\u00f3n en forma material.<br \/> Gobernante: se esfuerza por crear una familia, una empresa y un pa\u00eds pr\u00f3speros y exitosos. Responsabilidad por su vida y liderazgo de la comunidad.<\/p>\n<p> En el reverso de cada carta encontrar\u00e1s el nombre del arquetipo y un mensaje de recurso que refleja el estado de \u00e1nimo de ese arquetipo. Ambos lados se pueden utilizar tanto para trabajar de forma abierta, cuando se necesita mostrar el arquetipo con fines educativos o de diagn\u00f3stico, como cerrada, lo que permitir\u00e1 explorar el mundo interior de una mujer o incluir<br \/> un hombre en proceso de investigaci\u00f3n de una figura femenina que es significativa en su petici\u00f3n. <br \/>Trabajar de forma oculta es siempre una especie de \u201cexpansi\u00f3n\u201d, que requiere m\u00e1s confianza por parte del cliente que trabajar de forma abierta, donde se puede crear un proceso controlado.<br \/> La baraja de cartas \u201cOrigen Femenino\u201d se utiliza con \u00e9xito junto con la baraja \u201cOrigen Masculino\u201d y es adecuada para <br \/> autoconocimiento, y no s\u00f3lo para especialistas en profesiones de ayuda. <\/br><\/p>","protected":false},"excerpt":{"rendered":"<p>Autor de la baraja: Ulyana Alliance \u2013 psic\u00f3loga, couch profesional (UCI), fundadora de la Escuela de Pr\u00e1ctica del Juego Contenido: 120<\/p>","protected":false},"featured_media":1208,"comment_status":"open","ping_status":"open","template":"","meta":[],"product_brand":[],"product_cat":[22],"product_tag":[],"class_list":{"0":"post-1207","1":"product","2":"type-product","3":"status-publish","4":"has-post-thumbnail","6":"product_cat-womens-mens","8":"first","9":"outofstock","10":"purchasable","11":"product-type-simple"},"_links":{"self":[{"href":"https:\/\/shercards.com\/es\/wp-json\/wp\/v2\/product\/1207","targetHints":{"allow":["GET"]}}],"collection":[{"href":"https:\/\/shercards.com\/es\/wp-json\/wp\/v2\/product"}],"about":[{"href":"https:\/\/shercards.com\/es\/wp-json\/wp\/v2\/types\/product"}],"replies":[{"embeddable":true,"href":"https:\/\/shercards.com\/es\/wp-json\/wp\/v2\/comments?post=1207"}],"wp:featuredmedia":[{"embeddable":true,"href":"https:\/\/shercards.com\/es\/wp-json\/wp\/v2\/media\/1208"}],"wp:attachment":[{"href":"https:\/\/shercards.com\/es\/wp-json\/wp\/v2\/media?parent=1207"}],"wp:term":[{"taxonomy":"product_brand","embeddable":true,"href":"https:\/\/shercards.com\/es\/wp-json\/wp\/v2\/product_brand?post=1207"},{"taxonomy":"product_cat","embeddable":true,"href":"https:\/\/shercards.com\/es\/wp-json\/wp\/v2\/product_cat?post=1207"},{"taxonomy":"product_tag","embeddable":true,"href":"https:\/\/shercards.com\/es\/wp-json\/wp\/v2\/product_tag?post=1207"}],"curies":[{"name":"wp","href":"https:\/\/api.w.org\/{rel}","templated":true}]}}