{"id":1213,"date":"2024-08-04T12:51:06","date_gmt":"2024-08-04T12:51:06","guid":{"rendered":"https:\/\/shercards.com\/index.php\/product\/metaphorical-cards-the-power-of-the-forest\/"},"modified":"2025-10-20T10:42:39","modified_gmt":"2025-10-20T10:42:39","slug":"metaphorical-cards-the-power-of-the-forest","status":"publish","type":"product","link":"https:\/\/shercards.com\/es\/producto\/metaphorical-cards-the-power-of-the-forest\/","title":{"rendered":"Tarjetas metaf\u00f3ricas \u201cEl poder del bosque\u201d"},"content":{"rendered":"<p>Cuando te falta energ\u00eda y alegr\u00eda en la vida, te sientes m\u00e1s atra\u00eddo que nunca por la naturaleza del bosque. Aqu\u00ed reina la calma y fuerzas desconocidas extienden sus manos para ayudar, despiertan el esp\u00edritu y despejan la mente. Las postales \u201cEl poder del bosque\u201d son la clave para acceder al almac\u00e9n natural de nuestro subconsciente. Las met\u00e1foras codificadas en las tarjetas te permiten sentir la Fuente interior y despertar las fuerzas de la naturaleza que duermen en nuestro interior. <br \/> El set contiene 20 tarjetas con im\u00e1genes art\u00edsticas dise\u00f1adas para sacar a la superficie preguntas ocultas en lo m\u00e1s profundo del subconsciente y encontrar un recurso para resolverlas. <br \/> Gracias a la naturaleza multidimensional de las im\u00e1genes, cada persona ver\u00e1 algo completamente diferente en ellas. Y 20 frases inspiradoras te ayudar\u00e1n a encontrar suavemente el camino hacia tus recursos internos y avanzar con valent\u00eda hacia tus sue\u00f1os. <\/br><\/br><\/p>","protected":false},"excerpt":{"rendered":"<p>Cuando te falta energ\u00eda y alegr\u00eda en la vida, te sientes m\u00e1s atra\u00eddo que nunca por la naturaleza en el bosque.<\/p>","protected":false},"featured_media":1214,"comment_status":"open","ping_status":"open","template":"","meta":[],"product_brand":[],"product_cat":[22],"product_tag":[],"class_list":{"0":"post-1213","1":"product","2":"type-product","3":"status-publish","4":"has-post-thumbnail","6":"product_cat-womens-mens","8":"first","9":"outofstock","10":"purchasable","11":"product-type-simple"},"_links":{"self":[{"href":"https:\/\/shercards.com\/es\/wp-json\/wp\/v2\/product\/1213","targetHints":{"allow":["GET"]}}],"collection":[{"href":"https:\/\/shercards.com\/es\/wp-json\/wp\/v2\/product"}],"about":[{"href":"https:\/\/shercards.com\/es\/wp-json\/wp\/v2\/types\/product"}],"replies":[{"embeddable":true,"href":"https:\/\/shercards.com\/es\/wp-json\/wp\/v2\/comments?post=1213"}],"wp:featuredmedia":[{"embeddable":true,"href":"https:\/\/shercards.com\/es\/wp-json\/wp\/v2\/media\/1214"}],"wp:attachment":[{"href":"https:\/\/shercards.com\/es\/wp-json\/wp\/v2\/media?parent=1213"}],"wp:term":[{"taxonomy":"product_brand","embeddable":true,"href":"https:\/\/shercards.com\/es\/wp-json\/wp\/v2\/product_brand?post=1213"},{"taxonomy":"product_cat","embeddable":true,"href":"https:\/\/shercards.com\/es\/wp-json\/wp\/v2\/product_cat?post=1213"},{"taxonomy":"product_tag","embeddable":true,"href":"https:\/\/shercards.com\/es\/wp-json\/wp\/v2\/product_tag?post=1213"}],"curies":[{"name":"wp","href":"https:\/\/api.w.org\/{rel}","templated":true}]}}