{"id":1254,"date":"2024-08-04T12:54:57","date_gmt":"2024-08-04T12:54:57","guid":{"rendered":"https:\/\/shercards.com\/index.php\/product\/metaphorical-cards-its-in-me-male-images\/"},"modified":"2025-10-20T10:41:51","modified_gmt":"2025-10-20T10:41:51","slug":"metaphorical-cards-its-in-me-male-images","status":"publish","type":"product","link":"https:\/\/shercards.com\/es\/producto\/metaphorical-cards-its-in-me-male-images\/","title":{"rendered":"Tarjetas metaf\u00f3ricas \u201cEst\u00e1 en m\u00ed. Im\u00e1genes masculinas\u201d"},"content":{"rendered":"<p>Puedes comprar dos mazos de \u201cIt&#039;s in Me\u201d (masculino y femenino) como conjunto a un buen precio. Las cartas de estos mazos se pueden combinar, lo que te permite ampliar su funcionalidad.<br \/>Autor de la baraja: psic\u00f3loga e hipnoterapeuta Anastasia Kolendo-Smirnova.<br \/> Artista: Natalya Chernyavskaya.<br \/>Contenido: <\/p>\n<ul>\n<li>90 cartas<\/li>\n<li>instrucciones con ejercicios<\/li>\n<li>Embalaje: caja herm\u00e9tica.<\/li>\n<\/ul>\n<p> La baraja de cartas metaf\u00f3ricas \u201cEst\u00e1 en m\u00ed. Im\u00e1genes masculinas\u201d es una continuaci\u00f3n de la baraja \u201cEst\u00e1 en m\u00ed\u201d para trabajar con mujeres, y tambi\u00e9n es una baraja independiente para trabajar con hombres.<br \/>Adem\u00e1s, la baraja se combina f\u00e1cilmente con cualquier MAC y se puede utilizar con t\u00e9cnicas est\u00e1ndar cl\u00e1sicas empleadas cuando se trabaja con cartas metaf\u00f3ricas asociativas.<br \/>La baraja te permite: <\/p>\n<ul>\n<li>Formular claramente la solicitud del cliente y establecer el objetivo de la terapia;<\/li>\n<li>empezar a avanzar en la soluci\u00f3n del problema;<\/li>\n<li>analizar e indicar la direcci\u00f3n en el trabajo con los trastornos psicosom\u00e1ticos;<\/li>\n<li>monitorear y tratar los pensamientos y acciones destructivos;<\/li>\n<li>Trabajar con conflictos internos y armonizar las interacciones entre subpersonalidades.<\/li>\n<\/ul>\n<p> EJERCICIO. PRIMERA CONSULTA<br \/>Este ejercicio ayuda a formular una solicitud y determinar el prop\u00f3sito de la terapia. <\/p>\n<li>Se le pide al cliente que elija la carta del \u201ctorso\u201d boca arriba y responda a las preguntas: \u201c\u00bfQu\u00e9 est\u00e1 pasando dentro de m\u00ed? \u00bfC\u00f3mo me siento?\u201d<\/li>\n<li>A continuaci\u00f3n, tambi\u00e9n ofrecen abiertamente elegir \u201cpiernas\u201d que describan el estado de cosas en este per\u00edodo de la vida: \u201c\u00bfC\u00f3mo me mantengo en pie ahora?\u201d<\/li>\n<li>Despu\u00e9s, el cliente selecciona de las \u201ccabezas\u201d la respuesta a la pregunta: \u201c\u00bfQu\u00e9 pienso sobre esto? \u00bfQu\u00e9 pensamientos tengo sobre esta situaci\u00f3n?\u201d<\/li>\n<li>El retrato metaf\u00f3rico de una persona en una situaci\u00f3n problem\u00e1tica, elaborado de esta manera, se discute luego con un psic\u00f3logo, quien aclara la informaci\u00f3n necesaria.<\/li>\n<li>La siguiente acci\u00f3n es la formaci\u00f3n, tambi\u00e9n abierta, de la imagen deseada de uno mismo tras la soluci\u00f3n de este problema, la cual se analiza y se comprueban los cambios realizados en cuanto a su compatibilidad con el medio ambiente.<\/li>\n<li>A continuaci\u00f3n, entre estos retratos, se recoge y comenta la imagen que le espera a la persona en el futuro si no toma ninguna acci\u00f3n. A veces, esta imagen motiva al cliente a tomar medidas y, a veces, muestra que no va a pasar nada malo y da una sensaci\u00f3n de calma sobre la situaci\u00f3n actual.<\/li>\n<li>A continuaci\u00f3n, se determinan los pasos para conseguir la imagen deseada y se planifica la terapia.<\/li>\n<p> EJERCICIO. TRABAJANDO CON PSICOSOM\u00c1TICOS<br \/>Ayuda a estudiar las causas psicol\u00f3gicas del s\u00edntoma y trazar el camino para deshacerse del trastorno psicosom\u00e1tico. Se le pide al cliente que encuentre, entre las tarjetas abiertas, una imagen en la zona del cuerpo donde se manifiesta el s\u00edntoma, un objeto que refleje metaf\u00f3ricamente sensaciones en el cuerpo. A continuaci\u00f3n, mediante preguntas, se analiza la conexi\u00f3n entre esta imagen metaf\u00f3rica y la situaci\u00f3n vital del cliente. Luego se le pide que encuentre una imagen de lo que precedi\u00f3 a la aparici\u00f3n de este s\u00edntoma. Dado que la enfermedad es una se\u00f1al poderosa, generalmente est\u00e1 precedida por otro presagio de problemas en la esfera emocional de una persona. Este es su significado metaf\u00f3rico que se nos pide que encontremos. De esta manera, descubren lo que la psique no pudo afrontar y &quot;recurri\u00f3 a la ayuda&quot; del cuerpo. A continuaci\u00f3n, se determinan los pasos de la terapia para resolver el problema que fue un presagio del s\u00edntoma.<br \/>EJEMPLO DE TRABAJO #1<br \/>El cliente tiene dolor en la pierna. Selecciona una imagen abierta donde tiene un peso atado a sus pies. Durante la discusi\u00f3n, resulta que el cliente experimenta pesadez en la pierna, rigidez e incapacidad para moverse. Traducimos esta met\u00e1fora a lo que est\u00e1 sucediendo en la situaci\u00f3n de la vida real del cliente: \u201c\u00bfQu\u00e9 o qui\u00e9n te est\u00e1 presionando? \u00bfQui\u00e9n o qu\u00e9 te ha encadenado y a qu\u00e9 est\u00e1s encadenado en tu vida?\u201d, etc. A continuaci\u00f3n, se le pide que elija qu\u00e9 precedi\u00f3 a la aparici\u00f3n del dolor en su pierna: \u201cCuando su pierna no le molestaba, \u00bfqu\u00e9 le sucedi\u00f3 emocionalmente? \u00bfQu\u00e9 sentimientos y pensamientos experiment\u00f3 antes de que apareciera el s\u00edntoma?\u201d. El cliente elige la imagen \u201ctorso\u201d, donde hay muchas manos, explicando esta condici\u00f3n por el hecho de que se agarraba a todo y no lograba nada. Esta condici\u00f3n podr\u00eda \u201csolucionarse\u201d con la ayuda de \u201cdetenerse\u201d, \u201cestar limitado por pesos\u201d. A continuaci\u00f3n, el cliente analiza con m\u00e1s detalle qu\u00e9 intent\u00f3 hacer exactamente durante ese per\u00edodo, qu\u00e9 no funcion\u00f3 y por qu\u00e9. La terapia comienza con resolver exactamente esa condici\u00f3n, poniendo todo en los \u201cestantes\u201d, estableciendo metas, eliminando miedos y encontrando recursos.<br \/>EJEMPLO DE TRABAJO #2<\/p>\n<p> El cliente se queja de dolor abdominal. Selecciona una carta con una ara\u00f1a en su cuerpo. Describe este estado como si hubiera un bulto en su interior que lo devorara desde adentro. A continuaci\u00f3n, le pedimos que seleccione una carta sobre lo que la persona experiment\u00f3 en su vida antes de que apareciera el s\u00edntoma. El cliente dice que era un anhelo en el coraz\u00f3n, la misma telara\u00f1a cuando se rompi\u00f3 el matrimonio. Adem\u00e1s, el trabajo se basa en sentimientos sobre el divorcio, complejos, miedos, actitudes, pron\u00f3sticos y escenarios relacionados con las relaciones personales.<\/p>","protected":false},"excerpt":{"rendered":"<p>Puedes comprar dos barajas \u201cIt&#039;s in Me\u201d (masculina y femenina) como conjunto a un buen precio. Cartas de<\/p>","protected":false},"featured_media":1255,"comment_status":"open","ping_status":"open","template":"","meta":[],"product_brand":[],"product_cat":[22],"product_tag":[],"class_list":{"0":"post-1254","1":"product","2":"type-product","3":"status-publish","4":"has-post-thumbnail","6":"product_cat-womens-mens","8":"first","9":"outofstock","10":"purchasable","11":"product-type-simple"},"_links":{"self":[{"href":"https:\/\/shercards.com\/es\/wp-json\/wp\/v2\/product\/1254","targetHints":{"allow":["GET"]}}],"collection":[{"href":"https:\/\/shercards.com\/es\/wp-json\/wp\/v2\/product"}],"about":[{"href":"https:\/\/shercards.com\/es\/wp-json\/wp\/v2\/types\/product"}],"replies":[{"embeddable":true,"href":"https:\/\/shercards.com\/es\/wp-json\/wp\/v2\/comments?post=1254"}],"wp:featuredmedia":[{"embeddable":true,"href":"https:\/\/shercards.com\/es\/wp-json\/wp\/v2\/media\/1255"}],"wp:attachment":[{"href":"https:\/\/shercards.com\/es\/wp-json\/wp\/v2\/media?parent=1254"}],"wp:term":[{"taxonomy":"product_brand","embeddable":true,"href":"https:\/\/shercards.com\/es\/wp-json\/wp\/v2\/product_brand?post=1254"},{"taxonomy":"product_cat","embeddable":true,"href":"https:\/\/shercards.com\/es\/wp-json\/wp\/v2\/product_cat?post=1254"},{"taxonomy":"product_tag","embeddable":true,"href":"https:\/\/shercards.com\/es\/wp-json\/wp\/v2\/product_tag?post=1254"}],"curies":[{"name":"wp","href":"https:\/\/api.w.org\/{rel}","templated":true}]}}