{"id":1267,"date":"2024-08-04T12:55:56","date_gmt":"2024-08-04T12:55:56","guid":{"rendered":"https:\/\/shercards.com\/index.php\/product\/metaphorical-associative-cards-womans-path\/"},"modified":"2025-10-20T10:41:51","modified_gmt":"2025-10-20T10:41:51","slug":"metaphorical-associative-cards-womans-path","status":"publish","type":"product","link":"https:\/\/shercards.com\/es\/producto\/metaphorical-associative-cards-womans-path\/","title":{"rendered":"Tarjetas asociativas metaf\u00f3ricas \u201cCamino de la Mujer\u201d"},"content":{"rendered":"<p><strong>Autor, artista: <\/strong>Mar\u00eda Voloshina<br \/>Las cartas arquet\u00edpicas \u201cEl camino de la mujer\u201d son una gu\u00eda para recorrer los laberintos del subconsciente femenino. Te ayudar\u00e1n a descubrir y fortalecer tu arquetipo de mujer pr\u00edstina, a aceptar y seguir conscientemente tus instintos, a armonizar tus \u00e1reas de vida y a encontrar respuestas a tus preguntas.<br \/> Trabajando con esta baraja, podr\u00e1s darte cuenta de qui\u00e9n eres realmente y de lo que realmente eres. De hecho, si lo deseas, despu\u00e9s de pasar por todos los pasos encontrar\u00e1s tu identidad e integridad femenina.<br \/> Esta baraja es la base del juego del mismo nombre y para una inmersi\u00f3n completa en la b\u00fasqueda de respuestas y la construcci\u00f3n de su propio camino, se recomienda recorrer el juego \u201cCamino de la Mujer\u201d utilizando estas cartas.<br \/><strong >Colecci\u00f3n MAC \u201cEl Camino de una Mujer\u201d:<br \/> <\/br><\/strong>nbsp;\u25aa\ufe0ftarjetas metaf\u00f3ricas (90 piezas, tama\u00f1o 74*105 mm);<br \/> \u25aa\ufe0fInstrucciones con t\u00e9cnicas.<br \/><strong>nbsp;<\/strong><strong>Opciones de uso:<\/strong> <\/p>\n<ul>\n<li>La amapola se puede utilizar en consultas relacionadas con la b\u00fasqueda de uno mismo, la b\u00fasqueda de la propia identidad, la b\u00fasqueda de recursos, la realizaci\u00f3n de deseos;<\/li>\n<li >Mac trabaja sobre temas de feminidad y sexualidad;<\/li>\n<li>Tambi\u00e9n permite plantear consultas sobre ansiedad, miedos, vivencia de crisis y cambios en la vida.<\/li>\n<li>MAC se puede utilizar en cualquier juego de transformaci\u00f3n, entrenamientos, seminarios;<\/li>\n<li>Tambi\u00e9n en asesoramiento y para trabajar con uno mismo.<\/li>\n<\/ul>\n<p> Las cartas arquet\u00edpicas \u201cEl Camino de una Mujer\u201d son una historia sobre las etapas de la vida de una mujer, sobre sus sue\u00f1os, deseos y el despertar de su poder y sabidur\u00eda femenina, sobre el descubrimiento de la misteriosa conexi\u00f3n y amistad con la Luna, sobre el descubrimiento y la aceptaci\u00f3n de su lado femenino y su integraci\u00f3n en su vida.<br \/><strong>Preguntas que la baraja te ayudar\u00e1 a resolver:<\/strong> <\/p>\n<ul>\n<li>\u00bfC\u00f3mo recargarnos y llenarnos de energ\u00eda?<\/li>\n<li>\u00bfQu\u00e9 me ayudar\u00e1 a descubrir mi feminidad y sexualidad?<\/li>\n<li>\u00bfQu\u00e9 recursos necesito para la abundancia financiera?<\/li>\n<li>\u00bfQu\u00e9 recursos necesito para la inspiraci\u00f3n creativa?<\/li>\n<p> es&gt; <\/p>\n<li>\u00bfCual es mi camino femenino?<\/li>\n<li>\u00bfCu\u00e1l es mi arquetipo femenino y c\u00f3mo me ayudar\u00e1?<\/li>\n<\/ul>\n<p> Se recomienda su uso en el trabajo con los juegos de transformaci\u00f3n: \u201cEl camino de una mujer\u201d, \u201cLo mejor de m\u00ed\u201d, \u201cEsclavas de ProFood. El camino hacia la esbeltez\u201d y la baraja \u201cLo mejor de m\u00ed. Preguntas sobre la vida de una mujer\u201d. <\/br><\/br><\/p>","protected":false},"excerpt":{"rendered":"<p>Autor, artista: Maria VoloshinaLas cartas arquet\u00edpicas \u201cEl camino de una mujer\u201d son una gu\u00eda a los laberintos del subconsciente femenino.<\/p>","protected":false},"featured_media":1268,"comment_status":"open","ping_status":"open","template":"","meta":[],"product_brand":[],"product_cat":[22],"product_tag":[],"class_list":{"0":"post-1267","1":"product","2":"type-product","3":"status-publish","4":"has-post-thumbnail","6":"product_cat-womens-mens","8":"first","9":"outofstock","10":"purchasable","11":"product-type-simple"},"_links":{"self":[{"href":"https:\/\/shercards.com\/es\/wp-json\/wp\/v2\/product\/1267","targetHints":{"allow":["GET"]}}],"collection":[{"href":"https:\/\/shercards.com\/es\/wp-json\/wp\/v2\/product"}],"about":[{"href":"https:\/\/shercards.com\/es\/wp-json\/wp\/v2\/types\/product"}],"replies":[{"embeddable":true,"href":"https:\/\/shercards.com\/es\/wp-json\/wp\/v2\/comments?post=1267"}],"wp:featuredmedia":[{"embeddable":true,"href":"https:\/\/shercards.com\/es\/wp-json\/wp\/v2\/media\/1268"}],"wp:attachment":[{"href":"https:\/\/shercards.com\/es\/wp-json\/wp\/v2\/media?parent=1267"}],"wp:term":[{"taxonomy":"product_brand","embeddable":true,"href":"https:\/\/shercards.com\/es\/wp-json\/wp\/v2\/product_brand?post=1267"},{"taxonomy":"product_cat","embeddable":true,"href":"https:\/\/shercards.com\/es\/wp-json\/wp\/v2\/product_cat?post=1267"},{"taxonomy":"product_tag","embeddable":true,"href":"https:\/\/shercards.com\/es\/wp-json\/wp\/v2\/product_tag?post=1267"}],"curies":[{"name":"wp","href":"https:\/\/api.w.org\/{rel}","templated":true}]}}