{"id":1344,"date":"2024-08-04T13:03:32","date_gmt":"2024-08-04T13:03:32","guid":{"rendered":"https:\/\/shercards.com\/index.php\/product\/metaphorical-associative-cards-womens-stories\/"},"modified":"2024-09-10T11:35:28","modified_gmt":"2024-09-10T11:35:28","slug":"metaphorical-associative-cards-womens-stories","status":"publish","type":"product","link":"https:\/\/shercards.com\/es\/producto\/metaphorical-associative-cards-womens-stories\/","title":{"rendered":"Tarjetas asociativas metaf\u00f3ricas \u201cHistorias de mujeres\u201d"},"content":{"rendered":"<p>Autores: <\/p>\n<ul>\n<li>Ulyana Alliance \u2013 psic\u00f3loga, Coach Profesional UCI, directora de la escuela de pr\u00e1ctica de juego #AlivePlaying, autora de t-games.<\/li>\n<li>Yana Aisman \u2013 psic\u00f3loga, terapeuta de cuentos de hadas, escritora<\/li>\n<\/ul> Artistas: Yulia Dotsenko, nbsp; Kristina Anyutina-Vasilchenko<br \/>La baraja de cartas asociativas metaf\u00f3ricas \u201cHistorias de Mujeres\u201d, dise\u00f1ada para psic\u00f3logas, coaches, formadoras de mujeres, as\u00ed como para una amplia gama de mujeres que se propongan la tarea de comprenderse mejor a s\u00ed mismas y a las mujeres que las rodean.<br \/>A la hora de trabajar, esta baraja se puede utilizar como herramienta psicodiagn\u00f3stica, consultiva o correccional. Se basa en dos libros terap\u00e9uticos de la psic\u00f3loga y terapeuta de cuentos de hadas Jana Eismann.<br \/> Est\u00e1 dedicado a dos roles importantes en la vida de una mujer: el rol de ni\u00f1a y el rol de madre (adulta cuidadora).<br \/>Contenido: <\/p>\n<ul>\n<li>41 cartas chicas<\/li>\n<li>37 tarjetas de mam\u00e1<\/li>\n<\/ul>\n<p> La baraja contiene 78 cartas de doble cara, que representan metaf\u00f3ricamente las 2 manifestaciones principales de una mujer. <\/p>\n<li>Chica interior<\/li>\n<li>Adulto cari\u00f1oso que cuida&lt; \/li&gt; por un lado, y mensajes metaf\u00f3ricos por otro.<br \/> El mensaje de cada carta penetra profundamente y lleva a la persona a su mundo interior. Las ilustraciones en acuarela revelan de manera sutil y discreta emociones, im\u00e1genes y estados que son importantes para que una mujer los comprenda y viva en este momento.<br \/>La baraja tambi\u00e9n se puede utilizar para trabajar con escenarios parentales. Transformaci\u00f3n de quejas y reclamos contra la mam\u00e1 y casos similares.<br \/>El principal efecto terap\u00e9utico se consigue cuando el cliente trabaja con ambas partes de la baraja a la vez, empezando a separar deseos, emociones, escenarios infantiles y paternales. As\u00ed, tiene la oportunidad de escuchar la \u201cvoz\u201d de su parte adulta.<strong>nbsp;<\/strong><br \/><strong>Ejemplos de ejercicios a la hora de trabajar con cartas asociativas metaf\u00f3ricas.<br \/> <\/br><\/strong> Hay varias formas de trabajar con tarjetas:\n<ul>\n<li>Trabajo abierto (VO). El cliente, al recorrer la baraja, elige la carta que m\u00e1s responde al truco (una petici\u00f3n o pregunta sobre la carta). En este trabajo, el cliente adquirir\u00e1 una mayor comprensi\u00f3n de c\u00f3mo ve e interpreta la situaci\u00f3n.<\/li>\n<li>Trabajo en cerrado (VZ). El cliente saca una o m\u00e1s cartas sin mirar la imagen, como por casualidad. Al mismo tiempo, la carta puede mostrar una trama inesperada y revelar el foco desde un \u00e1ngulo inesperado. Despu\u00e9s de eso, describe lo que ve en la imagen, habla sobre las asociaciones que tiene al trabajar con esta o estas cartas.<\/li>\n<li>En el trabajo se pueden utilizar tanto los esquemas ya preparados que se proponen en las instrucciones como las soluciones creativas de cada especialista. Este conjunto de tarjetas funciona con cualquier tarea \u201cfemenina\u201d.<\/li>\n<\/ul>\n<p> Ejemplos de t\u00e9cnicas para consultores<br \/><strong>Cu\u00eddate.<\/strong> <\/p>\n<li>Saca las cartas seg\u00fan el esquema, haciendo preguntas.&lt; \/li&gt;\n<li>VZ de la parte blanca: \u00bfQu\u00e9 fortuna te gustar\u00eda ahorrar para ti ahora? \u00bfQu\u00e9 es valioso para ti en este estado? \u00bfNecesita protecci\u00f3n?<\/li>\n<li>POI de la parte lila: \u00bfQu\u00e9 emociones tuyas ayudan a proteger el estado de tu alma? \u00bfQu\u00e9 est\u00e1s dispuesto a mostrarle al mundo?<\/li>\n<li>POI de la parte blanca: \u00bfQu\u00e9 te ayudar\u00e1 a volver a cuidarte?<\/li>\n<li>POI de la parte lila. Mensaje: \u00bfQu\u00e9 palabras son importantes para que tu Alma las escuche para que te acuerdes de ti mismo?<\/li>\n<li>OT de la parte lila: \u00bfQu\u00e9 parte de ti puede protegerte? \u00bfEn qu\u00e9 momento de tu vida ocurre esto? \u00bfQu\u00e9 quiere transmitirte la parte adulta de ti? (Aqu\u00ed puedes dar vuelta la carta)<\/li>\n<p><strong>\u00bfD\u00f3nde est\u00e1s, nena? \u2013 Una t\u00e9cnica para encontrar a tu ni\u00f1a interior.<\/strong> <\/p>\n<li>Se puede utilizar en situaciones de p\u00e9rdida de alegr\u00eda de vivir, aburrimiento, monoton\u00eda.<\/li>\n<li>VO de la parte lila: \u00bfQu\u00e9 estado es el m\u00e1s relevante ahora? Encu\u00e9ntralo. \u00bfQu\u00e9 le pasa a mam\u00e1? \u00bfC\u00f3mo es ella? \u00bfQu\u00e9 quiere?<\/li>\n<li>En el AT sacamos 3 mensajes de la parte lila: \u00bfA qu\u00e9 debes prestarle m\u00e1s atenci\u00f3n ahora? \u00bfQu\u00e9 preguntas debes responder para encontrarte con tu ni\u00f1o interior?<\/li>\n<li>VZ de la parte lila: \u00bfQu\u00e9 recursos tiene ahora la parte adulta para encontrarse con su ni\u00f1o interior?<\/li>\n<li>VZ de la parte blanca sacamos el Mensaje: \u00bfCu\u00e1l es el mensaje m\u00e1s importante que la parte adulta de ti puede transmitirle a tu hijo en este momento? \u00bfC\u00f3mo responde? \u00bfQu\u00e9 lugar ocupa en la vida?<\/li>\n<li>Despu\u00e9s de comentar la pregunta anterior, te proponemos dar la vuelta a la tarjeta con el mensaje para conocer el estado del ni\u00f1o: \u00bfConozcamos a tu ni\u00f1o interior? \u00bfC\u00f3mo es? \u00bfC\u00f3mo es su vida? \u00bfQu\u00e9 quiere? \u00bfQu\u00e9 quiere decirte?<\/li>\n<p> <strong>Deseos verdaderos.<\/strong><br \/> Esta t\u00e9cnica tiene una gran cantidad de variantes, por lo que te presentamos solo una idea.<br \/> Abiertos o cerrados, podemos encontrar los deseos de una madre y el deseo de una ni\u00f1a, como dos subpersonalidades que quieren cosas diferentes en el mundo interior de nuestro cliente. Exploramos contradicciones y similitudes. Aqu\u00ed trabajamos solo con im\u00e1genes. Y, cuando se complete el proceso de clarificaci\u00f3n, proponemos encontrar los verdaderos deseos del \u201ccliente adulto\u201d. Y aqu\u00ed se puede trabajar con mensajes.<br \/><strong>Ejemplos de t\u00e9cnicas para uso personal:<\/strong> <\/p>\n<li>Preparaci\u00f3n para el d\u00eda. Elige en cu\u00e1l de tus partes (ni\u00f1os: blanco, padres: lila) te gustar\u00eda pasar el d\u00eda. Saca la imagen de la parte seleccionada y col\u00f3cala en la imagen cerrada (EC). Descifra su significado. Al final del d\u00eda, da vuelta la tarjeta y lee el mensaje. Descifra su significado. Combina mensajes figurativos y textuales. Encuentra recursos all\u00ed. Si es necesario, puedes hacer una pregunta adicional antes de sacar la tarjeta.<\/li>\n<li>Escribe tu historia. Elige un tema que quieras investigar. Elige de 5 a 7 cartas de cualquier mazo e intenta contar un cuento de hadas, comenzando con las palabras \u201c\u00c9rase una vez una ni\u00f1a\u201d o \u201c\u00c9rase una vez una madre\u201d. Dependiendo de si sacaste la primera carta lila o blanca.<br \/> Puedes utilizar cualquiera de estas t\u00e9cnicas entre tus amigos y vuestro encuentro ser\u00e1 inolvidable y profundo.<\/br><\/li>\n<p> <\/br><\/br><\/p>","protected":false},"excerpt":{"rendered":"<p>Autores: Ulyana Alliance \u2013 psic\u00f3loga, coach profesional de la UCI, directora de la escuela de pr\u00e1ctica de juego #AlivePlaying, autora de t-games. Yana<\/p>","protected":false},"featured_media":1345,"comment_status":"open","ping_status":"open","template":"","meta":[],"product_brand":[],"product_cat":[22],"product_tag":[],"class_list":{"0":"post-1344","1":"product","2":"type-product","3":"status-publish","4":"has-post-thumbnail","6":"product_cat-womens-mens","8":"first","9":"instock","10":"purchasable","11":"product-type-simple"},"_links":{"self":[{"href":"https:\/\/shercards.com\/es\/wp-json\/wp\/v2\/product\/1344","targetHints":{"allow":["GET"]}}],"collection":[{"href":"https:\/\/shercards.com\/es\/wp-json\/wp\/v2\/product"}],"about":[{"href":"https:\/\/shercards.com\/es\/wp-json\/wp\/v2\/types\/product"}],"replies":[{"embeddable":true,"href":"https:\/\/shercards.com\/es\/wp-json\/wp\/v2\/comments?post=1344"}],"wp:featuredmedia":[{"embeddable":true,"href":"https:\/\/shercards.com\/es\/wp-json\/wp\/v2\/media\/1345"}],"wp:attachment":[{"href":"https:\/\/shercards.com\/es\/wp-json\/wp\/v2\/media?parent=1344"}],"wp:term":[{"taxonomy":"product_brand","embeddable":true,"href":"https:\/\/shercards.com\/es\/wp-json\/wp\/v2\/product_brand?post=1344"},{"taxonomy":"product_cat","embeddable":true,"href":"https:\/\/shercards.com\/es\/wp-json\/wp\/v2\/product_cat?post=1344"},{"taxonomy":"product_tag","embeddable":true,"href":"https:\/\/shercards.com\/es\/wp-json\/wp\/v2\/product_tag?post=1344"}],"curies":[{"name":"wp","href":"https:\/\/api.w.org\/{rel}","templated":true}]}}