{"id":1351,"date":"2024-08-04T13:03:32","date_gmt":"2024-08-04T13:03:32","guid":{"rendered":"https:\/\/shercards.com\/index.php\/product\/projective-cards-for-serious-decisions-everything-about-him\/"},"modified":"2025-10-20T10:41:50","modified_gmt":"2025-10-20T10:41:50","slug":"projective-cards-for-serious-decisions-everything-about-him","status":"publish","type":"product","link":"https:\/\/shercards.com\/es\/producto\/projective-cards-for-serious-decisions-everything-about-him\/","title":{"rendered":"Tarjetas proyectivas para decisiones serias \u201cTodo sobre \u00e9l\u201d"},"content":{"rendered":"<p>Autor: Camilla Kruger<br \/> Artista: Olga Grablevskaya<br \/> Editorial: Rech, 2019<br \/>Contenido: <\/p>\n<ul>\n<li>50 tarjetas<\/li>\n<li>gu\u00eda metodol\u00f3gica<\/li>\n<\/ul>\n<p> El juego de cartas proyectivas \u201cTodo sobre \u00e9l\u201d est\u00e1 destinado al trabajo individual y grupal de un psic\u00f3logo, entrenador o formador. Las im\u00e1genes masculinas que se presentan en \u00e9l permiten proyectar sobre ellos una gran cantidad de problemas, recuerdos, actitudes e intenciones. Esto significa que este juego puede utilizarse para estudiar tanto el mundo interior de los clientes como sus relaciones interpersonales.<br \/> <\/br><\/br><\/p>","protected":false},"excerpt":{"rendered":"<p>Autor: Camilla Kruger Artista: Olga Grablevskaya Editorial: Rech, 2019Contenido: 50 tarjetas gu\u00eda metodol\u00f3gica El conjunto de tarjetas proyectivas \u201cTodo sobre<\/p>","protected":false},"featured_media":1352,"comment_status":"open","ping_status":"open","template":"","meta":[],"product_brand":[],"product_cat":[22],"product_tag":[],"class_list":{"0":"post-1351","1":"product","2":"type-product","3":"status-publish","4":"has-post-thumbnail","6":"product_cat-womens-mens","8":"first","9":"outofstock","10":"product-type-simple"},"_links":{"self":[{"href":"https:\/\/shercards.com\/es\/wp-json\/wp\/v2\/product\/1351","targetHints":{"allow":["GET"]}}],"collection":[{"href":"https:\/\/shercards.com\/es\/wp-json\/wp\/v2\/product"}],"about":[{"href":"https:\/\/shercards.com\/es\/wp-json\/wp\/v2\/types\/product"}],"replies":[{"embeddable":true,"href":"https:\/\/shercards.com\/es\/wp-json\/wp\/v2\/comments?post=1351"}],"wp:featuredmedia":[{"embeddable":true,"href":"https:\/\/shercards.com\/es\/wp-json\/wp\/v2\/media\/1352"}],"wp:attachment":[{"href":"https:\/\/shercards.com\/es\/wp-json\/wp\/v2\/media?parent=1351"}],"wp:term":[{"taxonomy":"product_brand","embeddable":true,"href":"https:\/\/shercards.com\/es\/wp-json\/wp\/v2\/product_brand?post=1351"},{"taxonomy":"product_cat","embeddable":true,"href":"https:\/\/shercards.com\/es\/wp-json\/wp\/v2\/product_cat?post=1351"},{"taxonomy":"product_tag","embeddable":true,"href":"https:\/\/shercards.com\/es\/wp-json\/wp\/v2\/product_tag?post=1351"}],"curies":[{"name":"wp","href":"https:\/\/api.w.org\/{rel}","templated":true}]}}