{"id":1487,"date":"2024-08-04T13:17:15","date_gmt":"2024-08-04T13:17:15","guid":{"rendered":"https:\/\/shercards.com\/index.php\/product\/metaphorical-cards-cards-of-sexuality-love-and-tenderness\/"},"modified":"2025-10-20T10:40:22","modified_gmt":"2025-10-20T10:40:22","slug":"metaphorical-cards-cards-of-sexuality-love-and-tenderness","status":"publish","type":"product","link":"https:\/\/shercards.com\/es\/producto\/metaphorical-cards-cards-of-sexuality-love-and-tenderness\/","title":{"rendered":"Cartas metaf\u00f3ricas \u201cCartas de sexualidad: amor y ternura\u201d"},"content":{"rendered":"<p>Autor: Chuck Spezzano, Doctor en Psicolog\u00eda, psic\u00f3logo de renombre mundial, autor de las barajas \u201cArquetipos y sombras\u201d, \u201cCartas del \u00e9xito\u201d y \u201cCartas del amor\u201d<br \/>Artista: Petra Kuehne<br \/>Contenido: <\/p>\n<ul>\n<li>100 tarjetas <\/li>\n<li>libro de instrucciones<\/li>\n<\/ul>\n<p> \u201cMapas de la sexualidad: amor y ternura\u201d no s\u00f3lo te ayudar\u00e1 a navegar en la esfera \u00edntima de las relaciones, sino que tambi\u00e9n te permitir\u00e1 deshacerte de problemas, inseguridades y actitudes err\u00f3neas que reprimen tus deseos. Las im\u00e1genes art\u00edsticas sensuales despertar\u00e1n tus emociones y agregar\u00e1n variedad a tu vida.<br \/> Un ejemplo de dise\u00f1o del libro para la colecci\u00f3n \u201cCartas de sexualidad\u201d.<br \/>\u00bfQu\u00e9 papel juega el sexo en tu vida actualmente?<br \/>Prop\u00f3sito: Esta t\u00e9cnica te revelar\u00e1 algo sobre tu situaci\u00f3n \u00edntima actual y te mostrar\u00e1 lo que necesita sanaci\u00f3n y transformaci\u00f3n.<br \/>M\u00e9todo:<br \/>Saca una carta de la baraja que te caracterice en el \u00e1rea del sexo.<br \/>Roba una segunda carta para tu pareja (si no tienes pareja en este momento, roba una carta generalizada: \u00bfqu\u00e9 parejas te atraen potencialmente o qu\u00e9 tipo de pareja necesitas?).<br \/>Roba una tercera carta que caracterice el sexo entre t\u00fa y tu pareja, o vuestro sexo en general, si actualmente no tienes pareja.<br \/>Lee la descripci\u00f3n de las cartas que has elegido.<br \/> <\/br><\/br><\/p>","protected":false},"excerpt":{"rendered":"<p>Autor: Chuck Spezzano, Doctor en Psicolog\u00eda, psic\u00f3logo de renombre mundial, autor de las barajas \u201cArquetipos y Sombras\u201d, \u201cCartas del \u00c9xito\u201d, \u201cCartas del Amor\u201dArtista: Petra<\/p>","protected":false},"featured_media":1488,"comment_status":"open","ping_status":"open","template":"","meta":[],"product_brand":[],"product_cat":[24],"product_tag":[],"class_list":{"0":"post-1487","1":"product","2":"type-product","3":"status-publish","4":"has-post-thumbnail","6":"product_cat-relationships-sex-metaphorical-cards","8":"first","9":"outofstock","10":"purchasable","11":"product-type-simple"},"_links":{"self":[{"href":"https:\/\/shercards.com\/es\/wp-json\/wp\/v2\/product\/1487","targetHints":{"allow":["GET"]}}],"collection":[{"href":"https:\/\/shercards.com\/es\/wp-json\/wp\/v2\/product"}],"about":[{"href":"https:\/\/shercards.com\/es\/wp-json\/wp\/v2\/types\/product"}],"replies":[{"embeddable":true,"href":"https:\/\/shercards.com\/es\/wp-json\/wp\/v2\/comments?post=1487"}],"wp:featuredmedia":[{"embeddable":true,"href":"https:\/\/shercards.com\/es\/wp-json\/wp\/v2\/media\/1488"}],"wp:attachment":[{"href":"https:\/\/shercards.com\/es\/wp-json\/wp\/v2\/media?parent=1487"}],"wp:term":[{"taxonomy":"product_brand","embeddable":true,"href":"https:\/\/shercards.com\/es\/wp-json\/wp\/v2\/product_brand?post=1487"},{"taxonomy":"product_cat","embeddable":true,"href":"https:\/\/shercards.com\/es\/wp-json\/wp\/v2\/product_cat?post=1487"},{"taxonomy":"product_tag","embeddable":true,"href":"https:\/\/shercards.com\/es\/wp-json\/wp\/v2\/product_tag?post=1487"}],"curies":[{"name":"wp","href":"https:\/\/api.w.org\/{rel}","templated":true}]}}