{"id":1597,"date":"2024-08-04T13:27:38","date_gmt":"2024-08-04T13:27:38","guid":{"rendered":"https:\/\/shercards.com\/index.php\/product\/set-of-metaphorical-cards-family-dad-mom\/"},"modified":"2025-10-20T10:40:21","modified_gmt":"2025-10-20T10:40:21","slug":"set-of-metaphorical-cards-family-dad-mom","status":"publish","type":"product","link":"https:\/\/shercards.com\/es\/producto\/set-of-metaphorical-cards-family-dad-mom\/","title":{"rendered":"Juego de cartas metaf\u00f3ricas \u201cFamilia-Pap\u00e1-Mam\u00e1\u201d"},"content":{"rendered":"<p>Autor: Irina Fedorova<\/p>\n<p> El juego incluye tres barajas de cartas asociativas metaf\u00f3ricas:<\/p>\n<li>Sobre la Familia (80 cartas)<\/li>\n<li>Sobre el Papa (80 cartas)<\/li>\n<li>Sobre mam\u00e1 (100 tarjetas)<\/li>\n<p> <\/br><br \/> Las cartas de este set te ayudar\u00e1n en el estudio del sistema familiar (parental o propio), escenarios familiares, relaciones con tus padres o hijos. Tambi\u00e9n podr\u00e1s conocer a tu Padre Interior como parte de tu propia personalidad y descubrir los matices de tu relaci\u00f3n con tu Ni\u00f1o Interior.<\/p>\n<p> Las tarjetas se pueden utilizar tanto bajo la gu\u00eda de un psic\u00f3logo como de forma independiente, en grupo o durante lecciones individuales.<\/p>\n<p> Al comprar toda la serie de una vez, ahorras 300 rublos en comparaci\u00f3n con el coste total de las barajas si las compras una a la vez.<\/p>","protected":false},"excerpt":{"rendered":"<p>Autor: Irina Fedorova El conjunto incluye tres barajas de cartas asociativas metaf\u00f3ricas: sobre la Familia (80 cartas) sobre el Papa<\/p>","protected":false},"featured_media":1598,"comment_status":"open","ping_status":"open","template":"","meta":[],"product_brand":[],"product_cat":[24],"product_tag":[],"class_list":{"0":"post-1597","1":"product","2":"type-product","3":"status-publish","4":"has-post-thumbnail","6":"product_cat-relationships-sex-metaphorical-cards","8":"first","9":"outofstock","10":"purchasable","11":"product-type-simple"},"_links":{"self":[{"href":"https:\/\/shercards.com\/es\/wp-json\/wp\/v2\/product\/1597","targetHints":{"allow":["GET"]}}],"collection":[{"href":"https:\/\/shercards.com\/es\/wp-json\/wp\/v2\/product"}],"about":[{"href":"https:\/\/shercards.com\/es\/wp-json\/wp\/v2\/types\/product"}],"replies":[{"embeddable":true,"href":"https:\/\/shercards.com\/es\/wp-json\/wp\/v2\/comments?post=1597"}],"wp:featuredmedia":[{"embeddable":true,"href":"https:\/\/shercards.com\/es\/wp-json\/wp\/v2\/media\/1598"}],"wp:attachment":[{"href":"https:\/\/shercards.com\/es\/wp-json\/wp\/v2\/media?parent=1597"}],"wp:term":[{"taxonomy":"product_brand","embeddable":true,"href":"https:\/\/shercards.com\/es\/wp-json\/wp\/v2\/product_brand?post=1597"},{"taxonomy":"product_cat","embeddable":true,"href":"https:\/\/shercards.com\/es\/wp-json\/wp\/v2\/product_cat?post=1597"},{"taxonomy":"product_tag","embeddable":true,"href":"https:\/\/shercards.com\/es\/wp-json\/wp\/v2\/product_tag?post=1597"}],"curies":[{"name":"wp","href":"https:\/\/api.w.org\/{rel}","templated":true}]}}