{"id":1611,"date":"2024-08-04T13:29:18","date_gmt":"2024-08-04T13:29:18","guid":{"rendered":"https:\/\/shercards.com\/index.php\/product\/metaphorical-associative-cards-is-everything-ok\/"},"modified":"2025-10-20T10:40:21","modified_gmt":"2025-10-20T10:40:21","slug":"metaphorical-associative-cards-is-everything-ok","status":"publish","type":"product","link":"https:\/\/shercards.com\/es\/producto\/metaphorical-associative-cards-is-everything-ok\/","title":{"rendered":"Tarjetas asociativas metaf\u00f3ricas \u201c\u00bfEst\u00e1 todo bien?\u201d"},"content":{"rendered":"<p>Autor de la idea: Anastasia Korotich \u2013 psic\u00f3loga pr\u00e1ctica<br \/> Artista: Daria Yakovlenko<br \/>Contenido: <\/p>\n<ul>\n<li>48 tarjetas de trama con im\u00e1genes. Empaquetadas en una bolsa de organza.<\/li>\n<li>Instrucciones.<\/li>\n<li>Tama\u00f1o: 7cm x 11cm, densidad 300 g\/m2. Laminado mate, esquinas redondeadas. <\/li>\n<\/ul>\n<p> Las im\u00e1genes de las tarjetas fueron seleccionadas y modificadas por un psic\u00f3logo y un artista para un tema espec\u00edfico.<br \/>Las cartas metaf\u00f3ricas son una aut\u00e9ntica ciencia. Cada vez que recurrimos a ellas, en realidad, recurrimos a lo m\u00e1s real y profundo que hay en nosotros. El juego de cartas \u00ab\u00bfTodo va bien?\u00bb es una historia sobre la vida, sobre la elecci\u00f3n, sobre nosotros mismos.<br \/>Esta es una herramienta psicol\u00f3gica eficaz dise\u00f1ada para trabajar con: <\/p>\n<ul>\n<li>cualquier tipo de relaci\u00f3n: \u2013 diagn\u00f3stico; \u2013 correcci\u00f3n; \u2013 conflictos; \u2013 cuestiones de comprensi\u00f3n de experiencias reales, etc.<\/li>\n<li>necesidades;<\/li>\n<li>situaciones de elecci\u00f3n;<\/li>\n<li>beneficios secundarios;<\/li>\n<li>creencias y escenarios;<\/li>\n<li>creencias y escenarios;<\/li>\n<li>creencias y escenarios; li&gt;\n<li>establecer metas;<\/li>\n<li>aclarar las manifestaciones emocionales en una situaci\u00f3n determinada;<\/li>\n<li>el tema de analizar estrategias de comportamiento y construir otras nuevas, etc.<\/li>\n<\/ul>\n<p> En base a la idea de las cartas metaf\u00f3ricas \u201c\u00bfEst\u00e1 todo bien?\u201d se encuentra el principio de la elecci\u00f3n de posiciones en la vida. Hay cuatro en total:<br \/>Estoy bien \u2013 t\u00fa est\u00e1s bien<br \/>Estoy bien, t\u00fa NO est\u00e1s bien<br \/>Yo no estoy bien \u2013 t\u00fa est\u00e1s bien<br \/>NO ESTOY BIEN \u2013 T\u00da NO EST\u00c1S BIEN<br \/>En la baraja hay 48 im\u00e1genes, 12 para cada uno de los 4 grupos. Sin embargo, estas posiciones no se muestran en la baraja, es decir, no hay camisetas de diferentes colores ni inscripciones de texto que indiquen a qu\u00e9 posici\u00f3n pertenece esta o aquella imagen, ya que esto a menudo hace imposible dar asociaciones verdaderas. Conocemos la idea y en el an\u00e1lisis podemos apegarnos a ella. \u201cComo autor, me gustar\u00eda alejarme de esto. Que cada uno tenga su propio significado\u201d. Ves 48 im\u00e1genes con diferentes tipos de interacciones y relaciones.<br \/>\u00bfPor qu\u00e9 el nombre? \u00a1Estoy bien! o \u00bfEstoy bien? \u2013 frases que te sugiero que pienses. A menudo, la propia persona no sabe la respuesta exacta. Parece que todo parece estar bien, pero a veces se vuelve triste, inc\u00f3modo e incomprensible. O viceversa, todo se ve solo en negro, pero en realidad hay mucha ignorancia.<br \/>Tarjetas metaf\u00f3ricas \u201c\u00bfEst\u00e1 todo bien?\u201d: una herramienta para el trabajo profundo en formato individual y grupal, en asesoramiento presencial y online.<br \/>Formas de trabajar con la baraja:<br \/>T\u00e9cnica \u201c\u00bfQu\u00e9 est\u00e1 pasando?\u201d<br \/>Objetivo: trabajar con esta t\u00e9cnica permite \u201cobservar\u201d las relaciones como si fueran desde fuera, para rastrear, identificar y, a largo plazo, cambiar los patrones de comportamiento que conducen a dificultades en la interacci\u00f3n. La t\u00e9cnica permite comprender lo que realmente est\u00e1 sucediendo en una relaci\u00f3n. <\/p>\n<li>Invitamos al cliente a describir la relaci\u00f3n (o la situaci\u00f3n espec\u00edfica de esta relaci\u00f3n) que actualmente considera problem\u00e1tica. O sugerimos elegir abiertamente una carta que simbolice lo que est\u00e1 sucediendo en la relaci\u00f3n.<\/li>\n<li>Tarjeta VZ para la consulta \u201c\u00bfC\u00f3mo ve la pareja (c\u00f3nyuge, padre, hijo, amigo, compa\u00f1ero de trabajo\u2026) esta situaci\u00f3n?\u201d&lt; \/li&gt;\n<li>Estamos debatiendo hasta qu\u00e9 punto coinciden o se contradicen las visiones del cliente y del socio.<\/li>\n<li>Selecciono una tarjeta con la pregunta \u201c\u00bfQu\u00e9 siento en esta interacci\u00f3n?\u201d. Si estamos trabajando con varias situaciones a la vez, entonces hacemos una elecci\u00f3n separada para cada una.<\/li>\n<li>Discutimos, grabamos.<\/li>\n<li>En la pregunta \u201cMis acciones en esta situaci\u00f3n \/ \u00bfc\u00f3mo me comporto?\u201d, seleccionamos una imagen. En la pregunta, no nos centramos en las acciones incorrectas. Primero, observamos lo que ve el cliente y luego destacamos el comportamiento irracional (la estrategia del cliente que conduce a las dificultades).<\/li>\n<li>Tarjeta VZ para la solicitud \u201cMotivos detr\u00e1s de las acciones\u201d.<\/li>\n<li> \u00bfQu\u00e9 acciones puedo utilizar para sustituir patrones de conducta ineficaces?<\/li>\n<li>Si implemento nuevas estrategias, \u00bfc\u00f3mo evolucionar\u00e1 mi relaci\u00f3n con mi pareja?<\/li>\n<li>\u00bfQu\u00e9 conclusiones puedo sacar del trabajo realizado?<\/li>\n<p> T\u00e9cnica \u201cMis aspiraciones. Trabajar con un objetivo.\u201d<br \/>Objetivo: tomar conciencia de sus aspiraciones, analizar la \u201ccorrecci\u00f3n\u201d de hacer planes y avanzar hacia ellos. <\/p>\n<li>Formular una meta\/aspiraci\u00f3n.<\/li>\n<li>VZ 3 cartas para la petici\u00f3n \u201c\u00bfQu\u00e9 estoy sintiendo\/pensando\/haciendo ahora con respecto a este objetivo?\u201d Aqu\u00ed el cliente puede ver sus miedos, preocupaciones, inhibiciones emocionales y acciones irracionales.<\/li>\n<li>Tarjetas VZ 3 \u201c\u00bfCu\u00e1les son mis limitaciones en este esfuerzo\u201d?<\/li>\n<ul>\n<li>beneficios;<\/li>\n<li>creencias, pensamientos;<\/li>\n<li>miedos;<\/li>\n<\/ul>\n<p> 4. OT 3 tarjetas para la petici\u00f3n \u201c\u00bfQu\u00e9 dar\u00e1 el movimiento hacia lo que quieres\u201d? <\/p>\n<ul>\n<li>comportamiento;<\/li>\n<li>sentimientos;<\/li>\n<li>pensamientos;<\/li>\n<\/ul>\n<p> 5. \u00bfQu\u00e9 conclusi\u00f3n saco de este an\u00e1lisis? \u00bfQu\u00e9 entiendo? <\/br><\/br><\/p>","protected":false},"excerpt":{"rendered":"<p>Autor de la idea: Anastasia Korotich \u2013 psic\u00f3loga pr\u00e1ctica Artista: Daria Yakovlenko Contenido: 48 tarjetas de trama \u2013 im\u00e1genes. Empaquetado en una caja<\/p>","protected":false},"featured_media":1612,"comment_status":"open","ping_status":"open","template":"","meta":[],"product_brand":[],"product_cat":[24],"product_tag":[],"class_list":{"0":"post-1611","1":"product","2":"type-product","3":"status-publish","4":"has-post-thumbnail","6":"product_cat-relationships-sex-metaphorical-cards","8":"first","9":"outofstock","10":"purchasable","11":"product-type-simple"},"_links":{"self":[{"href":"https:\/\/shercards.com\/es\/wp-json\/wp\/v2\/product\/1611","targetHints":{"allow":["GET"]}}],"collection":[{"href":"https:\/\/shercards.com\/es\/wp-json\/wp\/v2\/product"}],"about":[{"href":"https:\/\/shercards.com\/es\/wp-json\/wp\/v2\/types\/product"}],"replies":[{"embeddable":true,"href":"https:\/\/shercards.com\/es\/wp-json\/wp\/v2\/comments?post=1611"}],"wp:featuredmedia":[{"embeddable":true,"href":"https:\/\/shercards.com\/es\/wp-json\/wp\/v2\/media\/1612"}],"wp:attachment":[{"href":"https:\/\/shercards.com\/es\/wp-json\/wp\/v2\/media?parent=1611"}],"wp:term":[{"taxonomy":"product_brand","embeddable":true,"href":"https:\/\/shercards.com\/es\/wp-json\/wp\/v2\/product_brand?post=1611"},{"taxonomy":"product_cat","embeddable":true,"href":"https:\/\/shercards.com\/es\/wp-json\/wp\/v2\/product_cat?post=1611"},{"taxonomy":"product_tag","embeddable":true,"href":"https:\/\/shercards.com\/es\/wp-json\/wp\/v2\/product_tag?post=1611"}],"curies":[{"name":"wp","href":"https:\/\/api.w.org\/{rel}","templated":true}]}}