{"id":1645,"date":"2024-08-04T13:33:30","date_gmt":"2024-08-04T13:33:30","guid":{"rendered":"https:\/\/shercards.com\/index.php\/product\/metaphorical-cards-magic-love\/"},"modified":"2025-10-20T10:39:38","modified_gmt":"2025-10-20T10:39:38","slug":"metaphorical-cards-magic-love","status":"publish","type":"product","link":"https:\/\/shercards.com\/es\/producto\/metaphorical-cards-magic-love\/","title":{"rendered":"Tarjetas metaf\u00f3ricas \u201cAmor m\u00e1gico\u201d"},"content":{"rendered":"<p>Autor C. Spezzano <br \/> La artista Petra Kuehne<br \/> Contenido: 100 cartas + libro<\/p>\n<p> Fabricante: Avalon \u2013 Lo Scarabeo<\/p>\n<p> La tan esperada s\u00e9ptima colecci\u00f3n de cartas m\u00e1gicas de Chuck Spezzano con incre\u00edbles dibujos de Petra Kuhne. Las cartas cubren todos los aspectos de la vida humana y revelan la psicolog\u00eda de lo m\u00e1s preciado: \u00a1el amor! Escucha la voz de las cartas para resolver tus problemas no resueltos y obt\u00e9n consejos pr\u00e1cticos sobre c\u00f3mo llenar tu mundo de amor y armon\u00eda.<\/p>","protected":false},"excerpt":{"rendered":"<p>Autor C. Spezzano Artista Petra Kuehne Contenido: 100 cartas + libro Fabricante: Avalon \u2013 Lo Scarabeo La tan esperada s\u00e9ptima serie<\/p>","protected":false},"featured_media":1646,"comment_status":"open","ping_status":"open","template":"","meta":[],"product_brand":[],"product_cat":[24],"product_tag":[],"class_list":{"0":"post-1645","1":"product","2":"type-product","3":"status-publish","4":"has-post-thumbnail","6":"product_cat-relationships-sex-metaphorical-cards","8":"first","9":"outofstock","10":"purchasable","11":"product-type-simple"},"_links":{"self":[{"href":"https:\/\/shercards.com\/es\/wp-json\/wp\/v2\/product\/1645","targetHints":{"allow":["GET"]}}],"collection":[{"href":"https:\/\/shercards.com\/es\/wp-json\/wp\/v2\/product"}],"about":[{"href":"https:\/\/shercards.com\/es\/wp-json\/wp\/v2\/types\/product"}],"replies":[{"embeddable":true,"href":"https:\/\/shercards.com\/es\/wp-json\/wp\/v2\/comments?post=1645"}],"wp:featuredmedia":[{"embeddable":true,"href":"https:\/\/shercards.com\/es\/wp-json\/wp\/v2\/media\/1646"}],"wp:attachment":[{"href":"https:\/\/shercards.com\/es\/wp-json\/wp\/v2\/media?parent=1645"}],"wp:term":[{"taxonomy":"product_brand","embeddable":true,"href":"https:\/\/shercards.com\/es\/wp-json\/wp\/v2\/product_brand?post=1645"},{"taxonomy":"product_cat","embeddable":true,"href":"https:\/\/shercards.com\/es\/wp-json\/wp\/v2\/product_cat?post=1645"},{"taxonomy":"product_tag","embeddable":true,"href":"https:\/\/shercards.com\/es\/wp-json\/wp\/v2\/product_tag?post=1645"}],"curies":[{"name":"wp","href":"https:\/\/api.w.org\/{rel}","templated":true}]}}