{"id":169,"date":"2024-08-04T11:05:43","date_gmt":"2024-08-04T11:05:43","guid":{"rendered":"https:\/\/shercards.com\/index.php\/product\/metaphorical-associative-cards-through-the-eyes-of-an-artist-set-of-decks\/"},"modified":"2025-10-20T10:48:20","modified_gmt":"2025-10-20T10:48:20","slug":"metaphorical-associative-cards-through-the-eyes-of-an-artist-set-of-decks","status":"publish","type":"product","link":"https:\/\/shercards.com\/es\/producto\/metaphorical-associative-cards-through-the-eyes-of-an-artist-set-of-decks\/","title":{"rendered":"Cartas asociativas metaf\u00f3ricas \u201cA trav\u00e9s de los ojos de un artista\u201d (juego de barajas)"},"content":{"rendered":"<p>Terapia familiar, terapia infantil, crecimiento personal, etc.<br \/> Autor: Irina Fedorova<br \/><strong>El juego incluye cuatro barajas de cartas asociativas metaf\u00f3ricas:<\/strong><\/p>\n<li>Una mujer a trav\u00e9s de los ojos de una artista (150 cartas)<\/li>\n<li>Un hombre a trav\u00e9s de los ojos de un artista (120 cartas)<\/li>\n<li>El amor a trav\u00e9s de los ojos de un artista (120 cartas)<\/li>\n<li>La infancia a trav\u00e9s de los ojos de un artista (120 cartas)<\/li>\n<p> <\/br> <br \/> Caracter\u00edsticas t\u00e9cnicas: tama\u00f1o 70\u00d7100 mm, peso total del conjunto 1180 g, papel 300 g\/m2, impresi\u00f3n digital, plastificado mate doble cara, esquinas redondeadas.<br \/>Las tarjetas de esta serie ayudar\u00e1n a explorar relaciones como las de g\u00e9nero, entre padres e hijos y la familia.<br \/> Las tarjetas se pueden utilizar tanto bajo la gu\u00eda de un psic\u00f3logo como de forma independiente, en grupo o durante lecciones individuales.<br \/>* Al comprar toda la serie de una vez, ahorras hasta 800 rublos. en comparaci\u00f3n con el monto total, el costo de las barajas si las compras una a la vez.<br \/>Otros productos del autor:<br \/>Tarjetas asociativas metaf\u00f3ricas \u201cRecursos\u201d<br \/>Tarjetas asociativas metaf\u00f3ricas \u201cVisitando un cuento de hadas\u201d<br \/>Tarjetas asociativas metaf\u00f3ricas \u201cHeridas\u201d \u00bb<br \/>Cartas asociativas metaf\u00f3ricas \u201cFulcrum\u201d<br \/>Tarjetas asociativas metaf\u00f3ricas \u201cPista\u201d<br \/>Tarjetas asociativas metaf\u00f3ricas \u201cEl hombre a trav\u00e9s de los ojos de un artista\u201d<br \/>Tarjetas asociativas metaf\u00f3ricas \u201cLa mujer a trav\u00e9s de los ojos de una artista\u201d<br \/>Tarjetas asociativas metaf\u00f3ricas \u201cLa infancia\u201d a trav\u00e9s de los ojos de un artista\u201d<br \/>Tarjetas asociativas metaf\u00f3ricas \u201cEl amor a trav\u00e9s de los ojos de un artista\u201d<br \/>Tarjetas asociativas metaf\u00f3ricas \u201cEmmanuelle. Rostros de la sexualidad femenina\u201d<br \/>Tarjetas asociativas metaf\u00f3ricas \u201cQuimera\u201d<br \/>Tarjetas asociativas metaf\u00f3ricas \u201cConsejos y advertencias\u201d<br \/>Tarjetas asociativas metaf\u00f3ricas \u201cRetratos\u201d<br \/>Tarjetas asociativas metaf\u00f3ricas \u201cAlegor\u00edas\u201d<br \/>Tarjetas asociativas metaf\u00f3ricas \u201cEmociones\u201d sobre lienzo\u201d<\/p>","protected":false},"excerpt":{"rendered":"<p>Terapia familiar, terapia infantil, crecimiento personal, etc. Autor: Irina FedorovaEl set incluye cuatro barajas de cartas asociativas metaf\u00f3ricas: Una mujer<\/p>","protected":false},"featured_media":170,"comment_status":"open","ping_status":"open","template":"","meta":[],"product_brand":[],"product_cat":[28],"product_tag":[],"class_list":{"0":"post-169","1":"product","2":"type-product","3":"status-publish","4":"has-post-thumbnail","6":"product_cat-portraits-archetypes-subpersonalities","8":"first","9":"outofstock","10":"purchasable","11":"product-type-simple"},"_links":{"self":[{"href":"https:\/\/shercards.com\/es\/wp-json\/wp\/v2\/product\/169","targetHints":{"allow":["GET"]}}],"collection":[{"href":"https:\/\/shercards.com\/es\/wp-json\/wp\/v2\/product"}],"about":[{"href":"https:\/\/shercards.com\/es\/wp-json\/wp\/v2\/types\/product"}],"replies":[{"embeddable":true,"href":"https:\/\/shercards.com\/es\/wp-json\/wp\/v2\/comments?post=169"}],"wp:featuredmedia":[{"embeddable":true,"href":"https:\/\/shercards.com\/es\/wp-json\/wp\/v2\/media\/170"}],"wp:attachment":[{"href":"https:\/\/shercards.com\/es\/wp-json\/wp\/v2\/media?parent=169"}],"wp:term":[{"taxonomy":"product_brand","embeddable":true,"href":"https:\/\/shercards.com\/es\/wp-json\/wp\/v2\/product_brand?post=169"},{"taxonomy":"product_cat","embeddable":true,"href":"https:\/\/shercards.com\/es\/wp-json\/wp\/v2\/product_cat?post=169"},{"taxonomy":"product_tag","embeddable":true,"href":"https:\/\/shercards.com\/es\/wp-json\/wp\/v2\/product_tag?post=169"}],"curies":[{"name":"wp","href":"https:\/\/api.w.org\/{rel}","templated":true}]}}