{"id":1711,"date":"2024-08-04T13:40:29","date_gmt":"2024-08-04T13:40:29","guid":{"rendered":"https:\/\/shercards.com\/index.php\/product\/metaphorical-associative-cards-song-of-the-universe-internal-energy-cards\/"},"modified":"2025-10-20T10:39:37","modified_gmt":"2025-10-20T10:39:37","slug":"metaphorical-associative-cards-song-of-the-universe-internal-energy-cards","status":"publish","type":"product","link":"https:\/\/shercards.com\/es\/producto\/metaphorical-associative-cards-song-of-the-universe-internal-energy-cards\/","title":{"rendered":"Cartas asociativas metaf\u00f3ricas \u201cCanci\u00f3n del Universo\u201d (Cartas de Energ\u00eda Interna)"},"content":{"rendered":"<p>Autora: Anna Sudneko \u2013 psic\u00f3loga cl\u00ednica, neuropsic\u00f3loga, supervisora, especialista en el trabajo con psicosom\u00e1tica y cartas metaf\u00f3ricas, terapeuta emocional-imagen, terapeuta corporal, terapeuta de arena junguiana, miembro de la Asociaci\u00f3n de Terapia de Arena. Autora de las cartas metaf\u00f3ricas \u201cLa Libertad\u201d, \u201cEra\u201d, \u201cRostros del Agua\u201d y 14 juegos psicol\u00f3gicos.<br \/> Artista: Anna Kreidun \u2013 miembro de la Federaci\u00f3n Internacional de Artistas de la Uni\u00f3n Creativa de Artistas de Rusia; ganadora del concurso internacional ETHNO ART FEST<br \/>Contenido:<br \/> Caja compacta (tapa-fondo), 72 tarjetas (cart\u00f3n de 300 g, laminado mate)<br \/> Recomendaciones metodol\u00f3gicas (32 p\u00e1ginas: breve informaci\u00f3n sobre c\u00f3mo trabajar con tarjetas metaf\u00f3ricas, breves algoritmos para trabajar con diversas solicitudes (50 ejemplos))<br \/> Tama\u00f1o de la tarjeta: 74 x 110 mm <br \/> <\/br> \u201cLa canci\u00f3n del universo\u201d es una baraja universal de cartas metaf\u00f3ricas. Sus motivos son la aceptaci\u00f3n de los recursos internos y del mundo circundante, una especie de expansi\u00f3n interior, profundidad y conciencia. Las cartas tienen como objetivo ayudar a adquirir energ\u00eda interna que sea relevante y respetuosa con el medio ambiente para una persona en esta etapa de la vida. <br \/> <\/br> Las cartas de la \u201cCanci\u00f3n del Universo\u201d est\u00e1n dedicadas al tema de la energ\u00eda interna. Cuando la energ\u00eda es escasa, los recursos son importantes. Por otro lado, es igualmente importante comprender qu\u00e9 causa la falta de energ\u00eda y qu\u00e9 procesos llevaron a este estado. Y a veces hay mucha energ\u00eda, pero se gasta en ajetreos, se \u201cdispersa\u201d. Entonces es importante la armon\u00eda interna, un estado energ\u00e9tico lleno de recursos, el equilibrio con uno mismo y con el mundo que nos rodea.<br \/> Las cartas est\u00e1n llenas de im\u00e1genes arquet\u00edpicas, s\u00edmbolos e historias. Las im\u00e1genes brillantes y hermosas se crean mediante t\u00e9cnicas gr\u00e1ficas. Son adecuadas para el asesoramiento individual y grupal y pueden ser un complemento interesante y eficaz para los juegos de transformaci\u00f3n. Son adecuadas para trabajar con diversas necesidades psicol\u00f3gicas: relacionadas con las relaciones, problemas financieros, crisis y estados internos, sentimientos, etc. Las cartas pueden ser \u00fatiles para psic\u00f3logos, entrenadores, especialistas en el trabajo con cartas metaf\u00f3ricas, practicantes de juegos y tienen un amplio potencial de uso, dependiendo de la competencia y las calificaciones del especialista. Algunos temas requieren calificaciones, experiencia y educaci\u00f3n adicionales por parte de los especialistas (por ejemplo, el trabajo con psicosom\u00e1tica y trauma psicol\u00f3gico). Las cartas tambi\u00e9n son interesantes para el autoconocimiento.<br \/> El Universo es hermoso e infinito, es una poderosa met\u00e1fora que refleja diferentes facetas de nuestra vida: energ\u00eda y materia, interacci\u00f3n, movimiento, atracci\u00f3n, recursos. Cada uno de nosotros es una pieza del vasto Universo. El t\u00edtulo \u201cCanci\u00f3n del Universo\u201d refleja la importancia del equilibrio interior y el equilibrio con el mundo exterior. Y la armon\u00eda con uno mismo y con el mundo que nos rodea es la clave para una vida consciente, llena de comprensi\u00f3n mutua con los dem\u00e1s, autorrealizaci\u00f3n creativa, amor, felicidad y equilibrio mental.<\/p>\n<p> <\/br> Transformaci\u00f3n del miedo en un recurso Tarjeta 1 (abierta) Imagen miedo real, ansiedad<br \/> Mapa 2. \u00bfQu\u00e9 hace mal el miedo, c\u00f3mo limita al cliente?<br \/> Mapa 3. \u00bfCu\u00e1les son los beneficios secundarios del miedo?<br \/> Mapa 4 (abierto) Estado deseado<br \/> Mapa 5. \u00bfC\u00f3mo transformar el miedo en un recurso de forma respetuosa con el medio ambiente (dejar de tener miedo)?<br \/> Dinero, negocios, \u00e9xito.<br \/> Mapa 1. \u00bfC\u00f3mo es la relaci\u00f3n del cliente con el dinero?<br \/> Mapa 2. \u00bfQu\u00e9 escenario en las relaciones con el dinero ser\u00eda m\u00e1s efectivo para \u00e9l?<br \/> Mapa 3. \u00bfQu\u00e9 decisiones ayudar\u00e1n a hacer realidad un escenario efectivo de relaciones con el dinero?<br \/> Mapa 4. \u00bfQu\u00e9 acciones ayudar\u00e1n a hacer realidad un escenario efectivo de relaciones con el dinero?<\/p>\n<p> <\/br> Agotamiento profesional 1. El cliente saca una o m\u00e1s cartas boca arriba o a ciegas, analizando:<br \/> \u00bfQu\u00e9 emociones y sentimientos negativos se manifiestan en el trabajo o en relaci\u00f3n con el trabajo? <br \/> 2. El cliente saca una o m\u00e1s cartas boca arriba o a ciegas, analizando:<br \/> \u00bfQu\u00e9 sentimientos y emociones positivas me faltan en mi trabajo?<br \/> 3. El cliente saca una o m\u00e1s cartas boca arriba o a ciegas, analizando: <br \/> \u00bfQu\u00e9 acciones o decisiones importantes ayudar\u00e1n a llenar tu trabajo de alegr\u00eda? <br \/> <\/br> Energ\u00eda efectiva <br \/> Mapa 1. \u00bfD\u00f3nde, en qu\u00e9 procesos y estados, el cliente \u201cdesperdicia\u201d su energ\u00eda de manera ineficaz?<br \/> Mapa 2. \u00bfQu\u00e9 impide que (h\u00e1bitos, escenarios, actitudes, estereotipos) est\u00e9n en el balance?<br \/> Mapa 3. \u00bfQu\u00e9 (decisiones, acciones, recursos) ayudar\u00e1n a concentrar el flujo de energ\u00eda en la soluci\u00f3n de problemas urgentes?<\/p>","protected":false},"excerpt":{"rendered":"<p>Autora: Anna Sudneko \u2013 psic\u00f3loga cl\u00ednica, neuropsic\u00f3loga, supervisora, especialista en el trabajo con psicosom\u00e1tica y tarjetas metaf\u00f3ricas, terapeuta de im\u00e1genes emocionales, terapeuta orientada al cuerpo,<\/p>","protected":false},"featured_media":1712,"comment_status":"open","ping_status":"open","template":"","meta":[],"product_brand":[],"product_cat":[27],"product_tag":[],"class_list":{"0":"post-1711","1":"product","2":"type-product","3":"status-publish","4":"has-post-thumbnail","6":"product_cat-universal","8":"first","9":"outofstock","10":"purchasable","11":"product-type-simple"},"_links":{"self":[{"href":"https:\/\/shercards.com\/es\/wp-json\/wp\/v2\/product\/1711","targetHints":{"allow":["GET"]}}],"collection":[{"href":"https:\/\/shercards.com\/es\/wp-json\/wp\/v2\/product"}],"about":[{"href":"https:\/\/shercards.com\/es\/wp-json\/wp\/v2\/types\/product"}],"replies":[{"embeddable":true,"href":"https:\/\/shercards.com\/es\/wp-json\/wp\/v2\/comments?post=1711"}],"wp:featuredmedia":[{"embeddable":true,"href":"https:\/\/shercards.com\/es\/wp-json\/wp\/v2\/media\/1712"}],"wp:attachment":[{"href":"https:\/\/shercards.com\/es\/wp-json\/wp\/v2\/media?parent=1711"}],"wp:term":[{"taxonomy":"product_brand","embeddable":true,"href":"https:\/\/shercards.com\/es\/wp-json\/wp\/v2\/product_brand?post=1711"},{"taxonomy":"product_cat","embeddable":true,"href":"https:\/\/shercards.com\/es\/wp-json\/wp\/v2\/product_cat?post=1711"},{"taxonomy":"product_tag","embeddable":true,"href":"https:\/\/shercards.com\/es\/wp-json\/wp\/v2\/product_tag?post=1711"}],"curies":[{"name":"wp","href":"https:\/\/api.w.org\/{rel}","templated":true}]}}