{"id":1722,"date":"2024-08-04T13:44:14","date_gmt":"2024-08-04T13:44:14","guid":{"rendered":"https:\/\/shercards.com\/index.php\/product\/metaphorical-cards-sun-rays\/"},"modified":"2025-10-20T10:39:37","modified_gmt":"2025-10-20T10:39:37","slug":"metaphorical-cards-sun-rays","status":"publish","type":"product","link":"https:\/\/shercards.com\/es\/producto\/metaphorical-cards-sun-rays\/","title":{"rendered":"Tarjetas metaf\u00f3ricas \u201cRayos de sol\u201d"},"content":{"rendered":"<p>Autor \u2013 Maria Dudina N\u00famero de postales: 20 uds.<br \/> <\/br> <br \/> <\/br> \u00a1Que tu vida est\u00e9 siempre llena de momentos brillantes, calidez y luz brillante! \u00a1Que tengas d\u00edas soleados! Las cartas metaf\u00f3ricas Sunburst inspirar\u00e1n a las mujeres a sentirse brillantes, c\u00e1lidas y alegres y las apoyar\u00e1n mientras desarrollan su sol interior. <br \/> <\/br> La Chica Sol es s\u00edmbolo de luminosidad, energ\u00eda y vitalidad. Nos recuerda que todos somos capaces de encender la luz y la alegr\u00eda en nuestro interior, sin importar las dificultades que nos rodeen.<br \/> Deja que estas cartas te recuerden tu fuerza y belleza interior, que puedes lograr cualquier objetivo que sea realmente importante para ti. Que te den energ\u00eda e inspiraci\u00f3n para que puedas brillar m\u00e1s y llevar luz a las vidas de las personas que te importan. <br \/> <\/br> <br \/> <\/br> El juego de cartas metaf\u00f3ricas Sunbursts no es solo un juego de hermosas cartas, sino tambi\u00e9n una gu\u00eda sobre c\u00f3mo vivir con alegr\u00eda y hacer brillar tu luz. Las pr\u00e1cticas del reverso te ayudar\u00e1n a aprender a encontrar fuerza y energ\u00eda dentro de ti para alcanzar tus metas, mantener una actitud positiva y brindar calidez y sonrisas a los dem\u00e1s. Cada carta contiene un mensaje metaf\u00f3rico que te recuerda lo importante que es mantener la fe en ti mismo y en tus sue\u00f1os, a pesar de las dificultades y obst\u00e1culos en el camino. Con estas cartas puedes apoyar e inspirar a tus amigos y seres queridos, y<br \/>Recuerda el poder de tu luz interior. <br \/> <\/br> La autora del kit es Maria Dudina, artista, terapeuta art\u00edstica y madre de cuatro hijos. Ha creado postales para aquellos que quieren irradiar calidez, llenarse y brillar con una luz intensa, como el verdadero Sol.<br \/> \u00a1Cada postal est\u00e1 creada con amor y cuidado! <br \/> <\/br> El juego de cartas metaf\u00f3ricas Sunbursts est\u00e1 dise\u00f1ado para inspirarte, recordarte tu fuerza y ayudarte a encontrar luz y alegr\u00eda en tu vida. Cada carta ofrece una pr\u00e1ctica diferente para ayudarte a encontrar apoyo interior, confianza y equilibrio.<\/p>","protected":false},"excerpt":{"rendered":"<p>Autor \u2013 Maria Dudina N\u00famero de postales: 20 uds. Que tu vida est\u00e9 siempre llena de momentos brillantes, calidez y<\/p>","protected":false},"featured_media":1723,"comment_status":"open","ping_status":"open","template":"","meta":[],"product_brand":[],"product_cat":[26],"product_tag":[],"class_list":{"0":"post-1722","1":"product","2":"type-product","3":"status-publish","4":"has-post-thumbnail","6":"product_cat-resources","8":"first","9":"outofstock","10":"purchasable","11":"product-type-simple"},"_links":{"self":[{"href":"https:\/\/shercards.com\/es\/wp-json\/wp\/v2\/product\/1722","targetHints":{"allow":["GET"]}}],"collection":[{"href":"https:\/\/shercards.com\/es\/wp-json\/wp\/v2\/product"}],"about":[{"href":"https:\/\/shercards.com\/es\/wp-json\/wp\/v2\/types\/product"}],"replies":[{"embeddable":true,"href":"https:\/\/shercards.com\/es\/wp-json\/wp\/v2\/comments?post=1722"}],"wp:featuredmedia":[{"embeddable":true,"href":"https:\/\/shercards.com\/es\/wp-json\/wp\/v2\/media\/1723"}],"wp:attachment":[{"href":"https:\/\/shercards.com\/es\/wp-json\/wp\/v2\/media?parent=1722"}],"wp:term":[{"taxonomy":"product_brand","embeddable":true,"href":"https:\/\/shercards.com\/es\/wp-json\/wp\/v2\/product_brand?post=1722"},{"taxonomy":"product_cat","embeddable":true,"href":"https:\/\/shercards.com\/es\/wp-json\/wp\/v2\/product_cat?post=1722"},{"taxonomy":"product_tag","embeddable":true,"href":"https:\/\/shercards.com\/es\/wp-json\/wp\/v2\/product_tag?post=1722"}],"curies":[{"name":"wp","href":"https:\/\/api.w.org\/{rel}","templated":true}]}}