{"id":1730,"date":"2024-08-04T13:44:14","date_gmt":"2024-08-04T13:44:14","guid":{"rendered":"https:\/\/shercards.com\/index.php\/product\/metaphorical-cards-you-and-i\/"},"modified":"2025-10-20T10:39:37","modified_gmt":"2025-10-20T10:39:37","slug":"metaphorical-cards-you-and-i","status":"publish","type":"product","link":"https:\/\/shercards.com\/es\/producto\/metaphorical-cards-you-and-i\/","title":{"rendered":"Tarjetas metaf\u00f3ricas \u201cT\u00fa y yo\u201d"},"content":{"rendered":"<p>Contenido:<br \/> \u25cf 72 cartas<br \/> \u25cf Gu\u00eda metodol\u00f3gica<\/p>\n<p> \u201cT\u00fa y yo\u201d es una baraja de cartas metaf\u00f3ricas sobre las relaciones: contigo mismo, con otras personas y con el mundo. <br \/> Los mapas asociativos metaf\u00f3ricos son una herramienta eficaz para explorarte a ti mismo, tus escenarios de comportamiento, conexiones emocionales y relaciones con los dem\u00e1s, buscando recursos y apoyo. Trabajar con la baraja te ayudar\u00e1 a notar oportunidades para el desarrollo y enriquecimiento de tus relaciones, ver c\u00f3mo las relaciones con otras personas est\u00e1n conectadas con c\u00f3mo una persona se relaciona consigo misma.<br \/> La baraja es adecuada para profesionales especializados en el \u00e1mbito de la ayuda (psic\u00f3logos, psicoterapeutas, coaches, profesores) y para todos aquellos que est\u00e9n interesados en el tema de las relaciones. En su trabajo, puede utilizar las pr\u00e1cticas y t\u00e9cnicas contenidas en este manual.<\/p>\n<p> Autor, artista: Olga Kruglova<br \/> Asesora te\u00f3rica: Kristina Kuznetsova, psic\u00f3loga<\/p>\n<p> En la gu\u00eda metodol\u00f3gica encontrar\u00e1 textos para las pinturas de la autora de la baraja, la artista Olga Kruglova, fundamentos te\u00f3ricos y t\u00e9cnicas para trabajar con cartas metaf\u00f3ricas de la psic\u00f3loga consultora Kristina Kuznetsova, que ayudar\u00e1n a que trabajar con la baraja sea simple y conveniente. <\/br><\/br><\/p>","protected":false},"excerpt":{"rendered":"<p>Contenido: \u25cf 72 cartas \u25cf Gu\u00eda metodol\u00f3gica \u201cT\u00fa y yo\u201d es una baraja de cartas metaf\u00f3ricas sobre las relaciones: contigo mismo,<\/p>","protected":false},"featured_media":1731,"comment_status":"open","ping_status":"open","template":"","meta":[],"product_brand":[],"product_cat":[26],"product_tag":[],"class_list":{"0":"post-1730","1":"product","2":"type-product","3":"status-publish","4":"has-post-thumbnail","6":"product_cat-resources","8":"first","9":"outofstock","10":"purchasable","11":"product-type-simple"},"_links":{"self":[{"href":"https:\/\/shercards.com\/es\/wp-json\/wp\/v2\/product\/1730","targetHints":{"allow":["GET"]}}],"collection":[{"href":"https:\/\/shercards.com\/es\/wp-json\/wp\/v2\/product"}],"about":[{"href":"https:\/\/shercards.com\/es\/wp-json\/wp\/v2\/types\/product"}],"replies":[{"embeddable":true,"href":"https:\/\/shercards.com\/es\/wp-json\/wp\/v2\/comments?post=1730"}],"wp:featuredmedia":[{"embeddable":true,"href":"https:\/\/shercards.com\/es\/wp-json\/wp\/v2\/media\/1731"}],"wp:attachment":[{"href":"https:\/\/shercards.com\/es\/wp-json\/wp\/v2\/media?parent=1730"}],"wp:term":[{"taxonomy":"product_brand","embeddable":true,"href":"https:\/\/shercards.com\/es\/wp-json\/wp\/v2\/product_brand?post=1730"},{"taxonomy":"product_cat","embeddable":true,"href":"https:\/\/shercards.com\/es\/wp-json\/wp\/v2\/product_cat?post=1730"},{"taxonomy":"product_tag","embeddable":true,"href":"https:\/\/shercards.com\/es\/wp-json\/wp\/v2\/product_tag?post=1730"}],"curies":[{"name":"wp","href":"https:\/\/api.w.org\/{rel}","templated":true}]}}