{"id":1792,"date":"2024-08-04T13:50:10","date_gmt":"2024-08-04T13:50:10","guid":{"rendered":"https:\/\/shercards.com\/index.php\/product\/metaphorical-cards-resource-news\/"},"modified":"2025-10-20T10:38:59","modified_gmt":"2025-10-20T10:38:59","slug":"metaphorical-cards-resource-news","status":"publish","type":"product","link":"https:\/\/shercards.com\/es\/producto\/metaphorical-cards-resource-news\/","title":{"rendered":"Tarjetas metaf\u00f3ricas \u201cNoticias de recursos\u201d"},"content":{"rendered":"<p>Por Forbes Isolde. Fundadora del proyecto Poppy Game Practice. Autora de varias barajas MAC, maratones de autoconocimiento, entrenamientos, juegos de transformaci\u00f3n. Coach profesional de nivel internacional, psic\u00f3loga-formadora certificada, maestra femenina del trabajo con el subconsciente. Terapeuta de juego, MAK-master. Practicante Acces Bars &amp; Theta Healing. Creaci\u00f3n Diciembre 2021<\/p>\n<p> La baraja consta de 101 cartas laminadas con esquinas redondeadas, de 8*10 cm, ejecutadas en t\u00e9cnica de acuarela con procesamiento moderno, una gu\u00eda de uso de MAK \u201cResource News\u201d, t\u00e9cnicas, un video resumen con im\u00e1genes en formato horizontal, un juego para historias de VK \u201cMapa del d\u00eda\u201d, 4 dise\u00f1os con el dise\u00f1o \u201cM\u00e1s cerca de la meta\u201d para atraer clientes (solo necesitas escribir tus contactos a continuaci\u00f3n), im\u00e1genes adaptadas para subir a Metaforika y Mc-practice\u201d. En una caja de marca.<\/p>\n<p> IAC \u201cResource News\u201d: una baraja de recursos para mujeres sobre c\u00f3mo encontrar un recurso y motivaci\u00f3n para alcanzar un objetivo. Contiene 101 cartas: imagen + palabras. La baraja est\u00e1 destinada a asesoramiento psicol\u00f3gico, diversos tipos de terapias, capacitaciones, sesiones de coaching, juegos de transformaci\u00f3n y c\u00edrculos de mujeres.<br \/> \u00bfCon qu\u00e9 solicitudes trabaja IAC \u201cResource News\u201d? sentido de la vida, logro de metas, motivaci\u00f3n. Desarrollo de la fantas\u00eda, imaginaci\u00f3n, creatividad e inteligencia emocional EQ. Trauma psicol\u00f3gico, problemas de relaciones interpersonales, resoluci\u00f3n de conflictos, trabajo con sentimientos negativos (resentimiento, culpa, celos, envidia, ira), as\u00ed como emociones negativas. Conciencia de los recursos y sus fortalezas, el significado de su propio destino y crecimiento espiritual. Entender si se est\u00e1 moviendo en la direcci\u00f3n correcta, crear el camino correcto hacia la meta. Realizar sus verdaderas metas, intenciones, deseos y entender c\u00f3mo cumplirlos. Llegar a su verdadero yo. Empezar a manifestarse, declar\u00e1ndose al mundo. Mot\u00edvate y entiende que todo es posible, solo hay que quererlo. Tener el coraje de empezar una nueva vida y dar los primeros pasos hacia el cambio, sin miedo al fracaso. Obtener apoyo interno o reconocer d\u00f3nde se encuentran los apoyos externos en su vida.<br \/> P\u00fablico objetivo: ni\u00f1os, adolescentes, adultos, especialistas noveles y expertos: psic\u00f3logos, entrenadores de crecimiento personal, consultores MAK, coaches, profesores, psicoterapeutas, terapeutas de cuentos de hadas, practicantes de juegos, etc.<\/p>\n<p> MAK \u201cResource News\u201d es un conjunto de cartas que ayudar\u00e1 a completar cualquier dise\u00f1o con diferentes barajas, sobre cualquier tema en un estado de recursos: brindar\u00e1 apoyo, inspiraci\u00f3n, motivaci\u00f3n y sugerir\u00e1 formas de resolver cualquier dificultad. Despu\u00e9s de todo, una baraja de recursos es necesaria en cualquier situaci\u00f3n, especialmente al final de una consulta, cuando una persona est\u00e1 lista para actuar y todo lo que necesita es un \u201cimpulso motivador o una noticia de recursos\u201d que le d\u00e9 la fuerza para enfrentar la dificultad. Este es un tipo de mensaje sobre d\u00f3nde exactamente sacar fuerza. Proporcionan energ\u00eda poderosa, fuerza e iniciativa para resolver cualquier situaci\u00f3n de la vida. En una palabra, esta es una baraja universal para seleccionar cualquier estado de recursos: f\u00edsico, emocional, espiritual.<br \/> Toda persona necesita realmente recursos durante un per\u00edodo dif\u00edcil de la vida. Cuando encuentras fuerza y motivaci\u00f3n, es m\u00e1s f\u00e1cil salir del trauma psicol\u00f3gico, preservarte y seguir adelante para mejorar tu calidad de vida. La baraja \u201cNoticias sobre recursos\u201d te ayuda a ver tus recursos, desarrollarlos y utilizarlos en el futuro.<br \/> Cada imagen y cada palabra representa un recurso. Es una especie de mensaje para tu subconsciente que te sugerir\u00e1 la soluci\u00f3n adecuada a tu tarea o te indicar\u00e1 la direcci\u00f3n correcta. El subconsciente humano sabe mejor que tu cerebro y tu cuerpo c\u00f3mo trabajar con esta herramienta, por lo que es tu visi\u00f3n de la carta extra\u00edda la que te permitir\u00e1 encontrar la respuesta a tus preguntas de forma f\u00e1cil, r\u00e1pida y eficaz. Te ayudar\u00e1 a encontrar esas fuerzas internas para resolver situaciones de la vida que una persona ni siquiera conoc\u00eda: esa MOTIVACI\u00d3N INTERNA.<br \/> MAC \u201cResource News\u201d est\u00e1 dise\u00f1ada para trabajar con clientes que est\u00e1n en el camino del autoconocimiento y la b\u00fasqueda del sentido de la vida. Las cartas te ayudar\u00e1n a experimentar sentimientos\/emociones dif\u00edciles y a trabajar con la incertidumbre. Con solicitudes relacionadas con la b\u00fasqueda de recursos, significados, conciencia de los valores de la vida, construcci\u00f3n de un camino armonioso para el desarrollo de una mujer, para obtener respuestas del inconsciente. Y por supuesto, para una amplia gama de personas interesadas en la psicolog\u00eda, el autodesarrollo, el autoconocimiento y aquellos que luchan por la conciencia. La baraja te ayudar\u00e1 a descubrir tus verdaderos recursos, evitando la percepci\u00f3n cr\u00edtica. Esta es una herramienta eficaz para desbloquear tu potencial interior.<br \/> Todas las im\u00e1genes son luminosas, positivas, sencillas, agradables y f\u00e1ciles de percibir. Cada imagen en acuarela revelar\u00e1 tu nivel de energ\u00eda de reserva, que no ves ni sientes, \u00a1pero est\u00e1 ah\u00ed!<br \/> Caracter\u00edsticas de la baraja: no hay restricciones de edad para trabajar, ya que las im\u00e1genes brillantes y positivas evocar\u00e1n emociones positivas incluso en ni\u00f1os y adolescentes. Son adecuadas principalmente para trabajar con mujeres, pero tambi\u00e9n se pueden utilizar cuando se trabaja con hombres. Las cartas se utilizan en trabajos independientes, individuales y en grupo. <br \/> La singularidad de la baraja radica en que aqu\u00ed se puede trabajar por separado con la imagen, por separado con las palabras, o se puede considerar la imagen y las palabras como un todo \u00fanico. La palabra es solo una direcci\u00f3n. Puede que no te guste o que no est\u00e9s de acuerdo con ella, como ocurre con la asociaci\u00f3n con la imagen, entonces simplemente cierra la palabra y trabaja solo con la imagen.<\/p>","protected":false},"excerpt":{"rendered":"<p>Por Forbes Isolde. Fundadora del proyecto Poppy Game Practice. Autora de varias barajas MAC, maratones de autoconocimiento, entrenamientos, juegos de transformaci\u00f3n.<\/p>","protected":false},"featured_media":1793,"comment_status":"open","ping_status":"open","template":"","meta":[],"product_brand":[],"product_cat":[26],"product_tag":[],"class_list":{"0":"post-1792","1":"product","2":"type-product","3":"status-publish","4":"has-post-thumbnail","6":"product_cat-resources","8":"first","9":"outofstock","10":"purchasable","11":"product-type-simple"},"_links":{"self":[{"href":"https:\/\/shercards.com\/es\/wp-json\/wp\/v2\/product\/1792","targetHints":{"allow":["GET"]}}],"collection":[{"href":"https:\/\/shercards.com\/es\/wp-json\/wp\/v2\/product"}],"about":[{"href":"https:\/\/shercards.com\/es\/wp-json\/wp\/v2\/types\/product"}],"replies":[{"embeddable":true,"href":"https:\/\/shercards.com\/es\/wp-json\/wp\/v2\/comments?post=1792"}],"wp:featuredmedia":[{"embeddable":true,"href":"https:\/\/shercards.com\/es\/wp-json\/wp\/v2\/media\/1793"}],"wp:attachment":[{"href":"https:\/\/shercards.com\/es\/wp-json\/wp\/v2\/media?parent=1792"}],"wp:term":[{"taxonomy":"product_brand","embeddable":true,"href":"https:\/\/shercards.com\/es\/wp-json\/wp\/v2\/product_brand?post=1792"},{"taxonomy":"product_cat","embeddable":true,"href":"https:\/\/shercards.com\/es\/wp-json\/wp\/v2\/product_cat?post=1792"},{"taxonomy":"product_tag","embeddable":true,"href":"https:\/\/shercards.com\/es\/wp-json\/wp\/v2\/product_tag?post=1792"}],"curies":[{"name":"wp","href":"https:\/\/api.w.org\/{rel}","templated":true}]}}