{"id":1812,"date":"2024-08-04T13:53:04","date_gmt":"2024-08-04T13:53:04","guid":{"rendered":"https:\/\/shercards.com\/index.php\/product\/metaphorical-associative-cards-moments-of-happiness\/"},"modified":"2025-10-20T10:38:59","modified_gmt":"2025-10-20T10:38:59","slug":"metaphorical-associative-cards-moments-of-happiness","status":"publish","type":"product","link":"https:\/\/shercards.com\/es\/producto\/metaphorical-associative-cards-moments-of-happiness\/","title":{"rendered":"Tarjetas asociativas metaf\u00f3ricas \u201cMomentos de felicidad\u201d"},"content":{"rendered":"<p><strong>Autor:<\/strong> Irina Ilyina \u2013 psic\u00f3loga, formadora, M\u00e1ster del proyecto \u201cPsicolog\u00eda del Tercer Milenio\u201d, profesora l\u00edder en el Instituto de Psicolog\u00eda Orientada a Valores, responsable de la modalidad de Mapas Asociativos Metaf\u00f3ricos en la Asociaci\u00f3n de Centros de Pr\u00e1ctica Educativa, terapeuta cinematogr\u00e1fica, practicante de juegos, miembro de la Uni\u00f3n Internacional de Terapeutas de Cuentos de Hadas, autora de las barajas MAK.<br \/><strong>Artista:<\/strong> Margarita Vasilyeva.<br \/>Juego de 70 tarjetas ilustradas.<br \/>La baraja \u201cMomentos de felicidad\u201d es un conjunto de cartas con ilustraciones de diversos acontecimientos felices de la vida de una persona en cuatro \u00e1reas de la vida: f\u00edsica, socioemocional, intelectual y espiritual. Los autores seleccionaron y sistematizaron 70 de los momentos m\u00e1s comunes que las personas se\u00f1alaron como especialmente alegres y significativos en sus vidas: la graduaci\u00f3n de la escuela, la universidad, la boda, el nacimiento de un hijo y mucho m\u00e1s.<br \/> La baraja es necesaria en una consulta en el MAK para formar una mente positiva del cliente, sus recursos, da fuerza para afrontar las dificultades.<br \/> <strong>T\u00e9cnicas:<\/strong><br \/> <strong>T\u00e9cnica \u201c7 alegr\u00edas de la vida\u201d<\/strong><br \/> La t\u00e9cnica ayuda al cliente a ver las alegr\u00edas simples de la vida, a lidiar con el estado de \u00e1nimo depresivo y a ver el brillo de la vida.<br \/> 1. Del mazo de recursos \u201cMOMENTOS DE FELICIDAD\u201d OT, saque 7 tarjetas con respuestas a preguntas que puedo llevar en mi vida diaria como:<br \/> 1) Placer para los ojos<br \/> 2) Alegr\u00eda para el o\u00eddo<br \/> 3) Alegr\u00eda para el cuerpo<br \/> 4) Alegr\u00eda para el intelecto<br \/> 5) Alegr\u00eda por la acci\u00f3n<br \/> 6) Alegr\u00eda por la interacci\u00f3n<br \/> 7) Alegr\u00eda para el alma.<br \/> 2. Abran cada tarjeta por turno y discutan.<br \/> 3. Haz un plan de acci\u00f3n.<br \/><strong>La t\u00e9cnica de \u201cMis placeres\u201d<\/strong><br \/> La t\u00e9cnica es adecuada para ayudar a clientes que se encuentran en un estado de des\u00e1nimo, que han perdido el gusto por la vida, neg\u00e1ndose necesidades simples.<br \/>1. Hable con el cliente:<br \/> \u2013 \u00bfQu\u00e9 es lo que generalmente le produce placer, alegr\u00eda en la vida?<br \/> \u2013 \u00bfCu\u00e1ndo fue la \u00faltima vez que hizo estas cosas?<br \/> \u2013 \u00bfQu\u00e9 le impide realizar tales acciones?<br \/> \u2013 \u00bfQu\u00e9 m\u00e1s puede hacer por s\u00ed mismo, para obtener placer, alegr\u00eda de la vida?<br \/> \u2013 \u00bfHasta qu\u00e9 punto ser\u00e1 respetuoso con el medio ambiente para los dem\u00e1s?<br \/> \u2013 \u00bfC\u00f3mo cambiar\u00e1 la vida del cliente y su entorno si se permite estos placeres?<br \/>2. OT sugiere sacar de 3 a 5 tarjetas con la respuesta a la pregunta \u201c\u00bfQu\u00e9 placeres puedo experimentar hoy?\u201d Abran una a la vez y analicen.<br \/> 3. Sacar conclusiones.<br \/><strong>T\u00e9cnica de los momentos de felicidad<\/strong><br \/> La t\u00e9cnica actualiza la necesidad de invertir en todas las \u00e1reas de la vida:<br \/>1. Dibuja un cuadrado y describe 4 \u00e1reas de la vida.<br \/> 2. Evaluar en porcentaje el estado de las esferas f\u00edsica, socioemocional, intelectual y espiritual del cliente.<br \/> 3. En aquellas \u00e1reas donde el porcentaje es m\u00e1s bajo, OT de la baraja \u201cMomentos de Felicidad\u201d, saque 1 o 2 cartas, \u00e1bralas y analice qu\u00e9 contribuci\u00f3n es necesaria para la armon\u00eda. <\/br><\/br><\/p>","protected":false},"excerpt":{"rendered":"<p>Autora: Irina Ilyina \u2013 psic\u00f3loga, formadora, maestra del proyecto \u201cPsicolog\u00eda del Tercer Milenio\u201d, profesora principal del Instituto<\/p>","protected":false},"featured_media":1813,"comment_status":"open","ping_status":"open","template":"","meta":[],"product_brand":[],"product_cat":[26],"product_tag":[],"class_list":{"0":"post-1812","1":"product","2":"type-product","3":"status-publish","4":"has-post-thumbnail","6":"product_cat-resources","8":"first","9":"outofstock","10":"purchasable","11":"product-type-simple"},"_links":{"self":[{"href":"https:\/\/shercards.com\/es\/wp-json\/wp\/v2\/product\/1812","targetHints":{"allow":["GET"]}}],"collection":[{"href":"https:\/\/shercards.com\/es\/wp-json\/wp\/v2\/product"}],"about":[{"href":"https:\/\/shercards.com\/es\/wp-json\/wp\/v2\/types\/product"}],"replies":[{"embeddable":true,"href":"https:\/\/shercards.com\/es\/wp-json\/wp\/v2\/comments?post=1812"}],"wp:featuredmedia":[{"embeddable":true,"href":"https:\/\/shercards.com\/es\/wp-json\/wp\/v2\/media\/1813"}],"wp:attachment":[{"href":"https:\/\/shercards.com\/es\/wp-json\/wp\/v2\/media?parent=1812"}],"wp:term":[{"taxonomy":"product_brand","embeddable":true,"href":"https:\/\/shercards.com\/es\/wp-json\/wp\/v2\/product_brand?post=1812"},{"taxonomy":"product_cat","embeddable":true,"href":"https:\/\/shercards.com\/es\/wp-json\/wp\/v2\/product_cat?post=1812"},{"taxonomy":"product_tag","embeddable":true,"href":"https:\/\/shercards.com\/es\/wp-json\/wp\/v2\/product_tag?post=1812"}],"curies":[{"name":"wp","href":"https:\/\/api.w.org\/{rel}","templated":true}]}}