{"id":1907,"date":"2024-08-04T14:01:44","date_gmt":"2024-08-04T14:01:44","guid":{"rendered":"https:\/\/shercards.com\/index.php\/product\/metaphorical-associative-cards-the-heros-path-elemental-resource\/"},"modified":"2025-10-20T10:38:21","modified_gmt":"2025-10-20T10:38:21","slug":"metaphorical-associative-cards-the-heros-path-elemental-resource","status":"publish","type":"product","link":"https:\/\/shercards.com\/es\/producto\/metaphorical-associative-cards-the-heros-path-elemental-resource\/","title":{"rendered":"Cartas asociativas metaf\u00f3ricas \u201cEl camino del h\u00e9roe\u201d (+ \u201cRecurso elemental\u201d)"},"content":{"rendered":"<p>Editorial: MACards<br \/>Autora: Elena Avanesova, psic\u00f3loga que utiliza en su trabajo el m\u00e9todo de psicoterapia simbolista, arteterapeuta, autora de los juegos psicol\u00f3gicos \u201c22 Arcanos\u201d, \u201cEspiral de Equilibrio\u201d.<br \/>Artistas: nbsp;Estudio de arte \u201cCocina Creativa\u201d \u00bb<br \/>Contenido:<\/p>\n<li>MAK \u201cEl camino del h\u00e9roe\u201d (66 cartas)<\/li>\n<li>MAK \u201cRecurso elemental\u201d (56 cartas)<\/li>\n<li>Gu\u00eda metodol\u00f3gica&lt; \/li&gt; <\/br> <br \/> El conjunto de barajas consta de dos conjuntos MAC de Elena Avanesova: \u201cEl camino del h\u00e9roe\u201d, una baraja de trama universal y \u201cRecurso elemental\u201d, una baraja de recursos. Este conjunto se considera b\u00e1sico para el trabajo de los psic\u00f3logos y otros especialistas en profesiones asistenciales, porque con la ayuda de uno se puede actualizar una solicitud, investigar un problema y con la ayuda del otro se pueden encontrar formas de resolverlo, formas de llenarse de fuerza y recursos.<br \/>La baraja \u201cEl camino del h\u00e9roe\u201d se basa en los ejercicios de la psicoterapeuta, fil\u00f3sofa y arteterapeuta Eva-Maria Nietzsche para los arcanos mayores del Tarot. La baraja \u201cRecursos elementales\u201d se basa en los ejercicios de Elena Avanesova para los arcanos menores.<br \/>El Tarot es un sistema \u00fanico y antiguo de conocimiento sobre el mundo y el hombre. Se trata de un concepto metaf\u00edsico universal que refleja el mito cosmog\u00f3nico del hombre. Muchos psicoterapeutas famosos han recurrido al estudio y uso del Tarot en psicoterapia. KG Jung cre\u00eda que el Tarot reflejaba los arquetipos m\u00e1s importantes del inconsciente colectivo y permit\u00eda un acceso directo a sus energ\u00edas y poderes. Los s\u00edmbolos de los arcanos mayores del Tarot reflejan de forma coherente nuestro camino de vida, c\u00f3mo adquirimos madurez, sabidur\u00eda y experiencia, y qu\u00e9 problemas atravesamos inevitablemente. Por eso la baraja funciona con diferentes peticiones, cualquier \u00e1rea de nuestra vida.<br \/>El mapa es como un mapa del terreno de los vagabundeos espirituales y el crecimiento personal, muestra la direcci\u00f3n, ayuda a ver hacia d\u00f3nde es importante avanzar ahora. Los mapas te ayudan a encontrar un recurso para resolver los problemas de la vida, ver y resolver los conflictos internos. Hay un ajuste fino de tu mundo interior a trav\u00e9s del espacio imaginativo y el trabajo con el inconsciente. La baraja no se utiliza como un sistema predictivo.<br \/> Principios de trabajo con la baraja \u201cEl Camino del H\u00e9roe\u201d.<br \/>La baraja consta de 66 cartas, de 22 por 3, lo que se refleja en la numeraci\u00f3n de las cartas. En el c\u00edrculo grande est\u00e1 el n\u00famero correspondiente al arcano mayor de las cartas del Tarot, y en el c\u00edrculo peque\u00f1o est\u00e1 (1,2,3) el tema con el que te ayudar\u00e1 a trabajar la carta. Al tomar una carta que corresponda a tu situaci\u00f3n de vida, puedes trabajar con las im\u00e1genes y sentimientos que evoca.<br \/>Los significados de las cartas, la direcci\u00f3n y orientaci\u00f3n de los estados de cada carta:<br \/> 1\u00aa carta \u201cMago\u201d<br \/> 1.1 \u2013 refleja c\u00f3mo afrontamos situaciones dif\u00edciles, trabajando con confianza en nosotros mismos.<br \/> 1.2 \u2013 El trabajo con enfermedades psicosom\u00e1ticas, revela nuestra actitud ante la enfermedad.<br \/> 1.3 \u2013 utilizado durante un per\u00edodo de crisis en el \u00e1mbito profesional.<br \/>2da carta \u201cSacerdotisa\u201d<br \/> 2.1 \u2013 trabajar con la energ\u00eda femenina, obtenci\u00f3n de un recurso.<br \/> 2.2 \u2013 identidad femenina, trabajo con informaci\u00f3n.<br \/> 2.3 \u2013 explorar la actitud sexual, obtenci\u00f3n de un recurso.<br \/>3\u00aa carta \u201cEmperatriz\u201d<br \/> 3.1 \u2013 revelaci\u00f3n de la sensualidad femenina, sexualidad.<br \/> 3.2 \u2013 trabajo con la esfera reproductiva, infertilidad, aceptaci\u00f3n del rol maternal.<br \/> 3.3 \u2013 trabajo con vivencias intrauterinas.<br \/>4\u00aa carta \u201cEmperador\u201d<br > 4.1 \u2013 Trabajar con l\u00edmites, figuras paternas y masculinas.<br \/> 4.2 \u2013 Trabajar con el miedo a la absorci\u00f3n.<br \/> 4.3 \u2013 trabajar con la fuerza interior del animus.<br \/>5\u00aa carta \u201cHierofante\u201d<br \/> 5.1 \u2013 eliminar las \u201ccadenas\u201d parentales, trabajar con las actitudes parentales negativas.<br \/> 5.2 \u2013 Trabajar con el miedo a la evaluaci\u00f3n negativa, la culpa, tu \u201csupery\u00f3\u201d.<br \/> 5.3 \u2013 la capacidad de asumir la responsabilidad de su elecci\u00f3n.<br \/>6- Yo soy la carta de los \u201cAmantes\u201d<br \/> 6.1 \u2013 armonizaci\u00f3n del hombre y la mujer interiores.<br \/> 6.2 \u2013 compatibilidad en pareja.<br \/> 6.3 \u2013 expectativas de una pareja.<br \/>S\u00e9ptima carta \u201cCarro\u201d<br \/> 7.1 \u2013 Salir del estancamiento, alcanzar una meta.<br \/> 7.2 \u2013 Autocontrol en diferentes situaciones.<br \/> 7.3 \u2013 definir tus objetivos, la capacidad de ver oportunidades.<br \/>8\u00aa carta \u201cJusticia\u201d<br \/> 8.1 \u2013 la capacidad de disfrutar de las cosas simples e intangibles.<br \/> 8.2 \u2013 trabajando con el ni\u00f1o interior.<br \/> 8.3 \u2013 Trabajando con el concepto de \u201cjusticia\u201d.<br \/>9\u00aa carta \u201cEl Ermita\u00f1o\u201d<br \/> 9.1 \u2013 conociendo tu personalidad.<br \/> 9.2 \u2013 encontrar aquello que se perdi\u00f3 en el bullicio de la vida cotidiana.<br \/> 9.3 \u2013 buceando en las profundidades de tu inconsciente.<br \/>D\u00e9cima carta \u201cLa rueda del destino\u201d<br \/> 10.1 \u2013 Encontrar el equilibrio entre el ritmo y la calma, trabajando con el miedo a abandonar los logros alcanzados.<br \/> 10.2 \u2013 Situaciones desesperanzadoras y repetitivas en la vida.<br \/> 10.3 \u2013 trabajando con tu identidad, \u201csombra\u201d y \u201cyo\u201d ideal.<br \/>11\u00aa carta \u201cFuerza\u201d<br \/> 11.1 \u2013 equilibrio de lo espiritual y lo f\u00edsico.<br \/> 11.2 \u2013 la fuerza de la carrera.<br \/> 11.3 \u2013 aceptaci\u00f3n de la propia fuerza animal.<br \/>12\u00aa carta \u201cEl Colgado\u201d<br \/> 12.1 \u2013 miedo a perder el sentido de la vida.<br \/> 12.2 \u2013 sacrificio consciente, salida del estado suspendido.<br \/> 12.3 \u2013 la capacidad de perdonar.<br \/>Carta 13 \u201cMuerte\u201d<br \/> 13.1 \u2013 preparaci\u00f3n interna para el cambio.<br \/> 13.2 \u2013 Trabajar con el miedo a la muerte.<br \/> 13.3 \u2013 Conciencia de que todo final es un nuevo comienzo.<br \/>Carta 14 \u201cModeraci\u00f3n\u201d<br \/> 14.1 \u2013 Trabajando con el miedo a desvanecerse.<br \/> 14.2 \u2013 trabajar con el sistema endocrino, hormonas.<br \/> 14.3 \u2013 Encontrar el equilibrio interno.<br \/> 15\u00aa carta \u201cDiablo\u201d<br \/> 15.1 \u2013 aceptar nuestro lado \u201coscuro\u201d, tomar el control de \u00e9l.<br \/> 15.2 \u2013 trabaja con tu \u201csombra\u201d.<br \/> 15.3 \u2013 trabaja con tu \u201csecreto\u201d.<br >Carta 16 \u201cTorre\u201d<br \/> 16.1 \u2013 sumergirse profundamente en ti mismo.<br \/> 16.2 \u2013 Trabajar con la ansiedad debido a la destrucci\u00f3n de ilusiones.<br \/> 16.3 \u2013 encontrar recursos nuevos (viejos).<br \/>Carta 17 \u201cEstrella\u201d<br \/> 17.1 \u2013 Trabajar con ansiedad debido a la incapacidad de encontrar su prop\u00f3sito.<br \/> 17.2 \u2013 la capacidad de recibir y dar.<br \/> 17.3 \u2013 un sentimiento de conexi\u00f3n con el universo.<br \/>Carta 18 \u201cLuna\u201d&lt; br&gt; 18.1 \u2013 Encontrar un recurso en crisis desde lo m\u00e1s profundo del inconsciente.<br \/> 18.2 \u2013 carta del renacimiento.<br \/> 18.3 \u2013 mira tu \u201csombra\u201d.<br \/>Carta 19 \u201cSol\u201d<br \/> 19.1 \u2013 aceptaci\u00f3n de la vida.&lt; br&gt; 19.2 \u2013 confianza en s\u00ed mismo.<br \/> 19.3 \u2013 Tarjeta de autorrealizaci\u00f3n.<br \/>Carta 20 \u201cJuicio\u201d<br \/> 20.1 \u2013 Elaboraci\u00f3n de miedos transgeneracionales.<br \/> 20.2 \u2013 descubrimiento de habilidades previamente ocultas.<br \/> 20.3 \u2013 lograr la unidad interna de curaci\u00f3n y liberaci\u00f3n.<br \/>Carta 21 \u201cMundo\u201d<br \/> 21.1 \u2013 unidad con la propia naturaleza original, adquiriendo integridad.<br \/> 21.2 \u2013 reconciliaci\u00f3n con el mundo.<br \/> 21.3 \u2013 estado de unidad con el mundo. <br \/>Carta 22 (0) \u201cBuf\u00f3n\u201d<br \/> 22.1 \u2013 Trabajar con el miedo a lo nuevo, un empuje interno.<br \/> 22.2 \u2013 trabajando con actitudes y el ni\u00f1o interior.<br \/> 22.3 \u2013 Encontrar un recurso para cambiar la vida.&lt; br&gt;Principios de trabajo con la baraja \u201cRecursos Elementales\u201d.<br \/>La baraja consta de 56 cartas, de 14 por 4, lo que se refleja en la numeraci\u00f3n de las cartas. El color del c\u00edrculo refleja el \u201celemento\u201d en s\u00ed (palo), el n\u00famero en el c\u00edrculo es el n\u00famero del arcano menor. El color del c\u00edrculo de la carta seleccionada te indicar\u00e1 qu\u00e9 \u201celemento\u201d puede ayudarte a encontrar un recurso.<br \/>Los arcanos menores nos revelan diversos aspectos de la vida cotidiana: acontecimientos, relaciones con los dem\u00e1s, estados de \u00e1nimo o sentimientos que estamos viviendo en ese momento. Cada una de las cartas refleja experiencias y situaciones individuales y arquet\u00edpicas que se presentan en la vida de cualquier persona. Nuestra actividad se manifiesta a trav\u00e9s de cuatro esferas: emocional, intelectual, espiritual y material, lo que se refleja en los cuatro palos de los arcanos menores del Tarot.<br \/>El palo de bastos (cartas con c\u00edrculos rojos) corresponde al elemento primario fuego. Las 14 cartas de bastos describen el desarrollo de la imaginaci\u00f3n creativa, su uso para resolver problemas que surgen durante este proceso.<br \/>El palo de copas (cartas con c\u00edrculos azules) corresponde al elemento primario agua. 14 cartas de copas describen el desarrollo de la esfera sensorial de una persona, las emociones, el conocimiento de las relaciones sensoriales.<br \/>El palo de espadas (cartas con c\u00edrculos amarillos) corresponde al elemento primario aire. Las 14 cartas de espadas describen el desarrollo de la capacidad de pensar, sus aspectos oscuros y luminosos. Este desarrollo se produce a trav\u00e9s de los conflictos internos, la claridad y la comprensi\u00f3n que ofrece la mente.<br \/>El palo de pent\u00e1culos (cartas con c\u00edrculos verdes) corresponde al elemento primario tierra. Las 14 cartas de pent\u00e1culos describen el desarrollo de la capacidad de funcionar en la realidad, la adaptaci\u00f3n a lo largo de la vida a las exigencias del mundo terrenal.<br \/>Ejercicios y t\u00e9cnicas<br \/>En primer lugar, el \u201cCamino del H\u00e9roe\u201d es una carta metaf\u00f3rica y nos atenemos a la regla b\u00e1sica: el cliente interpreta la carta. \u00bfQu\u00e9 significa esta carta para el cliente? \u00bfQu\u00e9 ve en ella y c\u00f3mo se siente? Puedes trabajar con cualquier t\u00e9cnica MAC que corresponda a la solicitud del cliente.<br \/>T\u00e9cnica universal<br \/> Finalidad: formular y actualizar la solicitud.\n<li>Seleccione 6 cartas VO (abierta) o VO (cerrada): las tres cartas m\u00e1s agradables y las tres m\u00e1s desagradables relacionadas con la solicitud.<\/li>\n<li>Distribuye las cartas seleccionadas seg\u00fan el siguiente esquema:<br \/> 1\u20142\u20143 \u2013 agradable<br \/> 4\u2013 -5\u20146 \u2013 desagradable<\/br><\/br><\/li>\n<li>\u00bfQu\u00e9 se muestra en las cartas? \u00bfC\u00f3mo se relaciona esto con tu petici\u00f3n? \u00bfC\u00f3mo te sientes al mirar estas cartas? \u00bfQu\u00e9 es exactamente lo que te gusta de las cartas n.\u00b0 1, 2 y 3? \u00bfQu\u00e9 es exactamente lo que te repele de las cartas n.\u00b0 4, 5 y 6?<\/li>\n<li>Preste atenci\u00f3n a las filas verticales: 1 y 4, 2 y 5, 3 y 6. La mayor\u00eda de las veces, estas tarjetas est\u00e1n interconectadas, como \u201cm\u00e1s\u201d y \u201cmenos\u201d de un proceso.<\/li>\n<p> <\/br> <br \/> T\u00e9cnica del \u201cTaller del Futuro\u201d<br \/> Meta: desarrollar la confianza en el logro de la meta.<\/p>\n<li>Piensa en un objetivo que sea importante para ti. Determina el per\u00edodo (desde una semana hasta 10 a\u00f1os) en el que ocurrir\u00e1 este evento. Elige 5 cartas que reflejen la vida que deseas llevar durante este per\u00edodo. Describe cada carta.<\/li>\n<li>A continuaci\u00f3n, aparta una carta para que su ausencia no afecte a la imagen expresada por las cartas restantes. Luego aparta otra seg\u00fan el mismo principio, y as\u00ed sucesivamente hasta la \u00faltima carta.<\/li>\n<li>La carta restante te dir\u00e1 qu\u00e9 es exactamente lo que es importante y lo que debes usar ahora como recurso para alcanzar el objetivo; qu\u00e9 ser\u00e1 importante cuando lo logres. Sum\u00e9rgete en la imagen de la carta, siente su mensaje.<\/li>\n<p> <\/br> <br \/> T\u00e9cnica \u201cResentimiento y Perd\u00f3n\u201d<br \/>Objetivo: trabajar con los agravios, vivir el perd\u00f3n<\/p>\n<li>Elige VO u OT cuatro cartas:<br \/> 1 \u2013 una carta que simboliza tu ofensa contra una persona importante<br \/> 2 \u2013 una carta que te ayuda a perdonar<br \/> 3 \u2013 una tarjeta cuando ofendiste a esta persona<br \/> 4 \u2013 Una carta que te ayuda a perdonarte a ti mismo<\/br><\/li>\n<li>Describe lo que se muestra en las cartas. \u00bfC\u00f3mo se relaciona esto con tu resentimiento? \u00bfC\u00f3mo te sientes cuando miras estas cartas? \u00bfQu\u00e9 tienen en com\u00fan estas 4 cartas? Intenta analizar c\u00f3mo se conectan estos agravios.<\/li>\n<p> <\/br> <br \/> T\u00e9cnica \u201cTrabajar con un objetivo definido\u201d<br \/> Objetivo: establecimiento de metas, investigaci\u00f3n sobre formas de alcanzar la meta.<\/p>\n<li>Elija VO o VO una tarjeta que muestre la situaci\u00f3n en el momento.<\/li>\n<li>Elige VO o VO una segunda tarjeta que refleje tu estado cuando se alcance el objetivo deseado.<\/li>\n<li>Elige VO o VO tres cartas: un puente entre el estado \u201cahora\u201d y el estado \u201cquiero\u201d. Coloca las cartas como en el diagrama:<br \/> 1\u2014\u2014-3\u20144\u20145 \u2014\u2014-2<\/br><\/li>\n<li>Analizar los pasos necesarios para alcanzar el objetivo.&lt; \/li&gt; <\/br> <br \/> T\u00e9cnica \u201cConflicto Interno\u201d<br \/> Prop\u00f3sito: estudio del conflicto interno, su contenido y salidas.\n<li>Elige una carta VO u OT que refleje lo que quieres, algo que no te gusta de ti mismo que no aceptas.<\/li>\n<li>Elige la carta VO u OT \u2013 \u201cYo soy el ideal\u201d.<\/li>\n<li>La tercera carta extra\u00edda se convertir\u00e1 en una carta unificadora e integradora. \u00bfQu\u00e9 te dice esta carta? Ordena todas las cartas de esta manera:<br \/> 1&#8212;&#8211;3&#8212;&#8211;2.<\/br><\/li>\n<li>Analiza tu conflicto interno.<\/li>\n<p> <\/br> <br \/> T\u00e9cnica \u201cTrabajando con la ascendencia\u201d<br \/>Objetivo: trabajar con traumas y recursos ancestrales<\/p>\n<li>Debes elegir 6 cartas VO u OT que reflejen los siguientes aspectos de tu sistema ancestral:<br \/> 1 \u2013 Yo en el sistema gen\u00e9rico<br \/> 2 \u2013 Fuerza del clan<br \/> 3 \u2013 Debilidad del clan<br \/> 4 \u2013 \u00bfQu\u00e9 transmitir a los hijos?<br \/> 5 \u2013 \u00bfQu\u00e9 no transmitir a los ni\u00f1os?<br \/> 6 \u2013 Mapa para llenar el clan con recursos<\/li>\n<p> &lt; li&gt;Describe cada carta. \u00bfQu\u00e9 muestra? \u00bfTe gusta la imagen? Si es as\u00ed, \u00bfcon qu\u00e9? Si no, \u00bfpor qu\u00e9 no? \u00bfC\u00f3mo se relaciona con tu sistema ancestral?<\/li>\n<p> <\/br> <\/br><\/br><\/p>","protected":false},"excerpt":{"rendered":"<p>Editorial: MACardsAutor: Elena Avanesova, psic\u00f3loga que utiliza en su trabajo el m\u00e9todo de psicoterapia simbolista, terapeuta art\u00edstica, autora de juegos psicol\u00f3gicos.<\/p>","protected":false},"featured_media":1908,"comment_status":"open","ping_status":"open","template":"","meta":[],"product_brand":[],"product_cat":[27],"product_tag":[],"class_list":{"0":"post-1907","1":"product","2":"type-product","3":"status-publish","4":"has-post-thumbnail","6":"product_cat-universal","8":"first","9":"outofstock","10":"purchasable","11":"product-type-simple"},"_links":{"self":[{"href":"https:\/\/shercards.com\/es\/wp-json\/wp\/v2\/product\/1907","targetHints":{"allow":["GET"]}}],"collection":[{"href":"https:\/\/shercards.com\/es\/wp-json\/wp\/v2\/product"}],"about":[{"href":"https:\/\/shercards.com\/es\/wp-json\/wp\/v2\/types\/product"}],"replies":[{"embeddable":true,"href":"https:\/\/shercards.com\/es\/wp-json\/wp\/v2\/comments?post=1907"}],"wp:featuredmedia":[{"embeddable":true,"href":"https:\/\/shercards.com\/es\/wp-json\/wp\/v2\/media\/1908"}],"wp:attachment":[{"href":"https:\/\/shercards.com\/es\/wp-json\/wp\/v2\/media?parent=1907"}],"wp:term":[{"taxonomy":"product_brand","embeddable":true,"href":"https:\/\/shercards.com\/es\/wp-json\/wp\/v2\/product_brand?post=1907"},{"taxonomy":"product_cat","embeddable":true,"href":"https:\/\/shercards.com\/es\/wp-json\/wp\/v2\/product_cat?post=1907"},{"taxonomy":"product_tag","embeddable":true,"href":"https:\/\/shercards.com\/es\/wp-json\/wp\/v2\/product_tag?post=1907"}],"curies":[{"name":"wp","href":"https:\/\/api.w.org\/{rel}","templated":true}]}}