{"id":1912,"date":"2024-08-04T14:01:44","date_gmt":"2024-08-04T14:01:44","guid":{"rendered":"https:\/\/shercards.com\/index.php\/product\/metaphorical-association-cards-la-libertad-maps-of-inner-freedom\/"},"modified":"2025-10-20T10:38:21","modified_gmt":"2025-10-20T10:38:21","slug":"metaphorical-association-cards-la-libertad-maps-of-inner-freedom","status":"publish","type":"product","link":"https:\/\/shercards.com\/es\/producto\/metaphorical-association-cards-la-libertad-maps-of-inner-freedom\/","title":{"rendered":"Tarjetas de asociaci\u00f3n metaf\u00f3rica \u201cLa Libertad\u201d (Mapas de Libertad Interior)"},"content":{"rendered":"<p>Autora: Anna Sudneko \u2013 psic\u00f3loga cl\u00ednica, neuropsic\u00f3loga, terapeuta de arte, psic\u00f3loga familiar, supervisora, especialista certificada en trabajo con cartas metaf\u00f3ricas, psicosom\u00e1tica; terapeuta emocional-imaginativa certificada, terapeuta de arena junguiana certificada, miembro de la Asociaci\u00f3n de Terapia de Arena.<br \/>Artista: Anna Kreidun \u2013 miembro de la Federaci\u00f3n Internacional de Artistas de la Uni\u00f3n Creativa de Artistas de Rusia; ganadora del concurso internacional ETHNO ART FEST<br \/>Contenido: <\/p>\n<ul>\n<li>115 tarjetas (cart\u00f3n, laminado, 70x100 mm),<\/li>\n<li>Recomendaciones metodol\u00f3gicas (24 p\u00e1ginas: breve informaci\u00f3n sobre c\u00f3mo trabajar con tarjetas metaf\u00f3ricas, breves algoritmos para trabajar con diversas consultas (20 ejemplos))<\/li>\n<\/ul>\n<p> Tama\u00f1o de la tarjeta: 70 x 100 mm<br \/>En espa\u00f1ol, \u201cLa Libertad\u201d significa libertad. Las cartas est\u00e1n dise\u00f1adas para ayudarte a obtener libertad interior, sanaci\u00f3n emocional y liberaci\u00f3n de experiencias y condiciones negativas. Son cartas sobre la libertad, muy diferentes: libertad de autorrealizaci\u00f3n y autoexpresi\u00f3n, libertad para vivir sin ansiedad, libertad para vivir tu vida y ser t\u00fa mismo, libertad para confiar en ti mismo y en el mundo, libertad para amarte y aceptarte a ti mismo, libertad para vivir una vida feliz y armoniosa.<br \/><strong> La caja de baraja \u201cLa Libertad\u201d se presenta en dos opciones de dise\u00f1o (foto adjunta). Al realizar el pedido, indica en los comentarios qu\u00e9 caja te gustar\u00eda: azul con la naturaleza (camisetas \u2013 el cielo) o azul con un faro (camisetas \u2013 estrellas).<\/strong><br \/> El \u00e1rea de aplicaci\u00f3n de las cartas es la ayuda en el trabajo con diversos estados emocionales negativos, creencias destructivas, obst\u00e1culos al objetivo, perfeccionismo, baja autoestima, miedos, ansiedad, estr\u00e9s, psicosom\u00e1tica y otras necesidades.<br \/>La baraja se puede utilizar para trabajar con el ni\u00f1o interior, para buscar recursos, oportunidades y significado en situaciones dif\u00edciles de la vida; para trabajar con el tema de la elecci\u00f3n, los conflictos internos y externos, el trauma, el duelo, la p\u00e9rdida, las crisis.<br \/>Las cartas de La Libertad est\u00e1n destinadas a psic\u00f3logos, coaches y especialistas en el trabajo con cartas metaf\u00f3ricas. Aptas tanto para profesionales como para principiantes.<br \/>La Libertad se puede utilizar como una baraja universal y de recursos. Las im\u00e1genes y las historias son multifac\u00e9ticas: en ellas se pueden encontrar problemas y soluciones, obst\u00e1culos y oportunidades. Es adecuada para el trabajo individual y en grupo con adultos, ni\u00f1os de primaria y adolescentes.<br \/>Las cartas brillantes y coloridas son met\u00e1foras de sentimientos, procesos internos, situaciones de la vida y recursos. Fen\u00f3menos naturales, paisajes, im\u00e1genes de animales, plantas, personas y escenas fueron dibujados en acuarelas espec\u00edficamente para la baraja \u201cLa Libertad\u201d de enero a junio de 2020.<br \/>Ejemplos de trabajo con tarjetas:<br \/>Direcci\u00f3n de desarrollo <br \/>Mapa 1. \u00bfDe qu\u00e9 est\u00e1 llena la vida del cliente ahora?<br \/> Mapa 2. El cliente, sus talentos y habilidades.<br \/> Mapa 3. Valores del cliente.<br \/> Mapa 4. Direcciones de desarrollo.<br \/>Actualizar<br \/> Mapa 1. \u00bfQu\u00e9 requiere renovaci\u00f3n y cambio?<br \/> Mapa 2. \u00bfQu\u00e9 impide al cliente pasar a una nueva etapa (pensamientos, creencias, circunstancias, sentimientos)?<br \/> Mapa 3. \u00bfQu\u00e9 miedos y dudas es hora de dejar atr\u00e1s?<br \/> Mapa 4. Es hora de dejar entrar algo nuevo a la vida, por d\u00f3nde empezar<br \/>Trabajando con objetivos<br \/>Tarjeta 1. Problema o cliente en el contexto de una solicitud.<br \/> Mapa 2. Meta, estado deseado.<br \/> Mapa 3. \u00bfQu\u00e9 te impide lograr lo que quieres (creencias, obst\u00e1culos, circunstancias, actitudes)?<br \/> Mapa 4. Recursos y capacidades del cliente.<br \/> Mapa 5. Acciones, pasos.<br \/>Relaciones<br \/>Mapa 1. \u00bfDe qu\u00e9 est\u00e1n llenas las relaciones?<br \/> Tarjeta 2. \u00bfQu\u00e9 falta en las relaciones?<br \/> Carta 3. \u00bfQu\u00e9 ayudar\u00e1 a armonizar las relaciones?<br \/>Trabajando con sentimientos, emociones, estados.<br \/>Mapa 1. \u00bfQu\u00e9 sentimientos, emociones y estados negativos est\u00e1n presentes en la vida ahora?<br > Tarjeta 2. \u00bfQu\u00e9 provoc\u00f3 los sentimientos negativos?<br \/> Tarjeta 3. (Una o m\u00e1s tarjetas.) \u00bfDe qu\u00e9 sentimientos, estados, emociones quieres llenar tu vida?<br \/> Tarjeta 4. \u00bfQu\u00e9 te ayudar\u00e1 a llenar tu vida de emociones y sentimientos positivos?<\/p>","protected":false},"excerpt":{"rendered":"<p>Autora: Anna Sudneko \u2013 psic\u00f3loga cl\u00ednica, neuropsic\u00f3loga, terapeuta de arte, psic\u00f3loga familiar, supervisora, especialista certificada en trabajo con cartas metaf\u00f3ricas, psicosom\u00e1tica;<\/p>","protected":false},"featured_media":1913,"comment_status":"open","ping_status":"open","template":"","meta":[],"product_brand":[],"product_cat":[27],"product_tag":[],"class_list":{"0":"post-1912","1":"product","2":"type-product","3":"status-publish","4":"has-post-thumbnail","6":"product_cat-universal","8":"first","9":"outofstock","10":"purchasable","11":"product-type-simple"},"_links":{"self":[{"href":"https:\/\/shercards.com\/es\/wp-json\/wp\/v2\/product\/1912","targetHints":{"allow":["GET"]}}],"collection":[{"href":"https:\/\/shercards.com\/es\/wp-json\/wp\/v2\/product"}],"about":[{"href":"https:\/\/shercards.com\/es\/wp-json\/wp\/v2\/types\/product"}],"replies":[{"embeddable":true,"href":"https:\/\/shercards.com\/es\/wp-json\/wp\/v2\/comments?post=1912"}],"wp:featuredmedia":[{"embeddable":true,"href":"https:\/\/shercards.com\/es\/wp-json\/wp\/v2\/media\/1913"}],"wp:attachment":[{"href":"https:\/\/shercards.com\/es\/wp-json\/wp\/v2\/media?parent=1912"}],"wp:term":[{"taxonomy":"product_brand","embeddable":true,"href":"https:\/\/shercards.com\/es\/wp-json\/wp\/v2\/product_brand?post=1912"},{"taxonomy":"product_cat","embeddable":true,"href":"https:\/\/shercards.com\/es\/wp-json\/wp\/v2\/product_cat?post=1912"},{"taxonomy":"product_tag","embeddable":true,"href":"https:\/\/shercards.com\/es\/wp-json\/wp\/v2\/product_tag?post=1912"}],"curies":[{"name":"wp","href":"https:\/\/api.w.org\/{rel}","templated":true}]}}