{"id":1955,"date":"2024-08-04T14:08:05","date_gmt":"2024-08-04T14:08:05","guid":{"rendered":"https:\/\/shercards.com\/index.php\/product\/metaphorical-cards-tales-of-wanderings\/"},"modified":"2025-10-20T10:38:21","modified_gmt":"2025-10-20T10:38:21","slug":"metaphorical-cards-tales-of-wanderings","status":"publish","type":"product","link":"https:\/\/shercards.com\/es\/producto\/metaphorical-cards-tales-of-wanderings\/","title":{"rendered":"Tarjetas metaf\u00f3ricas \u201cCuentos de andanzas\u201d"},"content":{"rendered":"<p>Autor del texto: Victoria Gashinskaya<br \/> <\/br> Artista: Serafima Atayants Contenido:nbsp; <\/p>\n<ul>\n<li>15 postales de doble cara<\/li>\n<li>cubierta con instrucciones<\/li>\n<li>Versiones vocales de cuentos de hadas con derechos de autor y opciones para trabajar con ellas (enlace) <\/li>\n<\/ul>\n<p> <\/br> Cuentos de Andanzas son postales metaf\u00f3ricas sobre los viajes internos y externos, sobre la importancia del encuentro con uno mismo, sobre el mundo y sus caminos, sobre la unidad del hombre y el Universo, ni\u00f1os y adultos, lo privado y lo infinito, sobre la belleza, la magia y la bendici\u00f3n de los caminos de la tierra. <br \/> Cuentos de Andanzas son postales para aquellos que sue\u00f1an y dan vida a sus preciados sue\u00f1os, para aquellos que traen lo Nuevo, dejando en el coraz\u00f3n los recovecos del camino recorrido, para aquellos que se inspiran en tocar la belleza y la poes\u00eda de lo cotidiano, para ver profundidad en lo familiar. <br \/>Tales of Wanderings te permitir\u00e1 salir de los automatismos cotidianos y devolver el placer del momento capturado en una experiencia creativa.<br \/> El conjunto incluye 15 im\u00e1genes y 15 cuentos meditativos que pueden utilizarse en el trabajo de un psic\u00f3logo, arteterapeuta, formador, coach, l\u00edder de reuniones de mujeres, y simplemente por placer y alegr\u00eda, y tambi\u00e9n como fuente de inspiraci\u00f3n y medio de autoconocimiento, un tema para una conversaci\u00f3n \u00edntima en un c\u00edrculo de amigos, un mensaje metaf\u00f3rico para el d\u00eda, un regalo, un elemento de un collage y parte de un espacio creativo individual.<br \/>Cada postal est\u00e1 provista de un c\u00f3digo QR, al hacer clic en \u00e9l se puede escuchar la versi\u00f3n de voz del autor del cuento de hadas y encontrar opciones para practicar con ellas. El trabajo se puede realizar con todo el conjunto o con cada postal por separado: depende de los objetivos, los deseos y la imaginaci\u00f3n de quien tenga las postales en sus manos.<br \/>Las im\u00e1genes y los cuentos de hadas se dirigen a la realidad de la imaginaci\u00f3n, a la realidad primaria del hombre, al territorio mismo en el que puedes crear y explorar libremente tu \u201cquiero\u201d y \u201cpuedo\u201d, sumergirte en ellos, nutri\u00e9ndolos, san\u00e1ndolos, d\u00e1ndoles direcci\u00f3n, allanando el camino para encarnarlos en la vida real. <br \/>Las postales se pueden utilizar solas o como parte de pr\u00e1cticas art\u00edsticas combinadas con elementos de dibujo y movimiento, para crear instalaciones, ejercicios narrativos, durante eventos al aire libre y reuniones tem\u00e1ticas, meditaciones guiadas.<br \/>Al observar im\u00e1genes y leer cuentos de hadas, puedes pensar en preguntas universales:<br \/> \u2013 \u00bfDe qu\u00e9 trata este cuento de hadas para ti? <br \/> \u2013 \u00bfQu\u00e9 sentimientos y pensamientos te evoca?<br \/> \u2013 \u00bfQu\u00e9 im\u00e1genes, personajes, palabras llaman especialmente tu atenci\u00f3n? <br \/> \u2013 \u00bfQu\u00e9 ocurre en la imagen? \u00bfQu\u00e9 parte te gusta especialmente? \u00bfQu\u00e9 significa eso para ti ahora?<br \/> \u2013 \u00bfQu\u00e9 cosas importantes te recuerda este cuento de hadas?<br \/> \u2013 \u00bfQu\u00e9 fuerza puedes sacar de este cuento y de esta ilustraci\u00f3n? <br \/> <\/br> Opciones de preguntas para reflexionar sobre cada cuento las encontrar\u00e1s en los materiales adicionales utilizando el c\u00f3digo QR.<\/p>\n<p> \u00a1Le deseamos felices viajes y descubrimientos inspiradores!<\/p>","protected":false},"excerpt":{"rendered":"<p>Autor del texto: Victoria Gashinskaya Artista: Serafima Atayants Contenido: 15 postales de doble cara con instrucciones, versiones de voz de los cuentos de hadas<\/p>","protected":false},"featured_media":1956,"comment_status":"open","ping_status":"open","template":"","meta":[],"product_brand":[],"product_cat":[26],"product_tag":[],"class_list":{"0":"post-1955","1":"product","2":"type-product","3":"status-publish","4":"has-post-thumbnail","6":"product_cat-resources","8":"first","9":"outofstock","10":"purchasable","11":"product-type-simple"},"_links":{"self":[{"href":"https:\/\/shercards.com\/es\/wp-json\/wp\/v2\/product\/1955","targetHints":{"allow":["GET"]}}],"collection":[{"href":"https:\/\/shercards.com\/es\/wp-json\/wp\/v2\/product"}],"about":[{"href":"https:\/\/shercards.com\/es\/wp-json\/wp\/v2\/types\/product"}],"replies":[{"embeddable":true,"href":"https:\/\/shercards.com\/es\/wp-json\/wp\/v2\/comments?post=1955"}],"wp:featuredmedia":[{"embeddable":true,"href":"https:\/\/shercards.com\/es\/wp-json\/wp\/v2\/media\/1956"}],"wp:attachment":[{"href":"https:\/\/shercards.com\/es\/wp-json\/wp\/v2\/media?parent=1955"}],"wp:term":[{"taxonomy":"product_brand","embeddable":true,"href":"https:\/\/shercards.com\/es\/wp-json\/wp\/v2\/product_brand?post=1955"},{"taxonomy":"product_cat","embeddable":true,"href":"https:\/\/shercards.com\/es\/wp-json\/wp\/v2\/product_cat?post=1955"},{"taxonomy":"product_tag","embeddable":true,"href":"https:\/\/shercards.com\/es\/wp-json\/wp\/v2\/product_tag?post=1955"}],"curies":[{"name":"wp","href":"https:\/\/api.w.org\/{rel}","templated":true}]}}