{"id":2096,"date":"2024-08-04T14:23:29","date_gmt":"2024-08-04T14:23:29","guid":{"rendered":"https:\/\/shercards.com\/index.php\/product\/metaphorical-cards-cards-of-self-healing-18\/"},"modified":"2025-10-20T10:36:00","modified_gmt":"2025-10-20T10:36:00","slug":"metaphorical-cards-cards-of-self-healing-18","status":"publish","type":"product","link":"https:\/\/shercards.com\/es\/producto\/metaphorical-cards-cards-of-self-healing-18\/","title":{"rendered":"Cartas metaf\u00f3ricas \u201cCartas de autocuraci\u00f3n\u201d 18+"},"content":{"rendered":"<p>Autor: Chuck Spezzano<br \/> Artista: Petra Kuehne<br \/> Productor: Avvalon \u2013 Lo Scarabeo<br \/><strong>Contenido:<br \/> <\/br><\/strong>\u2013 libro (268 p\u00e1ginas)<br \/> \u2013 100 tarjetas <br \/>Las cartas de autocuraci\u00f3n son una herramienta que puede ayudarte a curarte a ti mismo. Te ense\u00f1ar\u00e1n a responsabilizarte de tu vida, te ayudar\u00e1n a ganar poder y te liberar\u00e1n de los obst\u00e1culos que te dificultan avanzar en el camino de la vida. Te librar\u00e1n de todas las ilusiones y de numerosas actitudes que solo traen consigo dolor y problemas.<br \/> Las cartas de autocuraci\u00f3n son otro conjunto de cartas de la artista Petra Kuehne y un libro de Chuck Spezzano, que pueden convertirse en una parte integral de la \u201cPsicolog\u00eda de la visi\u00f3n\u201d general de estos autores. Puedes usar las cartas de autocuraci\u00f3n en combinaci\u00f3n con otros conjuntos de cartas, como Arquetipos y sombras, Cartas del amor, Cartas de la sexualidad, Cartas del \u00e9xito, utiliz\u00e1ndolas para ayudar a resolver problemas psicol\u00f3gicos graves en la interpretaci\u00f3n y en todo tipo de lecturas.<\/p>","protected":false},"excerpt":{"rendered":"<p>Autor: Chuck Spezzano Artista: Petra Kuehne Productor: Avvalon \u2013 Lo ScarabeoContenido: \u2013 libro (268 p\u00e1ginas) \u2013 100 cartas Cartas autocurativas<\/p>","protected":false},"featured_media":2097,"comment_status":"open","ping_status":"open","template":"","meta":[],"product_brand":[],"product_cat":[27],"product_tag":[],"class_list":{"0":"post-2096","1":"product","2":"type-product","3":"status-publish","4":"has-post-thumbnail","6":"product_cat-universal","8":"first","9":"outofstock","10":"purchasable","11":"product-type-simple"},"_links":{"self":[{"href":"https:\/\/shercards.com\/es\/wp-json\/wp\/v2\/product\/2096","targetHints":{"allow":["GET"]}}],"collection":[{"href":"https:\/\/shercards.com\/es\/wp-json\/wp\/v2\/product"}],"about":[{"href":"https:\/\/shercards.com\/es\/wp-json\/wp\/v2\/types\/product"}],"replies":[{"embeddable":true,"href":"https:\/\/shercards.com\/es\/wp-json\/wp\/v2\/comments?post=2096"}],"wp:featuredmedia":[{"embeddable":true,"href":"https:\/\/shercards.com\/es\/wp-json\/wp\/v2\/media\/2097"}],"wp:attachment":[{"href":"https:\/\/shercards.com\/es\/wp-json\/wp\/v2\/media?parent=2096"}],"wp:term":[{"taxonomy":"product_brand","embeddable":true,"href":"https:\/\/shercards.com\/es\/wp-json\/wp\/v2\/product_brand?post=2096"},{"taxonomy":"product_cat","embeddable":true,"href":"https:\/\/shercards.com\/es\/wp-json\/wp\/v2\/product_cat?post=2096"},{"taxonomy":"product_tag","embeddable":true,"href":"https:\/\/shercards.com\/es\/wp-json\/wp\/v2\/product_tag?post=2096"}],"curies":[{"name":"wp","href":"https:\/\/api.w.org\/{rel}","templated":true}]}}