{"id":2104,"date":"2024-08-04T14:23:29","date_gmt":"2024-08-04T14:23:29","guid":{"rendered":"https:\/\/shercards.com\/index.php\/product\/metaphorical-cards-the-power-of-attraction-in-your-heart\/"},"modified":"2025-10-20T10:36:00","modified_gmt":"2025-10-20T10:36:00","slug":"metaphorical-cards-the-power-of-attraction-in-your-heart","status":"publish","type":"product","link":"https:\/\/shercards.com\/es\/producto\/metaphorical-cards-the-power-of-attraction-in-your-heart\/","title":{"rendered":"Cartas metaf\u00f3ricas \u201cEl poder de la atracci\u00f3n en tu coraz\u00f3n\u201d"},"content":{"rendered":"<p>Autor: Chuck Spezzano<br \/> Artista: Petra Kuehne<br \/> Productor: Avvalon \u2013 Lo Scarabeo<br \/><strong>Contenido:<br \/> <\/br><\/strong>\u2013 libro (238 p\u00e1ginas)<br \/> \u2013 80 tarjetas <br \/>La baraja de cartas y el libro que tienes en tus manos te ayudar\u00e1n a comprenderte a ti mismo, a tu coraz\u00f3n y a descubrir \u00eddolos, tanto de la vida como de los \u00eddolos ocultos en las profundidades de nuestro subconsciente. Las cartas te mostrar\u00e1n lo que te frena en tu vida cotidiana y c\u00f3mo el amor, la curaci\u00f3n y la ayuda te ayudar\u00e1n a darte cuenta de la relaci\u00f3n entre la felicidad y el desarrollo espiritual.<br \/> El set \u201cEl Poder de Atracci\u00f3n en Tu Coraz\u00f3n\u201d, compuesto por un libro y tarjetas, lo podr\u00e1s utilizar para resolver tus problemas cotidianos, te ayudar\u00e1n a comprender la cosmovisi\u00f3n desde un punto de vista psicol\u00f3gico-espiritual o transpersonal.<br \/> El valor principal de este juego de cartas es que te ayudan a explorar los problemas ocultos que se interponen en tu camino hacia el \u00e9xito y el desarrollo, en el camino del amor y la alegr\u00eda. Estas cartas se pueden utilizar en combinaci\u00f3n con otras cartas, como \u201cArquetipos y sombras\u201d, \u201cCartas del amor\u201d, \u201cCartas de la sexualidad\u201d, \u201cCartas del \u00e9xito\u201d, para crear una imagen detallada de tu personalidad, revelar casos ocultos e invocar los principios de curaci\u00f3n que finalmente te devolver\u00e1n a una vida feliz.<br \/> <\/br><\/p>","protected":false},"excerpt":{"rendered":"<p>Autor: Chuck Spezzano Artista: Petra Kuehne Productor: Avvalon \u2013 Lo ScarabeoContenido: \u2013 libro (238 p\u00e1ginas) \u2013 80 cartas La baraja<\/p>","protected":false},"featured_media":2105,"comment_status":"open","ping_status":"open","template":"","meta":[],"product_brand":[],"product_cat":[27],"product_tag":[],"class_list":{"0":"post-2104","1":"product","2":"type-product","3":"status-publish","4":"has-post-thumbnail","6":"product_cat-universal","8":"first","9":"outofstock","10":"purchasable","11":"product-type-simple"},"_links":{"self":[{"href":"https:\/\/shercards.com\/es\/wp-json\/wp\/v2\/product\/2104","targetHints":{"allow":["GET"]}}],"collection":[{"href":"https:\/\/shercards.com\/es\/wp-json\/wp\/v2\/product"}],"about":[{"href":"https:\/\/shercards.com\/es\/wp-json\/wp\/v2\/types\/product"}],"replies":[{"embeddable":true,"href":"https:\/\/shercards.com\/es\/wp-json\/wp\/v2\/comments?post=2104"}],"wp:featuredmedia":[{"embeddable":true,"href":"https:\/\/shercards.com\/es\/wp-json\/wp\/v2\/media\/2105"}],"wp:attachment":[{"href":"https:\/\/shercards.com\/es\/wp-json\/wp\/v2\/media?parent=2104"}],"wp:term":[{"taxonomy":"product_brand","embeddable":true,"href":"https:\/\/shercards.com\/es\/wp-json\/wp\/v2\/product_brand?post=2104"},{"taxonomy":"product_cat","embeddable":true,"href":"https:\/\/shercards.com\/es\/wp-json\/wp\/v2\/product_cat?post=2104"},{"taxonomy":"product_tag","embeddable":true,"href":"https:\/\/shercards.com\/es\/wp-json\/wp\/v2\/product_tag?post=2104"}],"curies":[{"name":"wp","href":"https:\/\/api.w.org\/{rel}","templated":true}]}}