{"id":211,"date":"2024-08-04T11:10:16","date_gmt":"2024-08-04T11:10:16","guid":{"rendered":"https:\/\/shercards.com\/index.php\/product\/set-of-text-cards-psychosomatics-secondary-benefits-and-symptom-messages\/"},"modified":"2025-10-20T10:48:19","modified_gmt":"2025-10-20T10:48:19","slug":"set-of-text-cards-psychosomatics-secondary-benefits-and-symptom-messages","status":"publish","type":"product","link":"https:\/\/shercards.com\/es\/producto\/set-of-text-cards-psychosomatics-secondary-benefits-and-symptom-messages\/","title":{"rendered":"Conjunto de tarjetas de texto \u201cPsicosom\u00e1tica: Beneficios secundarios y mensajes sintom\u00e1ticos\u201d"},"content":{"rendered":"<p>Incluido en el kit para trabajar con necesidades psicosom\u00e1ticas<br \/> <\/br><br \/> <\/br>Autores de la baraja: Evgenia Baksan<br \/> Editorial MACards <br \/> <\/br> Contenido:<br \/> \u2013 Tarjetas de texto tem\u00e1ticas \u2013 100 uds.:<br \/> \u2022 \u201cBeneficios secundarios\u201d 40 uds.<br \/> \u2022 \u201cMensajes de s\u00edntomas\u201d 60 uds.<br \/> - Instrucciones. <br \/> <\/br> El conjunto de Beneficios Secundarios incluye 40 beneficios comunes; el \u201cbeneficio\u201d que recibe una persona en presencia de un s\u00edntoma.<br \/> Los beneficios secundarios son el beneficio positivo inconsciente que supone la presencia de una situaci\u00f3n insatisfactoria.<br \/> El kit es una herramienta universal para trabajar con beneficios secundarios en el trabajo con el tema de la psicosom\u00e1tica, as\u00ed como en cualquier otra solicitud. <br \/> <\/br> Tambi\u00e9n se puede utilizar como herramienta para trabajar con los beneficios primarios: las razones originales que provocaron el s\u00edntoma (situaci\u00f3n). <br \/> <\/br> El conjunto tambi\u00e9n es adecuado para el estudio de necesidades no satisfechas.<br \/> El conjunto \u201cMensajes de un S\u00edntoma\u201d incluye 60 mensajes del alma nunca antes escuchados, que se transmiten a trav\u00e9s del cuerpo.<br \/> El conjunto es una herramienta universal para trabajar con aquello que es importante comprender para armonizar la situaci\u00f3n al trabajar con el tema de la psicosom\u00e1tica, as\u00ed como en cualquier otra solicitud. <br \/> <\/br> El conjunto tambi\u00e9n es adecuado como herramienta para investigar recursos.<br \/> Tambi\u00e9n se puede utilizar como consejos para solucionar cualquier situaci\u00f3n. <\/br><\/p>","protected":false},"excerpt":{"rendered":"<p>Incluido en el kit para trabajar con necesidades psicosom\u00e1ticas Autores de la baraja: Evgenia Baksan Editorial MACards Contenido: \u2013 Texto tem\u00e1tico<\/p>","protected":false},"featured_media":212,"comment_status":"open","ping_status":"open","template":"","meta":[],"product_brand":[],"product_cat":[29],"product_tag":[],"class_list":{"0":"post-211","1":"product","2":"type-product","3":"status-publish","4":"has-post-thumbnail","6":"product_cat-text","8":"first","9":"outofstock","10":"purchasable","11":"product-type-simple"},"_links":{"self":[{"href":"https:\/\/shercards.com\/es\/wp-json\/wp\/v2\/product\/211","targetHints":{"allow":["GET"]}}],"collection":[{"href":"https:\/\/shercards.com\/es\/wp-json\/wp\/v2\/product"}],"about":[{"href":"https:\/\/shercards.com\/es\/wp-json\/wp\/v2\/types\/product"}],"replies":[{"embeddable":true,"href":"https:\/\/shercards.com\/es\/wp-json\/wp\/v2\/comments?post=211"}],"wp:featuredmedia":[{"embeddable":true,"href":"https:\/\/shercards.com\/es\/wp-json\/wp\/v2\/media\/212"}],"wp:attachment":[{"href":"https:\/\/shercards.com\/es\/wp-json\/wp\/v2\/media?parent=211"}],"wp:term":[{"taxonomy":"product_brand","embeddable":true,"href":"https:\/\/shercards.com\/es\/wp-json\/wp\/v2\/product_brand?post=211"},{"taxonomy":"product_cat","embeddable":true,"href":"https:\/\/shercards.com\/es\/wp-json\/wp\/v2\/product_cat?post=211"},{"taxonomy":"product_tag","embeddable":true,"href":"https:\/\/shercards.com\/es\/wp-json\/wp\/v2\/product_tag?post=211"}],"curies":[{"name":"wp","href":"https:\/\/api.w.org\/{rel}","templated":true}]}}