{"id":2158,"date":"2024-08-04T14:28:44","date_gmt":"2024-08-04T14:28:44","guid":{"rendered":"https:\/\/shercards.com\/index.php\/product\/metaphorical-associative-cards-me-and-everything-everything-everything-box\/"},"modified":"2025-10-20T10:36:00","modified_gmt":"2025-10-20T10:36:00","slug":"metaphorical-associative-cards-me-and-everything-everything-everything-box","status":"publish","type":"product","link":"https:\/\/shercards.com\/es\/producto\/metaphorical-associative-cards-me-and-everything-everything-everything-box\/","title":{"rendered":"Tarjetas asociativas metaf\u00f3ricas \u201cYo y todo, todo, todo\u201d (caja)"},"content":{"rendered":"<p><strong>Autor:<\/strong>nbsp;Camilla Kruger<br \/> Artista: Victoria Kirdiy<\/br><br \/><strong>Contenido:<\/strong> <\/p>\n<ul>\n<li>Tarjetas asociativas metaf\u00f3ricas \u2013 50 uds.<\/li>\n<li>Folleto de instrucciones<\/li>\n<li>Caja de almacenamiento<\/li>\n<\/ul>\n<p> El juego de cartas con dibujos positivos de Victoria Kirdiy te ayudar\u00e1 a prepararte para trabajar con temas infantiles, encontrar recursos internos o, al contrario, descubrir traumas infantiles, realizar y definir sue\u00f1os, planes y valores. Se convertir\u00e1 en una herramienta \u00fatil tanto en el entrenamiento para el desarrollo de la creatividad y la flexibilidad de pensamiento, como en el c\u00edrculo familiar para el desarrollo de la memoria y la atenci\u00f3n. Junto con las cartas \u201cYo y todos los dem\u00e1s\u201d, es f\u00e1cil introducir un elemento de juego en el tiempo libre familiar, evocar emociones positivas y crear un estado de \u00e1nimo alegre para la pr\u00f3xima semana.<br \/>Las tarjetas se pueden utilizar en trabajos individuales y en grupo no s\u00f3lo con ni\u00f1os, sino tambi\u00e9n con adultos.<br \/> <\/br><\/br><\/p>","protected":false},"excerpt":{"rendered":"<p>Autor: Kruger Camilla Artista: Victoria Kirdiy Contenido: Tarjetas asociativas metaf\u00f3ricas - 50 uds. Folleto de instrucciones Caja de almacenamiento Un juego de tarjetas con<\/p>","protected":false},"featured_media":2159,"comment_status":"open","ping_status":"open","template":"","meta":[],"product_brand":[],"product_cat":[25],"product_tag":[],"class_list":{"0":"post-2158","1":"product","2":"type-product","3":"status-publish","4":"has-post-thumbnail","6":"product_cat-children-teenagers-inner-child","8":"first","9":"outofstock","10":"product-type-simple"},"_links":{"self":[{"href":"https:\/\/shercards.com\/es\/wp-json\/wp\/v2\/product\/2158","targetHints":{"allow":["GET"]}}],"collection":[{"href":"https:\/\/shercards.com\/es\/wp-json\/wp\/v2\/product"}],"about":[{"href":"https:\/\/shercards.com\/es\/wp-json\/wp\/v2\/types\/product"}],"replies":[{"embeddable":true,"href":"https:\/\/shercards.com\/es\/wp-json\/wp\/v2\/comments?post=2158"}],"wp:featuredmedia":[{"embeddable":true,"href":"https:\/\/shercards.com\/es\/wp-json\/wp\/v2\/media\/2159"}],"wp:attachment":[{"href":"https:\/\/shercards.com\/es\/wp-json\/wp\/v2\/media?parent=2158"}],"wp:term":[{"taxonomy":"product_brand","embeddable":true,"href":"https:\/\/shercards.com\/es\/wp-json\/wp\/v2\/product_brand?post=2158"},{"taxonomy":"product_cat","embeddable":true,"href":"https:\/\/shercards.com\/es\/wp-json\/wp\/v2\/product_cat?post=2158"},{"taxonomy":"product_tag","embeddable":true,"href":"https:\/\/shercards.com\/es\/wp-json\/wp\/v2\/product_tag?post=2158"}],"curies":[{"name":"wp","href":"https:\/\/api.w.org\/{rel}","templated":true}]}}