{"id":2174,"date":"2024-08-04T14:30:24","date_gmt":"2024-08-04T14:30:24","guid":{"rendered":"https:\/\/shercards.com\/index.php\/product\/set-of-cards-field-childhood-secrets\/"},"modified":"2025-10-20T10:36:00","modified_gmt":"2025-10-20T10:36:00","slug":"set-of-cards-field-childhood-secrets","status":"publish","type":"product","link":"https:\/\/shercards.com\/es\/producto\/set-of-cards-field-childhood-secrets\/","title":{"rendered":"Juego de cartas + campo \u201cSecretos de la infancia\u201d"},"content":{"rendered":"<p><strong>Autor:<\/strong> Liudmila Ivanovskaya <\/p>\n<p class=\"p4_mr_css_attr\"> <strong>El set incluye 5 barajas:<\/strong> <\/p>\n<li class=\"li4_mr_css_attr\">Recurso (77 cartas)<\/li>\n<li class=\"li4_mr_css_attr\">Lesi\u00f3n (77 cartas)<\/li>\n<li class=\"li4_mr_css_attr\">Quiero (77 cartas)<\/li>\n<li class=\"li4_mr_css_attr\">Fant\u00e1stico (77 cartas)<\/li>\n<li class=\"li4_mr_css_attr\">Mensajesnbsp;nbsp;(80 tarjetas)<\/li>\n<li>Campo para el set \u201cSecretos de la Infancia\u201d<\/li>\n<p class=\"p4_mr_css_attr\"> Gu\u00eda para la pr\u00e1ctica: <\/p>\n<ul class=\"ul1_mr_css_attr\">\n<li class=\"li4_mr_css_attr\">Descripci\u00f3n de las cubiertas<\/li>\n<li class=\"li4_mr_css_attr\">T\u00e9cnicas y m\u00e9todos de trabajo<\/li>\n<\/ul>\n<p class=\"p4_mr_css_attr\"> El conjunto se puede utilizar como herramienta independiente para la pr\u00e1ctica, o como complemento de cualquier juego de coaching, psicol\u00f3gico, de transformaci\u00f3n, as\u00ed como para entrenamientos. Puedes utilizar las barajas en diferentes combinaciones y opciones, inventando t\u00fa mismo instrucciones, preguntas y m\u00e9todos para trabajar con las peticiones. <\/p>\n<p> El conjunto de tarjetas psicol\u00f3gicas transformacionales \u201cLos Secretos de la Infancia\u201d es una herramienta eficaz para psic\u00f3logos, entrenadores, personas con profesiones de ayuda, as\u00ed como para todos aquellos interesados en la psicolog\u00eda y el desarrollo personal, que est\u00e9n cerca de trabajar con el Ni\u00f1o Interior. <\/p>\n<p class =\"p4_mr_css_attr\"> <strong>El alcance de trabajo del kit.<\/strong><br \/> <\/br>El ni\u00f1o interior afecta absolutamente todas las \u00e1reas de nuestra vida: <\/p>\n<ul class=\"ul1_mr_css_attr\">\n<li class=\"li4_mr_css_attr\">Autorrealizaci\u00f3n<\/li>\n<li class=\"li4_mr_css_attr\">relaciones<\/li>\n<li class=\"li4_mr_css_attr\">Establecer y alcanzar metas <\/li>\n<li class=\"li4_mr_css_attr\">esfera material<\/li>\n<li class=\"li4_mr_css_attr\">transici\u00f3n a un nuevo nivel (vida, bienestar, relaciones)<\/li>\n<li class=\"li4_mr_css_attr\">situaciones de vida complejas (conciencia de las causas, b\u00fasqueda de recursos, curaci\u00f3n de heridas)<\/li>\n<li class=\"li4_mr_css_attr\">Realizaci\u00f3n social (nuevo trabajo, profesi\u00f3n, b\u00fasqueda de negocio propio)<\/li>\n<li class=\"li4_mr_css_attr\">salida de la crisis<\/li>\n<\/ul>\n<p class=\"p4_mr_css_attr\"> Al hacer preguntas y recibir respuestas, podemos: <\/p>\n<ul class=\"ul1_mr_css_attr\">\n<li class=\"li4_mr_css_attr\">avanzar en la comprensi\u00f3n de la situaci\u00f3n espec\u00edfica de tu vida;<\/li>\n<li class=\"li4_mr_css_attr\">aclarar relaciones problem\u00e1ticas<\/li>\n<li class=\"li4_mr_css_attr\">comprender la raz\u00f3n por la cual te detienes en tu camino de vida<\/li>\n<li class=\"li4_mr_css_attr\">avanzar en la realizaci\u00f3n de tu intenci\u00f3n o meta<\/li>\n<li class=\"li4_mr_css_attr\">trabaja con tu dolor<\/li>\n<li class=\"li4_mr_css_attr\">Con\u00e9ctate con el recurso de tu ni\u00f1o interior<\/li>\n<\/ul>\n<p class=\"p1_mr_css_attr\"> Baraja de \u201cRecursos\u201d o \u201cCartas Radiantes\u201d.<br \/> <\/br>Esta baraja te recordar\u00e1 los tesoros que posees. La carta radiactiva dice que tienes mucha energ\u00eda de esta cualidad y hubo una situaci\u00f3n en tu vida, y tal vez m\u00e1s de una, en la que demostraste exactamente eso. <\/p>\n<p class=\"p1_mr_css_attr\"> Baraja de mensajes.<br \/> <\/br>Estos son mensajes de apoyo para tu ni\u00f1o interior. Esto es lo que necesita saber o escuchar. Puede estar relacionado con la situaci\u00f3n actual de tu vida, o puede ser un eco de un pasado lejano, donde te falt\u00f3 apoyo, amor, permiso, protecci\u00f3n. Cada mensaje corresponde a una edad espec\u00edfica (fase de desarrollo, desde la concepci\u00f3n hasta la adolescencia) y a una necesidad espec\u00edfica de tu ni\u00f1o interior. <\/p>\n<p class=\"p1_mr_css_attr\"> Baraja &quot;quiero&quot;.<br \/> <\/br>Esta es una baraja de nuestras necesidades infantiles, para las cuales acudimos a nuestros seres queridos (mam\u00e1, pap\u00e1, abuelas, etc.). Algunas necesidades fueron satisfechas, otras no. Y depende de qu\u00e9 tanto consciente o inconscientemente establezcamos y realicemos nuestras metas, qu\u00e9 tan satisfechos estemos con nuestra vida. <\/p>\n<p class=\"p4_mr_css_attr\"> Baraja de trauma.<br \/> <\/br>El trauma es un acontecimiento en la vida de una persona que va m\u00e1s all\u00e1 de las experiencias humanas ordinarias. El trauma es una experiencia dentro de nosotros cuando no ten\u00edamos suficientes recursos para sobrevivir al dolor. Detr\u00e1s de cada situaci\u00f3n dolorosa en nuestra vida hay un ni\u00f1o herido (traumatizado). Si quieres saber qu\u00e9 trauma infantil te est\u00e1 obstaculizando en el presente, formula una petici\u00f3n. Elige un \u00e1rea, esfera, relaci\u00f3n donde experimentes tensi\u00f3n, dolor, malestar. Por ejemplo: \u201cMi ni\u00f1o herido interior, que se est\u00e1 manifestando en mi vida en este momento es..\u201d y saca una tarjeta. <\/p>\n<p class=\"p1_mr_css_attr\"> Baraja fant\u00e1stica.<br \/> <\/br>Recuerda cuando \u00e9ramos ni\u00f1os, lo mucho que nos divert\u00eda el juego. Nuestro ni\u00f1o interior es muy juguet\u00f3n y espont\u00e1neo. Le encanta divertirse y divertirse. Esta baraja te ayudar\u00e1 a entrar en contacto con tu Ni\u00f1o Interior, despertarlo y avivarlo. <\/p>\n<p> <strong>El conjunto tambi\u00e9n se puede utilizar como juego.<br \/> Objetivo del juego: <\/br><\/strong>En cada intenci\u00f3n, deseo o meta se encuentra la experiencia infantil de una persona, lo que la impulsa. Experiencia que se forma en la infancia. El juego del ni\u00f1o interior permite trabajar profundamente con la petici\u00f3n (intenci\u00f3n) del participante:<br \/>\u2014 Reconocer los recursos que se encuentran en nuestra experiencia infantil y activarlos.<br \/> \u2014 Sanar los traumas que nos impiden conseguir lo que queremos<br \/> \u2014 Ver las necesidades que nos impulsan<br \/> \u2013 Recorre el camino de la sanaci\u00f3n del ni\u00f1o interior<br \/> \u2013 Recibir mensajes de apoyo y habilitaci\u00f3n que hagan real el logro del objetivo.<br \/> \u2013 Lib\u00e9rate de los guiones rotos<br \/>Antes de comenzar el juego: El jugador establece su intenci\u00f3n, comenzando con las palabras \u201cTengo la intenci\u00f3n de\u2026\u201d, y la escribe en la hoja de juego.<br \/> Por ejemplo:<br \/> \u201cTengo la intenci\u00f3n de recibir un ingreso mensual de 500 mil rublos\u201d:;<br \/> \u201cTengo intenci\u00f3n de encontrar un trabajo que me satisfaga\u201d;<br \/> \u201cTengo la intenci\u00f3n de construir una relaci\u00f3n con\u2026\u201d;<br \/> \u201cTengo intenci\u00f3n de convertirme en m\u00ed mismo\u201d;<br \/> \u201cTengo la intenci\u00f3n de encontrar mi prop\u00f3sito\u201d y etc. <\/br><\/br><\/p>","protected":false},"excerpt":{"rendered":"<p>Autor: Lyudmila Ivanovskaya El conjunto incluye 5 barajas: Recurso (77 cartas) Lesi\u00f3n (77 cartas) Quiero (77 cartas) Fant (77 cartas)<\/p>","protected":false},"featured_media":2175,"comment_status":"open","ping_status":"open","template":"","meta":[],"product_brand":[],"product_cat":[25],"product_tag":[],"class_list":{"0":"post-2174","1":"product","2":"type-product","3":"status-publish","4":"has-post-thumbnail","6":"product_cat-children-teenagers-inner-child","8":"first","9":"outofstock","10":"product-type-simple"},"_links":{"self":[{"href":"https:\/\/shercards.com\/es\/wp-json\/wp\/v2\/product\/2174","targetHints":{"allow":["GET"]}}],"collection":[{"href":"https:\/\/shercards.com\/es\/wp-json\/wp\/v2\/product"}],"about":[{"href":"https:\/\/shercards.com\/es\/wp-json\/wp\/v2\/types\/product"}],"replies":[{"embeddable":true,"href":"https:\/\/shercards.com\/es\/wp-json\/wp\/v2\/comments?post=2174"}],"wp:featuredmedia":[{"embeddable":true,"href":"https:\/\/shercards.com\/es\/wp-json\/wp\/v2\/media\/2175"}],"wp:attachment":[{"href":"https:\/\/shercards.com\/es\/wp-json\/wp\/v2\/media?parent=2174"}],"wp:term":[{"taxonomy":"product_brand","embeddable":true,"href":"https:\/\/shercards.com\/es\/wp-json\/wp\/v2\/product_brand?post=2174"},{"taxonomy":"product_cat","embeddable":true,"href":"https:\/\/shercards.com\/es\/wp-json\/wp\/v2\/product_cat?post=2174"},{"taxonomy":"product_tag","embeddable":true,"href":"https:\/\/shercards.com\/es\/wp-json\/wp\/v2\/product_tag?post=2174"}],"curies":[{"name":"wp","href":"https:\/\/api.w.org\/{rel}","templated":true}]}}