{"id":218,"date":"2024-08-04T11:12:12","date_gmt":"2024-08-04T11:12:12","guid":{"rendered":"https:\/\/shercards.com\/index.php\/product\/metaphorical-cards-with-resource-fairy-tales-the-girl-and-the-whale\/"},"modified":"2025-10-20T10:48:19","modified_gmt":"2025-10-20T10:48:19","slug":"metaphorical-cards-with-resource-fairy-tales-the-girl-and-the-whale","status":"publish","type":"product","link":"https:\/\/shercards.com\/es\/producto\/metaphorical-cards-with-resource-fairy-tales-the-girl-and-the-whale\/","title":{"rendered":"Tarjetas metaf\u00f3ricas con recursos del cuento de hadas \u201cLa ni\u00f1a y la ballena\u201d"},"content":{"rendered":"<p>Autor, artista: Daria Grosheva<\/p>\n<p> La ballena es el animal m\u00e1s grande del planeta, su poder y fuerza no dejan a nadie indiferente. Durante un per\u00edodo dif\u00edcil de mi vida, una ballena apareci\u00f3 en forma de imagen en un cuadro que me regalaron como talism\u00e1n, y luego se materializ\u00f3 en forma de persona, gracias a la cual pude atravesar la parte dif\u00edcil de mi camino y crecer espiritualmente, y luego la ballena se convirti\u00f3 en mi s\u00edmbolo de apoyo interior, una presencia poderosa en cada uno de nosotros, algo m\u00e1s grande que nosotros mismos. \u201cLa ni\u00f1a y la ballena\u201d es mi historia personal de transformaci\u00f3n de un dolor mental severo en un enorme recurso interior. Cada cuadro y cuento de hadas de la historia sobre la ni\u00f1a y la ballena lleva una poderosa carga positiva e inspiraci\u00f3n para todos los que interact\u00faan con \u00e9l. Toca el milagro t\u00fa tambi\u00e9n\u2026<\/p>\n<p> Equipo:<br \/> \u25cfnbsp;nbsp;nbsp ;nbsp;20 dibujos de acuarela positivos;<br \/> \u25cfnbsp;nbsp;nbsp;nbsp;20 recursos de cuentos de hadas para inspirarse en el reverso;<br \/> \u25cfnbsp;nbsp;nbsp;nbsp;C\u00f3digo QR con la sorprendente historia de la creaci\u00f3n de \u201cGirls\u201d y una ballena\u201d, as\u00ed como materiales de regalo para descargar (tarjetas motivacionales y salvapantallas para tu tel\u00e9fono con una ni\u00f1a y una ballena)<\/p>\n<p> El conjunto de postales metaf\u00f3ricas \u201cNi\u00f1a y ballena\u201d est\u00e1 destinado al trabajo de especialistas, psic\u00f3logos, as\u00ed como para uso personal y b\u00fasqueda de apoyo interno e inspiraci\u00f3n. <\/p>\n<p> La forma m\u00e1s sencilla de trabajar con estos materiales es sacar una postal cualquiera y leer el cuento que est\u00e1 escrito en el reverso. Una buena historia que salga del coraz\u00f3n y un bonito dibujo te pondr\u00e1n de buen humor. <\/p>\n<p> Tambi\u00e9n puedes trabajar solo con dibujos, eligiendo una postal que te guste e interpretando la historia representada sobre una ni\u00f1a y una ballena en el contexto de tu vida y tu conciencia. Preguntas como: \u00bfC\u00f3mo me siento al mirar el dibujo? \u00bfDe qu\u00e9 trata esta historia? \u00bfQu\u00e9 est\u00e1n haciendo la ni\u00f1a y la ballena? \u00bfMe siento bien ahora al mirarlas? \u00bfQu\u00e9 quiero mejorar? \u00bfQu\u00e9 m\u00e1s me trae felicidad?<\/p>\n<p> Para un trabajo m\u00e1s profundo, es necesario formular una pregunta abierta a la que se desea encontrar una respuesta, elegir un dibujo de un conjunto, centr\u00e1ndose en las sensaciones internas, pensar detenidamente, comprender sus emociones asociadas con la pregunta y el dibujo, y luego leer la historia del reverso. Y aqu\u00ed es donde comienza tu propia magia. Buena suerte. <\/p>\n<p> Con gran amor, fe y apoyo, Daria.<\/p>","protected":false},"excerpt":{"rendered":"<p>Autor, artista: Daria Grosheva La ballena es el animal m\u00e1s grande del planeta, su poder y fuerza no dejan a nadie indiferente.<\/p>","protected":false},"featured_media":219,"comment_status":"open","ping_status":"open","template":"","meta":[],"product_brand":[],"product_cat":[26],"product_tag":[],"class_list":{"0":"post-218","1":"product","2":"type-product","3":"status-publish","4":"has-post-thumbnail","6":"product_cat-resources","8":"first","9":"outofstock","10":"purchasable","11":"product-type-simple"},"_links":{"self":[{"href":"https:\/\/shercards.com\/es\/wp-json\/wp\/v2\/product\/218","targetHints":{"allow":["GET"]}}],"collection":[{"href":"https:\/\/shercards.com\/es\/wp-json\/wp\/v2\/product"}],"about":[{"href":"https:\/\/shercards.com\/es\/wp-json\/wp\/v2\/types\/product"}],"replies":[{"embeddable":true,"href":"https:\/\/shercards.com\/es\/wp-json\/wp\/v2\/comments?post=218"}],"wp:featuredmedia":[{"embeddable":true,"href":"https:\/\/shercards.com\/es\/wp-json\/wp\/v2\/media\/219"}],"wp:attachment":[{"href":"https:\/\/shercards.com\/es\/wp-json\/wp\/v2\/media?parent=218"}],"wp:term":[{"taxonomy":"product_brand","embeddable":true,"href":"https:\/\/shercards.com\/es\/wp-json\/wp\/v2\/product_brand?post=218"},{"taxonomy":"product_cat","embeddable":true,"href":"https:\/\/shercards.com\/es\/wp-json\/wp\/v2\/product_cat?post=218"},{"taxonomy":"product_tag","embeddable":true,"href":"https:\/\/shercards.com\/es\/wp-json\/wp\/v2\/product_tag?post=218"}],"curies":[{"name":"wp","href":"https:\/\/api.w.org\/{rel}","templated":true}]}}