{"id":2189,"date":"2024-08-04T14:31:37","date_gmt":"2024-08-04T14:31:37","guid":{"rendered":"https:\/\/shercards.com\/index.php\/product\/metaphorical-cards-my-little-girl\/"},"modified":"2025-10-20T10:35:59","modified_gmt":"2025-10-20T10:35:59","slug":"metaphorical-cards-my-little-girl","status":"publish","type":"product","link":"https:\/\/shercards.com\/es\/producto\/metaphorical-cards-my-little-girl\/","title":{"rendered":"Tarjetas metaf\u00f3ricas \u201cMi peque\u00f1a ni\u00f1a\u201d"},"content":{"rendered":"<p>Autor: Svetlana Zanegina, psic\u00f3loga cl\u00ednica<br \/> Ilustrador: Anna Rumyantseva<\/p>\n<p> Contenido: <br \/> \u2013 47 uds. tarjetas con im\u00e1genes<br \/> \u2013 41 uds. tarjetas con frases<br \/> -nbsp;nbsp;nbsp;nbsp;gu\u00eda metodol\u00f3gica<\/p>\n<p> Esta baraja est\u00e1 dise\u00f1ada para trabajar con la imagen de las emociones y los sentimientos. Los temas representados en las im\u00e1genes, as\u00ed como las frases con palabras de apoyo te ayudar\u00e1n a identificar y mostrar las emociones.<br \/> Trabajar con las cartas te permitir\u00e1 adoptar una posici\u00f3n adulta, sanar a tu ni\u00f1o interior y encontrar apoyo dentro de ti mismo.<br \/> La baraja est\u00e1 destinada al trabajo de psic\u00f3logos y aquellos que se dedican al autoconocimiento. <br \/> Con su ayuda podr\u00e1s:<br \/> \u2022nbsp;nbsp;nbsp;nbsp;Ense\u00f1ar a los ni\u00f1os a nombrar sus sentimientos y experimentar emociones de una manera l\u00fadica.<br \/> \u2022nbsp;nbsp;nbsp;nbsp;aprender a comprenderse m\u00e1s profundamente<br \/> \u2022nbsp;nbsp;nbsp;nbsp;trabajar con actitudes negativas<br \/> \u2022nbsp;nbsp;nbsp;nbsp;realiza tus deseos y necesidades<br \/> \u2022nbsp;nbsp;nbsp;nbsp;encontrar recursos internos<br \/> \u2022nbsp;nbsp;nbsp;nbsp;Trabajar sobre los traumas de la infancia<br \/> \u2022nbsp;nbsp;nbsp;nbsp;Desarrollar la inteligencia emocional.<\/p>\n<p> T\u00e9cnica de autoaprobaci\u00f3n <br \/> Esta t\u00e9cnica puede ser un ant\u00eddoto \u00fatil para aquellos que han tenido la experiencia de vivir en un entorno de desaprobaci\u00f3n. <br \/> Te ayudar\u00e1 a:<br \/> \u00b7nbsp;nbsp;nbsp;nbsp;entender que es normal sentirse mal cuando suceden cosas malas. <br \/> \u00b7nbsp;nbsp;nbsp;nbsp;Muestra autoaprobaci\u00f3n y nbsp;nbsp;compasi\u00f3n por ti mismo.<\/p>\n<p> Elige la tarjeta que m\u00e1s se adapte a tu condici\u00f3n y que represente tu peque\u00f1o yo.<br \/> Imagina un rostro y la voz de una persona compasiva y amorosa, imagina que \u00e9l\/ella est\u00e1 mostrando amor y bondad e imagina c\u00f3mo esta bondad reconforta y calma.<br \/> Saque de 1 a 3 tarjetas con palabras de aliento. Escriba una carta a su peque\u00f1a ni\u00f1a con palabras de amor, apoyo y aliento.<\/p>\n<p> Del autor:<br \/> \u00a1Hola mi peque\u00f1a ni\u00f1a! <br \/> S\u00e9 con certeza que en cada uno de nosotros vive esa misma ni\u00f1a que sabe so\u00f1ar, que sabe lo que siente, que no se esconde ni se averg\u00fcenza. Todav\u00eda no tiene l\u00edmites sociales estrictos y simplemente es feliz.<br \/> Realmente quiero que esta baraja te ayude a aprender a VIVIR de nuevo y, en general, a recordar y volver a ti mismo. Volver a ti mismo. Despu\u00e9s de todo, en la infancia sabemos exactamente lo que queremos. Con el tiempo, perdemos algo, eliminamos algo. Y realmente creo que esta baraja te ayudar\u00e1 a superar todos estos puntos y a recomponerte, a recuperarte a ti mismo. <br \/> S\u00e9 c\u00f3mo funciona porque yo mismo he recorrido ese camino.<br \/> Deja que esta herramienta te ayude y siempre estar\u00e9 en contacto.<br \/> \u00a1Con amor y cuidado para tus sentimientos! <\/p>\n<p> C\u00f3mo naci\u00f3 esta baraja<br \/> En mi consulta trabajo mucho con chicas adultas que no han completado la separaci\u00f3n. Y muy a menudo se trata de mujeres adultas que no saben identificar y expresar sus emociones.<br \/> La tarea m\u00e1s com\u00fan que doy a mis clientes en la primera consulta es llevar un diario de emociones.<br \/> Inicialmente, la idea de la baraja era la de ser una imagen de emociones y sentimientos.<br \/> El prototipo fue mi hija, de quien yo misma estudi\u00e9 y estoy aprendiendo a expresar emociones.<br \/> Cuando se sacaron la mayor\u00eda de las cartas, me di cuenta de que se trata de algo m\u00e1s que simplemente ense\u00f1ar a mostrar emociones. Esta baraja es para m\u00ed: trata sobre volver a nuestra peque\u00f1a ni\u00f1a, sobre el hecho de que simplemente debemos recordar lo que hemos olvidado.<br \/> A pesar de que al crear las im\u00e1genes se utilizaron significados y determinados sentimientos y emociones, ninguna de estas cartas tiene un significado fijo. No hay un significado \u201ccorrecto\u201d o \u201cincorrecto\u201d en estas cartas. Conc\u00e9ntrate en ti mismo y en lo que sientes y deja que te ayuden con esto.<\/p>","protected":false},"excerpt":{"rendered":"<p>Autora: Svetlana Zanegina, psic\u00f3loga cl\u00ednica Ilustradora: Anna Rumyantseva Contenido: \u2013 47 piezas de tarjetas con im\u00e1genes \u2013 41 piezas de tarjetas con<\/p>","protected":false},"featured_media":2190,"comment_status":"open","ping_status":"open","template":"","meta":[],"product_brand":[],"product_cat":[25],"product_tag":[],"class_list":{"0":"post-2189","1":"product","2":"type-product","3":"status-publish","4":"has-post-thumbnail","6":"product_cat-children-teenagers-inner-child","8":"first","9":"outofstock","10":"purchasable","11":"product-type-simple"},"_links":{"self":[{"href":"https:\/\/shercards.com\/es\/wp-json\/wp\/v2\/product\/2189","targetHints":{"allow":["GET"]}}],"collection":[{"href":"https:\/\/shercards.com\/es\/wp-json\/wp\/v2\/product"}],"about":[{"href":"https:\/\/shercards.com\/es\/wp-json\/wp\/v2\/types\/product"}],"replies":[{"embeddable":true,"href":"https:\/\/shercards.com\/es\/wp-json\/wp\/v2\/comments?post=2189"}],"wp:featuredmedia":[{"embeddable":true,"href":"https:\/\/shercards.com\/es\/wp-json\/wp\/v2\/media\/2190"}],"wp:attachment":[{"href":"https:\/\/shercards.com\/es\/wp-json\/wp\/v2\/media?parent=2189"}],"wp:term":[{"taxonomy":"product_brand","embeddable":true,"href":"https:\/\/shercards.com\/es\/wp-json\/wp\/v2\/product_brand?post=2189"},{"taxonomy":"product_cat","embeddable":true,"href":"https:\/\/shercards.com\/es\/wp-json\/wp\/v2\/product_cat?post=2189"},{"taxonomy":"product_tag","embeddable":true,"href":"https:\/\/shercards.com\/es\/wp-json\/wp\/v2\/product_tag?post=2189"}],"curies":[{"name":"wp","href":"https:\/\/api.w.org\/{rel}","templated":true}]}}