{"id":2236,"date":"2024-08-04T14:35:08","date_gmt":"2024-08-04T14:35:08","guid":{"rendered":"https:\/\/shercards.com\/index.php\/product\/metaphorical-cards-wings-of-mills\/"},"modified":"2025-10-20T10:35:14","modified_gmt":"2025-10-20T10:35:14","slug":"metaphorical-cards-wings-of-mills","status":"publish","type":"product","link":"https:\/\/shercards.com\/es\/producto\/metaphorical-cards-wings-of-mills\/","title":{"rendered":"Tarjetas metaf\u00f3ricas \u201cAlas de molinos\u201d"},"content":{"rendered":"<p>Autor: Natalya Ivanova <br \/> Artista: Irina Astredinova <\/p>\n<p> Contenido: baraja de 64 cartas, manual metodol\u00f3gico (120 p\u00e1ginas)<\/p>\n<p> La baraja \u201cLas Alas de los Molinos\u201d funciona perfectamente con el estado actual, con el tema del arquetipo -sombra, con peticiones de relaciones, de prop\u00f3sito, con preguntas sobre el g\u00e9nero, as\u00ed como con situaciones que requieren la toma de decisiones, las cartas te ayudar\u00e1n a ver los recursos necesarios y disponibles. Adecuado tanto para el trabajo independiente como para trabajar con un especialista: psic\u00f3logo, coach, psic\u00f3logo escolar, terapeuta de arte. <\/p>\n<p> La baraja \u201cLas Alas de Molino\u201d es una herramienta que permite entrar en contacto con el mundo interior, recurrir a los recursos del inconsciente para resolver cuestiones y situaciones de la vida que nos preocupan. Todas las respuestas ya est\u00e1n dentro de nosotros y las cartas nos ayudar\u00e1n a extraerlas. <br \/> \u00bfPor qu\u00e9 \u201cLas alas del molino\u201d? En primer lugar, es hermoso, nos remite al trabajo del grupo de folk-rock ruso Melnitsa, al que amamos con reverencia e incesantemente. En segundo lugar, el molino, s\u00edmbolo de perseverancia, de ir hacia delante, de alcanzar el \u00e9xito, de los tiempos cambiantes, de la ciclicidad de las estaciones, de la continuidad, del legado de las generaciones anteriores, lo encontramos en muchas culturas, lo vemos en pel\u00edculas, leemos en cuentos y escuchamos en las historias y cuentos de nuestros antepasados. En tercer lugar, el molino es lo que nos sucede todos los d\u00edas: giramos en un torbellino de acontecimientos, notamos cambios en el clima, en el estado de \u00e1nimo, en los sentimientos, a veces luchamos (como Don Quijote con los molinos de viento), a veces creamos y cultivamos frutas, confiando en que el tiempo las muele hasta convertirlas en harina, \u00a1y al probarla, involuntariamente, recibimos una lecci\u00f3n y una llamada a la vida! El molino es una imagen que concierne a todos; en ella est\u00e1 entretejida la vida de muchas generaciones. \u00bfPor qu\u00e9 decidimos que los mundos del grupo El molino ser\u00edan adecuados para una baraja de cartas asociativas metaf\u00f3ricas? Esto se debe a que la tarjeta lleva principalmente una imagen que puede evocar una u otra asociaci\u00f3n en una persona y encontrar una respuesta en la vida. Y si tomamos una escala de im\u00e1genes de 0 a 100, entonces las im\u00e1genes de las canciones del molino no encajar\u00e1n en estas marcas, se saldr\u00e1n de la escala, superar\u00e1n todos los valores y fluir\u00e1n sutilmente hacia ti, movi\u00e9ndose suave pero exactamente a trav\u00e9s de los palacios de la memoria y el subconsciente, girando y dando vueltas sobre sus alas. Las canciones del grupo est\u00e1n impregnadas de cuentos de hadas, leyendas, mitos, s\u00edmbolos, referencias y alegor\u00edas, y esta es la experiencia, la sabidur\u00eda y la memoria de los pueblos, los antepasados, cifrada en nuestros genes (inconsciente colectivo). \u00bfPodemos decir m\u00e1s? Por supuesto, puede sorprenderse, admirarse e inspirarse infinitamente con las im\u00e1genes del mundo del Molino. Te invitamos a sumergirte en ellas con nosotros.<br \/> Las im\u00e1genes de las cartas de la baraja apelan a los rincones m\u00e1s profundos de nuestro subconsciente: se refieren a valores familiares y populares, im\u00e1genes de la naturaleza que nos resultan familiares desde la infancia, arquetipos que hemos asimilado del entorno cultural y la literatura, cuentos de hadas, canciones. Funcionan muy bien con el estado actual, con el tema del arquetipo-sombra, con peticiones de relaciones con uno mismo y con los dem\u00e1s, con el prop\u00f3sito, con cuestiones relacionadas con el g\u00e9nero, as\u00ed como con situaciones que requieren la toma de decisiones, las cartas te ayudar\u00e1n a ver los recursos necesarios y disponibles. <br \/> Caracter\u00edsticas. Las cartas de la baraja est\u00e1n numeradas. Las instrucciones de la baraja contienen un mensaje para cada carta, por lo que es conveniente utilizarla, por ejemplo, para trabajar con clientes en las redes sociales como mensaje para el d\u00eda, la semana, etc. Para el trabajo independiente, las instrucciones describen 3 t\u00e9cnicas, que permitir\u00e1n que incluso un principiante en el mundo de MAC comience a usar la baraja de inmediato. Los dibujos de la baraja se basan en im\u00e1genes de canciones del grupo de folk rock ruso \u201cMelnitsa\u201d.<br \/> El conjunto consta de 5 subsecciones tem\u00e1ticas<br \/> 1. Trabajar con el trauma (1-15 cartas)<br \/> 2. Recursos (16-27 tarjetas) <br \/> 3. Acciones (28-40 cartas)<br \/> 4. Animales t\u00f3tem (41-52 cartas)<br \/> 5. Plantas patronales (53-64 cartas)<br \/> Esta divisi\u00f3n es condicional y se puede aplicar en trabajos presenciales individuales y grupales cuando se trabaja espec\u00edficamente con una solicitud espec\u00edfica.<br \/> T\u00e9cnicas: Para el trabajo independiente, puedes formular una petici\u00f3n. \u00bfQu\u00e9 te propone? Una petici\u00f3n es una historia que es relevante para ti, donde es importante encontrar una respuesta. Hay tres reglas principales para formular una petici\u00f3n: no debe contener la pregunta \u201ccu\u00e1ndo\u201d, no se puede responder \u201cs\u00ed\u201d o \u201cno\u201d, y no debe afectar a otras personas, es decir, el trabajo se realiza solo a trav\u00e9s de la \u201cposici\u00f3n del yo\u201d. <br \/> 1. Primera t\u00e9cnica. Consiste en trabajar \u00fanicamente con las primeras 15 cartas.<br \/> Formula una petici\u00f3n. Saca una carta de la baraja y busca su descripci\u00f3n por el n\u00famero de la carta extra\u00edda en la parte n\u00ba 1 de estas instrucciones. A continuaci\u00f3n, lee el mensaje, las preguntas y completa la tarea del mapa. <br \/> 2. Segunda t\u00e9cnica. Trabajar con la b\u00fasqueda de una soluci\u00f3n, participan todas las cartas.<br \/> a) Formulas una petici\u00f3n y sacas dos cartas del mazo boca abajo (cara abajo). Abre la primera carta, que indicar\u00e1 la \u201cSituaci\u00f3n actual\u201d. Debes estudiar la carta, entender lo que significa en el contexto de tu petici\u00f3n. Trabaja con preguntas universales para el MAK.<br \/> 1. \u00bfQu\u00e9 se muestra en el mapa? \u00bfQu\u00e9 veo? <br \/> 2. \u00bfC\u00f3mo me siento al mirar el mapa? <br \/> 3. \u00bfEstoy yo en el mapa o soy un observador? <br \/> 4. \u00bfQu\u00e9 acci\u00f3n tiene lugar en el mapa? <br \/> 5. \u00bfC\u00f3mo se relaciona esto con mi vida? <br \/> 6. \u00bfQu\u00e9 hay en el mapa sobre m\u00ed y qu\u00e9 no hay sobre m\u00ed? <br \/> 7. \u00bfQu\u00e9 quieres hacer al mirar esta imagen? <br \/> 8. \u00bfQu\u00e9 cambiar\u00eda al mirar este mapa?<br \/> 9. \u00bfQu\u00e9 nombre le dar\u00eda al mapa? <br \/> 10. \u00bfQu\u00e9 mensaje transmite la tarjeta en respuesta a mi solicitud? <br \/> b) A continuaci\u00f3n, abre la segunda tarjeta: \u201cSituaci\u00f3n deseada\u201d o \u201cSoluci\u00f3n del problema\u201d. Observa cada detalle de la tarjeta, est\u00fadiala, capta las primeras asociaciones, analiza en el contexto de c\u00f3mo quieres resolver tu situaci\u00f3n, qu\u00e9 te ayudar\u00e1.<br \/> c) A continuaci\u00f3n, es importante fijarse en los pasos que nos llevar\u00e1n a la situaci\u00f3n deseada: qu\u00e9 ayudar\u00e1 a resolver la situaci\u00f3n indicada en la petici\u00f3n. Para ello, hay que sacar 3 cartas de la baraja. En la primera carta buscamos a nosotros mismos, nuestra situaci\u00f3n y un mensaje sobre alg\u00fan paso que hay que dar primero para poder seguir adelante. La segunda carta es el segundo paso hacia la soluci\u00f3n del problema (d\u00f3nde est\u00e1s, tu problema, la gente que te rodea, etc.). La tercera carta es el tercer paso hacia una soluci\u00f3n (cu\u00e1les son las primeras asociaciones que surgen si hablamos de un paso hacia la decisi\u00f3n de cu\u00e1l podr\u00eda ser).<br \/> d) Reflexiona sobre el trabajo realizado y saca tus propias conclusiones. Puedes registrar las respuestas, ideas y observaciones en un papel. <br \/> PD: Este m\u00e9todo te ayudar\u00e1 a mirar donde a\u00fan no has mirado. Una decisi\u00f3n generada por el subconsciente a menudo conduce a un resultado inesperado.<br \/> <\/br><\/p>","protected":false},"excerpt":{"rendered":"<p>Autora: Natalya Ivanova Artista: Irina Astredinova Contenido: baraja de 64 cartas, manual metodol\u00f3gico (120 p\u00e1ginas) Las \u201cAlas de los Molinos\u201d<\/p>","protected":false},"featured_media":2237,"comment_status":"open","ping_status":"open","template":"","meta":[],"product_brand":[],"product_cat":[27],"product_tag":[],"class_list":{"0":"post-2236","1":"product","2":"type-product","3":"status-publish","4":"has-post-thumbnail","6":"product_cat-universal","8":"first","9":"outofstock","10":"purchasable","11":"product-type-simple"},"_links":{"self":[{"href":"https:\/\/shercards.com\/es\/wp-json\/wp\/v2\/product\/2236","targetHints":{"allow":["GET"]}}],"collection":[{"href":"https:\/\/shercards.com\/es\/wp-json\/wp\/v2\/product"}],"about":[{"href":"https:\/\/shercards.com\/es\/wp-json\/wp\/v2\/types\/product"}],"replies":[{"embeddable":true,"href":"https:\/\/shercards.com\/es\/wp-json\/wp\/v2\/comments?post=2236"}],"wp:featuredmedia":[{"embeddable":true,"href":"https:\/\/shercards.com\/es\/wp-json\/wp\/v2\/media\/2237"}],"wp:attachment":[{"href":"https:\/\/shercards.com\/es\/wp-json\/wp\/v2\/media?parent=2236"}],"wp:term":[{"taxonomy":"product_brand","embeddable":true,"href":"https:\/\/shercards.com\/es\/wp-json\/wp\/v2\/product_brand?post=2236"},{"taxonomy":"product_cat","embeddable":true,"href":"https:\/\/shercards.com\/es\/wp-json\/wp\/v2\/product_cat?post=2236"},{"taxonomy":"product_tag","embeddable":true,"href":"https:\/\/shercards.com\/es\/wp-json\/wp\/v2\/product_tag?post=2236"}],"curies":[{"name":"wp","href":"https:\/\/api.w.org\/{rel}","templated":true}]}}