{"id":2244,"date":"2024-08-04T14:37:07","date_gmt":"2024-08-04T14:37:07","guid":{"rendered":"https:\/\/shercards.com\/index.php\/product\/tarot-of-the-inner-voice-poetry-that-is-meant-to-heal\/"},"modified":"2025-10-20T10:35:14","modified_gmt":"2025-10-20T10:35:14","slug":"tarot-of-the-inner-voice-poetry-that-is-meant-to-heal","status":"publish","type":"product","link":"https:\/\/shercards.com\/es\/producto\/tarot-of-the-inner-voice-poetry-that-is-meant-to-heal\/","title":{"rendered":"Tarot de la Voz Interior. Poes\u00eda que tiene como objetivo curar"},"content":{"rendered":"<p>Autor: Alexey Simonenko <br \/> <\/br> Contenido:<br \/> Tarjetas \u2013 67 uds.<br \/> Libro de descripci\u00f3n \u2013 1 ud.<br \/> Grabaciones de audio de im\u00e1genes po\u00e9ticas de tarjetas \u2013 67 uds.<br \/> Grabaciones de audio de interpretaciones de cartas \u2013 67 uds. (descargar mediante c\u00f3digo QR desde el libro de descripci\u00f3n) <\/br> <br \/> <\/br> El conjunto \u201cTarot de la Voz Interior\u201d es un producto creativo que se encuentra en la intersecci\u00f3n de la psicolog\u00eda, la poes\u00eda y la reflexi\u00f3n intuitiva sobre la naturaleza del inconsciente humano. Se trata de un conjunto de cartas acompa\u00f1ado de poemas, grabaciones de audio de poemas e interpretaciones de las cartas. El conjunto utiliza las tres modalidades sensoriales familiares para la mayor\u00eda de los seres humanos: visual, auditiva y kinest\u00e9sica.<br \/>Esta es una invitaci\u00f3n a los oyentes a prestar atenci\u00f3n a las sensaciones del cuerpo, a sus reacciones corporales. Fortalecido por la modalidad auditiva y las formas po\u00e9ticas, el mazo permite sumergirse m\u00e1s profundamente en las im\u00e1genes de las cartas y sintonizarse con estados positivos y de afirmaci\u00f3n de la vida. Esto permite ampliar el campo de conciencia en el contexto del trabajo y potenciar el efecto terap\u00e9utico de su uso. Las im\u00e1genes visuales ricas en s\u00edmbolos y significados, apoyadas por el audio adecuado, son capaces de provocar una profunda reflexi\u00f3n y transformaci\u00f3n, y tienen un efecto comparable a la hipnosis no directiva. En el trabajo, estos elementos del conjunto pueden sumergir a una persona en un estado de trance, reduciendo as\u00ed significativamente la resistencia y abriendo amplias oportunidades para poner en marcha procesos inconscientes positivos.<br \/> Las cartas te ayudan a conocerte mejor, a ampliar tu campo de conciencia, a sentir tu intuici\u00f3n de forma m\u00e1s sutil y a volverte m\u00e1s completo y saludable. El Tarot de la Voz Interior es poes\u00eda dise\u00f1ada para sanar, es un puente hacia tu mundo interior. Es un asistente para crear el mundo interior.<\/p>","protected":false},"excerpt":{"rendered":"<p>Autor: Alexey Simonenko Contenido: Tarjetas \u2013 67 uds. Libro de descripci\u00f3n \u2013 1 uds. Grabaciones de audio de im\u00e1genes po\u00e9ticas de tarjetas<\/p>","protected":false},"featured_media":2245,"comment_status":"open","ping_status":"open","template":"","meta":[],"product_brand":[],"product_cat":[27],"product_tag":[],"class_list":{"0":"post-2244","1":"product","2":"type-product","3":"status-publish","4":"has-post-thumbnail","6":"product_cat-universal","8":"first","9":"outofstock","10":"purchasable","11":"product-type-simple"},"_links":{"self":[{"href":"https:\/\/shercards.com\/es\/wp-json\/wp\/v2\/product\/2244","targetHints":{"allow":["GET"]}}],"collection":[{"href":"https:\/\/shercards.com\/es\/wp-json\/wp\/v2\/product"}],"about":[{"href":"https:\/\/shercards.com\/es\/wp-json\/wp\/v2\/types\/product"}],"replies":[{"embeddable":true,"href":"https:\/\/shercards.com\/es\/wp-json\/wp\/v2\/comments?post=2244"}],"wp:featuredmedia":[{"embeddable":true,"href":"https:\/\/shercards.com\/es\/wp-json\/wp\/v2\/media\/2245"}],"wp:attachment":[{"href":"https:\/\/shercards.com\/es\/wp-json\/wp\/v2\/media?parent=2244"}],"wp:term":[{"taxonomy":"product_brand","embeddable":true,"href":"https:\/\/shercards.com\/es\/wp-json\/wp\/v2\/product_brand?post=2244"},{"taxonomy":"product_cat","embeddable":true,"href":"https:\/\/shercards.com\/es\/wp-json\/wp\/v2\/product_cat?post=2244"},{"taxonomy":"product_tag","embeddable":true,"href":"https:\/\/shercards.com\/es\/wp-json\/wp\/v2\/product_tag?post=2244"}],"curies":[{"name":"wp","href":"https:\/\/api.w.org\/{rel}","templated":true}]}}