{"id":2248,"date":"2024-08-04T14:37:07","date_gmt":"2024-08-04T14:37:07","guid":{"rendered":"https:\/\/shercards.com\/index.php\/product\/metaphorical-cards-faces-of-water-maps-of-internal-integrity\/"},"modified":"2025-10-20T10:35:14","modified_gmt":"2025-10-20T10:35:14","slug":"metaphorical-cards-faces-of-water-maps-of-internal-integrity","status":"publish","type":"product","link":"https:\/\/shercards.com\/es\/producto\/metaphorical-cards-faces-of-water-maps-of-internal-integrity\/","title":{"rendered":"Tarjetas metaf\u00f3ricas \u201cRostros del Agua\u201d. Mapas de Integridad Interna"},"content":{"rendered":"<p>Autora: Anna Sudneko \u2013 psic\u00f3loga cl\u00ednica, neuropsic\u00f3loga, psic\u00f3loga familiar, supervisora, especialista en trabajo con cartas metaf\u00f3ricas, terapeuta emocional-imaginativa, terapeuta de arena junguiana, miembro de la Asociaci\u00f3n de Terapia de Arena. <br \/> Artista: Anna Kreydun \u2013 miembro de la Federaci\u00f3n Internacional de Artistas de la Uni\u00f3n Creativa de Artistas de Rusia; ganadora del concurso internacional ETHNO ART FEST<\/p>\n<p> Contenido:<br \/> 80 tarjetas (cart\u00f3n de 300 g, laminado mate)<br \/> Recomendaciones metodol\u00f3gicas (16 p\u00e1ginas: breve informaci\u00f3n sobre c\u00f3mo trabajar con tarjetas metaf\u00f3ricas, breves algoritmos para trabajar con diversas solicitudes (21 ejemplos))<br \/> Tama\u00f1o de la tarjeta: 74 x 110 mm<\/p>\n<p> \u201cRostros del Agua\u201d son cartas metaf\u00f3ricas dedicadas al tema de la integridad interna. <br \/> Cada uno de ellos contiene agua, el elemento de la transformaci\u00f3n, que en diferentes formas <br \/> Puede ser una met\u00e1fora de estados internos. 80 cartas de la baraja representan <br \/> Historias interesantes, imagenes de objetos, animales, naturaleza.<br \/> \u201cRostros del Agua\u201d: cartas sobre emociones y estados, sobre la independencia emocional, la madurez interna, la capacidad de adaptaci\u00f3n y cambio, sobre el crecimiento interno y la b\u00fasqueda de los propios caminos e inspiraci\u00f3n.<br \/> La baraja puede ser \u00fatil para encontrar recursos internos para superar crisis psicol\u00f3gicas, transformar estados emocionales negativos, trabajar el estr\u00e9s y otras necesidades actuales comunes.<\/p>\n<p> Ejemplos de trabajo con tarjetas:<\/p>\n<p> TRABAJAR CON LA TENSI\u00d3N EMOCIONAL<\/p>\n<p> Tarjeta 1. \u00bfPor qu\u00e9 el cliente est\u00e1 acostumbrado a estar en un estado de tensi\u00f3n?<br \/> Tarjeta 2. \u00bfQu\u00e9 escenarios y actitudes le llevan a acumular tensi\u00f3n interna?&lt; br&gt; Tarjeta 3. \u00bfQu\u00e9 recursos le ayudar\u00e1n a ser m\u00e1s libre y relajado emocionalmente?<\/p>\n<p> VALOR, DEVALUACI\u00d3N, EVALUACI\u00d3N<\/p>\n<p> El cliente roba una o m\u00e1s cartas de forma abierta o ciega, analizando:<br \/> 1 \u00bfQu\u00e9 es lo que deval\u00faa ahora o est\u00e1 acostumbrado a devaluar constantemente? <br \/> Podr\u00edan ser recursos, cualidades personales, experiencia, etc.<br \/> 2. \u00bfA qu\u00e9 valor interno es hora de prestar atenci\u00f3n?<br \/> 3. \u00bfQu\u00e9 puede ayudarte a aprender a valorar m\u00e1s tus recursos y logros?<br \/> &lt; br&gt; SOPORTE INTERNO<\/p>\n<p> Mapa 1. Cliente, su estado actual.<br \/> Mapa 2. Estado deseado.<br \/> Mapa 3. Soluciones que ayudar\u00e1n <br \/> ganar fuerza interior.<br \/> Mapa 4. Acciones que ayudar\u00e1n <br \/> ganar fuerza interior.<\/p>\n<p> AUTOESTIMA<\/p>\n<p> La autoestima es una actitud hacia uno mismo cuando una persona se acepta y se ama, se trata con atenci\u00f3n y respeto, se siente y comprende a s\u00ed misma y sus necesidades.<br \/> El cliente saca una o m\u00e1s cartas de forma abierta o ciega, analizando:<br \/> 1. \u00bfQu\u00e9 decisiones te ayudar\u00e1n a aceptarte y amarte m\u00e1s?<br \/> 2. \u00bfQu\u00e9 recursos, cualidades, oportunidades te ayudar\u00e1n a aceptarte y amarte m\u00e1s?<br \/> 3. \u00bfQu\u00e9 acciones, pasos te ayudar\u00e1n a aceptarte y amarte m\u00e1s?<\/p>","protected":false},"excerpt":{"rendered":"<p>Autora: Anna Sudneko \u2013 psic\u00f3loga cl\u00ednica, neuropsic\u00f3loga, psic\u00f3loga familiar, supervisora, especialista en el trabajo con cartas metaf\u00f3ricas, terapeuta emocional-imaginativa, junguiana<\/p>","protected":false},"featured_media":2249,"comment_status":"open","ping_status":"open","template":"","meta":[],"product_brand":[],"product_cat":[27],"product_tag":[],"class_list":{"0":"post-2248","1":"product","2":"type-product","3":"status-publish","4":"has-post-thumbnail","6":"product_cat-universal","8":"first","9":"outofstock","10":"purchasable","11":"product-type-simple"},"_links":{"self":[{"href":"https:\/\/shercards.com\/es\/wp-json\/wp\/v2\/product\/2248","targetHints":{"allow":["GET"]}}],"collection":[{"href":"https:\/\/shercards.com\/es\/wp-json\/wp\/v2\/product"}],"about":[{"href":"https:\/\/shercards.com\/es\/wp-json\/wp\/v2\/types\/product"}],"replies":[{"embeddable":true,"href":"https:\/\/shercards.com\/es\/wp-json\/wp\/v2\/comments?post=2248"}],"wp:featuredmedia":[{"embeddable":true,"href":"https:\/\/shercards.com\/es\/wp-json\/wp\/v2\/media\/2249"}],"wp:attachment":[{"href":"https:\/\/shercards.com\/es\/wp-json\/wp\/v2\/media?parent=2248"}],"wp:term":[{"taxonomy":"product_brand","embeddable":true,"href":"https:\/\/shercards.com\/es\/wp-json\/wp\/v2\/product_brand?post=2248"},{"taxonomy":"product_cat","embeddable":true,"href":"https:\/\/shercards.com\/es\/wp-json\/wp\/v2\/product_cat?post=2248"},{"taxonomy":"product_tag","embeddable":true,"href":"https:\/\/shercards.com\/es\/wp-json\/wp\/v2\/product_tag?post=2248"}],"curies":[{"name":"wp","href":"https:\/\/api.w.org\/{rel}","templated":true}]}}