{"id":2253,"date":"2024-08-04T14:37:07","date_gmt":"2024-08-04T14:37:07","guid":{"rendered":"https:\/\/shercards.com\/index.php\/product\/metaphorical-associative-cards-intuition\/"},"modified":"2025-10-20T10:35:14","modified_gmt":"2025-10-20T10:35:14","slug":"metaphorical-associative-cards-intuition","status":"publish","type":"product","link":"https:\/\/shercards.com\/es\/producto\/metaphorical-associative-cards-intuition\/","title":{"rendered":"Cartas asociativas metaf\u00f3ricas \u201cIntuici\u00f3n\u201d"},"content":{"rendered":"<p>Autor: Mikhail Lurko<br \/> Autor de las instrucciones: Evgenia Baksan<br \/> Editorial MACards <\/p>\n<p> Contenido: 90 cartas; instrucciones; 8 t\u00e9cnicas para trabajar con la baraja \u00a1de regalo mediante c\u00f3digo QR!<\/p>\n<p> Las im\u00e1genes para esta baraja se crearon utilizando una red neuronal.<br \/> Una red neuronal es una inteligencia artificial capaz de procesar comandos y consultas de texto y producir resultados en forma de im\u00e1genes. La imagen final suele ser imperfecta y solo puede mostrar parte del texto solicitado, por lo que para crear una carta hay que recurrir a la IA una y otra vez hasta que la versi\u00f3n final est\u00e9 cerca de ser adecuada para su colocaci\u00f3n en la baraja.<\/p>\n<p> Las cartas asociativas metaf\u00f3ricas \u201cIntuici\u00f3n\u201d son una herramienta b\u00e1sica y universal con la que podr\u00e1s trabajar cualquier petici\u00f3n, en todos los \u00e1mbitos de la vida.<\/p>\n<p> \u201cLa intuici\u00f3n es la capacidad de comprender lo que sucede fuera del control consciente, sin recurrir a conclusiones y razonamientos conscientes\u201d. \u00c9stas son las respuestas del Alma. <br \/> Todas las respuestas necesarias ya est\u00e1n dentro de nosotros. Esta baraja est\u00e1 dise\u00f1ada para encontrarlas.<\/p>\n<p> Las cartas asociativas metaf\u00f3ricas \u201cIntuici\u00f3n\u201d te permiten explorar las relaciones contigo mismo, armonizar tu mente, alma y cuerpo, llegar a realizaciones importantes y tambi\u00e9n explorar las relaciones con los dem\u00e1s y el mundo, encontrar formas de mejorarlas.<br \/> La herramienta ayuda a trabajar con varios temas: <br \/> \u2022nbsp;nbsp;nbsp;nbsp;intuici\u00f3n<br \/> \u2022nbsp;nbsp;nbsp;nbsp;autoestima<br \/> \u2022nbsp; nbsp;nbsp;nbsp;amor propio<br \/> \u2022nbsp;nbsp;nbsp;nbsp;conflicto interno<br \/> \u2022nbsp;nbsp;nbsp;nbsp;conflicto externo<br \/> \u2022nbsp;nbsp;nbsp;nbsp;autoconocimiento <br \/> \u2022nbsp;nbsp;nbsp;nbsp;liberando potencial<br \/> \u2022nbsp;nbsp;nbsp;nbsp;el sentido de la vida<br \/> \u2022nbsp;nbsp;nbsp;nbsp;toma de decisiones<br \/> \u2022nbsp;nbsp; nbsp;nbsp;agotamiento emocional<br \/> \u2022nbsp;nbsp;nbsp;nbsp;deseos y necesidades<br \/> \u2022nbsp;nbsp;nbsp;nbsp;relaciones personales<br \/> \u2022nbsp;nbsp;nbsp;nbsp;sociedad<br > \u2022nbsp;nbsp;nbsp;nbsp;trabajo<br \/> \u2022nbsp;nbsp;nbsp;nbsp;dinero<br \/> \u2022nbsp;nbsp;nbsp;nbsp;ocio<br \/> \u2022nbsp;nbsp;nbsp;nbsp;psicosom\u00e1tica <br \/> \u2022nbsp;nbsp;nbsp;nbsp;roles y subpersonalidades<br \/> \u2022nbsp;nbsp;nbsp;nbsp;buscar las causas del problema<br \/> \u2022nbsp;nbsp;nbsp;nbsp;divulgaci\u00f3n de recursos<br \/> \u2022nbsp; nbsp;nbsp;nbsp;b\u00fasqueda de soluciones<br \/> \u2022nbsp;nbsp;nbsp;nbsp;y otros temas.<\/p>\n<p> Si se desea, se pueden combinar con cualquier mapa vertical, universal, de recursos, especial y de texto.<br > Formas de trabajar con la MAK \u201cIntuici\u00f3n\u201d: tanto de forma abierta (elecci\u00f3n consciente) como cerrada (intuitivamente, sin mirar).<br \/> Lista de preguntas que revelan el mapa metaf\u00f3rico:<br \/> \u2022nbsp;nbsp;nbsp;nbsp;\u00bfQu\u00e9 hay dibujado en el mapa? \u00bfQu\u00e9 est\u00e1 pasando?<br \/> \u2022nbsp;nbsp;nbsp;nbsp;\u00bfC\u00f3mo te hace sentir esta imagen? <br \/> \u2022nbsp;nbsp;nbsp;nbsp;\u00bfQu\u00e9 es lo que no te gusta de \u00e9l? \u00bfPor qu\u00e9?<br \/> \u2022nbsp;nbsp;nbsp;nbsp;\u00bfQu\u00e9 es lo que te gusta de esto? \u00bfPor qu\u00e9?<br \/> \u2022nbsp;nbsp;nbsp;nbsp;\u00bfA qu\u00e9 le prestaste especial atenci\u00f3n? <br \/> \u2022nbsp;nbsp;nbsp;nbsp;\u00bfQu\u00e9 es lo que no quieres ver? \u00bfPor qu\u00e9?<br \/> \u2022nbsp;nbsp;nbsp;nbsp;\u00bfQu\u00e9 quieres hacer?<br \/> \u2022nbsp;nbsp;nbsp;nbsp;\u00bfQu\u00e9 personaje?<br \/> \u2022nbsp;nbsp;nbsp;nbsp;\u00bfQu\u00e9 piensa \u00e9l? <br \/> \u2022nbsp;nbsp;nbsp;nbsp;\u00bfQu\u00e9 siente?<br \/> \u2022nbsp;nbsp;nbsp;nbsp;\u00bfQu\u00e9 cualidades tiene?<br \/> \u2022nbsp;nbsp;nbsp;nbsp;\u00bfQu\u00e9 habilidades tiene?<br \/> &gt; \u2022nbsp;nbsp;nbsp;nbsp;\u00bfQu\u00e9 nunca har\u00e1?<br \/> \u2022nbsp;nbsp;nbsp;nbsp;\u00bfDe qu\u00e9 tiene miedo?<br \/> \u2022nbsp;nbsp;nbsp;nbsp;\u00bfQu\u00e9 es lo que m\u00e1s desea? ?<br \/> \u2022nbsp;nbsp;nbsp;nbsp;\u00bfC\u00f3mo puedes llamar a esta imagen?<br \/> \u2022nbsp;nbsp;nbsp;nbsp;Si ella hablara, \u00bfqu\u00e9 dir\u00eda?<br \/> \u2022nbsp;nbsp;nbsp ;nbsp;Si imaginas que este personaje eres t\u00fa, \u00bfqu\u00e9 pensar\u00edas y sentir\u00edas en esta apariencia?<br \/> \u2022nbsp;nbsp;nbsp;nbsp;\u00bfQu\u00e9 colores y formas hay en esta tarjeta? \u00bfQu\u00e9 sentimientos reflejan?<br \/> \u2022nbsp;nbsp;nbsp;nbsp;Nombra todos los adjetivos que est\u00e1n en esta tarjeta.<br \/> \u2022nbsp;nbsp;nbsp;nbsp;\u00bfQu\u00e9 detalles te asustan? \u00bfPor qu\u00e9?<br \/> \u2022nbsp;nbsp;nbsp;nbsp;\u00bfQu\u00e9 eliminar\u00edas de este look? \u00bfQu\u00e9 dice la met\u00e1fora de lo superfluo?<br \/> \u2022nbsp;nbsp;nbsp;nbsp;\u00bfQu\u00e9 detalles te gustan? \u00bfQu\u00e9 recurso pueden reflejar?<br \/> \u2022nbsp;nbsp;nbsp;nbsp;\u00bfQu\u00e9 asociaciones tienes con esta imagen? <br \/> \u2022nbsp;nbsp;nbsp;nbsp;\u00bfC\u00f3mo se relaciona lo que se muestra en el mapa con usted y su solicitud?<br \/> \u2022nbsp;nbsp;nbsp;nbsp;\u00bfQu\u00e9 es lo principal en este mapa?<br \/> \u2022nbsp;nbsp;nbsp;\u00bfQu\u00e9 pasa fuera de este mapa?<br \/> \u2022nbsp;nbsp;nbsp;nbsp;\u00bfQu\u00e9 debe suceder para que esta imagen sea armoniosa?<br \/> \u2022nbsp;nbsp;nbsp;nbsp;\u00bfCu\u00e1l es el mensaje que lleva una tarjeta para ti?<br \/> \u2022nbsp;nbsp;nbsp;nbsp;\u00bfA qu\u00e9 es importante prestar atenci\u00f3n? <br \/> \u2022nbsp;nbsp;nbsp;nbsp;\u00bfC\u00f3mo puede ayudarle esta comprensi\u00f3n?<br \/> \u2022nbsp;nbsp;nbsp;nbsp;\u00bfQu\u00e9 est\u00e1s dispuesto a hacer?<\/p>\n<p> Si trabajar con t\u00e9cnicas ya preparadas no funciona, busca la respuesta usando el mapa; luego, puedes usar una o m\u00e1s preguntas de la lista para revelarla. <br \/> Si se utilizan estas mismas preguntas en serie cuando se trabaja con una tarjeta, funcionar\u00e1n como una t\u00e9cnica de gran complejo.<\/p>\n<p> La herramienta est\u00e1 destinada a:<br \/> psic\u00f3logos, psicoterapeutas, especialistas en otras profesiones de ayuda, l\u00edderes en juegos psicol\u00f3gicos y transformacionales, especialistas en trabajar con mapas asociativos metaf\u00f3ricos, personas dedicadas al autoconocimiento y autodesarrollo.<\/p>\n<p> T\u00e9cnicas de trabajo:<\/p>\n<p> 1.nbsp;nbsp;nbsp;nbsp;\u201cArmon\u00eda de mente, alma y cuerpo\u201d&lt; br&gt; <br \/> Meta y objetivos:<br \/> Comprenda las necesidades de la mente, el alma y el cuerpo, comprenda sus mensajes y encuentre formas de armonizarlos.<\/p>\n<p> Algoritmo:<br \/> Saque una tarjeta boca abajo por cada pregunta. Abra una por una.<br \/> \u2022nbsp;nbsp;nbsp;nbsp;\u00bfQu\u00e9 sue\u00f1o?<br \/> \u2022nbsp;nbsp;nbsp;nbsp;\u00bfQu\u00e9 necesita mi mente?<br \/> \u2022nbsp;nbsp;nbsp;nbsp; \u00bfQu\u00e9 mensaje tiene para m\u00ed?<br \/> \u2022nbsp;nbsp;nbsp;nbsp;\u00bfQu\u00e9 necesita mi cuerpo?<br \/> \u2022nbsp;nbsp;nbsp;nbsp;\u00bfQu\u00e9 mensaje tiene para m\u00ed?<br \/> \u2022nbsp;nbsp;nbsp;nbsp;\u00bfQu\u00e9 necesita mi alma?<br \/> \u2022nbsp;nbsp;nbsp;nbsp;\u00bfQu\u00e9 mensaje tiene para m\u00ed?<br \/> \u2022nbsp;nbsp;nbsp;nbsp;\u00bfQu\u00e9 ayudar\u00e1 a armonizar mi mente, alma y cuerpo?<br \/> Resumir.<\/p>\n<p> 2.nbsp;nbsp;nbsp;nbsp;\u201cAutoconocimiento\u201d<\/p>\n<p> Meta y objetivos:<br \/> Con\u00f3cete m\u00e1s profundamente, comprende tus deseos, pensamientos, posibilidades.<\/p>\n<p> Algoritmo:<br \/> Saque una tarjeta boca abajo por cada pregunta. Abra una por una.<br \/> \u2022nbsp;nbsp;nbsp;nbsp;\u00bfQui\u00e9n soy yo?<br \/> \u2022nbsp;nbsp;nbsp;nbsp;\u00bfQu\u00e9 soy yo?<br \/> \u2022nbsp;nbsp;nbsp;nbsp;\u00bfQu\u00e9 es lo que estoy luchando? <br \/> \u2022nbsp;nbsp;nbsp;nbsp;\u00bfC\u00f3mo veo el mundo, la vida?<br \/> \u2022nbsp;nbsp;nbsp;nbsp;\u00bfQu\u00e9 me inspira?<br \/> \u2022nbsp;nbsp;nbsp;nbsp;\u00bfQu\u00e9 me hace feliz?<br \/> \u2022nbsp;nbsp;nbsp;nbsp;\u00bfQu\u00e9 amo?<br \/> \u2022nbsp;nbsp;nbsp;nbsp;\u00bfQu\u00e9 quiero?<br \/> \u2022nbsp;nbsp;nbsp;nbsp;\u00bfQu\u00e9 puedo hacer?&lt; br&gt; \u2022nbsp;nbsp;nbsp;nbsp;\u00bfQu\u00e9 actividades me llenan?<br \/> \u2022nbsp;nbsp;nbsp;nbsp;\u00bfPor qu\u00e9 puedo estar agradecido?<br \/> Resumir. <\/br><\/p>","protected":false},"excerpt":{"rendered":"<p>Autor: Mikhail Lurko Autor de las instrucciones: Evgenia Baksan Editorial MACards Contenido: 90 tarjetas; instrucciones; 8 t\u00e9cnicas para trabajar con<\/p>","protected":false},"featured_media":2254,"comment_status":"open","ping_status":"open","template":"","meta":[],"product_brand":[],"product_cat":[27],"product_tag":[],"class_list":{"0":"post-2253","1":"product","2":"type-product","3":"status-publish","4":"has-post-thumbnail","6":"product_cat-universal","8":"first","9":"outofstock","10":"purchasable","11":"product-type-simple"},"_links":{"self":[{"href":"https:\/\/shercards.com\/es\/wp-json\/wp\/v2\/product\/2253","targetHints":{"allow":["GET"]}}],"collection":[{"href":"https:\/\/shercards.com\/es\/wp-json\/wp\/v2\/product"}],"about":[{"href":"https:\/\/shercards.com\/es\/wp-json\/wp\/v2\/types\/product"}],"replies":[{"embeddable":true,"href":"https:\/\/shercards.com\/es\/wp-json\/wp\/v2\/comments?post=2253"}],"wp:featuredmedia":[{"embeddable":true,"href":"https:\/\/shercards.com\/es\/wp-json\/wp\/v2\/media\/2254"}],"wp:attachment":[{"href":"https:\/\/shercards.com\/es\/wp-json\/wp\/v2\/media?parent=2253"}],"wp:term":[{"taxonomy":"product_brand","embeddable":true,"href":"https:\/\/shercards.com\/es\/wp-json\/wp\/v2\/product_brand?post=2253"},{"taxonomy":"product_cat","embeddable":true,"href":"https:\/\/shercards.com\/es\/wp-json\/wp\/v2\/product_cat?post=2253"},{"taxonomy":"product_tag","embeddable":true,"href":"https:\/\/shercards.com\/es\/wp-json\/wp\/v2\/product_tag?post=2253"}],"curies":[{"name":"wp","href":"https:\/\/api.w.org\/{rel}","templated":true}]}}