{"id":2298,"date":"2024-08-04T14:41:51","date_gmt":"2024-08-04T14:41:51","guid":{"rendered":"https:\/\/shercards.com\/index.php\/product\/metaphorical-cards-108-codes-of-the-universe-travel-format\/"},"modified":"2025-10-20T10:35:14","modified_gmt":"2025-10-20T10:35:14","slug":"metaphorical-cards-108-codes-of-the-universe-travel-format","status":"publish","type":"product","link":"https:\/\/shercards.com\/es\/producto\/metaphorical-cards-108-codes-of-the-universe-travel-format\/","title":{"rendered":"Tarjetas metaf\u00f3ricas \u201c108 c\u00f3digos del universo\u201d FORMATO VIAJE"},"content":{"rendered":"<p> El conjunto de cartas metaf\u00f3ricas del autor \u201c108 c\u00f3digos del universo\u201d es una poderosa herramienta de trabajo para activar el proceso de autoconocimiento, armonizaci\u00f3n de uno mismo y del mundo que lo rodea.<br \/> El conjunto se presenta en dos formatos: uno cl\u00e1sico y uno m\u00e1s compacto para viajes. <\/br> <\/p>\n<p> Contenido del conjunto compacto: <\/p>\n<p> \u2022 Tarjetas de asociaci\u00f3n cuadradas (48 tarjetas)<br \/> \u2022 Cartas de acci\u00f3n rectangulares (60 cartas)<br \/> \u2022 Instrucciones detalladas \u2013 80 p\u00e1ginas<br \/> \u2022 Caja de embalaje de regalo<br \/> \u2022 Peso 400g <\/br><\/p>\n<p> Las diferencias clave entre los sets cl\u00e1sicos y compactos son el tama\u00f1o del set y el peso. <\/p>\n<p> Adem\u00e1s, en el juego cl\u00e1sico, las leyendas de las cartas rectangulares est\u00e1n en dos idiomas y, para ello, el juego se suministra con breves instrucciones biling\u00fces adicionales. En el juego de formato de viaje, las leyendas de las cartas rectangulares est\u00e1n solo en ruso y, por lo tanto, no se incluyen instrucciones breves en el juego. La informaci\u00f3n b\u00e1sica se describe en instrucciones detalladas con descripciones de cartas cuadradas y dise\u00f1os de cartas a lo largo de 80 p\u00e1ginas, y estas instrucciones se incluyen en ambos juegos de cartas. <\/p>\n<p> El conjunto consta de 108 cartas metaf\u00f3ricas originales creadas a partir de las pinturas de Sasha Tovstik utilizando los m\u00e9todos de una neurofisi\u00f3loga, psicoterapeuta, Ph.D. Elena Elizbaryan. Las pinturas incluidas en las barajas fueron creadas a lo largo de 10 a\u00f1os de viajes por los pa\u00edses del sudeste asi\u00e1tico, incluidos Bali, Tailandia e India. Llenas de amor, luz y abundancia, nos revelan los secretos del nacimiento de nuevos mundos, los s\u00edmbolos de la geometr\u00eda sagrada a trav\u00e9s del prisma de la visi\u00f3n art\u00edstica de la autora y la energ\u00eda de las pr\u00e1cticas curativas. <\/p>\n<p> La herramienta es un conjunto de tarjetas de 108 piezas:<br \/> \u2022 La baraja \u201cC\u00f3digos geom\u00e9tricos\u201d consta de 48 cartas cuadradas, claves para el inconsciente. Se basan en im\u00e1genes geom\u00e9tricas sagradas, im\u00e1genes de mandalas y yantras. Son una especie de sanadores que te ayudan a encontrar recursos internos y a sintonizarte con una percepci\u00f3n armoniosa de ti mismo y del mundo.<br \/> \u2022 La baraja \u201cPistas asociativas\u201d consta de 60 tarjetas rectangulares en las que, junto a una imagen visual, se escribe una palabra. Estas tarjetas reflejan los estados positivos b\u00e1sicos de la persona, activan el pensamiento creativo y sirven de gu\u00eda para resolver las cuestiones planteadas. <\/br><\/br><\/p>\n<p> Con la ayuda de tarjetas puedes: <\/p>\n<p> \u2022 Realizar autoinvestigaci\u00f3n, buscar soluciones a sus problemas de vida;<br \/> \u2022 Encontrar recursos ocultos y alcanzar un nuevo nivel de vida consciente;<br \/> \u2022 Actualice su conjunto de valores y prioridades;<br \/> \u2022 Activar tanto el inconsciente individual como el colectivo;<br \/> \u2022 Descubrir recursos internos y sintonizarse con una percepci\u00f3n armoniosa del mundo y de s\u00ed mismo;<br \/> \u2022 Crea tus propias t\u00e9cnicas patentadas y realiza capacitaciones. <\/p>\n<p> Instrucciones detalladas <\/p>\n<p> Folleto ilustrado a todo color, 80 p\u00e1ginas.<br \/> Gramaje del papel 130 g\/m2, lomo encolado, tapa blanda con plastificado suave al tacto. <\/br><\/p>\n<p> Esta instrucci\u00f3n detallada fue creada por los autores a petici\u00f3n de los usuarios para ayudarlos a trabajar m\u00e1s profunda y productivamente con el conjunto de tarjetas \u201c108 C\u00f3digos del Universo\u201d. <\/p>\n<p> Las instrucciones detalladas le presentar\u00e1n las opciones de disposici\u00f3n de las cartas y los conceptos b\u00e1sicos de la meditaci\u00f3n psicol\u00f3gica. Aprender\u00e1 sobre los c\u00f3digos geom\u00e9tricos b\u00e1sicos del Universo, el significado de los s\u00edmbolos utilizados en las barajas, as\u00ed como el impacto de los distintos colores en su conciencia y psique; comprender\u00e1 por qu\u00e9 algunas im\u00e1genes atraen la vista y fascinan, obligando a su cerebro a descifrar la informaci\u00f3n inconsciente y encontrar respuestas a las preguntas planteadas. <\/p>\n<p> El folleto tambi\u00e9n contiene descripciones detalladas de las pinturas representadas en las tarjetas cuadradas, con comentarios del autor de Sasha Tovstik. Le ayudar\u00e1n a comprender mejor el significado que el autor pretend\u00eda transmitir con las pinturas. <\/p>\n<p> El material presentado en este libro le proporcionar\u00e1 una ayuda invaluable para descifrar los mensajes de las cartas, activando la actividad mental y sus recursos internos para comprender la informaci\u00f3n de los mensajes. <\/p>\n<p> Acerca de los autores<br \/> Sasha Tovstik sigue el camino de un artista, durante los \u00faltimos 10 a\u00f1os ha estado pintando en Bali, Tailandia, India y otros pa\u00edses del sudeste asi\u00e1tico, aprendiendo meditaci\u00f3n, qigong y pr\u00e1cticas curativas. En su pasado estuvo en la hermosa y majestuosa San Petersburgo, la Facultad de Matem\u00e1ticas y Mec\u00e1nica de la Universidad, la Escuela de Pintura del Hermitage, particip\u00f3 en m\u00e1s de 30 exposiciones en Rusia y en el extranjero. Y en el presente, Asia tropical, sol brillante, naturaleza generosa y una nueva ronda de creatividad: dibujo lineal, cer\u00e1mica y dise\u00f1o de ropa de dise\u00f1ador de seda pintada con pinturas. Las obras de Sasha reflejan cuidadosa y conmovedoramente el misterio del nacimiento de nuevos mundos, llenos de amor, impregnados de geometr\u00eda sagrada y luz curativa.<br \/> Sasha Tovstik es miembro de la Uni\u00f3n Creativa de Artistas de Rusia <\/br><\/br><\/p>\n<p> Elena Elizbaryan (Lashutina) recorre el camino de la medicina. Detr\u00e1s de nosotros est\u00e1 la regi\u00f3n cham\u00e1nica de Siberia, donde viven personas de voluntad fuerte, que aman la vida, que pueden escuchar el cielo alto, las estepas y la taiga; trabajo en la Academia M\u00e9dica, pr\u00e1ctica m\u00e9dica y actividad cient\u00edfica en el campo de la psicoterapia, defensa de una disertaci\u00f3n en la intersecci\u00f3n de la psiquiatr\u00eda y la neurofisiolog\u00eda. Y en el presente: yoga, danza-movimiento y terapia art\u00edstica y, como antes, la ciencia-arte de la neuropsicolog\u00eda y la psicoterapia, un deseo sincero de acercarse a los mayores secretos de la conciencia y el cerebro, estudiar y utilizar el poderoso poder de la creatividad, el movimiento y la respiraci\u00f3n en la curaci\u00f3n y armonizaci\u00f3n de la persona. Elena es la presidenta del Gremio Profesional Internacional de Psic\u00f3logos del Juego. <\/p>","protected":false},"excerpt":{"rendered":"<p>Un juego de cartas metaf\u00f3ricas del autor \u201c108 c\u00f3digos del universo\u201d es una poderosa herramienta de trabajo para activar el<\/p>","protected":false},"featured_media":2299,"comment_status":"open","ping_status":"open","template":"","meta":[],"product_brand":[],"product_cat":[37],"product_tag":[],"class_list":{"0":"post-2298","1":"product","2":"type-product","3":"status-publish","4":"has-post-thumbnail","6":"product_cat-feelings-abstract-mandalas","8":"first","9":"outofstock","10":"product-type-simple"},"_links":{"self":[{"href":"https:\/\/shercards.com\/es\/wp-json\/wp\/v2\/product\/2298","targetHints":{"allow":["GET"]}}],"collection":[{"href":"https:\/\/shercards.com\/es\/wp-json\/wp\/v2\/product"}],"about":[{"href":"https:\/\/shercards.com\/es\/wp-json\/wp\/v2\/types\/product"}],"replies":[{"embeddable":true,"href":"https:\/\/shercards.com\/es\/wp-json\/wp\/v2\/comments?post=2298"}],"wp:featuredmedia":[{"embeddable":true,"href":"https:\/\/shercards.com\/es\/wp-json\/wp\/v2\/media\/2299"}],"wp:attachment":[{"href":"https:\/\/shercards.com\/es\/wp-json\/wp\/v2\/media?parent=2298"}],"wp:term":[{"taxonomy":"product_brand","embeddable":true,"href":"https:\/\/shercards.com\/es\/wp-json\/wp\/v2\/product_brand?post=2298"},{"taxonomy":"product_cat","embeddable":true,"href":"https:\/\/shercards.com\/es\/wp-json\/wp\/v2\/product_cat?post=2298"},{"taxonomy":"product_tag","embeddable":true,"href":"https:\/\/shercards.com\/es\/wp-json\/wp\/v2\/product_tag?post=2298"}],"curies":[{"name":"wp","href":"https:\/\/api.w.org\/{rel}","templated":true}]}}