{"id":2344,"date":"2024-08-04T14:47:16","date_gmt":"2024-08-04T14:47:16","guid":{"rendered":"https:\/\/shercards.com\/index.php\/product\/metaphorical-associative-cards-totems-of-inner-strength\/"},"modified":"2025-10-20T10:34:17","modified_gmt":"2025-10-20T10:34:17","slug":"metaphorical-associative-cards-totems-of-inner-strength","status":"publish","type":"product","link":"https:\/\/shercards.com\/es\/producto\/metaphorical-associative-cards-totems-of-inner-strength\/","title":{"rendered":"Tarjetas asociativas metaf\u00f3ricas \u201cT\u00f3tems de fuerza interior\u201d"},"content":{"rendered":"<p>Artista: Olga Alexandrovna Movsesyan<br \/>Para qui\u00e9n: para psic\u00f3logos, psicoterapeutas, coaches, profesores y personas que quieran profundizar en el autoconocimiento.<br \/>Las cartas est\u00e1n dibujadas en acuarela y bol\u00edgrafo negro por el autor de la baraja.<br \/><em>Contenido<\/em>: <\/p>\n<li>40 tarjetas con im\u00e1genes de animales e insectos (tama\u00f1o: 120\u00d780 mm)<\/li>\n<li>Instrucciones con interpretaci\u00f3n<\/li>\n<li>Caja de almacenamiento gruesa<\/li>\n<p> Las cartas metaf\u00f3ricas \u201cT\u00f3tems de fuerza interior\u201d son una baraja de recursos universal que permite trabajar con diversas necesidades, como las relaciones, el desarrollo personal, las situaciones de crisis, la autoestima, etc. Son adecuadas tanto para consultas individuales como para el trabajo con parejas y grupos. La baraja tambi\u00e9n se puede utilizar individualmente para el autoconocimiento, la reflexi\u00f3n y la b\u00fasqueda de apoyo interno.<br \/> Los \u201cT\u00f3tems de fuerza interior\u201d de MAC se pueden utilizar para: <\/p>\n<ul>\n<li>Explorando el estado actual<\/li>\n<li>Encontrar fortalezas personales<\/li>\n<li>Establecer contacto r\u00e1pidamente con el cliente<\/li>\n<li>Definici\u00f3n de interacciones en una pareja casada<\/li>\n<li>Terapia de cuentos de hadas con adultos y ni\u00f1os<\/li>\n<li>Identificar actitudes, valores, deseos, necesidades.&lt; \/li&gt;\n<li>Buscando soluciones al problema actual<\/li>\n<li>Autorreflexi\u00f3n y autoterapia<\/li>\n<\/ul>\n<p> T\u00e9cnicas para trabajar con la baraja:<br \/><strong>T\u00e9cnica 1. \u201cBuscando una respuesta\u201d<\/strong> 1. \u00c1brete: piensa en la pregunta o problema que quieres resolver. Coloca la baraja frente a ti, elige la carta abierta que m\u00e1s te resuene, que evoque sentimientos y pensamientos.<br \/> <em>Preguntas para trabajar con la tarjeta:<\/em><br \/> \u00bfPor qu\u00e9 eleg\u00ed este animal en particular? Descr\u00edbelo. \u00bfCu\u00e1les son las caracter\u00edsticas de este animal? \u00bfCu\u00e1les son sus puntos fuertes? \u00bfC\u00f3mo supera este animal las dificultades? \u00bfEn qu\u00e9 te pareces a \u00e9l? \u00bfQu\u00e9 poderes tienes de este animal? \u00bfQu\u00e9 puedes aprender de \u00e9l? \u00bfQu\u00e9 mensaje te trae la carta? \u00bfC\u00f3mo se relaciona la respuesta con tu situaci\u00f3n de vida?<br \/>2. Cerrado: Piensa en la pregunta o problema que quieres resolver. Baraja las cartas y elige una carta boca abajo:<br \/> <em>Preguntas para trabajar con la tarjeta:<br \/> <\/br><\/em>Describe tu carta. \u00bfQu\u00e9 emociones te evoca? \u00bfQu\u00e9 sientes por este animal? \u00bfCu\u00e1les son sus caracter\u00edsticas? \u00bfCu\u00e1les son sus puntos fuertes? \u00bfC\u00f3mo supera este animal las dificultades? \u00bfEn qu\u00e9 te pareces a \u00e9l? \u00bfQu\u00e9 poderes tienes de este animal? \u00bfQu\u00e9 puedes aprender de \u00e9l? \u00bfQu\u00e9 mensaje te trae la carta? \u00bfC\u00f3mo se relaciona la respuesta con tu situaci\u00f3n vital?<br \/><strong>T\u00e9cnica 2. \u201cLa carta del d\u00eda\u201d<\/strong><br \/>\u00bfQu\u00e9 poder animal te ayudar\u00e1 hoy? Elige una carta, descr\u00edbela, nombra las caracter\u00edsticas y fortalezas de este animal. Cierra los ojos, as\u00f3ciate con el animal elegido, respira de manera uniforme, encuentra estas fuerzas dentro de ti y c\u00f3mo las sientes en tu cuerpo.<br \/><strong>T\u00e9cnica 3. Meditaci\u00f3n \u201cT\u00f3tem de la fuerza interior\u201d<br \/> <\/br>&lt; \/fuerte&gt;La meditaci\u00f3n se puede hacer por la ma\u00f1ana para prepararse para un buen d\u00eda, o por la noche para relajarse. P\u00f3ngase c\u00f3modo y confortable, coloque la baraja frente a usted. Seleccione una carta boca abajo y m\u00edrela. Cierre los ojos, puede poner m\u00fasica relajante. Respire de manera uniforme y tranquila. As\u00f3ciese con el animal elegido, sienta su fuerza, imagine c\u00f3mo y d\u00f3nde vive, c\u00f3mo se siente, qu\u00e9 come, si tiene amigos, familia, enemigos. Esc\u00fachese a s\u00ed mismo, c\u00f3mo se siente en el papel de su t\u00f3tem, c\u00f3mo ayuda o puede ayudar en su vida. Salga de la meditaci\u00f3n lentamente, est\u00edrese.<br \/><strong>T\u00e9cnica 4. \u201cMasculino y femenino\u201d<\/strong><\/p>\n<p> El hombre es muy polifac\u00e9tico. Te encuentras en diferentes estados, a veces contradictorios, a veces emocionales y a veces inquebrantables. Puede que cambies de opini\u00f3n o dudes, que est\u00e9s triste y feliz. Puedes ser duro o muy blando de coraz\u00f3n. Imagina que en tu interior coexisten energ\u00edas masculinas y femeninas. Primero, piensa en tu lado femenino. Cierra los ojos, siente tu poder femenino. Elige una carta que refleje este lado de tu personalidad. Cu\u00e9ntanos sobre ella: c\u00f3mo es, d\u00f3nde y c\u00f3mo vive, c\u00f3mo come, cu\u00e1l es su forma de vida, cu\u00e1l es su car\u00e1cter. A continuaci\u00f3n, haz lo mismo con la carta de energ\u00eda masculina. Despu\u00e9s de hablar sobre la segunda carta, pon ambas cartas una al lado de la otra y piensa en c\u00f3mo coexisten estas dos energ\u00edas en ti, c\u00f3mo se relacionan entre s\u00ed, c\u00f3mo son las interacciones entre ellas. Si est\u00e1n enemistadas, \u00bfc\u00f3mo pueden llegar a un acuerdo? <\/br><\/p>","protected":false},"excerpt":{"rendered":"<p>Artista: Olga Aleksandrovna MovsesyanPara qui\u00e9n: para psic\u00f3logos, psicoterapeutas, entrenadores, profesores y personas que quieran dedicarse al autoconocimiento.Las tarjetas son<\/p>","protected":false},"featured_media":2345,"comment_status":"open","ping_status":"open","template":"","meta":[],"product_brand":[],"product_cat":[39],"product_tag":[],"class_list":{"0":"post-2344","1":"product","2":"type-product","3":"status-publish","4":"has-post-thumbnail","6":"product_cat-nature-animals","8":"first","9":"outofstock","10":"purchasable","11":"product-type-simple"},"_links":{"self":[{"href":"https:\/\/shercards.com\/es\/wp-json\/wp\/v2\/product\/2344","targetHints":{"allow":["GET"]}}],"collection":[{"href":"https:\/\/shercards.com\/es\/wp-json\/wp\/v2\/product"}],"about":[{"href":"https:\/\/shercards.com\/es\/wp-json\/wp\/v2\/types\/product"}],"replies":[{"embeddable":true,"href":"https:\/\/shercards.com\/es\/wp-json\/wp\/v2\/comments?post=2344"}],"wp:featuredmedia":[{"embeddable":true,"href":"https:\/\/shercards.com\/es\/wp-json\/wp\/v2\/media\/2345"}],"wp:attachment":[{"href":"https:\/\/shercards.com\/es\/wp-json\/wp\/v2\/media?parent=2344"}],"wp:term":[{"taxonomy":"product_brand","embeddable":true,"href":"https:\/\/shercards.com\/es\/wp-json\/wp\/v2\/product_brand?post=2344"},{"taxonomy":"product_cat","embeddable":true,"href":"https:\/\/shercards.com\/es\/wp-json\/wp\/v2\/product_cat?post=2344"},{"taxonomy":"product_tag","embeddable":true,"href":"https:\/\/shercards.com\/es\/wp-json\/wp\/v2\/product_tag?post=2344"}],"curies":[{"name":"wp","href":"https:\/\/api.w.org\/{rel}","templated":true}]}}