{"id":2356,"date":"2024-08-04T14:49:15","date_gmt":"2024-08-04T14:49:15","guid":{"rendered":"https:\/\/shercards.com\/index.php\/product\/metaphorical-associative-cards-garden-of-my-soul\/"},"modified":"2025-10-20T10:34:17","modified_gmt":"2025-10-20T10:34:17","slug":"metaphorical-associative-cards-garden-of-my-soul","status":"publish","type":"product","link":"https:\/\/shercards.com\/es\/producto\/metaphorical-associative-cards-garden-of-my-soul\/","title":{"rendered":"Tarjetas asociativas metaf\u00f3ricas \u201cJard\u00edn de mi alma\u201d"},"content":{"rendered":"<p><strong>Autor-compilador<\/strong>: Lyudmila Alekseevna Melnikova \u2013 psic\u00f3loga, coach de vida, especialista en MAC.<br \/> <strong>Dise\u00f1o art\u00edstico: <\/strong>Oksana Gennadievna Priluzhnikova.<br \/><strong>Configuraci\u00f3n&lt; \/fuerte&gt;:nbsp;Baraja de cartas, compuesta por 80 im\u00e1genes utilizadas de fuentes abiertas.<br \/><strong>Libro de instrucciones<\/strong>:nbsp;papel 80 gr tiza offset, consta de 19 p\u00e1ginas, ensambladas con una grapa, con informaci\u00f3n sobre la baraja, ejercicios del autor.<br \/><strong>Embalaje:nbsp;<\/strong>Caja 75*100*30 mm, papel 300 g. impresi\u00f3n 4+0, prensa brillante 1+0.<br \/><strong>Tarjetas:<\/strong>Papel tiza de 300 g, impresi\u00f3n brillante 1+0 (esquinas redondeadas)<br \/><strong>Asunto<\/strong>: 2020 <br \/>La baraja de cartas asociativas metaf\u00f3ricas \u201cEl jard\u00edn de mi alma\u201d est\u00e1 dise\u00f1ada para trabajar con estados mentales, sensoriales y emocionales. Puede utilizarse en asesoramiento psicol\u00f3gico, arteterapia y como herramienta adicional en otras pr\u00e1cticas psicol\u00f3gicas. La baraja MAK \u201cEl jard\u00edn de mi alma\u201d ser\u00e1 \u00fatil para: psic\u00f3logos en ejercicio, especialistas en MAK, terapeutas de arte, terapeutas de cuentos de hadas, coaches de vida, as\u00ed como para cualquier persona interesada en la pr\u00e1ctica de las cartas asociativas metaf\u00f3ricas en psicolog\u00eda.<br \/> La baraja MAK \u201cEl Jard\u00edn de Mi Alma\u201d consta de 80 im\u00e1genes que reflejan diversos estados emocionales de una persona.<br \/>Trabajando con una baraja de cartas, puedes: <\/p>\n<ul>\n<li>reconstruir acontecimientos pasados y formar los presentes;<\/li>\n<li>aclarar experiencias y ver nuevas posibilidades; <\/li>\n<li>completar eventos \u201cinacabados\u201d en la vida que quitan energ\u00eda;<\/li>\n<li>Trabajar a trav\u00e9s del trauma psicol\u00f3gico de los acontecimientos de la vida;<\/li>\n<li>activar recursos internos;<\/li>\n<li> mejora tu estado de \u00e1nimo;<\/li>\n<li>modelar una l\u00ednea de tiempo desde el pasado hasta el futuro.<\/li>\n<\/ul>\n<p> Esta baraja viene con instrucciones y 6 ejercicios.<br \/>Ceremonias: <\/p>\n<ul>\n<li>\u201cJard\u00edn\u201d mis estados\u201d;<\/li>\n<li>\u201cLimpieza del territorio\u201d;<\/li>\n<li>\u201cEl camino al \u00e9xito\u201d;<\/li>\n<li>\u201cPasado, presente, futuro\u201d;<\/li>\n<li >\u201cMi historia\u201d;<\/li>\n<li>Ejercicio de meditaci\u00f3n \u201cJard\u00edn de mi alma\u201d.<\/li>\n<\/ul>\n<p> <strong>Ejercicio \u201cJard\u00edn de mis estados\u201d<\/strong><br \/>En este ejercicio te sumergir\u00e1s en tu mundo interior de experiencias, deseos y estados sensoriales. Te permitir\u00e1 mirar la situaci\u00f3n a trav\u00e9s de los ojos de un observador externo, quiz\u00e1s despu\u00e9s de esto replantees algunos momentos de la vida.<br \/>De la lista de condiciones propuestas, seleccione con qu\u00e9 desea trabajar en este momento. Existen dos opciones para trabajar:<br \/>Primera opci\u00f3n: <\/p>\n<li>Divida la terraza en dos partes: jardines \u201cnegativos\u201d y \u201cpositivos\u201d.<\/li>\n<li>Saca una carta \u201ccerrada\u201d o \u201cabierta\u201d de la pila de \u201cnegativos\u201d.<\/li>\n<li>Responde a las preguntas:<\/li>\n<ul>\n<li>\u00bfQu\u00e9 ves?<\/li>\n<li>\u00bfEn qu\u00e9 \u00e9poca del a\u00f1o se muestra?<\/li>\n<li>\u00bfA qu\u00e9 hora del d\u00eda (aproximadamente)?<\/li>\n<li>\u00bfQu\u00e9 dice la trama de la carta?<\/li>\n<li>\u00bfQu\u00e9 se muestra en la tarjeta?<\/li>\n<li>\u00bfQu\u00e9 sentimientos y emociones experimentas?<\/li>\n<li> \u00bfQu\u00e9 situaci\u00f3n recuerdas de alg\u00fan acontecimiento de la vida?<\/li>\n<li>\u00bfQu\u00e9 te gustar\u00eda hacer en este momento?<\/li>\n<\/ul>\n<li>Haz la siguiente pregunta: \u201c\u00bfQu\u00e9 influy\u00f3 en esta situaci\u00f3n del pasado?\u201d <\/li>\n<p>Saca una carta boca abajo de cualquier mont\u00f3n, ya sea positiva o negativa. Responde las siguientes preguntas: <\/p>\n<ul>\n<li>\u00bfQu\u00e9 ves?<\/li>\n<li>\u00bfQu\u00e9 dice la trama de la carta?<\/li>\n<li>\u00bfQu\u00e9 se muestra en la tarjeta?<\/li>\n<li>\u00bfQu\u00e9 sentimientos y emociones experimentas?<\/li>\n<li>\u00bfQu\u00e9 situaci\u00f3n recuerdas de alg\u00fan acontecimiento de la vida?<\/li>\n<li>\u00bfQu\u00e9 te ense\u00f1\u00f3 esta situaci\u00f3n y qu\u00e9 lecciones valiosas aprendiste?<\/li>\n<li>\u00bfC\u00f3mo se relacionan los acontecimientos de la primera carta con los de la segunda?<\/li>\n<li>\u00bfQu\u00e9 te gustar\u00eda hacer ahora en este jard\u00edn?<\/li>\n<\/ul>\n<li>Haga la siguiente pregunta: \u201c\u00bfC\u00f3mo afectar\u00e1 esto a la situaci\u00f3n en el futuro?\u201d<\/li>\n<p> Saca una carta boca abajo de la pila positiva. Responde las siguientes preguntas: <\/p>\n<ul>\n<li>\u00bfQu\u00e9 ves?<\/li>\n<li>\u00bfQu\u00e9 dice la trama de la carta?<\/li>\n<li>\u00bfQu\u00e9 se muestra en la tarjeta?<\/li>\n<li>\u00bfQu\u00e9 sentimientos y emociones experimentas?<\/li>\n<li>\u00bfC\u00f3mo te gustar\u00eda continuar la trama de esta tarjeta (3-5 oraciones)?<\/li>\n<\/ul>\n<li>Analizar la informaci\u00f3n. Sacar conclusiones.<\/li>\n<p> Segunda opci\u00f3n:<br \/>Mezcla todas las cartas, la secuencia de trabajo es la misma, pero solo ten\u00e9is una baraja de cartas com\u00fan.<br \/>Lista de estados: <\/p>\n<li>El jard\u00edn de mi yo.<\/li>\n<li>Jard\u00edn de mi alma.<\/li>\n<li>Jard\u00edn de mi coraz\u00f3n.<\/li>\n<li>Jard\u00edn de mi infancia.<\/li>\n<li>Jard\u00edn de mi relaci\u00f3n con mis padres.<\/li>\n<li>Jard\u00edn mi relaci\u00f3n con mi madre.<\/li>\n<li>El jard\u00edn de mi relaci\u00f3n con mi pap\u00e1.<\/li>\n<li>El jard\u00edn de mi relaci\u00f3n con mis hermanos y hermanas.<\/li>\n<li>El jard\u00edn de mi relaci\u00f3n con mi c\u00f3nyuge.<\/li>\n<li>El jard\u00edn de mi relaci\u00f3n con mis hijos.<\/li>\n<li>El jard\u00edn de mi relaci\u00f3n con mi hijo.<\/li>\n<li>El jard\u00edn de mi relaci\u00f3n con mi hija.<\/li>\n<li>El jard\u00edn de mi relaci\u00f3n con los ni\u00f1os abortados.&lt; \/li&gt;\n<li>El jard\u00edn de mi relaci\u00f3n con mi familia.<\/li>\n<li>El jard\u00edn de mi relaci\u00f3n con la energ\u00eda sexual.<\/li>\n<li>El jard\u00edn de mi relaci\u00f3n con la energ\u00eda empresarial.<\/li>\n<li>El jard\u00edn de mi relaci\u00f3n con los amigos.<\/li>\n<li>El jard\u00edn de mis relaciones con parejas pasadas (con cada una por separado).<\/li>\n<li>El jard\u00edn de mis relaciones con el dinero.<\/li>\n<li>El jard\u00edn de mis relaciones con mis energ\u00edas.&lt; \/li&gt;\n<li>El jard\u00edn de mi cuerpo.<\/li>\n<li>El jard\u00edn de mi potencial.<\/li>\n<li>El jard\u00edn de mis recuerdos.<\/li>\n<li>El jard\u00edn de mi felicidad.<\/li>\n<li> El jard\u00edn de mi pasado.<\/li>\n<li>El jard\u00edn de mi presente.<\/li>\n<li>El jard\u00edn de mis posibilidades.<\/li>\n<li>El jard\u00edn de mi problema.<\/li>\n<li>El jard\u00edn de mi salud.<\/li>\n<li>El jard\u00edn de mi espiritualidad.<\/li>\n<p> <\/br><\/p>","protected":false},"excerpt":{"rendered":"<p>Autora y compiladora: Lyudmila Alekseevna Melnikova, psic\u00f3loga, coach de vida, especialista en MAC. Dise\u00f1o art\u00edstico: Oksana Gennadievna Priluzhnikova. Configuraci\u00f3n&lt; \/fuerte&gt;:nbsp;Baraja de cartas, compuesta<\/p>","protected":false},"featured_media":2357,"comment_status":"open","ping_status":"open","template":"","meta":[],"product_brand":[],"product_cat":[39],"product_tag":[],"class_list":{"0":"post-2356","1":"product","2":"type-product","3":"status-publish","4":"has-post-thumbnail","6":"product_cat-nature-animals","8":"first","9":"outofstock","10":"purchasable","11":"product-type-simple"},"_links":{"self":[{"href":"https:\/\/shercards.com\/es\/wp-json\/wp\/v2\/product\/2356","targetHints":{"allow":["GET"]}}],"collection":[{"href":"https:\/\/shercards.com\/es\/wp-json\/wp\/v2\/product"}],"about":[{"href":"https:\/\/shercards.com\/es\/wp-json\/wp\/v2\/types\/product"}],"replies":[{"embeddable":true,"href":"https:\/\/shercards.com\/es\/wp-json\/wp\/v2\/comments?post=2356"}],"wp:featuredmedia":[{"embeddable":true,"href":"https:\/\/shercards.com\/es\/wp-json\/wp\/v2\/media\/2357"}],"wp:attachment":[{"href":"https:\/\/shercards.com\/es\/wp-json\/wp\/v2\/media?parent=2356"}],"wp:term":[{"taxonomy":"product_brand","embeddable":true,"href":"https:\/\/shercards.com\/es\/wp-json\/wp\/v2\/product_brand?post=2356"},{"taxonomy":"product_cat","embeddable":true,"href":"https:\/\/shercards.com\/es\/wp-json\/wp\/v2\/product_cat?post=2356"},{"taxonomy":"product_tag","embeddable":true,"href":"https:\/\/shercards.com\/es\/wp-json\/wp\/v2\/product_tag?post=2356"}],"curies":[{"name":"wp","href":"https:\/\/api.w.org\/{rel}","templated":true}]}}