{"id":332,"date":"2024-08-04T11:21:35","date_gmt":"2024-08-04T11:21:35","guid":{"rendered":"https:\/\/shercards.com\/index.php\/product\/set-of-text-decks-settings\/"},"modified":"2025-10-20T10:47:05","modified_gmt":"2025-10-20T10:47:05","slug":"set-of-text-decks-settings","status":"publish","type":"product","link":"https:\/\/shercards.com\/es\/producto\/set-of-text-decks-settings\/","title":{"rendered":"Conjunto de barajas de texto \u201cConfiguraci\u00f3n +\u201d"},"content":{"rendered":"<p>Autor: Irina Fedorova<\/p>\n<p> <em>Las cartas del conjunto \u201cActitudes +\u201d ayudar\u00e1n a trabajar con cartas asociativas metaf\u00f3ricas con el prop\u00f3sito de autoconocimiento y correcci\u00f3n psicol\u00f3gica.<\/em><\/p>\n<p> El juego incluye tres barajas de cartas asociativas metaf\u00f3ricas:<\/p>\n<li>Actitudes<\/li>\n<li>Actitudes: dinero<\/li>\n<li>Actitudes: relaciones<\/li>\n<p> <\/br><br \/> Las cartas de la serie \u201c+\u201d ayudar\u00e1n a trabajar con mapas asociativos metaf\u00f3ricos con el objetivo de autoconocimiento y correcci\u00f3n psicol\u00f3gica. La baraja \u201cActitudes\u201d contiene actitudes positivas y negativas hacia uno mismo, hacia las personas que nos rodean y hacia el mundo en general. La baraja \u201cActitudes: Dinero\u201d contiene actitudes hacia el dinero y los recursos materiales. La baraja \u201cActitudes: Relaciones\u201d \u2013 actitudes de las mujeres respecto a las relaciones personales y la creaci\u00f3n de una familia.<\/p>\n<p> Las tarjetas se pueden utilizar tanto bajo la gu\u00eda de un psic\u00f3logo como de forma independiente, en grupo o durante lecciones individuales.<\/p>\n<p> * Al comprar todo el conjunto de una vez, ahorras 300 rublos en comparaci\u00f3n con el coste total de las barajas si las comprases una a la vez.<br \/> <\/br><\/br><\/p>","protected":false},"excerpt":{"rendered":"<p>Autor: Irina Fedorova Las tarjetas del conjunto \u201cActitudes +\u201d ayudar\u00e1n a trabajar con tarjetas asociativas metaf\u00f3ricas con el prop\u00f3sito<\/p>","protected":false},"featured_media":333,"comment_status":"open","ping_status":"open","template":"","meta":[],"product_brand":[],"product_cat":[29],"product_tag":[],"class_list":{"0":"post-332","1":"product","2":"type-product","3":"status-publish","4":"has-post-thumbnail","6":"product_cat-text","8":"first","9":"outofstock","10":"purchasable","11":"product-type-simple"},"_links":{"self":[{"href":"https:\/\/shercards.com\/es\/wp-json\/wp\/v2\/product\/332","targetHints":{"allow":["GET"]}}],"collection":[{"href":"https:\/\/shercards.com\/es\/wp-json\/wp\/v2\/product"}],"about":[{"href":"https:\/\/shercards.com\/es\/wp-json\/wp\/v2\/types\/product"}],"replies":[{"embeddable":true,"href":"https:\/\/shercards.com\/es\/wp-json\/wp\/v2\/comments?post=332"}],"wp:featuredmedia":[{"embeddable":true,"href":"https:\/\/shercards.com\/es\/wp-json\/wp\/v2\/media\/333"}],"wp:attachment":[{"href":"https:\/\/shercards.com\/es\/wp-json\/wp\/v2\/media?parent=332"}],"wp:term":[{"taxonomy":"product_brand","embeddable":true,"href":"https:\/\/shercards.com\/es\/wp-json\/wp\/v2\/product_brand?post=332"},{"taxonomy":"product_cat","embeddable":true,"href":"https:\/\/shercards.com\/es\/wp-json\/wp\/v2\/product_cat?post=332"},{"taxonomy":"product_tag","embeddable":true,"href":"https:\/\/shercards.com\/es\/wp-json\/wp\/v2\/product_tag?post=332"}],"curies":[{"name":"wp","href":"https:\/\/api.w.org\/{rel}","templated":true}]}}