{"id":336,"date":"2024-08-04T11:21:35","date_gmt":"2024-08-04T11:21:35","guid":{"rendered":"https:\/\/shercards.com\/index.php\/product\/set-of-text-decks-hint-questions\/"},"modified":"2025-10-20T10:47:05","modified_gmt":"2025-10-20T10:47:05","slug":"set-of-text-decks-hint-questions","status":"publish","type":"product","link":"https:\/\/shercards.com\/es\/producto\/set-of-text-decks-hint-questions\/","title":{"rendered":"Conjunto de barajas de texto \u201cPistas + Preguntas\u201d"},"content":{"rendered":"<p>Autor: Irina Fedorova<br \/><em>Las tarjetas del conjunto \u201cPistas + Preguntas\u201d te ayudar\u00e1n a trabajar con tarjetas asociativas metaf\u00f3ricas sobre casi cualquier tema.<\/em><br \/>El juego incluye dos barajas de cartas asociativas metaf\u00f3ricas: <\/p>\n<li> Pista (105 cartas)<\/li>\n<li>Preguntas (105 tarjetas)<\/li>\n<p> Las tarjetas del conjunto \u201cPistas + Preguntas\u201d ayudar\u00e1n a trabajar con cualquier tarjeta asociativa metaf\u00f3rica con el prop\u00f3sito de autoconocimiento y correcci\u00f3n psicol\u00f3gica.<br \/>La baraja \u201cPistas\u201d contiene cartas con palabras y frases. La baraja \u201cPreguntas\u201d, por su parte, contiene cartas con preguntas.<br \/>Las tarjetas se pueden utilizar tanto bajo la gu\u00eda de un psic\u00f3logo como de forma independiente, en grupo o durante lecciones individuales.<br \/>* Al comprar todo el conjunto de una vez, ahorras 200 rublos en comparaci\u00f3n con el coste total de las barajas si las comprases una a la vez.<br \/> <\/br><\/br><\/p>","protected":false},"excerpt":{"rendered":"<p>Autor: Irina FedorovaLas tarjetas del conjunto \u201cPistas + Preguntas\u201d te ayudar\u00e1n a trabajar con tarjetas asociativas metaf\u00f3ricas en casi cualquier<\/p>","protected":false},"featured_media":337,"comment_status":"open","ping_status":"open","template":"","meta":[],"product_brand":[],"product_cat":[29],"product_tag":[],"class_list":{"0":"post-336","1":"product","2":"type-product","3":"status-publish","4":"has-post-thumbnail","6":"product_cat-text","8":"first","9":"outofstock","10":"purchasable","11":"product-type-simple"},"_links":{"self":[{"href":"https:\/\/shercards.com\/es\/wp-json\/wp\/v2\/product\/336","targetHints":{"allow":["GET"]}}],"collection":[{"href":"https:\/\/shercards.com\/es\/wp-json\/wp\/v2\/product"}],"about":[{"href":"https:\/\/shercards.com\/es\/wp-json\/wp\/v2\/types\/product"}],"replies":[{"embeddable":true,"href":"https:\/\/shercards.com\/es\/wp-json\/wp\/v2\/comments?post=336"}],"wp:featuredmedia":[{"embeddable":true,"href":"https:\/\/shercards.com\/es\/wp-json\/wp\/v2\/media\/337"}],"wp:attachment":[{"href":"https:\/\/shercards.com\/es\/wp-json\/wp\/v2\/media?parent=336"}],"wp:term":[{"taxonomy":"product_brand","embeddable":true,"href":"https:\/\/shercards.com\/es\/wp-json\/wp\/v2\/product_brand?post=336"},{"taxonomy":"product_cat","embeddable":true,"href":"https:\/\/shercards.com\/es\/wp-json\/wp\/v2\/product_cat?post=336"},{"taxonomy":"product_tag","embeddable":true,"href":"https:\/\/shercards.com\/es\/wp-json\/wp\/v2\/product_tag?post=336"}],"curies":[{"name":"wp","href":"https:\/\/api.w.org\/{rel}","templated":true}]}}