{"id":346,"date":"2024-08-04T11:22:50","date_gmt":"2024-08-04T11:22:50","guid":{"rendered":"https:\/\/shercards.com\/index.php\/product\/thematic-text-cards-money-request-limiting-beliefs\/"},"modified":"2025-10-20T10:47:05","modified_gmt":"2025-10-20T10:47:05","slug":"thematic-text-cards-money-request-limiting-beliefs","status":"publish","type":"product","link":"https:\/\/shercards.com\/es\/producto\/thematic-text-cards-money-request-limiting-beliefs\/","title":{"rendered":"Tarjetas de texto tem\u00e1ticas \u201cSolicitud de dinero: creencias limitantes\u201d"},"content":{"rendered":"<p>Incluido en el kit para trabajar con solicitudes de dinero.<br \/>Autor: Evgenia Baksan<br \/>Editorial: MACards<br \/><strong>Contenido:<\/strong> <\/p>\n<ul> <\/p>\n<li>100 tarjetas (creencias limitantes comunes, actitudes destructivas sobre el dinero y el bienestar material),<\/li>\n<li>Instrucciones con t\u00e9cnicas de trabajo.<\/li>\n<p> <\/br><\/ul>\n<p> Las creencias son actitudes internas, patrones de pensamiento en los que una persona cree como si fueran verdad. Se trata de una generalizaci\u00f3n de su experiencia de vida sobre c\u00f3mo funciona todo en este mundo y qu\u00e9 est\u00e1 conectado con qu\u00e9. En sus decisiones, acciones e inacciones, las considera como reglas y verdad absoluta. Hacen que su mundo sea sencillo y comprensible. En cada \u00e1rea de la vida tenemos un cierto conjunto de creencias, que pueden ser constructivas, de apoyo, efectivas y \u00fatiles, o destructivas, limitantes y que nos impiden lograr lo que queremos. El sistema de estas creencias, el programa \u2013&lt; em&gt;nbsp; <\/em>como un \u201cfiltro\u201d a trav\u00e9s del cual vemos el mundo. Y esta visi\u00f3n del mundo \u2013la \u201cimagen del mundo\u201d\u2013 determina y da forma a la realidad. Para el subconsciente, lo que creemos es posible.<br \/>Las actitudes pueden ser conscientes, expl\u00edcitas (una persona las pronuncia, las repite, como un proverbio) y ocultas (una persona no es consciente de ellas, pero vive de acuerdo con ellas). Y si interfieren, es importante deshacerse de ellas. Analizando su discurso, pensamientos y acciones, y lo que sucede y se repite en la vida, puede identificar actitudes negativas y su escenario. Las creencias se forman y se confirman a lo largo de la vida, comenzando desde la infancia. Bas\u00e1ndose en las creencias de los padres y otros adultos importantes, su propia experiencia repetida, la experiencia de personas autorizadas o algo que impact\u00f3 emocionalmente a una persona...<br \/>Las creencias limitantes sobre el bienestar material moldean la actitud hacia el dinero, hacia los due\u00f1os del dinero y hacia el mundo; influyen en el comportamiento y los planes. Estas creencias transmiten un mensaje negativo y limitan la vida, la libertad de elecci\u00f3n, los deseos y las acciones y conducen a la insatisfacci\u00f3n. Cambiar estas actitudes es un paso muy importante en el trabajo con las peticiones de dinero. Las actitudes son nuestra elecci\u00f3n y, si es necesario, se pueden cambiar.<br \/>\u201cMa\u00f1ana ver\u00e1s los resultados de lo que piensas hoy\u201d \u2013 cita.<br \/>Un algoritmo general aproximado para cambiar creencias limitantes por creencias de apoyo y ayuda: <\/p>\n<ul> <\/p>\n<li>Identifica y toma conciencia de tus creencias que est\u00e1n interfiriendo<\/li>\n<li>Entender qu\u00e9 impacto tienen en la vida y cu\u00e1les ser\u00e1n las consecuencias si no se hace nada.<\/li>\n<li>Cuestiona una creencia, \u201csiembra\u201d en ti un pensamiento sobre qu\u00e9 podr\u00eda ser diferente. Piensa adecuadamente y si es relevante ahora.<\/li>\n<li>Reformular la creencia en la escritura para que sea \u00fatil. \u201cTransformarla\u201d de modo que suene constructiva y receptiva.<\/li>\n<li>Aprenda una nueva creencia durante un largo per\u00edodo de tiempo a trav\u00e9s de la repetici\u00f3n repetida y el refuerzo positivo.<em>(por ejemplo, un protector de pantalla en tu tel\u00e9fono que parezca una grabaci\u00f3n que est\u00e9 siempre a la vista; decir o escribir afirmaciones; emociones positivas al decir una nueva creencia, confirmando que funciona en tu vida, ejemplos de otros\u2026)<\/em><\/li>\n<p> <\/br><\/ul>\n<p> <strong>T\u00e9cnicas para trabajar con tarjetas de texto \u201cCreencias limitantes\u201d<\/strong><br \/>\u2013 Al trabajar con creencias, se puede elegir entre cartas tem\u00e1ticas de texto tanto de forma abierta (conscientemente, boca abajo) como cerrada (sin mirar, boca abajo). Es eficaz combinar estos dos m\u00e9todos, haciendo una elecci\u00f3n abierta y luego complementando con varias cartas tomadas boca abajo.<br \/>\u2013 Las tarjetas con afirmaciones que elijas pueden repetir completamente tu actitud palabra por palabra, o reflejar su esencia. Es importante que tenga un significado para ti y responda emocionalmente.<br \/>\u2013 Se recomienda que todo trabajo se realice por escrito.<br \/>Algunas t\u00e9cnicas de las instrucciones:<br \/><strong>T\u00e9cnica del ESPEJO<\/strong><br \/>De la baraja \u201cCreencias Limitantes\u201d selecciona abiertamente todas las creencias que en tu opini\u00f3n m\u00e1s influyen en el \u00e1rea del dinero en tu vida.<br \/>Ahora obs\u00e9rvalos con m\u00e1s atenci\u00f3n y piensa qu\u00e9 reflejan en ti, \u00bfqu\u00e9 mensaje te transmiten? Y categoriza: Incumplimiento de valores morales y espirituales; Desesperanza y desesperanza; Impotencia y desamparo; Miedo; Baja autoestima; Otros.<br \/>Analiza cada categor\u00eda, \u00bfqu\u00e9 m\u00e1s hay detr\u00e1s? \u00bfQu\u00e9 necesitas trabajar? \u00bfQu\u00e9 significa esto para ti? <em>(Por ejemplo, detr\u00e1s de la afirmaci\u00f3n \u201cno puedo cambiar nada\u201d, que habla de mi desesperaci\u00f3n e impotencia, hay otra creencia: \u201cno lo lograr\u00e9\u201d. Esto lo tengo desde la infancia, cuando me dec\u00edan que era tonta y que \u201cde ah\u00ed no me crecen las manos\u201d. Y tambi\u00e9n, me convenc\u00ed de esto m\u00e1s tarde, cuando comet\u00ed errores, de que no puedo hacer nada.<\/em><br \/><em>Para m\u00ed, se trata del miedo a equivocarme. Me pone en un estado de estupor, me lleva a permanecer inactivo para no sufrir la derrota o, si tengo que actuar, no puedo movilizarme por miedo, act\u00fao de manera ineficaz y cometo errores. En cualquier caso, no deber\u00eda ser tan cr\u00edtico con los errores. Los errores son experiencia y est\u00e1 bien cometer errores. Prefiero creer que \u201cQuien no hace nada no comete errores, me dar\u00e9 el derecho de equivocarme, me permitir\u00e9 hacer algo menos que perfecto, pensando no solo en el resultado, sino tambi\u00e9n en disfrutar del proceso. Y entonces tendr\u00e9 la oportunidad de cambiar algo).<\/em><br \/><strong>T\u00c9CNICA \u201cINVESTIGACI\u00d3N Y TRANSFORMACI\u00d3N\u201d<\/strong><\/p>\n<li>Del mazo \u201cCreencias limitantes\u201d, elija abiertamente una creencia para explorar. Responda las preguntas con cuidado y una por una:<\/li>\n<p> <\/br>  <\/p>\n<ul> <\/p>\n<li>\u00bfDe d\u00f3nde sacaste esta instalaci\u00f3n? \u00bfC\u00f3mo supiste que era as\u00ed?<\/li>\n<li>\u00bfD\u00f3nde y de qui\u00e9n la o\u00edste? \u00bfEn qu\u00e9 voz suena (padre, madre, abuela o abuelo, otra persona significativa)? \u00bfPor qu\u00e9 pensaron eso? <em>(Por ejemplo, mi abuela siempre dec\u00eda: \u201cEl dinero es peligroso\u201d. Quiz\u00e1s le ten\u00eda tanto miedo porque vivi\u00f3 la \u201cdeskulakizaci\u00f3n\u201d con su familia).<\/em><\/li>\n<li>\u00bfQu\u00e9 cosas de tu vida se confirman? \u00bfPor qu\u00e9 crees que lo hicieron? \u00bfPodr\u00eda ser que esta creencia activara una \u201cdefensa interna\u201d contra el dinero y que inconscientemente estuvieras actuando de forma que no lo tuvieras? \u00bfPodr\u00eda ser que tu parte interna y tu escenario atrajeran estas situaciones?<\/li>\n<li>\u00bfPor qu\u00e9 crees esto ahora? \u00bfEs cierto y relevante este 100%?<\/li>\n<li>\u00bfC\u00f3mo act\u00faas ante la actitud?<\/li>\n<li>\u00bfCuanto tiempo llevas viviendo con ello?<\/li>\n<li>\u00bfC\u00f3mo ser\u00eda tu vida si siguieras creyendo en ello? \u00bfQu\u00e9 tienes que perder? \u00bfNo es demasiado alto el precio?<\/li>\n<li>\u00bfTe imaginas que podr\u00eda ser diferente? \u00bfPuedes cuestionar esta actitud?<\/li>\n<li>\u00bfQu\u00e9 ejemplos tienen otras personas en sus vidas que confirman que este puede no ser el caso?<\/li>\n<p> <\/br><\/ul>\n<p> &lt; br&gt; <\/p>\n<li>\u00bfExisten ejemplos que contradigan esta creencia? \u00bfQu\u00e9 ejemplos has tenido en tu vida? <em>(Por ejemplo, tengo la creencia \u201cEl dinero es peligroso\u201d, pero tuve una situaci\u00f3n en la que gan\u00e9 una gran cantidad y no pas\u00f3 nada malo).<\/em><\/li>\n<p> <\/br> <br > <\/p>\n<ul> <\/p>\n<li>\u00bfC\u00f3mo te afecta y limita esta actitud en la vida?<\/li>\n<li>Formula una creencia opuesta, de apoyo, pero de tal manera que te convenga y sea segura en esta etapa, ingeniosa, y puedas comenzar a creer en ella.<em>. <\/em>Comience a formularlo gradualmente. No solo diga: \u201cEl dinero es seguro\u201d, ya que es poco probable que lo crea y tal vez exista alguna protecci\u00f3n en \u00e9l que sea importante considerar, pero sin exagerar ni ser fan\u00e1tico. Intente agregar la palabra \u201cilusi\u00f3n\u201d o \u201cdistorsi\u00f3n\u201d a la creencia primero.<em>Por ejemplo, \u201ctengo una distorsi\u00f3n cognitiva de que el dinero es peligroso\u201d. Pero todo es condicional y, de hecho, puedo reemplazar esta creencia por \u201csi administro el dinero sabiamente, est\u00e1 seguro\u201d).<\/em><\/li>\n<li>\u00bfQu\u00e9 otras creencias has tenido en tu vida que han cambiado por otras constructivas? \u00bfCrees que es realista cambiar tus actitudes?<\/li>\n<li>\u00bfQu\u00e9 porcentaje crees ahora en tu nueva creencia? \u00bfTe gusta esta idea? \u00bfC\u00f3mo cambiar\u00e1 tu vida si la sigues?<\/li>\n<li>\u00bfQu\u00e9 hay que hacer para que esto se arraigue y se convierta en una nueva verdad para usted?<\/li>\n<p> <\/br><\/ul>\n<p> <strong> T\u00e9cnica de \u201cINFLUENCIA\u201d<\/strong><\/p>\n<li>Del mazo de \u201cCreencias limitantes\u201d, selecciona abiertamente aquella con la que quieras trabajar.<\/li>\n<li>Con cuidado, responda todas las preguntas una por una:<\/li> <\/br> <br \/> \n<ul> <\/p>\n<li>\u00bfQu\u00e9 sentimientos te evoca, qu\u00e9 sensaciones en tu cuerpo?<\/li>\n<li>\u00bfQu\u00e9 quieres hacer entonces?<\/li>\n<li>B \u00bfCu\u00e1les son las ventajas y beneficios de esta creencia? \u00bfDe qu\u00e9 nos protege? \u00bfQu\u00e9 beneficios nos aporta? \u00bfQu\u00e9 debemos tener en cuenta y qu\u00e9 debemos reconsiderar?<\/li>\n<li>\u00bfCu\u00e1l es el costo de esto? \u00bfQu\u00e9 influencia tiene en tu vida? \u00bfDe qu\u00e9 manera te limita?<\/li>\n<li>\u00bfDe d\u00f3nde surgi\u00f3 esta creencia? \u00bfD\u00f3nde y de qui\u00e9n la escuchaste? \u00bfQu\u00e9 eventos y situaciones influyeron?<\/li>\n<li>\u00bfQu\u00e9 pasar\u00e1 si nada cambia? \u00bfC\u00f3mo ser\u00e1 tu vida? \u00bfVale la pena creer en esto?<\/li>\n<li>\u00bfCu\u00e1l debe ser la nueva creencia para que sea diferente, como deseas?<em>(Por ejemplo: \u201cAunque no haya dinero, soy amable\u201d, puedes cambiarlo por \u201cLa riqueza dar\u00e1 la oportunidad de hacer m\u00e1s el bien\u201d).<\/em><\/li>\n<p> <\/br><\/ul>\n<li>\u00bfTienes un deseo interior de lograrlo? \u00bfQu\u00e9 se necesita para lograrlo?<\/li>\n<li>De cualquier baraja universal, de recursos o de dinero (por ejemplo, \u201cSolicitud de dinero\u201d), elija una imagen, cerrada, con una respuesta a la pregunta: \u00bfQu\u00e9 puede ayudar a formar un nuevo modelo de comportamiento?<\/li>\n<p> <\/br> <br \/> (Para realizar trabajos complejos y aumentar la eficiencia, la herramienta se puede combinar con un conjunto de tarjetas metaf\u00f3ricas asociativas y tem\u00e1ticas: <strong><em>\u201cSolicitud de dinero\u201d<\/em><\/strong>). <\/br><\/p>","protected":false},"excerpt":{"rendered":"<p>Incluido en el kit para trabajar con solicitudes de dinero.Autor: Evgenia BaksanEditorial: MACardsContenido: 100 tarjetas (creencias limitantes comunes, actitudes destructivas sobre<\/p>","protected":false},"featured_media":347,"comment_status":"open","ping_status":"open","template":"","meta":[],"product_brand":[],"product_cat":[31],"product_tag":[],"class_list":{"0":"post-346","1":"product","2":"type-product","3":"status-publish","4":"has-post-thumbnail","6":"product_cat-money-business-professions","8":"first","9":"outofstock","10":"purchasable","11":"product-type-simple"},"_links":{"self":[{"href":"https:\/\/shercards.com\/es\/wp-json\/wp\/v2\/product\/346","targetHints":{"allow":["GET"]}}],"collection":[{"href":"https:\/\/shercards.com\/es\/wp-json\/wp\/v2\/product"}],"about":[{"href":"https:\/\/shercards.com\/es\/wp-json\/wp\/v2\/types\/product"}],"replies":[{"embeddable":true,"href":"https:\/\/shercards.com\/es\/wp-json\/wp\/v2\/comments?post=346"}],"wp:featuredmedia":[{"embeddable":true,"href":"https:\/\/shercards.com\/es\/wp-json\/wp\/v2\/media\/347"}],"wp:attachment":[{"href":"https:\/\/shercards.com\/es\/wp-json\/wp\/v2\/media?parent=346"}],"wp:term":[{"taxonomy":"product_brand","embeddable":true,"href":"https:\/\/shercards.com\/es\/wp-json\/wp\/v2\/product_brand?post=346"},{"taxonomy":"product_cat","embeddable":true,"href":"https:\/\/shercards.com\/es\/wp-json\/wp\/v2\/product_cat?post=346"},{"taxonomy":"product_tag","embeddable":true,"href":"https:\/\/shercards.com\/es\/wp-json\/wp\/v2\/product_tag?post=346"}],"curies":[{"name":"wp","href":"https:\/\/api.w.org\/{rel}","templated":true}]}}