{"id":368,"date":"2024-08-04T11:26:24","date_gmt":"2024-08-04T11:26:24","guid":{"rendered":"https:\/\/shercards.com\/index.php\/product\/metaphorical-cards-metaphorical-quotes-issue-no-2-hard-box\/"},"modified":"2025-10-20T10:47:05","modified_gmt":"2025-10-20T10:47:05","slug":"metaphorical-cards-metaphorical-quotes-issue-no-2-hard-box","status":"publish","type":"product","link":"https:\/\/shercards.com\/es\/producto\/metaphorical-cards-metaphorical-quotes-issue-no-2-hard-box\/","title":{"rendered":"Tarjetas metaf\u00f3ricas \u201cCitas metaf\u00f3ricas. Edici\u00f3n n\u00ba 2\u201d (caja r\u00edgida)"},"content":{"rendered":"<p>\u00a1Nuevo dise\u00f1o! \u00a1Ahora en una caja r\u00edgida con tapa inferior!<br \/> <\/br><br \/> <\/br>Autor-compilador: Mikhail Lurko<br \/> Contenido: <\/p>\n<ul>\n<li>N\u00famero de tarjetas \u2013 70<\/li>\n<p> &lt; li&gt;Instrucciones<\/li>\n<\/ul>\n<p> La baraja contiene 70 cartas que son una excelente herramienta para la autoterapia. Pueden utilizarse para ayudarse a s\u00ed mismo en situaciones problem\u00e1ticas, para entrenar la habilidad de la conciencia, la capacidad de notar y acumular experiencias positivas de la vida cotidiana que dan fuerza.<br \/> Las citas metaf\u00f3ricas del IAC ayudan a desarrollar la cualidad de la mediaci\u00f3n (es decir, la capacidad de una persona para evaluarse cr\u00edticamente a s\u00ed misma y afrontar de forma independiente los problemas internos), lo que contribuye a la formaci\u00f3n de una personalidad organizada de forma armoniosa. Han demostrado su eficacia en el trabajo con escenarios y actitudes de la vida y se pueden utilizar en sesiones de coaching y juegos de transformaci\u00f3n.<br \/>En 2018, en el Instagram de Macards apareci\u00f3 una secci\u00f3n que r\u00e1pidamente se gan\u00f3 los corazones de nuestros suscriptores: #macards_metaphor_essence. Para la gente, se ha convertido en algo m\u00e1s que una imagen divertida del d\u00eda. Las fotos y las citas evocaban una respuesta sensual especial en los suscriptores, les levantaban el \u00e1nimo y les ayudaban a mirar sus vidas desde una nueva perspectiva. Entre las frases metaf\u00f3ricas hab\u00eda citas de escritores, pensadores y grandes psic\u00f3logos. Pero la mayor parte de los dichos los escuchamos entre la gente, de amigos o colegas. Por eso conmovieron a nuestros lectores: porque en muchas situaciones descritas en las citas, la gente se reconoci\u00f3 a s\u00ed misma. Cuando el n\u00famero de publicaciones super\u00f3 las 50, decidimos combinarlas y publicarlas en el conjunto de \u201cFrases metaf\u00f3ricas\u201d (para que los pensamientos importantes est\u00e9n siempre a mano).<br \/>El trabajo con cualquier carta metaf\u00f3rica se basa en el mecanismo de proyecci\u00f3n (esto es cuando una persona percibe err\u00f3neamente lo que est\u00e1 sucediendo internamente como algo que sucede desde afuera). Fotos y citas Las \u201ccitas metaf\u00f3ricas\u201d evocan asociaciones espont\u00e1neas en las personas, que ayudan a ver pensamientos, sentimientos, motivos y rasgos de car\u00e1cter inconscientes o inaceptables que se atribuyen a alguien o algo.<br \/>Para aumentar la eficacia del trabajo personal con el pensamiento, recomendamos combinar la baraja de Citas Metaf\u00f3ricas con pr\u00e1cticas de escritura. La escritura nos permite desarrollar la reflexi\u00f3n (el movimiento del pensamiento en el que \u201cobservamos lo que sucede en nosotros mismos\u201d), encarna (es decir, hace material, real) nuestros pensamientos e ideas.<\/br><\/br><br \/> <\/br><\/p>","protected":false},"excerpt":{"rendered":"<p>\u00a1Nuevo dise\u00f1o! \u00a1Ahora en una caja r\u00edgida con tapa y fondo! Autor-compilador: Mikhail Lurko Contenido: N\u00famero de tarjetas: 70 &lt; li&gt;Instrucciones El<\/p>","protected":false},"featured_media":369,"comment_status":"open","ping_status":"open","template":"","meta":[],"product_brand":[],"product_cat":[29],"product_tag":[],"class_list":{"0":"post-368","1":"product","2":"type-product","3":"status-publish","4":"has-post-thumbnail","6":"product_cat-text","8":"first","9":"outofstock","10":"purchasable","11":"product-type-simple"},"_links":{"self":[{"href":"https:\/\/shercards.com\/es\/wp-json\/wp\/v2\/product\/368","targetHints":{"allow":["GET"]}}],"collection":[{"href":"https:\/\/shercards.com\/es\/wp-json\/wp\/v2\/product"}],"about":[{"href":"https:\/\/shercards.com\/es\/wp-json\/wp\/v2\/types\/product"}],"replies":[{"embeddable":true,"href":"https:\/\/shercards.com\/es\/wp-json\/wp\/v2\/comments?post=368"}],"wp:featuredmedia":[{"embeddable":true,"href":"https:\/\/shercards.com\/es\/wp-json\/wp\/v2\/media\/369"}],"wp:attachment":[{"href":"https:\/\/shercards.com\/es\/wp-json\/wp\/v2\/media?parent=368"}],"wp:term":[{"taxonomy":"product_brand","embeddable":true,"href":"https:\/\/shercards.com\/es\/wp-json\/wp\/v2\/product_brand?post=368"},{"taxonomy":"product_cat","embeddable":true,"href":"https:\/\/shercards.com\/es\/wp-json\/wp\/v2\/product_cat?post=368"},{"taxonomy":"product_tag","embeddable":true,"href":"https:\/\/shercards.com\/es\/wp-json\/wp\/v2\/product_tag?post=368"}],"curies":[{"name":"wp","href":"https:\/\/api.w.org\/{rel}","templated":true}]}}