{"id":3774,"date":"2024-08-04T17:19:19","date_gmt":"2024-08-04T17:19:19","guid":{"rendered":"https:\/\/shercards.com\/index.php\/product\/psychological-game-i-live-in-the-flow\/"},"modified":"2025-10-20T10:34:17","modified_gmt":"2025-10-20T10:34:17","slug":"psychological-game-i-live-in-the-flow","status":"publish","type":"product","link":"https:\/\/shercards.com\/es\/producto\/psychological-game-i-live-in-the-flow\/","title":{"rendered":"Juego psicol\u00f3gico \u201cVivo en el flow\u201d"},"content":{"rendered":"<p>Autores del juego: LadaSlava Gurkina \u2013 psic\u00f3loga en ejercicio, gu\u00eda espiritual; Elena Bykova \u2013 psic\u00f3loga, entrenadora, coautora del juego \u201cRegalos de los Dioses\u201d.<br \/>Contenido del juego: <\/p>\n<li>Campo de juego 80\u00d760 cm sobre tela (satinado) \u2013 1 ud.<\/li>\n<li>Tarjetas:\n<li>gu\u00edas 15\u00d711 cm \u2013 12 uds.<\/li>\n<li>fuente 9\u00d77 cm \u2013 22 uds. + tarjetas en blanco con tapa \u2013 3 uds.<\/li>\n<li>Hilo 9\u00d77 cm \u2013 30 uds. + tarjetas en blanco con tapa \u2013 3 uds.<\/li>\n<li>umbral 9\u00d77 cm \u2013 20 uds. + tarjetas en blanco con tapa \u2013 3 uds.<\/li>\n<li>\u00e9xito 9\u00d77 cm \u2013 1 ud.<\/li>\n<li>bloque 9\u00d77 cm \u2013 10 uds.<\/li>\n<li>elecci\u00f3n 9\u00d77 cm \u2013 1 ud. <\/li>\n<li>boca 9\u00d77 cm \u2013 1 pieza<\/li>\n<\/li>\n<p> 3. Amuletos: <\/p>\n<li>sol 5\u00d75 cm \u2013 10 piezas<\/li>\n<li>coraz\u00f3n 5\u00d75 cm \u2013 10 piezas&lt; \/li&gt;\n<li>cristal 5\u00d75 cm \u2013 10 uds.<\/li>\n<p> 4. Fichas de juego \u2013 5 piedras naturales (amatista, cuarzo rosa, ojo de tigre, cornalina, aventurina)<br \/> 5. Moneda del juego: 45 cristales.&lt; br&gt; 6. Cubo D6 (hexagonal) \u2013 1 ud.<br \/> 7. Cubo D12 (12 caras) \u2013 1 ud.<br \/> 8. Instrucciones para el facilitador \u2013 1 ud.<br \/> 9. Entrenamiento individual con el autor del juego por Skype \u2013 1,5 horas.<br \/> 10. Certificado del anfitri\u00f3n del juego (enviado electr\u00f3nicamente despu\u00e9s del entrenamiento).<br \/> 11. Inclusi\u00f3n en un chat cerrado de apoyo a los anfitriones (despu\u00e9s de finalizar la formaci\u00f3n), donde podr\u00e1s hacer preguntas y consultar sobre los juegos de forma indefinida.<br \/>Se recomiendan barajas de cartas metaf\u00f3ricas para el juego: \u201cArquetipos y Sombras\u201d y \u201cCartas de \u00c9xito\u201d (Chuck Spezzano), \u201cSilencio\u201d, \u201cAlegor\u00edas\u201d y otras barajas de tu elecci\u00f3n.<br \/>Formatos de juego: individual, grupal abierto.<br \/>N\u00famero de jugadores: de 1 a 5.<br \/>Tiempo de juego: de 1,5 a 4 horas.<br \/> Posibles opciones de consulta: <\/p>\n<ul>\n<li>Quiero liberarme de\u2026<\/li>\n<li>Necesito entender el prop\u00f3sito de mi vida.<\/li>\n<li>Quiero superar las barreras para el bienestar financiero.<\/li>\n<p> &lt; li&gt;\u00bfQu\u00e9 me impide (me ayudar\u00e1) aceptar regalos de\u2026<\/li>\n<li>\u00bfPor qu\u00e9 no funciona\u2026?<\/li>\n<\/ul>\n<p> \u00bfC\u00f3mo es vivir en el flujo?<br \/>\u00bfAlguna vez has tenido un estado en el que todo a tu alrededor te hace sentir lleno de fuerza y energ\u00eda, como si se encendiera una luz verde en tu camino y todas las circunstancias se desarrollaran armoniosamente, como en un rompecabezas, como si todo fuera &quot;como un reloj&quot;? Entonces, en tales casos dicen que est\u00e1s en el flujo. Pero, \u00bfen el flujo de qu\u00e9?<br \/>En esos momentos est\u00e1s en el flujo energ\u00e9tico de la vida, del \u00e9xito, de la abundancia y de la prosperidad, ese estado en el que te mueves con prop\u00f3sito, cuando est\u00e1s encendido de ideas y no hay nada que te detenga. Cuando no hay otra realidad, ning\u00fan otro mundo excepto aquel en el que tu petici\u00f3n se implementa. Pero, \u00bfde d\u00f3nde viene la energ\u00eda y c\u00f3mo estar en su flujo? \u00bfEs siempre posible estar en \u00e9l? En el mundo esot\u00e9rico existe una hermosa leyenda sobre el Padre Sol y la Madre Tierra, que explica el surgimiento del Flujo de energ\u00eda vital en nuestro Planeta.<br \/>La leyenda del amor del Sol y la Tierra.<br \/>El Sol vive en el cielo, calienta con su calor y envuelve con su luz a su Amada Tierra. Desde el Sol desciende hacia el coraz\u00f3n de la Tierra, hacia el cristal de su Alma, una corriente descendente de color blanco dorado: es una corriente de Calor y de Luz.<br \/>La Tierra recibe con agrado la luz y el calor del Amado, y en agradecimiento dar\u00e1 a luz a toda la vida del planeta. Desde el coraz\u00f3n de la Tierra, una corriente ascendente de color azul plateado se precipita hacia el Sol, una corriente de Amor y Gratitud. La Tierra da amor y recibe calor y luz. Y viceversa, el Sol da calor y luz y recibe amor. Estas dos corrientes interact\u00faan armoniosamente, circulando desde el cielo hasta la tierra y viceversa, impregnando todo lo vivo y no vivo: bacterias, animales, plantas y, por supuesto, las personas.<br \/>Todas las criaturas de la Tierra dan por sentado que la energ\u00eda pasa a trav\u00e9s de ellas. Precisamente al estar en el flujo de la energ\u00eda vital, los animales y las plantas sienten siempre su cercan\u00eda inherente con el mundo entero. Esto permite a las plantas crecer y marchitarse en el momento adecuado, a los animales escuchar la llamada de la naturaleza y tener cuidado, sobrevivir y luchar, y a los humanos... El hombre, como sab\u00e9is, es un ser racional y nosotros mismos somos libres de elegir la calidad de vida, por eso se nos ha dado el libre albedr\u00edo: si quer\u00e9is, vivid en felicidad y alegr\u00eda, si quer\u00e9is, vivid con restricciones y miedo.<br \/>Una persona tiene un Alma (Coraz\u00f3n) y un Intelecto (Mente\/Mente). La Inteligencia (del lat\u00edn intellectus \u201cpercepci\u00f3n\u201d; \u201cinteligencia\u201d, \u201centendimiento\u201d; \u201cconcepto\u201d, \u201craz\u00f3n\u201d) o Mente es una cualidad mental consistente en la capacidad de reconocer nuevas situaciones, la capacidad de aprender y recordar en base a la experiencia, la comprensi\u00f3n y la aplicaci\u00f3n de conceptos abstractos, y el uso de sus conocimientos para gestionar el entorno humano. La capacidad general para la cognici\u00f3n y la resoluci\u00f3n de problemas, que combina las capacidades cognitivas: sensaci\u00f3n, percepci\u00f3n, memoria, representaci\u00f3n, pensamiento, imaginaci\u00f3n, as\u00ed como la atenci\u00f3n, la voluntad y la reflexi\u00f3n.nbsp;Alma (Coraz\u00f3n) es nuestra esencia, nuestra intuici\u00f3n.nbsp;Hablando m\u00e1s simple, est\u00e1 nuestra cordialidad, sensibilidad, sinceridad de deseos, intuici\u00f3n, lo que nos dice el Coraz\u00f3n, a lo que nos conduce el Alma. Y por otro lado, est\u00e1 la l\u00f3gica, nuestro pensamiento, luego \u201ccomo debe ser\u201d es nuestro Intelecto.<br \/>El objetivo del juego es atravesar varios niveles de autoconciencia a trav\u00e9s de la armonizaci\u00f3n de tres tipos de energ\u00eda: destrucci\u00f3n\/transformaci\u00f3n, creaci\u00f3n\/preservaci\u00f3n y creaci\u00f3n.<br \/>\u00bfC\u00f3mo jugar el juego?<br \/>El juego \u201cVivo en el flujo\u201d es una conversaci\u00f3n entre el Alma (Coraz\u00f3n) y el Intelecto (Mente\/Mente) sobre la realizaci\u00f3n de tu petici\u00f3n, deseo, intenci\u00f3n o situaci\u00f3n a trav\u00e9s del proceso del juego.<br \/>En el juego viajamos a trav\u00e9s de tres mundos:<br \/>\u25cf El mundo inferior (Nav): el mundo de los antepasados, las actitudes vitales, los sacramentos, el mundo de los muertos, la magia y la brujer\u00eda. El mundo del pasado. Un mundo de destrucci\u00f3n\/transformaci\u00f3n. El s\u00edmbolo de la paz es el cristal.<br \/>\u25cf Al Mundo Medio (Realidad) \u2013 el mundo de las Personas. El nivel est\u00e1 en el momento aqu\u00ed y ahora. El mundo del presente, el mundo de la creaci\u00f3n y la preservaci\u00f3n. Todos los que vivimos en la Tierra estamos en \u00e9l. El s\u00edmbolo de la paz es el Coraz\u00f3n.<br \/>\u25cf Al Mundo Superior (Regla): el mundo de la luz infinita. El mundo de la ciencia y la innovaci\u00f3n. El mundo de la creaci\u00f3n. Un mundo de un futuro deseado que se puede realizar. El s\u00edmbolo de la paz es el Sol.<br \/>Estar en un estado de fluidez es el proceso de combinar las tres energ\u00edas dentro de uno mismo al mismo tiempo. Entonces nos encontramos en un estado en el que el pasado, el presente y el futuro se cruzan en un solo lugar. Para que tu deseo se haga realidad, el Alma (Coraz\u00f3n) y el Intelecto (Mente\/Mente) deben estar en unidad.<br \/>P\u00fablico objetivo del juego: El juego ser\u00e1 \u00fatil para todos aquellos que se esfuerzan por crecer espiritualmente, aumentar la conciencia, vivir en felicidad y alegr\u00eda, disfrutando de cada momento de la vida. Edad: 16+.<br \/>\u00bfQu\u00e9 problemas o tareas resuelve el juego en las solicitudes de los clientes?<br \/>El juego te ayuda a escuchar los dictados de tu propia Alma, de tu propio coraz\u00f3n y traducirlos al lenguaje comprensible de tu Intelecto. \u00bfEntiendes si realmente quieres que se implemente tu petici\u00f3n o no? \u00bfEntiendes por qu\u00e9 te pones ciertas barreras, por qu\u00e9 est\u00e1s haciendo esto? \u00bfY por qu\u00e9 es dif\u00edcil entrar en un estado de fluidez cuando es necesario?<br \/>El juego te ayuda a ver, comprender, sanar y transformar aquellos obst\u00e1culos cuya transformaci\u00f3n ya est\u00e1 pendiente, o resaltar aquellos recursos que no adviertes en el camino hacia la realizaci\u00f3n de tu petici\u00f3n o intenci\u00f3n. <br \/>El juego te ayuda a ver lo que realmente est\u00e1s transmitiendo al mundo que te rodea y, una vez aprendido esto, decidir si debes ajustar tus pensamientos, sentimientos y acciones para que tu solicitud se haga realidad.<br \/>Por ejemplo, si esperas que te critiquen por algunas de tus acciones y comportamientos, en realidad lo conseguir\u00e1s. Al fin y al cabo, nuestras expectativas conscientes o inconscientes siempre se cumplen, porque creamos ese estado (campo energ\u00e9tico) a nuestro alrededor. Como sabes, en la vida cada uno de nosotros ve lo que realmente quiere ver.<br \/>Lo que reflejas en el mundo que te rodea es lo que recibir\u00e1s a cambio.<br \/>El juego psicol\u00f3gico transformacional \u201cVivir en el Flujo\u201d te ayudar\u00e1 a mirarte a ti mismo de una manera diferente y a sentir el estado de estar en la Corriente de la Vida. Disipa bloqueos y actitudes negativas en la energ\u00eda del Amor o fortalece la conciencia positiva.<br \/>Progreso del juego:<\/p>\n<p> El juego comienza con la formulaci\u00f3n de la petici\u00f3n. La siguiente etapa es la identificaci\u00f3n del gu\u00eda. El primer conductor que se suelta es la energ\u00eda principal que responde a la petici\u00f3n. El resto complementa, estructura y transforma el espacio para una implementaci\u00f3n armoniosa. El conductor es una espiral, un v\u00f3rtice que el jugador hace girar en su espacio para implementar la petici\u00f3n. Cada turno consta de siete pasos que corresponden a los siete chakras de una persona. <\/br><\/br><\/p>","protected":false},"excerpt":{"rendered":"<p>Autores del juego: LadaSlava Gurkina \u2013 psic\u00f3loga en ejercicio, gu\u00eda espiritual; Elena Bykova \u2013 psic\u00f3loga, coach, coautora del juego \u201cRegalos<\/p>","protected":false},"featured_media":3775,"comment_status":"open","ping_status":"open","template":"","meta":[],"product_brand":[],"product_cat":[53],"product_tag":[],"class_list":{"0":"post-3774","1":"product","2":"type-product","3":"status-publish","4":"has-post-thumbnail","6":"product_cat-self-knowledge-acquaintance-with-the-inner-world","8":"first","9":"outofstock","10":"product-type-simple"},"_links":{"self":[{"href":"https:\/\/shercards.com\/es\/wp-json\/wp\/v2\/product\/3774","targetHints":{"allow":["GET"]}}],"collection":[{"href":"https:\/\/shercards.com\/es\/wp-json\/wp\/v2\/product"}],"about":[{"href":"https:\/\/shercards.com\/es\/wp-json\/wp\/v2\/types\/product"}],"replies":[{"embeddable":true,"href":"https:\/\/shercards.com\/es\/wp-json\/wp\/v2\/comments?post=3774"}],"wp:featuredmedia":[{"embeddable":true,"href":"https:\/\/shercards.com\/es\/wp-json\/wp\/v2\/media\/3775"}],"wp:attachment":[{"href":"https:\/\/shercards.com\/es\/wp-json\/wp\/v2\/media?parent=3774"}],"wp:term":[{"taxonomy":"product_brand","embeddable":true,"href":"https:\/\/shercards.com\/es\/wp-json\/wp\/v2\/product_brand?post=3774"},{"taxonomy":"product_cat","embeddable":true,"href":"https:\/\/shercards.com\/es\/wp-json\/wp\/v2\/product_cat?post=3774"},{"taxonomy":"product_tag","embeddable":true,"href":"https:\/\/shercards.com\/es\/wp-json\/wp\/v2\/product_tag?post=3774"}],"curies":[{"name":"wp","href":"https:\/\/api.w.org\/{rel}","templated":true}]}}