{"id":3800,"date":"2024-08-04T17:20:55","date_gmt":"2024-08-04T17:20:55","guid":{"rendered":"https:\/\/shercards.com\/index.php\/product\/psychological-transformation-game-about-your-beloved-self\/"},"modified":"2025-10-20T10:34:17","modified_gmt":"2025-10-20T10:34:17","slug":"psychological-transformation-game-about-your-beloved-self","status":"publish","type":"product","link":"https:\/\/shercards.com\/es\/producto\/psychological-transformation-game-about-your-beloved-self\/","title":{"rendered":"Juego de transformaci\u00f3n psicol\u00f3gica \u201cSobre tu yo amado\u201d"},"content":{"rendered":"<p>Autor del juego: Danilevskaya Irina \u2013 psic\u00f3loga en el m\u00e9todo Gestalt, terapeuta de sistemas familiares, coach empresarial<br \/>Contenido: <\/p>\n<li>Campo de juego \u2013 1 pieza<\/li>\n<li>Tarjetas de autoestima \u2013 50 piezas<\/li>\n<li>Tarjetas de autoaceptaci\u00f3n \u2013 50 uds.<\/li>\n<li>Tarjetas de autodesarrollo \u2013 50 uds.<\/li>\n<li>Tarjetas de autorrealizaci\u00f3n \u2013 50 uds.<\/li>\n<li>Tarjetas de conflicto intrapersonal \u2013 35 uds.<\/li>\n<li>Cubo D6 \u2013 1 pieza<\/li>\n<li>Puzzles (Mariposa consta de 5 elementos) \u2013 12 piezas<\/li>\n<li>Formulario con ejercicios para el l\u00edder 1 pieza<\/li>\n<li>Instrucciones para el l\u00edder \u2013 1 copia&lt; \/li&gt;\n<li>Formularios para jugadores \u2013 10 copias. (tambi\u00e9n se env\u00edan electr\u00f3nicamente)<\/li>\n<li>Capacitaci\u00f3n<\/li>\n<p> A\u00f1o de creaci\u00f3n del juego \u2013 2019<br \/> Formato grupal (de 2 a 12 participantes). La duraci\u00f3n de la sesi\u00f3n de juego es de 2 a 4 horas. El juego puede utilizarse varias veces.<br \/> Si se desea, para recibir respuestas explicativas a las preguntas del anfitri\u00f3n, se realiza una sesi\u00f3n de introducci\u00f3n gratuita (duraci\u00f3n 30-60 minutos).<br \/> El juego &quot;Sobre tu yo amado&quot; ayuda a aclarar el &quot;yo-concepto&quot; e identificar el nivel de su formaci\u00f3n. La tarea del presentador es ayudar a formular una solicitud m\u00e1s precisa y acompa\u00f1ar al cliente en el juego, manteniendo el enfoque en completar las tareas, buscando una soluci\u00f3n de ayuda con \u00e9l.<br \/>El juego \u201cSOBRE TI MISMO\u201d ayuda al cliente a: <\/p>\n<ul>\n<li>Desarrollar la capacidad de entrar en contacto con uno mismo;<\/li>\n<li>adoptar la posici\u00f3n de un observador independiente en relaci\u00f3n a s\u00ed mismo y a su situaci\u00f3n;<\/li>\n<li>formar una autoaceptaci\u00f3n positiva<\/li>\n<li>Desarrollar la voluntad de trabajar en uno mismo.<\/li>\n<li>Entenderte a ti mismo y confiar en los dem\u00e1s<\/li>\n<li>realizar introspecci\u00f3n<\/li>\n<li>Examina tus fortalezas y debilidades<\/li>\n<li>Ve tus verdaderos deseos y encuentra la motivaci\u00f3n interna.<\/li>\n<li>descubrir talentos<\/li>\n<li>Aprende a utilizar recursos ocultos<\/li>\n<li>Piense en valores b\u00e1sicos y cuestiones espirituales.<\/li>\n<li>Date cuenta de qu\u00e9 miedos y creencias limitantes interfieren en la autoestima.<\/li>\n<li>Formar una percepci\u00f3n hol\u00edstica de ti mismo<\/li>\n<li>Obt\u00e9n apoyo del l\u00edder y espacio durante el juego.<\/li>\n<\/ul>\n<p> Ejemplos de solicitudes de clientes: <\/p>\n<ul> &lt; li&gt;Quiero aumentar mi autoestima.<\/li>\n<li>Quiero estar libre de las evaluaciones de otras personas.<\/li>\n<li>\u00bfC\u00f3mo puedo cambiar mi actitud hacia m\u00ed mismo para ser feliz?<\/li>\n<li>Por lo que necesito prestar atenci\u00f3n para creer en m\u00ed mismo.<\/li>\n<li>\u00bfC\u00f3mo puedo salir de una crisis de vida?<\/li>\n<\/ul>\n<p> Cualquiera que sea la petici\u00f3n del cliente, durante el juego entrar\u00e1 en contacto con otras facetas de su personalidad.<br \/>El juego se basa en la met\u00e1fora \u201cSi una oruga se aferrara al pasado, nunca se convertir\u00eda en mariposa\u201d; esto significa que las viejas actitudes, creencias familiares, crisis de vida y experiencias pasadas no siempre funcionan para una persona, tal vez valga la pena decir adi\u00f3s a algo y tomar una nueva decisi\u00f3n para sentirse completo y feliz.<br \/>El jugador tendr\u00e1 que pasar por etapas de estudio y exploraci\u00f3n de s\u00ed mismo: <\/p>\n<ul>\n<li>AUTOEVALUACI\u00d3N<\/li>\n<li>AUTOACEPTACI\u00d3N<\/li>\n<li>AUTODESARROLLO <\/li>\n<li>AUTO-realizaci\u00f3n.<\/li>\n<\/ul>\n<p> Durante el juego, el participante responder\u00e1 preguntas, realizar\u00e1 tareas, dibujar\u00e1, se presentar\u00e1 y recoger\u00e1 su imagen en forma de mariposa.<br \/>Mec\u00e1nica del juego.&lt; br&gt;El cubo D6 te ayuda a moverte paso a paso por el campo de juego. El juego tiene 4 etapas que pasan por la autoconciencia: en el campo de juego, cada etapa tiene su propio color e inscripci\u00f3n. La tarea del jugador es recolectar 5 cartas del color correspondiente en cada etapa e intercambiarlas con el presentador por un rompecabezas (ala) para finalmente obtener una figura completa. Si el jugador cae en la casilla CONFLICTO INTRAPERSONAL, entonces todas las cartas que tiene se le dan al presentador.<br \/>AUTOEVALUACI\u00d3N \u2013 Esta etapa permite ver el verdadero \u201cyo\u201d, y vincularlo con su futuro y su pasado. La autoestima personal permitir\u00e1 al jugador ver las ra\u00edces de sus fortalezas y debilidades, adquirir confianza en su objetividad y aprender a adquirir modelos adecuados para su comportamiento en situaciones cotidianas.<br \/>AUTOACEPTACI\u00d3N \u2013 En esta etapa, el jugador formar\u00e1 una actitud positiva incondicional y sin prejuicios hacia s\u00ed mismo. Como una familia. En esta forma, la autoaceptaci\u00f3n se convierte en una variante del amor maternal hacia uno mismo. En esta etapa hay una celda con CONFLICTO INTRAPERSONAL \u2013 Aqu\u00ed el jugador podr\u00e1 reconocer sus fortalezas y tomar la posici\u00f3n \u201cSoy un valor\u201d.<br \/>AUTODESARROLLO \u2013 En un mundo din\u00e1mico, que cambia m\u00e1s r\u00e1pido de lo que una persona se adapta a \u00e9l, es sumamente importante encontrarse a s\u00ed mismo, elegir su camino de vida.<br \/>Esto favorece el AUTODESARROLLO, que se \u201cpone en marcha\u201d como respuesta al \u201cvac\u00edo\u201d que surge de la falta de comprensi\u00f3n de la propia vocaci\u00f3n y prop\u00f3sito. En esta etapa, el jugador podr\u00e1 mirar las cosas cotidianas desde un \u00e1ngulo diferente e inusual. Hay muchos ejercicios en los que participan otros participantes.<br \/>AUTORREALIZACI\u00d3N \u2013 En esta etapa, el jugador descubre las inclinaciones y talentos en s\u00ed mismo con el objetivo de seguir utiliz\u00e1ndolos en tipos espec\u00edficos de actividades, desarroll\u00e1ndolos y disfrut\u00e1ndolos.<\/p>\n<p> El jugador puede escribir sus reflexiones en un formato especial.nbsp;Las tarjetas contienen tareas pr\u00e1cticas; para comodidad del presentador, el kit incluye una pista con una descripci\u00f3n detallada de los ejercicios.nbsp;Las tarjetas contienen preguntas, afirmaciones, mensajes, tareas art\u00edsticas, ejercicios para el trabajo independiente, as\u00ed como para conectar a un grupo o a participantes individuales.nbsp;El juego termina cuando uno de los participantes completa el rompecabezas de la mariposa. Se recomienda que los presentadores tengan l\u00e1pices de colores, y tambi\u00e9n es posible utilizar tarjetas metaf\u00f3ricas.<\/p>","protected":false},"excerpt":{"rendered":"<p>Autor del juego: Irina Danilevskaya \u2013 psic\u00f3loga en el m\u00e9todo Gestalt, terapeuta de sistemas familiares, coach empresarialContenido: Campo de juego \u2013<\/p>","protected":false},"featured_media":3801,"comment_status":"open","ping_status":"open","template":"","meta":[],"product_brand":[],"product_cat":[53],"product_tag":[],"class_list":{"0":"post-3800","1":"product","2":"type-product","3":"status-publish","4":"has-post-thumbnail","6":"product_cat-self-knowledge-acquaintance-with-the-inner-world","8":"first","9":"outofstock","10":"product-type-simple"},"_links":{"self":[{"href":"https:\/\/shercards.com\/es\/wp-json\/wp\/v2\/product\/3800","targetHints":{"allow":["GET"]}}],"collection":[{"href":"https:\/\/shercards.com\/es\/wp-json\/wp\/v2\/product"}],"about":[{"href":"https:\/\/shercards.com\/es\/wp-json\/wp\/v2\/types\/product"}],"replies":[{"embeddable":true,"href":"https:\/\/shercards.com\/es\/wp-json\/wp\/v2\/comments?post=3800"}],"wp:featuredmedia":[{"embeddable":true,"href":"https:\/\/shercards.com\/es\/wp-json\/wp\/v2\/media\/3801"}],"wp:attachment":[{"href":"https:\/\/shercards.com\/es\/wp-json\/wp\/v2\/media?parent=3800"}],"wp:term":[{"taxonomy":"product_brand","embeddable":true,"href":"https:\/\/shercards.com\/es\/wp-json\/wp\/v2\/product_brand?post=3800"},{"taxonomy":"product_cat","embeddable":true,"href":"https:\/\/shercards.com\/es\/wp-json\/wp\/v2\/product_cat?post=3800"},{"taxonomy":"product_tag","embeddable":true,"href":"https:\/\/shercards.com\/es\/wp-json\/wp\/v2\/product_tag?post=3800"}],"curies":[{"name":"wp","href":"https:\/\/api.w.org\/{rel}","templated":true}]}}