{"id":3837,"date":"2024-08-04T17:24:09","date_gmt":"2024-08-04T17:24:09","guid":{"rendered":"https:\/\/shercards.com\/index.php\/product\/psychological-game-my-calling\/"},"modified":"2025-10-20T10:34:17","modified_gmt":"2025-10-20T10:34:17","slug":"psychological-game-my-calling","status":"publish","type":"product","link":"https:\/\/shercards.com\/es\/producto\/psychological-game-my-calling\/","title":{"rendered":"Juego psicol\u00f3gico \u201cMi vocaci\u00f3n\u201d"},"content":{"rendered":"<p>Autor: Zoya Nikolaeva \u2013 psic\u00f3loga cl\u00ednica, psicoterapeuta.<br \/> Coautora: Irina Makarova \u2013 psic\u00f3loga, terapeuta energ\u00e9tica, terapeuta art\u00edstica, practicante de juegos, maestra del pensamiento positivo, fundadora del club \u201cSteps into Awareness\u201d<\/p>\n<p> El juego incluye: <br \/> 1. Instrucciones detalladas<br \/> 2. Campo de juego sobre tela de pancarta 60\u00d780 cm<br \/> 3. Dados hexagonales \u2013 2 uds.<br \/> 4. Piezas de juego \u2013 6 piezas<br \/> 5. Reloj de arena de 30 segundos \u2013 1 pieza \u2013 nuevo<br \/> 6. Moneda \u201cS\u00ed\/No\u201d \u2013 1 pieza \u2013 nueva<br \/> 7. Tarjetas de juego:<br \/> \u2013 Tarjetas \u201cSignos del Zod\u00edaco\u201d \u2013 12 piezas<br \/> \u2013 Tarjetas \u201cOportunidad\u201d \u2013 6 uds.<br \/> \u2013 Tarjetas \u201cInfluencia\u201d \u2013 16 uds.<br \/> \u2013 Tarjetas de \u201cllamada\u201d \u2013 12 uds.<br \/> \u2013 Tarjetas \u201cNombre N\u00famero\u201d \u2013 9 uds.<br \/> \u2013 Tarjetas de \u201cInter\u00e9s\u201d \u2013 36 uds.<br \/> \u2013 Tarjetas \u201cInercia\u201d \u2013 29 uds.<br \/> \u2013 Tarjetas \u201cValue\u201d \u2013 21 uds.<br \/> \u2013 Tarjetas \u201cN\u00famero de nacimiento\u201d \u2013 9 uds.<br \/> \u2013 Tarjetas \u201cProfesiones\u201d \u2013 115 uds.<br \/> \u2013 Tarjetas \u201cMiedos\u201d \u2013 40 piezas Las tarjetas \u201cMiedos\u201d se pueden utilizar como una baraja independiente de cartas metaf\u00f3ricas para trabajar los miedos del cliente.<br \/> \u2013 Tarjetas \u201cOr\u00e1culo\u201d \u2013 20 uds. \u2013 nuevas<br \/> \u2013 Tarjetas \u201cRecuerda algo importante\u201d \u2013 20 uds. \u2013 nuevas<br \/> 8. La lista de verificaci\u00f3n del juego para el participante se env\u00eda al presentador por correo electr\u00f3nico.<br \/> 9. Certificado del Presentador del Juego \u2013 enviado en formato electr\u00f3nico despu\u00e9s de completar la capacitaci\u00f3n<br \/> 10. Entrenamiento en el juego: realizado por el autor, duraci\u00f3n del entrenamiento: 1, 5 \u2013 2 horas a trav\u00e9s de Skype e incluye las siguientes etapas: pasar el juego, responder preguntas y discutir las caracter\u00edsticas del juego, familiarizarse con los matices y reglas del trabajo grupal e individual.<br \/> 11.Participaci\u00f3n opcional del L\u00edder en el chat de WhatsApp o Telegram para compartir experiencias y discutir temas relacionados con el juego.<br \/>Formato de participaci\u00f3n:<br \/> El juego se puede utilizar con participantes mayores de 18 a\u00f1os en formato individual y grupal.<br \/> N\u00famero de participantes de 1 a 6 personas (en el marco del trabajo terap\u00e9utico), en el marco de un festival o formaci\u00f3n, pueden participar hasta 12 personas.<br \/> El tiempo recomendado para las sesiones de juego en formato individual es de hasta 2 horas, y en formato grupal de 3 a 4 horas.<\/p>\n<p> Para qui\u00e9n:<br \/> El juego est\u00e1 destinado a personas que comenzaron a preguntarse: \u00bfhacia d\u00f3nde debo mudarme a continuaci\u00f3n?, que han perdido el inter\u00e9s en sus actividades y desean cambiar de profesi\u00f3n, tipo de actividad, recordar sus talentos y encontrar una nueva fuente de alegr\u00eda y creatividad.<\/p>\n<p> Descripci\u00f3n del juego:&lt; br&gt; \u2013 El jugador que ingresa al juego comienza recopilando informaci\u00f3n inicial sobre su potencial desde su nacimiento (solo nombre, fecha de nacimiento, signo del zod\u00edaco).<br \/> \u2013 luego comienza a explorar sus recuerdos de infancia: qui\u00e9n quer\u00eda ser cuando era ni\u00f1o, qu\u00e9 me gustaba hacer, qu\u00e9 habilidades ten\u00eda, con qui\u00e9n era amigo, qu\u00e9 me hac\u00eda feliz y me cautivaba.<br \/> \u2013 Movi\u00e9ndose a trav\u00e9s del campo de juego, el jugador explora sus capacidades, talentos y valores.<br \/> \u2013 determina el campo de actividad en el que realmente quiere desarrollarse.<br \/> \u2013 se enfrenta a la inercia y a los miedos que le impiden escuchar sus propios deseos y posibilidades.<br \/> \u2013 obtiene una idea de su vocaci\u00f3n como la misi\u00f3n m\u00e1s alta, las tareas del alma.<br \/> \u2013 est\u00e1 inspirado en el apoyo del grupo.<br \/> \u2013 al final del juego, el jugador puede convencerse de la verdad de la direcci\u00f3n de actividad elegida, centrarse en la implementaci\u00f3n profesional y, dejando de lado las dudas, tomar una decisi\u00f3n y actuar.<br \/> \u2013 durante el juego, el jugador ingresa toda la informaci\u00f3n recibida en la tarjeta de juego de participante, con la ayuda de la cual podr\u00e1 ver la imagen completa de su verdadera vocaci\u00f3n.<\/p>\n<p> Herramientas adicionales: Es posible, pero no necesario, tener una o m\u00e1s barajas de cartas metaf\u00f3ricas asociativas. La elecci\u00f3n de la baraja queda a criterio del presentador. <\/br><\/br><\/p>","protected":false},"excerpt":{"rendered":"<p>Autora: Zoya Nikolaeva \u2013 psic\u00f3loga cl\u00ednica, psicoterapeuta. Coautora: Irina Makarova \u2013 psic\u00f3loga, terapeuta energ\u00e9tica, terapeuta art\u00edstica, practicante de juegos, maestra en<\/p>","protected":false},"featured_media":3838,"comment_status":"open","ping_status":"closed","template":"","meta":[],"product_brand":[],"product_cat":[55],"product_tag":[],"class_list":{"0":"post-3837","1":"product","2":"type-product","3":"status-publish","4":"has-post-thumbnail","6":"product_cat-goal-dream-analysis-of-situations-events","8":"first","9":"outofstock","10":"product-type-simple"},"_links":{"self":[{"href":"https:\/\/shercards.com\/es\/wp-json\/wp\/v2\/product\/3837","targetHints":{"allow":["GET"]}}],"collection":[{"href":"https:\/\/shercards.com\/es\/wp-json\/wp\/v2\/product"}],"about":[{"href":"https:\/\/shercards.com\/es\/wp-json\/wp\/v2\/types\/product"}],"replies":[{"embeddable":true,"href":"https:\/\/shercards.com\/es\/wp-json\/wp\/v2\/comments?post=3837"}],"wp:featuredmedia":[{"embeddable":true,"href":"https:\/\/shercards.com\/es\/wp-json\/wp\/v2\/media\/3838"}],"wp:attachment":[{"href":"https:\/\/shercards.com\/es\/wp-json\/wp\/v2\/media?parent=3837"}],"wp:term":[{"taxonomy":"product_brand","embeddable":true,"href":"https:\/\/shercards.com\/es\/wp-json\/wp\/v2\/product_brand?post=3837"},{"taxonomy":"product_cat","embeddable":true,"href":"https:\/\/shercards.com\/es\/wp-json\/wp\/v2\/product_cat?post=3837"},{"taxonomy":"product_tag","embeddable":true,"href":"https:\/\/shercards.com\/es\/wp-json\/wp\/v2\/product_tag?post=3837"}],"curies":[{"name":"wp","href":"https:\/\/api.w.org\/{rel}","templated":true}]}}