{"id":3881,"date":"2024-08-04T17:27:03","date_gmt":"2024-08-04T17:27:03","guid":{"rendered":"https:\/\/shercards.com\/index.php\/product\/transformation-game-karmalia-karmalia\/"},"modified":"2025-10-20T10:34:17","modified_gmt":"2025-10-20T10:34:17","slug":"transformation-game-karmalia-karmalia","status":"publish","type":"product","link":"https:\/\/shercards.com\/es\/producto\/transformation-game-karmalia-karmalia\/","title":{"rendered":"Juego de transformaci\u00f3n KARMALIA \/ KARMALIA"},"content":{"rendered":"<p>Editorial: KARMALIA LLC<\/p>\n<p> Contenido:<br \/> 1.nbsp;nbsp;nbsp;nbsp;Tubo negro de marca corporativa, di\u00e1metro 80 mm, longitud 640 mm<br \/> 2.nbsp;nbsp;nbsp ;nbsp;Campo de juego sobre lienzo, impresi\u00f3n ultravioleta, tama\u00f1o 600\u00d7640 mm<br \/> 3.nbsp;nbsp;nbsp;nbsp;Baraja de cartas plastificadas que describen aspectos de la vida en una caja de cart\u00f3n \u2013 72 cartas, tama\u00f1o 70\u00d7100 mm<br \/> 4.nbsp; ;nbsp;nbsp;nbsp;Baraja de cartas metaf\u00f3ricas plastificadas en caja de cart\u00f3n \u2013 72 cartas, tama\u00f1o 70\u00d7100 mm<br \/> 5.nbsp;nbsp;nbsp;nbsp;Reglas del juego, impresi\u00f3n a doble cara, formato A3<br \/> 6.nbsp;nbsp ;nbsp;nbsp;Estuche-tubo de cart\u00f3n blanco para reglas, di\u00e1metro 38 mm, longitud 150 mm<br \/> 7.nbsp;nbsp;nbsp;nbsp;Dos dados de madera, blanco y negro, tama\u00f1o 16\u00d716 mm<br \/> 8. nbsp;nbsp;nbsp;nbsp;Seis coloridas figuras de resina epoxi hechas a mano<br \/> 9.nbsp;nbsp;nbsp;nbsp;Bolsa de terciopelo negra de marca para accesorios<br \/> 10.nbsp;nbsp;nbsp;nbsp;Entrenamiento para la pr\u00e1ctica del juego \u2013 a pedido<br \/> Peso, dimensiones: 1 kg, 80\u00d7640 mm<\/p>\n<p> Karmalia es un innovador juego de transformaci\u00f3n para personas que siguen el camino del desarrollo personal y espiritual.<br \/> El objetivo del juego es encontrar soluciones a las dificultades de la vida, as\u00ed como formas de alcanzar tus objetivos. <br \/> La consecuencia del juego es un aumento del nivel de conciencia y motivaci\u00f3n, as\u00ed como una disminuci\u00f3n del nivel de ansiedad, que crece bajo la influencia de eventos negativos que ejercen presi\u00f3n sobre la psique humana, causados por factores externos e internos.<br \/> El n\u00famero recomendado de jugadores es de 1 a 6 personas.&lt; br&gt; <br \/> Si juegas con seis jugadores, necesitar\u00e1s reservar al menos 3 horas de tiempo libre, e idealmente toda la tarde del fin de semana.<\/p>\n<p> El n\u00famero de juegos por jugador no est\u00e1 limitado ni limitado por la disponibilidad de solicitudes al Universo.<br \/> &lt; br&gt; El objetivo del juego es descubrir una manera de resolver un problema de la vida personal o determinar una forma de lograr un objetivo establecido.<\/p>\n<p> En tus manos est\u00e1 la oportunidad de resolver cualquier problema de la vida y una gu\u00eda de acci\u00f3n en las circunstancias cotidianas que debes afrontar en el camino hacia la consecuci\u00f3n de tus objetivos.<\/p>\n<p> De una forma u otra, tienes que tocar las consecuencias k\u00e1rmicas de tus decisiones, acciones, pensamientos y reacciones.<\/p>\n<p> KARMALIA te da la oportunidad de mirarte desde fuera y notar esos mismos puntos de referencia, con los que comienzan las lecciones que tanto nos cargan de preocupaciones y complican nuestra vida.<\/p>\n<p> OCHO RAZONES PARA JUGAR A KARMALIA:<\/p>\n<p> I <br \/> El juego refleja incre\u00edblemente nuestros destinos con giros bruscos, subidas repentinas y ca\u00eddas inesperadas.<br \/> II <br \/> El juego tiene beneficios pr\u00e1cticos directos al aumentar la conciencia y la aceptaci\u00f3n de la responsabilidad.<br \/> III <br \/> El juego te ense\u00f1a a ver la cadena de relaciones de causa y efecto de cualquier evento, evitando que cometas errores rid\u00edculos. <br \/> IV <br \/> No es necesario buscar ayuda en situaciones dif\u00edciles, todos los problemas se pueden resolver de forma independiente.<br \/> V <br \/> Cualquier objetivo tambi\u00e9n se puede lograr de forma independiente, puedes encontrar tu motivaci\u00f3n, prop\u00f3sito y vocaci\u00f3n. <br \/> VI <br \/> Es mejor recibir consejos valiosos de amigos durante el Juego, en lugar de perder el tiempo buscando respuestas en las afueras del Universo.<br \/> VII <br \/> El Juego estimula la comprensi\u00f3n mutua profunda, el respeto mutuo sincero y nos ayuda a ver los verdaderos motivos de nuestras acciones. <br \/> VIII<br \/> La jugabilidad es extremadamente interesante, emocionante y sorprende incluso a las personas m\u00e1s racionales y esc\u00e9pticas.<\/p>\n<p> El efecto del juego se fija en tres niveles:<\/p>\n<p> 1. A nivel de conciencia a trav\u00e9s de la comprensi\u00f3n l\u00f3gica de la informaci\u00f3n del texto.<br \/> en tarjetas.<br \/> 2. A nivel subconsciente a trav\u00e9s de la experiencia emocional provocada por asociaciones.<br \/> 3. A nivel pr\u00e1ctico, completando tareas despu\u00e9s del juego y desarrollando la habilidad de actuar.<\/p>\n<p> \u00a1PIENSA! \u00a1SIENTE! \u00a1HAZ!<\/p>\n<p> \u00a1Elige el mejor escenario para tu vida! <br \/> <\/br><\/p>","protected":false},"excerpt":{"rendered":"<p>Editorial: KARMALIA LLC Contenido: 1.nbsp;nbsp;nbsp;nbsp;Tubo negro corporativo de marca, di\u00e1metro 80 mm, longitud 640 mm 2.nbsp;nbsp;nbsp ;nbsp;Campo de juego sobre lona, ultravioleta<\/p>","protected":false},"featured_media":3882,"comment_status":"open","ping_status":"open","template":"","meta":[],"product_brand":[],"product_cat":[55],"product_tag":[],"class_list":{"0":"post-3881","1":"product","2":"type-product","3":"status-publish","4":"has-post-thumbnail","6":"product_cat-goal-dream-analysis-of-situations-events","8":"first","9":"outofstock","10":"product-type-simple"},"_links":{"self":[{"href":"https:\/\/shercards.com\/es\/wp-json\/wp\/v2\/product\/3881","targetHints":{"allow":["GET"]}}],"collection":[{"href":"https:\/\/shercards.com\/es\/wp-json\/wp\/v2\/product"}],"about":[{"href":"https:\/\/shercards.com\/es\/wp-json\/wp\/v2\/types\/product"}],"replies":[{"embeddable":true,"href":"https:\/\/shercards.com\/es\/wp-json\/wp\/v2\/comments?post=3881"}],"wp:featuredmedia":[{"embeddable":true,"href":"https:\/\/shercards.com\/es\/wp-json\/wp\/v2\/media\/3882"}],"wp:attachment":[{"href":"https:\/\/shercards.com\/es\/wp-json\/wp\/v2\/media?parent=3881"}],"wp:term":[{"taxonomy":"product_brand","embeddable":true,"href":"https:\/\/shercards.com\/es\/wp-json\/wp\/v2\/product_brand?post=3881"},{"taxonomy":"product_cat","embeddable":true,"href":"https:\/\/shercards.com\/es\/wp-json\/wp\/v2\/product_cat?post=3881"},{"taxonomy":"product_tag","embeddable":true,"href":"https:\/\/shercards.com\/es\/wp-json\/wp\/v2\/product_tag?post=3881"}],"curies":[{"name":"wp","href":"https:\/\/api.w.org\/{rel}","templated":true}]}}