{"id":3886,"date":"2024-08-04T17:29:27","date_gmt":"2024-08-04T17:29:27","guid":{"rendered":"https:\/\/shercards.com\/index.php\/product\/psychological-game-life-codes-the-key-to-realizing-desires\/"},"modified":"2025-10-20T10:34:17","modified_gmt":"2025-10-20T10:34:17","slug":"psychological-game-life-codes-the-key-to-realizing-desires","status":"publish","type":"product","link":"https:\/\/shercards.com\/es\/producto\/psychological-game-life-codes-the-key-to-realizing-desires\/","title":{"rendered":"Juego psicol\u00f3gico \u201cC\u00f3digos de vida. La clave para hacer realidad los deseos\u201d"},"content":{"rendered":"<p> \u201cLife Codes\u201d es un juego que brinda acceso a un mundo donde tus deseos y metas se hacen realidad. El juego ofrece un enfoque integrador para hacer realidad tus deseos. <\/p>\n<\/p>\n<p> Si quieres que tu deseo se haga realidad, necesitas tomar acciones constantes. Pero a veces esto no es suficiente. Entonces el juego \u201cLife Codes\u201d viene al rescate. <\/p>\n<p> Al crear el juego \u201cC\u00f3digos de vida\u201d, tuvimos en cuenta que el hombre es un ser complejo. Tiene psique, tiene energ\u00eda, tiene memoria corporal. Los bloqueos en estos niveles pueden interferir en gran medida en la consecuci\u00f3n de lo que se desea, incluso con una planificaci\u00f3n y una acci\u00f3n claras. <\/p>\n<p> \u00a1Por eso se nos ocurri\u00f3 un juego que allana el camino hacia el futuro deseado en varios niveles a la vez! <\/p>\n<\/p>\n<p> Con la ayuda del juego \u201cLife Codes\u201d podr\u00e1s: <\/p>\n<p> 1. Determinar\u00e1s c\u00f3mo debe ser tu deseo hecho realidad, qu\u00e9 emociones quieres experimentar y te dar\u00e1s cuenta de lo que exactamente debe hacerse realidad. Tambi\u00e9n te librar\u00e1s de las falsas creencias que te impiden mirar hacia tus sue\u00f1os y declararlos con confianza al mundo. <\/p>\n<p> 2.nbsp;nbsp;nbsp;nbsp; Trabajar\u00e1s a trav\u00e9s de programas mentales y emocionales para NO realizar deseos. Tomar\u00e1s la energ\u00eda de la familia para realizar un deseo y regresar\u00e1s a la familia NO a tus programas para NO realizar el deseo. Podr\u00e1s abandonar los programas del inconsciente colectivo que no permiten que tu deseo se haga realidad. Y habr\u00e1 una oportunidad de recuperar la energ\u00eda de realizar un deseo que est\u00e1 estancado en el pasado. <\/p>\n<p> 3. Te llenar\u00e1s de energ\u00eda para invertirla en hacer realidad tus deseos. \u00a1Y tambi\u00e9n recibir\u00e1s una bendici\u00f3n para realizar tu deseo! <\/p>\n<p> 4.nbsp;nbsp;nbsp;nbsp; Pero lo principal es que trazar\u00e1s un plan de acci\u00f3n, recibir\u00e1s energ\u00eda para realizar acciones espec\u00edficas y podr\u00e1s incluir a tu cuerpo como asistente en la realizaci\u00f3n de tus sue\u00f1os.nbsp; nbsp; nbsp; nbsp; nbsp; <\/p>\n<p> Los principales errores que cometen las personas al avanzar hacia la realizaci\u00f3n de un sue\u00f1o, deseo, meta: <\/p>\n<p> \u00d8 No tienen un plan claro para realizar el deseo (o tienen uno err\u00f3neo) <\/p>\n<p> \u00d8 Sue\u00f1an, pero no act\u00faan <\/p>\n<p> \u00d8 No organizan un lugar en su vida para este deseo. <\/p>\n<p> \u00d8 Tienen miedo de tener que sacrificar algo para realizar su deseo, y no ir hacia el futuro deseado. <\/p> <\/p>\n<p> \u00d8 Aplazan la realizaci\u00f3n de su deseo hasta m\u00e1s tarde. <\/p>\n<p> \u00d8 Transfieren la responsabilidad del cumplimiento de su deseo a otra persona. <\/p>\n<\/p>\n<p> No hay lugar en el juego \u201cLife Codes\u201d para estos errores. <\/p>\n<\/p>\n<p> El juego \u201cC\u00f3digos de vida\u201d est\u00e1 creado para personas que quieren: <\/p>\n<\/p>\n<p> \u2013 para realizar su antiguo sue\u00f1o, deseo <\/p>\n<p> \u2013 alcanzar el objetivo <\/p>\n<p> \u2013 comprender el camino hacia su objetivo <\/p>\n<p> \u2013 obtener un plan de implementaci\u00f3n claro <\/p>\n<p> \u2013 salir f\u00e1cilmente de situaciones repetitivas <\/p>\n<p> \u2013 l\u00edmpiate de programas destructivos que te impiden vivir en la realidad deseada <\/p>\n<p> \u2013 los cambios en la vida no son a trav\u00e9s del dolor, sino a trav\u00e9s de la alegr\u00eda y la ligereza <\/p>\n<p> \u2013 convi\u00e9rtanse en los autores de su propio destino <\/p>\n<\/p>\n<p> El campo de juego m\u00e1s bonito est\u00e1 impreso en formato atlas, lo que le confiere movilidad y al mismo tiempo un estatus visual. <\/p>\n<p> Las tarjetas de juego est\u00e1n impresas en cart\u00f3n de alta calidad con laminado brillante. <\/p>\n<p> La din\u00e1mica del juego requiere interacci\u00f3n activa entre los jugadores, profundidad y al mismo tiempo facilidad de juego. <\/p>\n<\/p>\n<p> 1. Carpeta. <\/p>\n<\/p>\n<p> 2. Campo. <\/p>\n<\/p>\n<p> 3. Cubo D6. <\/p>\n<\/p>\n<p> 4. Cubo D8. <\/p>\n<\/p>\n<p> 5. Cubo D30. <\/p>\n<\/p>\n<p> 6. Tarjetas de juego: <\/p>\n<p> \u00bfQu\u00e9 pasar\u00eda si\u2026 19 piezas? <\/p>\n<p> Bendici\u00f3n. 1 PC. <\/p>\n<p> Inclusi\u00f3n corporal 5 uds. <\/p>\n<p> Devoluci\u00f3n de responsabilidad 1 ud. <\/p>\n<p> Memoria gen\u00e9tica 1 ud. <\/p>\n<p> Declaraci\u00f3n de finalidad 1 ud. <\/p>\n<p> Objetivo de puesta a tierra 4 uds. <\/p>\n<p> Herencia familiar 12 uds. <\/p>\n<p> Conmutaci\u00f3n 1 ud. <\/p>\n<p> Plan de acci\u00f3n 19 uds. <\/p>\n<p> Preparaci\u00f3n del espacio 10 uds. <\/p>\n<p> Anticipaci\u00f3n 1 ud. <\/p>\n<p> Realizaci\u00f3n de objetivos 7 uds. <\/p>\n<p> Desplazamiento 1 ud. <\/p>\n<p> Palabras para el c\u00f3digo 30 uds. <\/p>\n<p> Consejos para propietarios de viviendas 33 uds. <\/p>\n<p> Creando realidad 14 <\/p>\n<p> Exactitud de la intenci\u00f3n 18 <\/p>\n<p> Transformaci\u00f3n de la conciencia 17 <\/p>\n<p> Creencias del pasado 25 <\/p>\n<p> Apego emocional . 8 <\/p>\n<\/p>\n<p> 7. Patatas fritas. <\/p>\n<\/p>\n<p> 8. Formulario para jugadores (enviado por correo). <\/p>\n<\/p>\n<p> 9. Certificado de regalo (enviado por correo). <\/p>\n<\/p>\n<p> 10. Certificado del presentador (enviado por correo electr\u00f3nico despu\u00e9s de la capacitaci\u00f3n). <\/p>\n<\/p>\n<p> 11. Meditaci\u00f3n final. <\/p>\n<\/p>\n<p> 12. Lista de palabras para el c\u00f3digo. <\/p>","protected":false},"excerpt":{"rendered":"<p>\u201cLife Codes\u201d es un juego que te da acceso a un mundo donde tus deseos y metas se hacen realidad. El juego<\/p>","protected":false},"featured_media":3887,"comment_status":"open","ping_status":"open","template":"","meta":[],"product_brand":[],"product_cat":[55],"product_tag":[],"class_list":{"0":"post-3886","1":"product","2":"type-product","3":"status-publish","4":"has-post-thumbnail","6":"product_cat-goal-dream-analysis-of-situations-events","8":"first","9":"outofstock","10":"product-type-simple"},"_links":{"self":[{"href":"https:\/\/shercards.com\/es\/wp-json\/wp\/v2\/product\/3886","targetHints":{"allow":["GET"]}}],"collection":[{"href":"https:\/\/shercards.com\/es\/wp-json\/wp\/v2\/product"}],"about":[{"href":"https:\/\/shercards.com\/es\/wp-json\/wp\/v2\/types\/product"}],"replies":[{"embeddable":true,"href":"https:\/\/shercards.com\/es\/wp-json\/wp\/v2\/comments?post=3886"}],"wp:featuredmedia":[{"embeddable":true,"href":"https:\/\/shercards.com\/es\/wp-json\/wp\/v2\/media\/3887"}],"wp:attachment":[{"href":"https:\/\/shercards.com\/es\/wp-json\/wp\/v2\/media?parent=3886"}],"wp:term":[{"taxonomy":"product_brand","embeddable":true,"href":"https:\/\/shercards.com\/es\/wp-json\/wp\/v2\/product_brand?post=3886"},{"taxonomy":"product_cat","embeddable":true,"href":"https:\/\/shercards.com\/es\/wp-json\/wp\/v2\/product_cat?post=3886"},{"taxonomy":"product_tag","embeddable":true,"href":"https:\/\/shercards.com\/es\/wp-json\/wp\/v2\/product_tag?post=3886"}],"curies":[{"name":"wp","href":"https:\/\/api.w.org\/{rel}","templated":true}]}}